{"id":4340,"date":"2024-11-02T08:15:35","date_gmt":"2024-11-02T08:15:35","guid":{"rendered":"https:\/\/www.chancescook.com\/?post_type=product&#038;p=4340"},"modified":"2025-12-21T13:36:24","modified_gmt":"2025-12-21T13:36:24","slug":"japanese-snow-pan-wholesale","status":"publish","type":"product","link":"https:\/\/www.chancescook.com\/fr\/produit\/japanese-snow-pan-wholesale\/","title":{"rendered":"Japanese Snow Pan OEM Yukihira Saucepan Uncoated Nonstick Pot Wholesaler"},"content":{"rendered":"<div class=\"wp-block-columns is-layout-flex wp-container-core-columns-is-layout-9d6595d7 wp-block-columns-is-layout-flex\">\n<div class=\"wp-block-column is-layout-flow wp-block-column-is-layout-flow\" style=\"flex-basis:20px\"><\/div>\n\n\n\n<div class=\"wp-block-column is-layout-flow wp-block-column-is-layout-flow\">\n<figure class=\"wp-block-image size-full\"><img decoding=\"async\" width=\"750\" height=\"2264\" src=\"https:\/\/www.chancescook.com\/wp-content\/uploads\/2024\/11\/Wholesale-Japanese-Snow-Pan-Supplier-1.webp\" alt=\"\" class=\"wp-image-4346\" srcset=\"https:\/\/www.chancescook.com\/wp-content\/uploads\/2024\/11\/Wholesale-Japanese-Snow-Pan-Supplier-1.webp 750w, https:\/\/www.chancescook.com\/wp-content\/uploads\/2024\/11\/Wholesale-Japanese-Snow-Pan-Supplier-1-99x300.webp 99w, https:\/\/www.chancescook.com\/wp-content\/uploads\/2024\/11\/Wholesale-Japanese-Snow-Pan-Supplier-1-4x12.webp 4w, https:\/\/www.chancescook.com\/wp-content\/uploads\/2024\/11\/Wholesale-Japanese-Snow-Pan-Supplier-1-285x860.webp 285w, https:\/\/www.chancescook.com\/wp-content\/uploads\/2024\/11\/Wholesale-Japanese-Snow-Pan-Supplier-1-219x660.webp 219w, https:\/\/www.chancescook.com\/wp-content\/uploads\/2024\/11\/Wholesale-Japanese-Snow-Pan-Supplier-1-50x150.webp 50w\" sizes=\"(max-width: 750px) 100vw, 750px\" \/><\/figure>\n<\/div>\n\n\n\n<div class=\"wp-block-column is-layout-flow wp-block-column-is-layout-flow\">\n<figure class=\"wp-block-image size-full\"><img decoding=\"async\" width=\"750\" height=\"2038\" src=\"https:\/\/www.chancescook.com\/wp-content\/uploads\/2024\/11\/Wholesale-Japanese-Snow-Pan-Supplier-2.webp\" alt=\"\" class=\"wp-image-4347\" srcset=\"https:\/\/www.chancescook.com\/wp-content\/uploads\/2024\/11\/Wholesale-Japanese-Snow-Pan-Supplier-2.webp 750w, https:\/\/www.chancescook.com\/wp-content\/uploads\/2024\/11\/Wholesale-Japanese-Snow-Pan-Supplier-2-110x300.webp 110w, https:\/\/www.chancescook.com\/wp-content\/uploads\/2024\/11\/Wholesale-Japanese-Snow-Pan-Supplier-2-4x12.webp 4w, https:\/\/www.chancescook.com\/wp-content\/uploads\/2024\/11\/Wholesale-Japanese-Snow-Pan-Supplier-2-285x774.webp 285w, https:\/\/www.chancescook.com\/wp-content\/uploads\/2024\/11\/Wholesale-Japanese-Snow-Pan-Supplier-2-243x660.webp 243w, https:\/\/www.chancescook.com\/wp-content\/uploads\/2024\/11\/Wholesale-Japanese-Snow-Pan-Supplier-2-55x150.webp 55w\" sizes=\"(max-width: 750px) 100vw, 750px\" \/><\/figure>\n<\/div>\n\n\n\n<div class=\"wp-block-column is-layout-flow wp-block-column-is-layout-flow\" style=\"flex-basis:20px\"><\/div>\n<\/div>\n\n\n\n<div class=\"wp-block-columns is-layout-flex wp-container-core-columns-is-layout-9d6595d7 wp-block-columns-is-layout-flex\">\n<div class=\"wp-block-column is-layout-flow wp-block-column-is-layout-flow\" style=\"flex-basis:20px\"><\/div>\n\n\n\n<div class=\"wp-block-column is-layout-flow wp-block-column-is-layout-flow\">\n<figure class=\"wp-block-image size-full\"><img decoding=\"async\" width=\"750\" height=\"2588\" src=\"https:\/\/www.chancescook.com\/wp-content\/uploads\/2024\/11\/Wholesale-Japanese-Snow-Pan-Supplier-6.webp\" alt=\"Fournisseur en gros de po\u00eales \u00e0 neige japonais (6)\" class=\"wp-image-4351\" srcset=\"https:\/\/www.chancescook.com\/wp-content\/uploads\/2024\/11\/Wholesale-Japanese-Snow-Pan-Supplier-6.webp 750w, https:\/\/www.chancescook.com\/wp-content\/uploads\/2024\/11\/Wholesale-Japanese-Snow-Pan-Supplier-6-87x300.webp 87w, https:\/\/www.chancescook.com\/wp-content\/uploads\/2024\/11\/Wholesale-Japanese-Snow-Pan-Supplier-6-285x983.webp 285w, https:\/\/www.chancescook.com\/wp-content\/uploads\/2024\/11\/Wholesale-Japanese-Snow-Pan-Supplier-6-191x660.webp 191w\" sizes=\"(max-width: 750px) 100vw, 750px\" \/><\/figure>\n<\/div>\n\n\n\n<div class=\"wp-block-column is-layout-flow wp-block-column-is-layout-flow\">\n<figure class=\"wp-block-image size-full\"><img decoding=\"async\" width=\"750\" height=\"2912\" src=\"https:\/\/www.chancescook.com\/wp-content\/uploads\/2024\/11\/Wholesale-Japanese-Snow-Pan-Supplier-9.webp\" alt=\"Fournisseur en gros de po\u00eales \u00e0 neige japonais (9)\" class=\"wp-image-4354\" srcset=\"https:\/\/www.chancescook.com\/wp-content\/uploads\/2024\/11\/Wholesale-Japanese-Snow-Pan-Supplier-9.webp 750w, https:\/\/www.chancescook.com\/wp-content\/uploads\/2024\/11\/Wholesale-Japanese-Snow-Pan-Supplier-9-77x300.webp 77w, https:\/\/www.chancescook.com\/wp-content\/uploads\/2024\/11\/Wholesale-Japanese-Snow-Pan-Supplier-9-3x12.webp 3w, https:\/\/www.chancescook.com\/wp-content\/uploads\/2024\/11\/Wholesale-Japanese-Snow-Pan-Supplier-9-285x1107.webp 285w, https:\/\/www.chancescook.com\/wp-content\/uploads\/2024\/11\/Wholesale-Japanese-Snow-Pan-Supplier-9-170x660.webp 170w, https:\/\/www.chancescook.com\/wp-content\/uploads\/2024\/11\/Wholesale-Japanese-Snow-Pan-Supplier-9-39x150.webp 39w\" sizes=\"(max-width: 750px) 100vw, 750px\" \/><\/figure>\n<\/div>\n\n\n\n<div class=\"wp-block-column is-layout-flow wp-block-column-is-layout-flow\" style=\"flex-basis:20px\"><\/div>\n<\/div>\n\n\n\n<p><\/p>","protected":false},"excerpt":{"rendered":"<p>D\u00e9couvrez la polyvalence de notre casserole \u00e0 neige japonaise OEM Yukihira, con\u00e7ue pour une cuisson sans effort gr\u00e2ce \u00e0 sa surface antiadh\u00e9sive non rev\u00eatue. Am\u00e9liorez vos cr\u00e9ations culinaires - contactez-nous d\u00e8s aujourd'hui pour passer votre commande !<\/p>\n<h3 class=\"wp-block-heading\">Sp\u00e9cifications de la po\u00eale \u00e0 neige japonaise<\/h3>\n<table border=\"0\" width=\"1088\" cellspacing=\"0\" cellpadding=\"0\">\n<tbody>\n<tr>\n<td width=\"400\" height=\"44\">Fabricant<\/td>\n<td width=\"688\">CHANCES<\/td>\n<\/tr>\n<tr>\n<td height=\"44\">\u00c9paisseur<\/td>\n<td>1,0 mm<\/td>\n<\/tr>\n<tr>\n<td height=\"44\">Diam\u00e8tre<\/td>\n<td>18\/20\/22 cm<\/td>\n<\/tr>\n<tr>\n<td height=\"44\">Poids<\/td>\n<td>560\/650\/700g<\/td>\n<\/tr>\n<tr>\n<td height=\"44\">Mat\u00e9riau<\/td>\n<td>Acier inoxydable<\/td>\n<\/tr>\n<tr>\n<td height=\"44\">OEM&amp;ODM<\/td>\n<td>Sur mesure, Bienvenue OEM&amp;ODM<\/td>\n<\/tr>\n<tr>\n<td height=\"44\">Emballage :<\/td>\n<td>Couleur Bo\u00eete\/Carton Bo\u00eete<\/td>\n<\/tr>\n<tr>\n<td height=\"44\">MOQ<\/td>\n<td>1000PCS<\/td>\n<\/tr>\n<tr>\n<td height=\"43\">\u00c9chantillon<\/td>\n<td>Gratuit.<\/td>\n<\/tr>\n<\/tbody>\n<\/table>","protected":false},"featured_media":5769,"comment_status":"closed","ping_status":"closed","template":"","meta":{"_acf_changed":false},"product_brand":[],"product_cat":[52,69],"product_tag":[],"class_list":{"0":"post-4340","1":"product","2":"type-product","3":"status-publish","4":"has-post-thumbnail","6":"product_cat-cookware-wholesale","7":"product_cat-snow-pan-wholesaler","9":"first","10":"instock","11":"shipping-taxable","12":"product-type-simple"},"acf":[],"_links":{"self":[{"href":"https:\/\/www.chancescook.com\/fr\/wp-json\/wp\/v2\/product\/4340","targetHints":{"allow":["GET"]}}],"collection":[{"href":"https:\/\/www.chancescook.com\/fr\/wp-json\/wp\/v2\/product"}],"about":[{"href":"https:\/\/www.chancescook.com\/fr\/wp-json\/wp\/v2\/types\/product"}],"replies":[{"embeddable":true,"href":"https:\/\/www.chancescook.com\/fr\/wp-json\/wp\/v2\/comments?post=4340"}],"wp:featuredmedia":[{"embeddable":true,"href":"https:\/\/www.chancescook.com\/fr\/wp-json\/wp\/v2\/media\/5769"}],"wp:attachment":[{"href":"https:\/\/www.chancescook.com\/fr\/wp-json\/wp\/v2\/media?parent=4340"}],"wp:term":[{"taxonomy":"product_brand","embeddable":true,"href":"https:\/\/www.chancescook.com\/fr\/wp-json\/wp\/v2\/product_brand?post=4340"},{"taxonomy":"product_cat","embeddable":true,"href":"https:\/\/www.chancescook.com\/fr\/wp-json\/wp\/v2\/product_cat?post=4340"},{"taxonomy":"product_tag","embeddable":true,"href":"https:\/\/www.chancescook.com\/fr\/wp-json\/wp\/v2\/product_tag?post=4340"}],"curies":[{"name":"wp","href":"https:\/\/api.w.org\/{rel}","templated":true}]}}