{"id":4427,"date":"2024-11-16T02:38:14","date_gmt":"2024-11-16T02:38:14","guid":{"rendered":"https:\/\/www.chancescook.com\/?post_type=product&#038;p=4427"},"modified":"2025-12-21T14:05:36","modified_gmt":"2025-12-21T14:05:36","slug":"yukihira-pan-wholesale","status":"publish","type":"product","link":"https:\/\/www.chancescook.com\/fr\/produit\/yukihira-pan-wholesale\/","title":{"rendered":"Wholesale Yukihira Pan 2L 3L Tri-Ply Stainless Steel Snow Pan"},"content":{"rendered":"<div class=\"wp-block-columns is-layout-flex wp-container-core-columns-is-layout-9d6595d7 wp-block-columns-is-layout-flex\">\n<div class=\"wp-block-column is-layout-flow wp-block-column-is-layout-flow\">\n<h3 class=\"wp-block-heading\">Caract\u00e9ristiques et avantages de la po\u00eale Yukihira personnalis\u00e9e<\/h3>\n\n\n\n<p><strong>Mesures de capacit\u00e9 grav\u00e9es<\/strong><\/p>\n\n\n\n<ul class=\"wp-block-list\">\n<li>Comprend des graduations pr\u00e9cises grav\u00e9es \u00e0 l'int\u00e9rieur de la po\u00eale pour une cuisson pr\u00e9cise et pratique.<\/li>\n<\/ul>\n\n\n\n<p><strong>Deux becs verseurs<\/strong><\/p>\n\n\n\n<ul class=\"wp-block-list\">\n<li>\u00c9quip\u00e9 de becs verseurs des deux c\u00f4t\u00e9s, ce qui permet de verser facilement les soupes ou les sauces, que vous soyez gaucher ou droitier.<\/li>\n<\/ul>\n\n\n\n<p><strong>Construction en acier inoxydable \u00e0 triple \u00e9paisseur<\/strong><\/p>\n\n\n\n<ul class=\"wp-block-list\">\n<li>Con\u00e7u avec une structure \u00e0 trois couches : couches ext\u00e9rieures en acier inoxydable et c\u0153ur en aluminium pour un chauffage rapide et uniforme et une excellente r\u00e9tention de la chaleur.<\/li>\n<\/ul>\n\n\n\n<p><strong>Polyvalent et s\u00fbr pour toutes les surfaces de cuisson<\/strong><\/p>\n\n\n\n<ul class=\"wp-block-list\">\n<li>Convient \u00e0 tous les types de cuisini\u00e8res, y compris les plaques \u00e0 induction, \u00e0 gaz, \u00e9lectriques et vitroc\u00e9ramiques.<\/li>\n<\/ul>\n\n\n\n<p><strong>Poign\u00e9e ergonomique r\u00e9sistante \u00e0 la chaleur<\/strong><\/p>\n\n\n\n<ul class=\"wp-block-list\">\n<li>La poign\u00e9e r\u00e9sistante \u00e0 la chaleur offre une prise s\u00fbre et confortable, restant froide au toucher m\u00eame pendant la cuisson \u00e0 haute temp\u00e9rature.<\/li>\n<\/ul>\n\n\n\n<p><strong>Facile \u00e0 nettoyer<\/strong><\/p>\n\n\n\n<ul class=\"wp-block-list\">\n<li>Con\u00e7u pour un nettoyage facile gr\u00e2ce \u00e0 sa surface int\u00e9rieure lisse ; toutefois, il est recommand\u00e9 de le laver \u00e0 la main afin de pr\u00e9server sa qualit\u00e9 et sa long\u00e9vit\u00e9.<\/li>\n<\/ul>\n\n\n\n<p><strong>Durable et r\u00e9sistant \u00e0 la rouille<\/strong><\/p>\n\n\n\n<ul class=\"wp-block-list\">\n<li>Fabriqu\u00e9 en acier inoxydable de haute qualit\u00e9, garantissant durabilit\u00e9, r\u00e9sistance \u00e0 la rouille et performances durables.<\/li>\n<\/ul>\n\n\n\n<p><strong>Plus pratique pour cuisiner au quotidien<\/strong><\/p>\n\n\n\n<ul class=\"wp-block-list\">\n<li>Id\u00e9al pour bouillir, mijoter et pr\u00e9parer des sauces gr\u00e2ce \u00e0 sa conception l\u00e9g\u00e8re mais robuste.<\/li>\n<\/ul>\n<\/div>\n\n\n\n<div class=\"wp-block-column is-layout-flow wp-block-column-is-layout-flow\">\n<figure class=\"wp-block-image size-full\"><img decoding=\"async\" width=\"4160\" height=\"4160\" src=\"https:\/\/www.chancescook.com\/wp-content\/uploads\/2024\/11\/Wholesale-Yukihira-Pan-2-edited.webp\" alt=\"Vente en gros de po\u00eales Yukihira (2\" class=\"wp-image-4430\" srcset=\"https:\/\/www.chancescook.com\/wp-content\/uploads\/2024\/11\/Wholesale-Yukihira-Pan-2-edited.webp 4160w, https:\/\/www.chancescook.com\/wp-content\/uploads\/2024\/11\/Wholesale-Yukihira-Pan-2-edited-300x300.webp 300w, https:\/\/www.chancescook.com\/wp-content\/uploads\/2024\/11\/Wholesale-Yukihira-Pan-2-edited-150x150.webp 150w, https:\/\/www.chancescook.com\/wp-content\/uploads\/2024\/11\/Wholesale-Yukihira-Pan-2-edited-768x768.webp 768w, https:\/\/www.chancescook.com\/wp-content\/uploads\/2024\/11\/Wholesale-Yukihira-Pan-2-edited-12x12.webp 12w, https:\/\/www.chancescook.com\/wp-content\/uploads\/2024\/11\/Wholesale-Yukihira-Pan-2-edited-285x285.webp 285w, https:\/\/www.chancescook.com\/wp-content\/uploads\/2024\/11\/Wholesale-Yukihira-Pan-2-edited-1600x1600.webp 1600w, https:\/\/www.chancescook.com\/wp-content\/uploads\/2024\/11\/Wholesale-Yukihira-Pan-2-edited-270x270.webp 270w, https:\/\/www.chancescook.com\/wp-content\/uploads\/2024\/11\/Wholesale-Yukihira-Pan-2-edited-540x540.webp 540w, https:\/\/www.chancescook.com\/wp-content\/uploads\/2024\/11\/Wholesale-Yukihira-Pan-2-edited-660x660.webp 660w\" sizes=\"(max-width: 4160px) 100vw, 4160px\" \/><\/figure>\n<\/div>\n<\/div>\n\n\n\n<p><\/p>","protected":false},"excerpt":{"rendered":"<p>La po\u00eale Yukihira de style japonais en acier triple \u00e9paisseur est tr\u00e8s appr\u00e9ci\u00e9e des chefs et des cuisiniers amateurs. Cette po\u00eale \u00e0 neige vendue en gros allie qualit\u00e9 et fonctionnalit\u00e9, ce qui la rend id\u00e9ale pour les plats traditionnels japonais et la cuisine raffin\u00e9e. Parfaite pour une utilisation dans n'importe quelle cuisine, la po\u00eale Yukihira garantit des performances sup\u00e9rieures \u00e0 chaque utilisation.<\/p>\n<h3 class=\"wp-block-heading\">Sp\u00e9cifications de Yukihira Pan<\/h3>\n<table style=\"border-collapse: collapse; width: 408.02pt;\" border=\"0\" width=\"1088\" cellspacing=\"0\" cellpadding=\"0\">\n<tbody>\n<tr style=\"height: 22.85pt;\">\n<td class=\"et3\" style=\"height: 22.85pt; width: 150.05pt;\" width=\"400\" height=\"60\">Fabricant<\/td>\n<td class=\"et4\" style=\"width: 258.10pt;\" width=\"688\">CHANCES<\/td>\n<\/tr>\n<tr style=\"height: 22.85pt;\">\n<td class=\"et3\" style=\"height: 22.85pt;\" height=\"60\">Mat\u00e9riau<\/td>\n<td class=\"et3\">Acier inoxydable 3 couches<\/td>\n<\/tr>\n<tr style=\"height: 22.85pt;\">\n<td class=\"et3\" style=\"height: 22.85pt;\" height=\"60\">Diam\u00e8tre<\/td>\n<td class=\"et3\">18\/20\/22 cm<\/td>\n<\/tr>\n<tr style=\"height: 22.85pt;\">\n<td class=\"et3\" style=\"height: 22.85pt;\" height=\"60\">\u00c9paisseur<\/td>\n<td class=\"et3\">2,0 mm<\/td>\n<\/tr>\n<tr style=\"height: 22.85pt;\">\n<td class=\"et3\" style=\"height: 22.85pt;\" height=\"60\">Couverture<\/td>\n<td class=\"et3\">Couvercle en verre<\/td>\n<\/tr>\n<tr style=\"height: 22.85pt;\">\n<td class=\"et3\" style=\"height: 22.85pt;\" height=\"60\">OEM&amp;ODM<\/td>\n<td class=\"et3\">Sur mesure, Bienvenue OEM&amp;ODM<\/td>\n<\/tr>\n<tr style=\"height: 22.85pt;\">\n<td class=\"et3\" style=\"height: 22.85pt;\" height=\"60\">Emballage :<\/td>\n<td class=\"et3\">Couleur Bo\u00eete\/Carton Bo\u00eete<\/td>\n<\/tr>\n<tr style=\"height: 22.85pt;\">\n<td class=\"et3\" style=\"height: 22.85pt;\" height=\"60\">MOQ<\/td>\n<td class=\"et3\">1000PCS<\/td>\n<\/tr>\n<tr style=\"height: 16.10pt;\">\n<td class=\"et3\" style=\"height: 16.10pt;\" height=\"42\">\u00c9chantillon<\/td>\n<td class=\"et3\">Gratuit.<\/td>\n<\/tr>\n<\/tbody>\n<\/table>","protected":false},"featured_media":5783,"comment_status":"closed","ping_status":"closed","template":"","meta":{"_acf_changed":false},"product_brand":[],"product_cat":[52,69],"product_tag":[],"class_list":{"0":"post-4427","1":"product","2":"type-product","3":"status-publish","4":"has-post-thumbnail","6":"product_cat-cookware-wholesale","7":"product_cat-snow-pan-wholesaler","9":"first","10":"instock","11":"shipping-taxable","12":"product-type-simple"},"acf":[],"_links":{"self":[{"href":"https:\/\/www.chancescook.com\/fr\/wp-json\/wp\/v2\/product\/4427","targetHints":{"allow":["GET"]}}],"collection":[{"href":"https:\/\/www.chancescook.com\/fr\/wp-json\/wp\/v2\/product"}],"about":[{"href":"https:\/\/www.chancescook.com\/fr\/wp-json\/wp\/v2\/types\/product"}],"replies":[{"embeddable":true,"href":"https:\/\/www.chancescook.com\/fr\/wp-json\/wp\/v2\/comments?post=4427"}],"wp:featuredmedia":[{"embeddable":true,"href":"https:\/\/www.chancescook.com\/fr\/wp-json\/wp\/v2\/media\/5783"}],"wp:attachment":[{"href":"https:\/\/www.chancescook.com\/fr\/wp-json\/wp\/v2\/media?parent=4427"}],"wp:term":[{"taxonomy":"product_brand","embeddable":true,"href":"https:\/\/www.chancescook.com\/fr\/wp-json\/wp\/v2\/product_brand?post=4427"},{"taxonomy":"product_cat","embeddable":true,"href":"https:\/\/www.chancescook.com\/fr\/wp-json\/wp\/v2\/product_cat?post=4427"},{"taxonomy":"product_tag","embeddable":true,"href":"https:\/\/www.chancescook.com\/fr\/wp-json\/wp\/v2\/product_tag?post=4427"}],"curies":[{"name":"wp","href":"https:\/\/api.w.org\/{rel}","templated":true}]}}