{"id":4460,"date":"2024-12-02T15:09:20","date_gmt":"2024-12-02T15:09:20","guid":{"rendered":"https:\/\/www.chancescook.com\/?post_type=product&#038;p=4460"},"modified":"2025-12-22T09:34:49","modified_gmt":"2025-12-22T09:34:49","slug":"wholesale-lunch-boxes-with-cover","status":"publish","type":"product","link":"https:\/\/www.chancescook.com\/fr\/produit\/wholesale-lunch-boxes-with-cover\/","title":{"rendered":"Bo\u00eetes \u00e0 lunch en gros avec couvercle en verre visible, r\u00e9sistantes aux micro-ondes et aux fuites"},"content":{"rendered":"<div class=\"wp-block-columns is-layout-flex wp-container-core-columns-is-layout-9d6595d7 wp-block-columns-is-layout-flex\">\n<div class=\"wp-block-column is-layout-flow wp-block-column-is-layout-flow\">\n<h3 class=\"wp-block-heading\">Param\u00e8tres des bo\u00eetes \u00e0 lunch en vrac <\/h3>\n\n\n\n<p>Mat\u00e9riau : Acier inoxydable 304 + verre + PP<br>Couvercle : verre antid\u00e9flagrant + PP<br>Couleur : argent + silicone marron<br>Traitement de surface : \u00e9lectrolytique<br>Sp\u00e9cification : 450-3000ml<br>\u00c9paisseur : 0,5 mm<br>MOQ 500 pcs<\/p>\n<\/div>\n\n\n\n<div class=\"wp-block-column is-layout-flow wp-block-column-is-layout-flow\">\n<h3 class=\"wp-block-heading\">Bo\u00eetes \u00e0 lunch personnalis\u00e9es<\/h3>\n\n\n\n<p>Logos : Personnalisez le logo de votre marque<br>Graphiques : Personnalisez les graphiques que vous souhaitez<br>Quantit\u00e9 de commande 2000 pi\u00e8ces<br><strong><a href=\"https:\/\/www.chancescook.com\/fr\/custom-cookware\/\" target=\"_blank\" rel=\"noreferrer noopener\">Solutions personnalis\u00e9es OEM et ODM<\/a><\/strong><\/p>\n<\/div>\n<\/div>\n\n\n<div class=\"wp-block-image\">\n<figure class=\"alignleft size-full is-resized\"><img decoding=\"async\" width=\"421\" height=\"720\" src=\"https:\/\/www.chancescook.com\/wp-content\/uploads\/2024\/12\/Bulk-Lunch-Box-Cover-2.webp\" alt=\"Couvertures pour bo\u00eetes \u00e0 lunch en vrac \uff082\uff09\" class=\"wp-image-4464\" style=\"width:840px;height:auto\" srcset=\"https:\/\/www.chancescook.com\/wp-content\/uploads\/2024\/12\/Bulk-Lunch-Box-Cover-2.webp 421w, https:\/\/www.chancescook.com\/wp-content\/uploads\/2024\/12\/Bulk-Lunch-Box-Cover-2-175x300.webp 175w, https:\/\/www.chancescook.com\/wp-content\/uploads\/2024\/12\/Bulk-Lunch-Box-Cover-2-7x12.webp 7w, https:\/\/www.chancescook.com\/wp-content\/uploads\/2024\/12\/Bulk-Lunch-Box-Cover-2-285x487.webp 285w, https:\/\/www.chancescook.com\/wp-content\/uploads\/2024\/12\/Bulk-Lunch-Box-Cover-2-386x660.webp 386w, https:\/\/www.chancescook.com\/wp-content\/uploads\/2024\/12\/Bulk-Lunch-Box-Cover-2-88x150.webp 88w\" sizes=\"(max-width: 421px) 100vw, 421px\" \/><\/figure>\n<\/div>","protected":false},"excerpt":{"rendered":"<p>Nous sommes un fournisseur de bo\u00eetes \u00e0 lunch. Fabriqu\u00e9es en acier inoxydable de haute qualit\u00e9, durables et r\u00e9sistantes \u00e0 la corrosion, elles sont dot\u00e9es d'un couvercle en verre qui permet de voir facilement les aliments. L'anneau d'\u00e9tanch\u00e9it\u00e9 et l'anneau de verrouillage fonctionnent \u00e9troitement pour emp\u00eacher les fuites de nourriture. Non seulement les achats en gros b\u00e9n\u00e9ficient de meilleurs prix, mais nous pouvons \u00e9galement fournir des services personnalis\u00e9s. Nous pouvons \u00e9galement vous proposer des services personnalis\u00e9s, en ajustant la couleur, le motif d'impression, etc. en fonction de vos besoins.<\/p>\n<h3>Caract\u00e9ristiques et avantages des bo\u00eetes \u00e0 lunch<\/h3>\n<p><span class=\"Editor_t__not_edited_long__JuNNx\"><strong>Scell\u00e9, non toxique et sans BPA<\/strong>: Pr\u00e9parez des repas sains \u00e0 l'avance tout en r\u00e9duisant le temps de nettoyage. Nos bo\u00eetes \u00e0 lunch sont parfaites pour ceux qui suivent un mode de vie c\u00e9tog\u00e8ne, car elles gardent les aliments frais et en s\u00e9curit\u00e9.<\/p>\n<p><strong>Empilable et peu encombrant<\/strong>: \u00c9conomisez de l'argent, de l'espace et de l'\u00e9nergie avec ces bo\u00eetes \u00e0 lunch empilables. Parfaites pour les enfants en d\u00e9placement<\/span><span class=\"Editor_t__not_edited__WuRP8\">\u00a0ou\u00a0<\/span><span class=\"Editor_t__added__LtuNJ\">\u00e0<\/span><span class=\"Editor_t__not_edited__WuRP8\">\u00a0<\/span><span class=\"Editor_t__added__LtuNJ\">paquet<\/span><span class=\"Editor_t__not_edited_long__JuNNx\">\u00a0les d\u00e9jeuners, les collations et les repas complets pour les pique-niques et les excursions<\/span><span class=\"Editor_t__added__LtuNJ\">,<\/span><span class=\"Editor_t__not_edited__WuRP8\">\u00a0le design compact\u00a0<\/span><span class=\"Editor_t__added__LtuNJ\">est<\/span><span class=\"Editor_t__not_edited__WuRP8\">\u00a0<\/span><span class=\"Editor_t__not_edited_long__JuNNx\">facile \u00e0 ranger dans une glaci\u00e8re, un sac \u00e0 lunch ou un sac \u00e0 dos.<\/p>\n<p><strong>Facile \u00e0 nettoyer<\/strong><\/span><span class=\"Editor_t__added__LtuNJ\">:<\/span><span class=\"Editor_t__not_edited__WuRP8\">\u00a0<\/span><span class=\"Editor_t__not_edited__WuRP8\">Lavable au lave-vaisselle et anti-odeur<\/span><span class=\"Editor_t__added__LtuNJ\">\u00a0R\u00e9sistant<\/span><span class=\"Editor_t__not_edited__WuRP8\">-<\/span><span class=\"Editor_t__added__LtuNJ\">Trait\u00e9e ;<\/span><span class=\"Editor_t__not_edited__WuRP8\">\u00a0<\/span><span class=\"Editor_t__added__LtuNJ\">notre<\/span><span class=\"Editor_t__not_edited__WuRP8\">\u00a0<\/span><span class=\"Editor_t__not_edited__WuRP8\">r\u00e9sistant \u00e0 la rouille<\/span><span class=\"Editor_t__added__LtuNJ\">,<\/span><span class=\"Editor_t__not_edited__WuRP8\">\u00a0acier inoxydable<\/span><span class=\"Editor_t__not_edited__WuRP8\">\u00a0<\/span><span class=\"Editor_t__not_edited_long__JuNNx\">Les bo\u00eetes \u00e0 lunch sont faciles \u00e0 nettoyer et peuvent\u00a0<\/span><span class=\"Editor_t__added__LtuNJ\">directement<\/span><span class=\"Editor_t__not_edited__WuRP8\">\u00a0en\u00a0<\/span><span class=\"Editor_t__added__LtuNJ\">votre<\/span><span class=\"Editor_t__not_edited__WuRP8\">\u00a0lave-vaisselle.\u00a0<\/span><span class=\"Editor_t__not_edited__WuRP8\">Odeur avanc\u00e9e<\/span><span class=\"Editor_t__added__LtuNJ\">\u00a0<\/span><span class=\"Editor_t__not_edited__WuRP8\">Technologie r\u00e9sistante\u00a0<\/span><span class=\"Editor_t__added__LtuNJ\">donc<\/span><span class=\"Editor_t__not_edited__WuRP8\">\u00a0<\/span><span class=\"Editor_t__added__LtuNJ\">qu'il garde\u00a0<\/span><span class=\"Editor_t__not_edited__WuRP8\">votre bo\u00eete \u00e0 lunch\u00a0<\/span><span class=\"Editor_t__not_edited__WuRP8\">frais<\/span><span class=\"Editor_t__not_edited__WuRP8\">\u00a0<\/span><span class=\"Editor_t__added__LtuNJ\">et<\/span><span class=\"Editor_t__not_edited__WuRP8\">\u00a0<\/span><span class=\"Editor_t__added__LtuNJ\">ne<\/span><span class=\"Editor_t__not_edited__WuRP8\">\u00a0<\/span><span class=\"Editor_t__added__LtuNJ\">donner<\/span><span class=\"Editor_t__not_edited__WuRP8\">\u00a0<\/span><span class=\"Editor_t__added__LtuNJ\">vous<\/span><span class=\"Editor_t__not_edited__WuRP8\">\u00a0<\/span><span class=\"Editor_t__added__LtuNJ\">tous<\/span><span class=\"Editor_t__not_edited__WuRP8\">\u00a0<\/span><span class=\"Editor_t__added__LtuNJ\">odeur chaque fois que\u00a0<\/span><span class=\"Editor_t__not_edited_long__JuNNx\">vous l'ouvrez.<\/p>\n<p><strong>Couvercle en verre avec fonction minuterie<\/strong>: Le couvercle en verre\u00a0<\/span><span class=\"Editor_t__added__LtuNJ\">a<\/span><span class=\"Editor_t__not_edited__WuRP8\">\u00a0<\/span><span class=\"Editor_t__added__LtuNJ\">un<\/span><span class=\"Editor_t__not_edited__WuRP8\">\u00a0<\/span><span class=\"Editor_t__added__LtuNJ\">incorpor\u00e9<\/span><span class=\"Editor_t__not_edited__WuRP8\"> fonction minuterie, permettant de suivre facilement la dur\u00e9e de conservation des aliments \u00e0 l'int\u00e9rieur de l'appareil<\/span><span class=\"Editor_t__added__LtuNJ\">.\u00a0<\/span><span class=\"Editor_t__not_edited__WuRP8\">Vous\u00a0<\/span><span class=\"Editor_t__added__LtuNJ\">volont\u00e9\u00a0<\/span><span class=\"Editor_t__not_edited__WuRP8\">savoir quand prendre ses repas pour <\/span><span class=\"Editor_t__added__LtuNJ\">vous<\/span><span class=\"Editor_t__not_edited__WuRP8\">\u00a0<\/span><span class=\"Editor_t__added__LtuNJ\">faire<\/span><span class=\"Editor_t__not_edited__WuRP8\">\u00a0<\/span><span class=\"Editor_t__added__LtuNJ\">pas<\/span><span class=\"Editor_t__not_edited__WuRP8\">\u00a0<\/span><span class=\"Editor_t__added__LtuNJ\">les stocker pour\u00a0<\/span><span class=\"Editor_t__not_edited__WuRP8\">trop longtemps.<\/p>\n<p><\/span><strong><span class=\"Editor_t__added__LtuNJ\">Adapt\u00e9<\/span><span class=\"Editor_t__not_edited__WuRP8\">\u00a0pour tout\u00a0<\/span><span class=\"Editor_t__added__LtuNJ\">Situation<\/span><\/strong><span class=\"Editor_t__not_edited__WuRP8\">:\u00a0<\/span><span class=\"Editor_t__added__LtuNJ\">Parfait<\/span><span class=\"Editor_t__not_edited_long__JuNNx\">\u00a0pour les r\u00e9unions de famille, les pique-niques,\u00a0<\/span><span class=\"Editor_t__added__LtuNJ\">et<\/span><span class=\"Editor_t__not_edited__WuRP8\">\u00a0<\/span><span class=\"Editor_t__added__LtuNJ\">m\u00eame en voyage<\/span><span class=\"Editor_t__not_edited_long__JuNNx\">. Ces bo\u00eetes \u00e0 lunch sont\u00a0<\/span><span class=\"Editor_t__added__LtuNJ\">fait<\/span><span class=\"Editor_t__not_edited__WuRP8\">\u00a0<\/span><span class=\"Editor_t__added__LtuNJ\">\u00e0<\/span><span class=\"Editor_t__not_edited__WuRP8\">\u00a0<\/span><span class=\"Editor_t__added__LtuNJ\">\u00eatre<\/span><span class=\"Editor_t__not_edited__WuRP8\">\u00a0<\/span><span class=\"Editor_t__added__LtuNJ\">pris<\/span><span class=\"Editor_t__not_edited__WuRP8\">\u00a0<\/span><span class=\"Editor_t__added__LtuNJ\">n'importe o\u00f9<\/span><span class=\"Editor_t__not_edited__WuRP8\">\u00a0<\/span><span class=\"Editor_t__added__LtuNJ\">et<\/span><span class=\"Editor_t__not_edited__WuRP8\">\u00a0<\/span><span class=\"Editor_t__added__LtuNJ\">avec n'importe quoi<\/span><span class=\"Editor_t__not_edited__WuRP8\">,\u00a0<\/span><span class=\"Editor_t__added__LtuNJ\">de<\/span><span class=\"Editor_t__not_edited__WuRP8\">\u00a0<\/span><span class=\"Editor_t__added__LtuNJ\">a<\/span><span class=\"Editor_t__not_edited__WuRP8\">\u00a0<\/span><span class=\"Editor_t__not_edited__WuRP8\">sac \u00e0 lunch<\/span><span class=\"Editor_t__not_edited__WuRP8\">\u00a0<\/span><span class=\"Editor_t__added__LtuNJ\">\u00e0 un\u00a0<\/span><span class=\"Editor_t__not_edited__WuRP8\">sac \u00e0 dos<\/span><span class=\"Editor_t__not_edited__WuRP8\">\u00a0<\/span><span class=\"Editor_t__added__LtuNJ\">et<\/span><span class=\"Editor_t__not_edited__WuRP8\">\u00a0refroidisseur.<\/span><\/p>\n<p>&nbsp;<\/p>","protected":false},"featured_media":5802,"comment_status":"closed","ping_status":"closed","template":"","meta":{"_acf_changed":false},"product_brand":[],"product_cat":[56],"product_tag":[],"class_list":{"0":"post-4460","1":"product","2":"type-product","3":"status-publish","4":"has-post-thumbnail","6":"product_cat-wholesale-kitchen-utensils","8":"first","9":"instock","10":"shipping-taxable","11":"product-type-simple"},"acf":[],"_links":{"self":[{"href":"https:\/\/www.chancescook.com\/fr\/wp-json\/wp\/v2\/product\/4460","targetHints":{"allow":["GET"]}}],"collection":[{"href":"https:\/\/www.chancescook.com\/fr\/wp-json\/wp\/v2\/product"}],"about":[{"href":"https:\/\/www.chancescook.com\/fr\/wp-json\/wp\/v2\/types\/product"}],"replies":[{"embeddable":true,"href":"https:\/\/www.chancescook.com\/fr\/wp-json\/wp\/v2\/comments?post=4460"}],"wp:featuredmedia":[{"embeddable":true,"href":"https:\/\/www.chancescook.com\/fr\/wp-json\/wp\/v2\/media\/5802"}],"wp:attachment":[{"href":"https:\/\/www.chancescook.com\/fr\/wp-json\/wp\/v2\/media?parent=4460"}],"wp:term":[{"taxonomy":"product_brand","embeddable":true,"href":"https:\/\/www.chancescook.com\/fr\/wp-json\/wp\/v2\/product_brand?post=4460"},{"taxonomy":"product_cat","embeddable":true,"href":"https:\/\/www.chancescook.com\/fr\/wp-json\/wp\/v2\/product_cat?post=4460"},{"taxonomy":"product_tag","embeddable":true,"href":"https:\/\/www.chancescook.com\/fr\/wp-json\/wp\/v2\/product_tag?post=4460"}],"curies":[{"name":"wp","href":"https:\/\/api.w.org\/{rel}","templated":true}]}}