{"id":4487,"date":"2024-12-09T16:56:30","date_gmt":"2024-12-09T16:56:30","guid":{"rendered":"https:\/\/www.chancescook.com\/?post_type=product&#038;p=4487"},"modified":"2024-12-10T04:03:44","modified_gmt":"2024-12-10T04:03:44","slug":"wholesale-stainless-steel-mixing-bowl","status":"publish","type":"product","link":"https:\/\/www.chancescook.com\/fr\/produit\/wholesale-stainless-steel-mixing-bowl\/","title":{"rendered":"Best Stainless Steel Mixing Bowl Wholesale Preserving Bowl with Lid (bol \u00e0 conserves en acier inoxydable avec couvercle)"},"content":{"rendered":"<div class=\"wp-block-columns is-layout-flex wp-container-core-columns-is-layout-9d6595d7 wp-block-columns-is-layout-flex\">\n<div class=\"wp-block-column is-layout-flow wp-block-column-is-layout-flow\">\n<h2 class=\"wp-block-heading\">Param\u00e8tres du bol \u00e0 m\u00e9langer en acier inoxydable<\/h2>\n\n\n\n<p><\/p>\n\n\n\n<p>Taille du bol : 22\/24 cm.<br>\u00c9paisseur : 0,5 mm<br>Type de mat\u00e9riau : Acier inoxydable 304<br>Couleur : or\/argent<br>Design : Style cor\u00e9en<\/p>\n<\/div>\n\n\n\n<div class=\"wp-block-column is-layout-flow wp-block-column-is-layout-flow\">\n<h2 class=\"wp-block-heading\">Bol \u00e0 m\u00e9langer en acier inoxydable sur mesure<\/h2>\n\n\n\n<p><\/p>\n\n\n\n<p>Logo : personnalisez le logo de votre marque<br>emballage : bo\u00eete de couleur\/carton, etc.<br><strong><a href=\"https:\/\/www.chancescook.com\/fr\/custom-cookware\/\">Solutions personnalis\u00e9es OEM et ODM<\/a><\/strong><\/p>\n<\/div>\n<\/div>\n\n\n\n<div class=\"wp-block-columns is-layout-flex wp-container-core-columns-is-layout-9d6595d7 wp-block-columns-is-layout-flex\">\n<div class=\"wp-block-column is-layout-flow wp-block-column-is-layout-flow\">\n<figure class=\"wp-block-image size-full\"><img decoding=\"async\" width=\"631\" height=\"531\" src=\"https:\/\/www.chancescook.com\/wp-content\/uploads\/2024\/12\/Wholesale-Stainless-Steel-Mixing-Bowl-4.webp\" alt=\"Bol \u00e0 m\u00e9langer en gros en acier inoxydable (4)\" class=\"wp-image-4491\" srcset=\"https:\/\/www.chancescook.com\/wp-content\/uploads\/2024\/12\/Wholesale-Stainless-Steel-Mixing-Bowl-4.webp 631w, https:\/\/www.chancescook.com\/wp-content\/uploads\/2024\/12\/Wholesale-Stainless-Steel-Mixing-Bowl-4-300x252.webp 300w, https:\/\/www.chancescook.com\/wp-content\/uploads\/2024\/12\/Wholesale-Stainless-Steel-Mixing-Bowl-4-14x12.webp 14w, https:\/\/www.chancescook.com\/wp-content\/uploads\/2024\/12\/Wholesale-Stainless-Steel-Mixing-Bowl-4-285x240.webp 285w, https:\/\/www.chancescook.com\/wp-content\/uploads\/2024\/12\/Wholesale-Stainless-Steel-Mixing-Bowl-4-150x126.webp 150w\" sizes=\"(max-width: 631px) 100vw, 631px\" \/><\/figure>\n<\/div>\n\n\n\n<div class=\"wp-block-column is-layout-flow wp-block-column-is-layout-flow\"><\/div>\n<\/div>","protected":false},"excerpt":{"rendered":"<p>D\u00e9couvrez le meilleur bol \u00e0 m\u00e9langer en acier inoxydable avec un couvercle herm\u00e9tique, id\u00e9al pour le stockage des aliments et la pr\u00e9paration des repas. Ce saladier polyvalent en acier inoxydable est parfait pour les cuisines, les boulangeries et les entreprises de restauration.<\/p>\n<h3>Caract\u00e9ristiques et avantages du bol \u00e0 m\u00e9langer en acier inoxydable<\/h3>\n<ul>\n<li><strong>Mat\u00e9riau en acier inoxydable 304 de premi\u00e8re qualit\u00e9<\/strong>L'ensemble des bols et des couvercles est fabriqu\u00e9 en acier inoxydable 304 de qualit\u00e9 alimentaire, qui offre d'excellentes performances anti-corrosion et une grande durabilit\u00e9 et convient \u00e0 une utilisation \u00e0 long terme en contact avec les aliments.<\/li>\n<li><strong>Couvercle \u00e9tanche enti\u00e8rement en acier : <\/strong>Il est excellent pour sceller, emp\u00eacher efficacement les aliments de s'\u00e9couler et maintenir la fra\u00eecheur. Il convient mieux \u00e0 la conservation de liquides ou d'ingr\u00e9dients \u00e0 mariner.<\/li>\n<li><strong>Utilisation multifonctionnelle<\/strong>: Il int\u00e8gre les fonctions de m\u00e9lange, de stockage, de marinade et de service, ce qui le rend adapt\u00e9 aux cuisines domestiques, aux restaurants, aux boulangeries et \u00e0 d'autres sc\u00e9narios d'utilisation. Il est id\u00e9al pour la cuisine familiale et la restauration commerciale.<\/li>\n<li><strong>Facile \u00e0 nettoyer<\/strong>: La surface en acier inoxydable sp\u00e9cialement trait\u00e9e est lisse, facile \u00e0 nettoyer et r\u00e9sistante aux rayures. Aucune odeur ne subsiste et il est facile de le laver \u00e0 la main ou de le mettre directement au lave-vaisselle, ce qui permet d'\u00e9conomiser du temps et des efforts.<\/li>\n<li><strong>Conception ergonomique<\/strong>\uff1a ce bol pr\u00e9sente des bords lisses et arrondis qui sont agr\u00e9ables \u00e0 tenir. Une poign\u00e9e facile \u00e0 saisir au fond assure la s\u00e9curit\u00e9 et la stabilit\u00e9 du bol pour \u00e9viter qu'il ne glisse pendant le m\u00e9lange.<\/li>\n<li><strong>Un guichet unique pour le commerce de gros et l'approvisionnement flexible<\/strong>Il est disponible en diff\u00e9rentes tailles, telles que petite, moyenne et grande, qui peuvent \u00eatre fournies pour diff\u00e9rentes sc\u00e8nes. Il peut \u00eatre emball\u00e9 en vrac et constitue un choix de qualit\u00e9 assur\u00e9e pour tous les types de grossistes et d'industries de la restauration.<\/li>\n<\/ul>","protected":false},"featured_media":4488,"comment_status":"closed","ping_status":"closed","template":"","meta":{"_acf_changed":false},"product_brand":[],"product_cat":[55],"product_tag":[],"class_list":{"0":"post-4487","1":"product","2":"type-product","3":"status-publish","4":"has-post-thumbnail","6":"product_cat-tableware-wholesale","8":"first","9":"instock","10":"shipping-taxable","11":"product-type-simple"},"acf":[],"_links":{"self":[{"href":"https:\/\/www.chancescook.com\/fr\/wp-json\/wp\/v2\/product\/4487","targetHints":{"allow":["GET"]}}],"collection":[{"href":"https:\/\/www.chancescook.com\/fr\/wp-json\/wp\/v2\/product"}],"about":[{"href":"https:\/\/www.chancescook.com\/fr\/wp-json\/wp\/v2\/types\/product"}],"replies":[{"embeddable":true,"href":"https:\/\/www.chancescook.com\/fr\/wp-json\/wp\/v2\/comments?post=4487"}],"wp:featuredmedia":[{"embeddable":true,"href":"https:\/\/www.chancescook.com\/fr\/wp-json\/wp\/v2\/media\/4488"}],"wp:attachment":[{"href":"https:\/\/www.chancescook.com\/fr\/wp-json\/wp\/v2\/media?parent=4487"}],"wp:term":[{"taxonomy":"product_brand","embeddable":true,"href":"https:\/\/www.chancescook.com\/fr\/wp-json\/wp\/v2\/product_brand?post=4487"},{"taxonomy":"product_cat","embeddable":true,"href":"https:\/\/www.chancescook.com\/fr\/wp-json\/wp\/v2\/product_cat?post=4487"},{"taxonomy":"product_tag","embeddable":true,"href":"https:\/\/www.chancescook.com\/fr\/wp-json\/wp\/v2\/product_tag?post=4487"}],"curies":[{"name":"wp","href":"https:\/\/api.w.org\/{rel}","templated":true}]}}