{"id":4492,"date":"2024-12-09T17:26:08","date_gmt":"2024-12-09T17:26:08","guid":{"rendered":"https:\/\/www.chancescook.com\/?post_type=product&#038;p=4492"},"modified":"2024-12-10T03:58:45","modified_gmt":"2024-12-10T03:58:45","slug":"stainless-steel-mixing-bowls-wholesale","status":"publish","type":"product","link":"https:\/\/www.chancescook.com\/fr\/produit\/stainless-steel-mixing-bowls-wholesale\/","title":{"rendered":"Gros bols \u00e0 m\u00e9langer en acier inoxydable \u00e0 usages multiples avec passoire"},"content":{"rendered":"<div class=\"wp-block-columns is-layout-flex wp-container-core-columns-is-layout-9d6595d7 wp-block-columns-is-layout-flex\">\n<div class=\"wp-block-column is-layout-flow wp-block-column-is-layout-flow\">\n<h2 class=\"wp-block-heading\">Param\u00e8tres des bols m\u00e9langeurs en acier inoxydable<\/h2>\n\n\n\n<p><\/p>\n\n\n\n<p>Nom du produit : Bol \u00e0 passoire en acier inoxydable<br>Mat\u00e9riau : Acier inoxydable 304<br>Logo accept\u00e9 : Logo personnalis\u00e9<br>Application : Cuisine\/Maison\/Restaurant<br>Fonction\uff1a Vider les aliments<br>Emballage : Bo\u00eete de couleur<br>Taille de l'ensemble : 16\/18\/20\/22\/24\/26\/28\/30\/32cm<\/p>\n<\/div>\n\n\n\n<div class=\"wp-block-column is-layout-flow wp-block-column-is-layout-flow\">\n<h2 class=\"wp-block-heading\">Bols \u00e0 m\u00e9langer en acier inoxydable sur mesure<\/h2>\n\n\n\n<p><\/p>\n\n\n\n<p>Logo : personnalisez le logo de votre marque<br>emballage : bo\u00eete de couleur\/carton, etc.<br>MOQ : 1000pcs<br><strong><a href=\"https:\/\/www.chancescook.com\/fr\/custom-cookware\/\">Solutions OEM et ODM de bols \u00e0 m\u00e9langer sur mesure<\/a><\/strong><\/p>\n<\/div>\n<\/div>\n\n\n\n<div class=\"wp-block-columns is-layout-flex wp-container-core-columns-is-layout-9d6595d7 wp-block-columns-is-layout-flex\">\n<div class=\"wp-block-column is-layout-flow wp-block-column-is-layout-flow\">\n<figure class=\"wp-block-image size-full\"><img decoding=\"async\" width=\"720\" height=\"720\" src=\"https:\/\/www.chancescook.com\/wp-content\/uploads\/2024\/12\/Wholesale-Stainless-Steel-Mixing-Bowls-2.webp\" alt=\"Bols \u00e0 m\u00e9langer en gros en acier inoxydable (2)\" class=\"wp-image-4495\" srcset=\"https:\/\/www.chancescook.com\/wp-content\/uploads\/2024\/12\/Wholesale-Stainless-Steel-Mixing-Bowls-2.webp 720w, https:\/\/www.chancescook.com\/wp-content\/uploads\/2024\/12\/Wholesale-Stainless-Steel-Mixing-Bowls-2-300x300.webp 300w, https:\/\/www.chancescook.com\/wp-content\/uploads\/2024\/12\/Wholesale-Stainless-Steel-Mixing-Bowls-2-150x150.webp 150w, https:\/\/www.chancescook.com\/wp-content\/uploads\/2024\/12\/Wholesale-Stainless-Steel-Mixing-Bowls-2-12x12.webp 12w, https:\/\/www.chancescook.com\/wp-content\/uploads\/2024\/12\/Wholesale-Stainless-Steel-Mixing-Bowls-2-285x285.webp 285w, https:\/\/www.chancescook.com\/wp-content\/uploads\/2024\/12\/Wholesale-Stainless-Steel-Mixing-Bowls-2-270x270.webp 270w, https:\/\/www.chancescook.com\/wp-content\/uploads\/2024\/12\/Wholesale-Stainless-Steel-Mixing-Bowls-2-540x540.webp 540w, https:\/\/www.chancescook.com\/wp-content\/uploads\/2024\/12\/Wholesale-Stainless-Steel-Mixing-Bowls-2-660x660.webp 660w\" sizes=\"(max-width: 720px) 100vw, 720px\" \/><\/figure>\n<\/div>\n\n\n\n<div class=\"wp-block-column is-layout-flow wp-block-column-is-layout-flow\"><\/div>\n<\/div>","protected":false},"excerpt":{"rendered":"<p>Chancesook est un fabricant de bols \u00e0 m\u00e9langer, nous fournissons un service de bols \u00e0 m\u00e9langer multi-usages en gros. Les bols \u00e0 m\u00e9langer sont \u00e9quip\u00e9s d'une passoire qui facilite le lavage et le filtrage des l\u00e9gumes, des fruits et du riz. Nous vous invitons \u00e0 nous contacter pour acheter des bols \u00e0 m\u00e9langer en gros.<\/p>\n<h3>Caract\u00e9ristiques et avantages des bols m\u00e9langeurs en acier inoxydable<\/h3>\n<ul>\n<li>Gr\u00e2ce \u00e0 sa qualit\u00e9 de fabrication, il ne rouille pas et ne se d\u00e9forme pas facilement. Il est facile \u00e0 transporter et peut \u00eatre utilis\u00e9 dans les cuisines d'int\u00e9rieur comme dans les campings en plein air.<\/li>\n<li>Fabriqu\u00e9 en acier inoxydable 304, surface lisse, facile \u00e0 nettoyer, durable et forte capacit\u00e9 de charge.<\/li>\n<li>Id\u00e9al pour nettoyer les outils de cuisine et les r\u00e9cipients alimentaires, tels que les fruits, les l\u00e9gumes ou d'autres aliments secs de grande taille.<\/li>\n<li>Le nettoyage des aliments est s\u00fbr et pratique, et la conception \u00e0 trous multiples permet un drainage plus fluide et plus efficace.<\/li>\n<li>Offre de bols \u00e0 m\u00e9langer personnalis\u00e9s OEM et ODM.<\/li>\n<\/ul>","protected":false},"featured_media":4494,"comment_status":"closed","ping_status":"closed","template":"","meta":{"_acf_changed":false},"product_brand":[],"product_cat":[55],"product_tag":[],"class_list":{"0":"post-4492","1":"product","2":"type-product","3":"status-publish","4":"has-post-thumbnail","6":"product_cat-tableware-wholesale","8":"first","9":"instock","10":"shipping-taxable","11":"product-type-simple"},"acf":[],"_links":{"self":[{"href":"https:\/\/www.chancescook.com\/fr\/wp-json\/wp\/v2\/product\/4492","targetHints":{"allow":["GET"]}}],"collection":[{"href":"https:\/\/www.chancescook.com\/fr\/wp-json\/wp\/v2\/product"}],"about":[{"href":"https:\/\/www.chancescook.com\/fr\/wp-json\/wp\/v2\/types\/product"}],"replies":[{"embeddable":true,"href":"https:\/\/www.chancescook.com\/fr\/wp-json\/wp\/v2\/comments?post=4492"}],"wp:featuredmedia":[{"embeddable":true,"href":"https:\/\/www.chancescook.com\/fr\/wp-json\/wp\/v2\/media\/4494"}],"wp:attachment":[{"href":"https:\/\/www.chancescook.com\/fr\/wp-json\/wp\/v2\/media?parent=4492"}],"wp:term":[{"taxonomy":"product_brand","embeddable":true,"href":"https:\/\/www.chancescook.com\/fr\/wp-json\/wp\/v2\/product_brand?post=4492"},{"taxonomy":"product_cat","embeddable":true,"href":"https:\/\/www.chancescook.com\/fr\/wp-json\/wp\/v2\/product_cat?post=4492"},{"taxonomy":"product_tag","embeddable":true,"href":"https:\/\/www.chancescook.com\/fr\/wp-json\/wp\/v2\/product_tag?post=4492"}],"curies":[{"name":"wp","href":"https:\/\/api.w.org\/{rel}","templated":true}]}}