{"id":4557,"date":"2025-01-03T03:21:06","date_gmt":"2025-01-03T03:21:06","guid":{"rendered":"https:\/\/www.chancescook.com\/?post_type=product&#038;p=4557"},"modified":"2025-01-18T09:59:30","modified_gmt":"2025-01-18T09:59:30","slug":"camping-stainless-steel-cooking-utensils","status":"publish","type":"product","link":"https:\/\/www.chancescook.com\/fr\/produit\/camping-stainless-steel-cooking-utensils\/","title":{"rendered":"Ustensiles de cuisine en acier inoxydable pour le camping en plein air Wholesale"},"content":{"rendered":"<div class=\"wp-block-columns is-layout-flex wp-container-core-columns-is-layout-9d6595d7 wp-block-columns-is-layout-flex\">\n<div class=\"wp-block-column is-layout-flow wp-block-column-is-layout-flow\">\n<div class=\"wp-block-columns is-layout-flex wp-container-core-columns-is-layout-9d6595d7 wp-block-columns-is-layout-flex\">\n<div class=\"wp-block-column is-layout-flow wp-block-column-is-layout-flow\">\n<h2 class=\"wp-block-heading\">Param\u00e8tres des ustensiles de cuisine en acier inoxydable<\/h2>\n\n\n\n<p>Type : Batterie de cuisine<br>Nombre de pi\u00e8ces : Ensemble de 7 pi\u00e8ces<br>Mat\u00e9riau : acier inoxydable 201\/304<br>Quantit\u00e9 : 1 set\/bo\u00eete\uff0814cm\/16cm\/20cm)<br>Poids : 2,8 kg<br>Taille du carton : 24.5\uff3824.5\uff3819cm<br>Application : Camping Cuisson<\/p>\n<\/div>\n\n\n\n<div class=\"wp-block-column is-layout-flow wp-block-column-is-layout-flow\">\n<h2 class=\"wp-block-heading\">Ustensiles de cuisine en acier inoxydable personnalis\u00e9s<\/h2>\n\n\n\n<p>Emballage : bo\u00eete de couleur\/carton, etc.<br><strong><a href=\"https:\/\/www.chancescook.com\/fr\/custom-cookware\/\">Solutions personnalis\u00e9es OEM et ODM<\/a><\/strong><\/p>\n<\/div>\n<\/div>\n<\/div>\n<\/div>\n\n\n\n<div class=\"wp-block-columns is-layout-flex wp-container-core-columns-is-layout-9d6595d7 wp-block-columns-is-layout-flex\">\n<div class=\"wp-block-column is-layout-flow wp-block-column-is-layout-flow\">\n<figure class=\"wp-block-image size-full\"><img decoding=\"async\" src=\"https:\/\/www.chancescook.com\/wp-content\/uploads\/2025\/01\/Wholesale-Stainless-Steel-Cooking-Utensils-3.webp\" alt=\"\" class=\"wp-image-4586\"\/><\/figure>\n<\/div>\n\n\n\n<div class=\"wp-block-column is-layout-flow wp-block-column-is-layout-flow\">\n<figure class=\"wp-block-image size-full\"><img decoding=\"async\" width=\"750\" height=\"1146\" src=\"https:\/\/www.chancescook.com\/wp-content\/uploads\/2025\/01\/Wholesale-Stainless-Steel-Cooking-Utensils-2.webp\" alt=\"\" class=\"wp-image-4585\" srcset=\"https:\/\/www.chancescook.com\/wp-content\/uploads\/2025\/01\/Wholesale-Stainless-Steel-Cooking-Utensils-2.webp 750w, https:\/\/www.chancescook.com\/wp-content\/uploads\/2025\/01\/Wholesale-Stainless-Steel-Cooking-Utensils-2-196x300.webp 196w, https:\/\/www.chancescook.com\/wp-content\/uploads\/2025\/01\/Wholesale-Stainless-Steel-Cooking-Utensils-2-8x12.webp 8w, https:\/\/www.chancescook.com\/wp-content\/uploads\/2025\/01\/Wholesale-Stainless-Steel-Cooking-Utensils-2-285x435.webp 285w, https:\/\/www.chancescook.com\/wp-content\/uploads\/2025\/01\/Wholesale-Stainless-Steel-Cooking-Utensils-2-432x660.webp 432w, https:\/\/www.chancescook.com\/wp-content\/uploads\/2025\/01\/Wholesale-Stainless-Steel-Cooking-Utensils-2-98x150.webp 98w\" sizes=\"(max-width: 750px) 100vw, 750px\" \/><\/figure>\n<\/div>\n<\/div>\n\n\n\n<div class=\"wp-block-columns is-layout-flex wp-container-core-columns-is-layout-9d6595d7 wp-block-columns-is-layout-flex\">\n<div class=\"wp-block-column is-layout-flow wp-block-column-is-layout-flow\">\n<figure class=\"wp-block-image size-full\"><img decoding=\"async\" width=\"750\" height=\"1178\" src=\"https:\/\/www.chancescook.com\/wp-content\/uploads\/2025\/01\/Wholesale-Stainless-Steel-Cooking-Utensils-1.webp\" alt=\"\" class=\"wp-image-4584\" srcset=\"https:\/\/www.chancescook.com\/wp-content\/uploads\/2025\/01\/Wholesale-Stainless-Steel-Cooking-Utensils-1.webp 750w, https:\/\/www.chancescook.com\/wp-content\/uploads\/2025\/01\/Wholesale-Stainless-Steel-Cooking-Utensils-1-191x300.webp 191w, https:\/\/www.chancescook.com\/wp-content\/uploads\/2025\/01\/Wholesale-Stainless-Steel-Cooking-Utensils-1-8x12.webp 8w, https:\/\/www.chancescook.com\/wp-content\/uploads\/2025\/01\/Wholesale-Stainless-Steel-Cooking-Utensils-1-285x448.webp 285w, https:\/\/www.chancescook.com\/wp-content\/uploads\/2025\/01\/Wholesale-Stainless-Steel-Cooking-Utensils-1-420x660.webp 420w, https:\/\/www.chancescook.com\/wp-content\/uploads\/2025\/01\/Wholesale-Stainless-Steel-Cooking-Utensils-1-96x150.webp 96w\" sizes=\"(max-width: 750px) 100vw, 750px\" \/><\/figure>\n<\/div>\n\n\n\n<div class=\"wp-block-column is-layout-flow wp-block-column-is-layout-flow\">\n<figure class=\"wp-block-image size-full\"><img decoding=\"async\" src=\"https:\/\/www.chancescook.com\/wp-content\/uploads\/2025\/01\/Stainless-Steel-Cooking-Utensils-Wholesaler-3.webp\" alt=\"\" class=\"wp-image-4583\"\/><\/figure>\n<\/div>\n<\/div>\n\n\n\n<div class=\"wp-block-columns is-layout-flex wp-container-core-columns-is-layout-9d6595d7 wp-block-columns-is-layout-flex\">\n<div class=\"wp-block-column is-layout-flow wp-block-column-is-layout-flow\">\n<figure class=\"wp-block-image size-full\"><img decoding=\"async\" width=\"750\" height=\"1218\" src=\"https:\/\/www.chancescook.com\/wp-content\/uploads\/2025\/01\/Stainless-Steel-Cooking-Utensils-Wholesaler-2.webp\" alt=\"\" class=\"wp-image-4582\" srcset=\"https:\/\/www.chancescook.com\/wp-content\/uploads\/2025\/01\/Stainless-Steel-Cooking-Utensils-Wholesaler-2.webp 750w, https:\/\/www.chancescook.com\/wp-content\/uploads\/2025\/01\/Stainless-Steel-Cooking-Utensils-Wholesaler-2-185x300.webp 185w, https:\/\/www.chancescook.com\/wp-content\/uploads\/2025\/01\/Stainless-Steel-Cooking-Utensils-Wholesaler-2-7x12.webp 7w, https:\/\/www.chancescook.com\/wp-content\/uploads\/2025\/01\/Stainless-Steel-Cooking-Utensils-Wholesaler-2-285x463.webp 285w, https:\/\/www.chancescook.com\/wp-content\/uploads\/2025\/01\/Stainless-Steel-Cooking-Utensils-Wholesaler-2-406x660.webp 406w, https:\/\/www.chancescook.com\/wp-content\/uploads\/2025\/01\/Stainless-Steel-Cooking-Utensils-Wholesaler-2-92x150.webp 92w\" sizes=\"(max-width: 750px) 100vw, 750px\" \/><\/figure>\n<\/div>\n\n\n\n<div class=\"wp-block-column is-layout-flow wp-block-column-is-layout-flow\">\n<figure class=\"wp-block-image size-full\"><img decoding=\"async\" width=\"750\" height=\"1175\" src=\"https:\/\/www.chancescook.com\/wp-content\/uploads\/2025\/01\/Stainless-Steel-Cooking-Utensils-Wholesaler-1.webp\" alt=\"\" class=\"wp-image-4581\" srcset=\"https:\/\/www.chancescook.com\/wp-content\/uploads\/2025\/01\/Stainless-Steel-Cooking-Utensils-Wholesaler-1.webp 750w, https:\/\/www.chancescook.com\/wp-content\/uploads\/2025\/01\/Stainless-Steel-Cooking-Utensils-Wholesaler-1-191x300.webp 191w, https:\/\/www.chancescook.com\/wp-content\/uploads\/2025\/01\/Stainless-Steel-Cooking-Utensils-Wholesaler-1-8x12.webp 8w, https:\/\/www.chancescook.com\/wp-content\/uploads\/2025\/01\/Stainless-Steel-Cooking-Utensils-Wholesaler-1-285x447.webp 285w, https:\/\/www.chancescook.com\/wp-content\/uploads\/2025\/01\/Stainless-Steel-Cooking-Utensils-Wholesaler-1-421x660.webp 421w, https:\/\/www.chancescook.com\/wp-content\/uploads\/2025\/01\/Stainless-Steel-Cooking-Utensils-Wholesaler-1-96x150.webp 96w\" sizes=\"(max-width: 750px) 100vw, 750px\" \/><\/figure>\n<\/div>\n<\/div>\n\n\n\n<div class=\"wp-block-columns is-layout-flex wp-container-core-columns-is-layout-9d6595d7 wp-block-columns-is-layout-flex\">\n<div class=\"wp-block-column is-layout-flow wp-block-column-is-layout-flow\">\n<figure class=\"wp-block-image size-full\"><img decoding=\"async\" width=\"750\" height=\"706\" src=\"https:\/\/www.chancescook.com\/wp-content\/uploads\/2025\/01\/Factory-Stainless-Steel-Cooking-Utensils-Supplier-1.jpg\" alt=\"\" class=\"wp-image-4578\" srcset=\"https:\/\/www.chancescook.com\/wp-content\/uploads\/2025\/01\/Factory-Stainless-Steel-Cooking-Utensils-Supplier-1.jpg 750w, https:\/\/www.chancescook.com\/wp-content\/uploads\/2025\/01\/Factory-Stainless-Steel-Cooking-Utensils-Supplier-1-300x282.jpg 300w, https:\/\/www.chancescook.com\/wp-content\/uploads\/2025\/01\/Factory-Stainless-Steel-Cooking-Utensils-Supplier-1-13x12.jpg 13w, https:\/\/www.chancescook.com\/wp-content\/uploads\/2025\/01\/Factory-Stainless-Steel-Cooking-Utensils-Supplier-1-285x268.jpg 285w, https:\/\/www.chancescook.com\/wp-content\/uploads\/2025\/01\/Factory-Stainless-Steel-Cooking-Utensils-Supplier-1-660x621.jpg 660w, https:\/\/www.chancescook.com\/wp-content\/uploads\/2025\/01\/Factory-Stainless-Steel-Cooking-Utensils-Supplier-1-150x141.jpg 150w\" sizes=\"(max-width: 750px) 100vw, 750px\" \/><\/figure>\n<\/div>\n\n\n\n<div class=\"wp-block-column is-layout-flow wp-block-column-is-layout-flow\">\n<figure class=\"wp-block-image size-full\"><img decoding=\"async\" width=\"750\" height=\"950\" src=\"https:\/\/www.chancescook.com\/wp-content\/uploads\/2025\/01\/Factory-Stainless-Steel-Cooking-Utensils-Supplier-1.webp\" alt=\"\" class=\"wp-image-4579\" srcset=\"https:\/\/www.chancescook.com\/wp-content\/uploads\/2025\/01\/Factory-Stainless-Steel-Cooking-Utensils-Supplier-1.webp 750w, https:\/\/www.chancescook.com\/wp-content\/uploads\/2025\/01\/Factory-Stainless-Steel-Cooking-Utensils-Supplier-1-237x300.webp 237w, https:\/\/www.chancescook.com\/wp-content\/uploads\/2025\/01\/Factory-Stainless-Steel-Cooking-Utensils-Supplier-1-9x12.webp 9w, https:\/\/www.chancescook.com\/wp-content\/uploads\/2025\/01\/Factory-Stainless-Steel-Cooking-Utensils-Supplier-1-285x361.webp 285w, https:\/\/www.chancescook.com\/wp-content\/uploads\/2025\/01\/Factory-Stainless-Steel-Cooking-Utensils-Supplier-1-521x660.webp 521w, https:\/\/www.chancescook.com\/wp-content\/uploads\/2025\/01\/Factory-Stainless-Steel-Cooking-Utensils-Supplier-1-118x150.webp 118w\" sizes=\"(max-width: 750px) 100vw, 750px\" \/><\/figure>\n<\/div>\n<\/div>","protected":false},"excerpt":{"rendered":"<p>Ustensiles de cuisine en acier inoxydable pour le camping.Fabriqu\u00e9s en acier inoxydable de haute qualit\u00e9, ils conviennent \u00e0 une vari\u00e9t\u00e9 de sc\u00e9narios. Surface lisse pour \u00e9viter les r\u00e9sidus alimentaires, facile \u00e0 nettoyer, lavable \u00e0 la main ou au lave-vaisselle, \u00e9conomise du temps et de la main d'\u0153uvre. N'h\u00e9sitez pas \u00e0 nous contacter pour passer commande. \u00a0<\/p>\n<h2>Caract\u00e9ristiques et avantages des ustensiles de cuisine en acier inoxydable<\/h2>\n<p>&nbsp;<\/p>\n<ul>\n<li><strong>Acier inoxydable 304 de haute qualit\u00e9<\/strong>: Fabriqu\u00e9 en acier inoxydable 304 de qualit\u00e9 alimentaire, robuste et durable, r\u00e9sistant \u00e0 la rouille et \u00e0 la corrosion pour garantir une utilisation \u00e0 long terme, adapt\u00e9 \u00e0 une vari\u00e9t\u00e9 d'environnements ext\u00e9rieurs.<\/li>\n<li><strong>Set de cuisson complet<\/strong>7 pi\u00e8ces d'outils pratiques, pour r\u00e9pondre \u00e0 vos diff\u00e9rents besoins en mati\u00e8re de cuisine en plein air, ce qui rend votre cuisine plus pratique.<\/li>\n<li><strong>Conception portative<\/strong>: Chaque outil est con\u00e7u pour \u00eatre l\u00e9ger et facile \u00e0 transporter avec un sac de rangement portable pour faciliter l'organisation et le stockage, adapt\u00e9 au camping, aux pique-niques, \u00e0 la randonn\u00e9e et \u00e0 d'autres activit\u00e9s de plein air.<\/li>\n<li><strong>Sain et s\u00fbr<\/strong>: Fabriqu\u00e9 \u00e0 partir de mat\u00e9riaux de qualit\u00e9 alimentaire, sans substances nocives, il garantit la s\u00e9curit\u00e9 alimentaire et peut \u00eatre utilis\u00e9 en toute confiance.<\/li>\n<li><strong>Facile \u00e0 nettoyer<\/strong>: Surface lisse pour \u00e9viter les r\u00e9sidus alimentaires, facile \u00e0 nettoyer, lavable \u00e0 la main ou au lave-vaisselle, ce qui permet d'\u00e9conomiser du temps et de la main-d'\u0153uvre.<\/li>\n<li><strong>Utilisation multifonctionnelle<\/strong>: Non seulement pour la cuisine de campagne, mais aussi dans la cuisine familiale, un large \u00e9ventail d'applications et une grande praticit\u00e9.<\/li>\n<li><strong>R\u00e9sistance aux hautes temp\u00e9ratures<\/strong>: L'acier inoxydable 304 r\u00e9siste aux temp\u00e9ratures \u00e9lev\u00e9es et ne se d\u00e9forme pas facilement, ce qui garantit sa stabilit\u00e9 et sa fiabilit\u00e9 dans les environnements \u00e0 haute temp\u00e9rature.<\/li>\n<li><strong>Stockage compact<\/strong>: Tous les outils peuvent \u00eatre rang\u00e9s ensemble de mani\u00e8re compacte. Ils sont peu encombrants, faciles \u00e0 transporter et id\u00e9aux pour les activit\u00e9s de plein air.<\/li>\n<li><strong>Indispensable pour l'ext\u00e9rieur<\/strong>: Que vous fassiez du camping, du pique-nique ou de la randonn\u00e9e, cet ensemble d'outils de cuisine en acier inoxydable de 8 pi\u00e8ces est indispensable pour vos activit\u00e9s de plein air.<\/li>\n<\/ul>\n<p><strong>Proposer des solutions personnalis\u00e9es pour les ustensiles de cuisine en acier inoxydable.<\/strong> <strong>Prise en charge des ustensiles de cuisine en acier inoxydable personnalis\u00e9s OEM&amp;ODM.<\/strong> \u00a0<\/p>","protected":false},"featured_media":4559,"comment_status":"closed","ping_status":"closed","template":"","meta":{"_acf_changed":false},"product_brand":[],"product_cat":[54],"product_tag":[],"class_list":{"0":"post-4557","1":"product","2":"type-product","3":"status-publish","4":"has-post-thumbnail","6":"product_cat-camping-cookware-wholesale","8":"first","9":"instock","10":"shipping-taxable","11":"product-type-simple"},"acf":[],"_links":{"self":[{"href":"https:\/\/www.chancescook.com\/fr\/wp-json\/wp\/v2\/product\/4557","targetHints":{"allow":["GET"]}}],"collection":[{"href":"https:\/\/www.chancescook.com\/fr\/wp-json\/wp\/v2\/product"}],"about":[{"href":"https:\/\/www.chancescook.com\/fr\/wp-json\/wp\/v2\/types\/product"}],"replies":[{"embeddable":true,"href":"https:\/\/www.chancescook.com\/fr\/wp-json\/wp\/v2\/comments?post=4557"}],"wp:featuredmedia":[{"embeddable":true,"href":"https:\/\/www.chancescook.com\/fr\/wp-json\/wp\/v2\/media\/4559"}],"wp:attachment":[{"href":"https:\/\/www.chancescook.com\/fr\/wp-json\/wp\/v2\/media?parent=4557"}],"wp:term":[{"taxonomy":"product_brand","embeddable":true,"href":"https:\/\/www.chancescook.com\/fr\/wp-json\/wp\/v2\/product_brand?post=4557"},{"taxonomy":"product_cat","embeddable":true,"href":"https:\/\/www.chancescook.com\/fr\/wp-json\/wp\/v2\/product_cat?post=4557"},{"taxonomy":"product_tag","embeddable":true,"href":"https:\/\/www.chancescook.com\/fr\/wp-json\/wp\/v2\/product_tag?post=4557"}],"curies":[{"name":"wp","href":"https:\/\/api.w.org\/{rel}","templated":true}]}}