{"id":4728,"date":"2025-02-22T02:36:38","date_gmt":"2025-02-22T02:36:38","guid":{"rendered":"https:\/\/www.chancescook.com\/?post_type=product&#038;p=4728"},"modified":"2025-12-21T13:50:45","modified_gmt":"2025-12-21T13:50:45","slug":"custom-snow-pan-wholesale","status":"publish","type":"product","link":"https:\/\/www.chancescook.com\/fr\/produit\/custom-snow-pan-wholesale\/","title":{"rendered":"Po\u00eale \u00e0 neige en gros, 403 ustensiles de cuisine en acier inoxydable, fabricant"},"content":{"rendered":"<div class=\"wp-block-columns is-layout-flex wp-container-core-columns-is-layout-9d6595d7 wp-block-columns-is-layout-flex\">\n<div class=\"wp-block-column is-layout-flow wp-block-column-is-layout-flow\">\n<h3 class=\"wp-block-heading\">Param\u00e8tres du bac \u00e0 neige en acier inoxydable<\/h3>\n\n\n\n<p><\/p>\n\n\n\n<ul class=\"wp-block-list\">\n<li>Mat\u00e9riau : Acier inoxydable 430 Acier inoxydable<\/li>\n\n\n\n<li>Normal \u00c9paisseur : 1,0 mm<\/li>\n\n\n\n<li>Taille : 18\/20\/22 cm<\/li>\n\n\n\n<li>Logo : Gravure laser\/estampage en relief<\/li>\n\n\n\n<li>MOQ : 600 pi\u00e8ces<\/li>\n<\/ul>\n<\/div>\n\n\n\n<div class=\"wp-block-column is-layout-flow wp-block-column-is-layout-flow\">\n<h3 class=\"wp-block-heading\">Options de bacs \u00e0 neige personnalis\u00e9s<\/h3>\n\n\n\n<p><\/p>\n\n\n\n<ul class=\"wp-block-list\">\n<li>Logo : personnalisez le logo de votre marque<\/li>\n\n\n\n<li>Mat\u00e9riau : Acier inoxydable 430<\/li>\n\n\n\n<li>\u00c9paisseur du mat\u00e9riau : 1,0 mm<\/li>\n\n\n\n<li>Mat\u00e9riau du couvercle : Style\/Mat\u00e9riau<\/li>\n\n\n\n<li>Mat\u00e9riau de la poign\u00e9e : Style\/Mat\u00e9riau<\/li>\n\n\n\n<li>Traitement de la surface de contact : Non rev\u00eatu \/ rev\u00eatement anti-adh\u00e9rent<\/li>\n\n\n\n<li>Emballage : bo\u00eete de couleur\/carton, etc.<\/li>\n\n\n\n<li>Solutions OEM et ODM de casseroles \u00e0 sauce sur mesure<\/li>\n<\/ul>\n<\/div>\n<\/div>\n\n\n\n<div class=\"wp-block-columns is-layout-flex wp-container-core-columns-is-layout-9d6595d7 wp-block-columns-is-layout-flex\">\n<div class=\"wp-block-column is-layout-flow wp-block-column-is-layout-flow\">\n<figure class=\"wp-block-image size-full\"><img decoding=\"async\" width=\"790\" height=\"1053\" src=\"https:\/\/www.chancescook.com\/wp-content\/uploads\/2025\/02\/Custom-Stainless-Steel-Snow-Pot-2-edited.jpg\" alt=\"Pan de neige personnalis\u00e9 en gros (2)\" class=\"wp-image-4745\" srcset=\"https:\/\/www.chancescook.com\/wp-content\/uploads\/2025\/02\/Custom-Stainless-Steel-Snow-Pot-2-edited.jpg 790w, https:\/\/www.chancescook.com\/wp-content\/uploads\/2025\/02\/Custom-Stainless-Steel-Snow-Pot-2-edited-225x300.jpg 225w, https:\/\/www.chancescook.com\/wp-content\/uploads\/2025\/02\/Custom-Stainless-Steel-Snow-Pot-2-edited-768x1024.jpg 768w, https:\/\/www.chancescook.com\/wp-content\/uploads\/2025\/02\/Custom-Stainless-Steel-Snow-Pot-2-edited-9x12.jpg 9w, https:\/\/www.chancescook.com\/wp-content\/uploads\/2025\/02\/Custom-Stainless-Steel-Snow-Pot-2-edited-285x380.jpg 285w, https:\/\/www.chancescook.com\/wp-content\/uploads\/2025\/02\/Custom-Stainless-Steel-Snow-Pot-2-edited-495x660.jpg 495w, https:\/\/www.chancescook.com\/wp-content\/uploads\/2025\/02\/Custom-Stainless-Steel-Snow-Pot-2-edited-113x150.jpg 113w\" sizes=\"(max-width: 790px) 100vw, 790px\" \/><\/figure>\n<\/div>\n\n\n\n<div class=\"wp-block-column is-layout-flow wp-block-column-is-layout-flow\">\n<figure class=\"wp-block-image size-full\"><img decoding=\"async\" width=\"729\" height=\"972\" src=\"https:\/\/www.chancescook.com\/wp-content\/uploads\/2025\/02\/Custom-Stainless-Steel-Snow-Pot-4-edited.jpg\" alt=\"Bac \u00e0 neige en acier inoxydable sur mesure (4)\" class=\"wp-image-4744\" srcset=\"https:\/\/www.chancescook.com\/wp-content\/uploads\/2025\/02\/Custom-Stainless-Steel-Snow-Pot-4-edited.jpg 729w, https:\/\/www.chancescook.com\/wp-content\/uploads\/2025\/02\/Custom-Stainless-Steel-Snow-Pot-4-edited-225x300.jpg 225w, https:\/\/www.chancescook.com\/wp-content\/uploads\/2025\/02\/Custom-Stainless-Steel-Snow-Pot-4-edited-9x12.jpg 9w, https:\/\/www.chancescook.com\/wp-content\/uploads\/2025\/02\/Custom-Stainless-Steel-Snow-Pot-4-edited-285x380.jpg 285w, https:\/\/www.chancescook.com\/wp-content\/uploads\/2025\/02\/Custom-Stainless-Steel-Snow-Pot-4-edited-495x660.jpg 495w, https:\/\/www.chancescook.com\/wp-content\/uploads\/2025\/02\/Custom-Stainless-Steel-Snow-Pot-4-edited-113x150.jpg 113w\" sizes=\"(max-width: 729px) 100vw, 729px\" \/><\/figure>\n<\/div>\n<\/div>\n\n\n\n<div class=\"wp-block-columns is-layout-flex wp-container-core-columns-is-layout-9d6595d7 wp-block-columns-is-layout-flex\">\n<div class=\"wp-block-column is-layout-flow wp-block-column-is-layout-flow\">\n<figure class=\"wp-block-image size-full\"><img decoding=\"async\" width=\"712\" height=\"1085\" src=\"https:\/\/www.chancescook.com\/wp-content\/uploads\/2025\/02\/Custom-Stainless-Steel-Snow-Pot-1.jpg\" alt=\"Pot \u00e0 neige personnalis\u00e9 en acier inoxydable (1)\" class=\"wp-image-4729\" srcset=\"https:\/\/www.chancescook.com\/wp-content\/uploads\/2025\/02\/Custom-Stainless-Steel-Snow-Pot-1.jpg 712w, https:\/\/www.chancescook.com\/wp-content\/uploads\/2025\/02\/Custom-Stainless-Steel-Snow-Pot-1-197x300.jpg 197w, https:\/\/www.chancescook.com\/wp-content\/uploads\/2025\/02\/Custom-Stainless-Steel-Snow-Pot-1-8x12.jpg 8w, https:\/\/www.chancescook.com\/wp-content\/uploads\/2025\/02\/Custom-Stainless-Steel-Snow-Pot-1-285x434.jpg 285w, https:\/\/www.chancescook.com\/wp-content\/uploads\/2025\/02\/Custom-Stainless-Steel-Snow-Pot-1-433x660.jpg 433w, https:\/\/www.chancescook.com\/wp-content\/uploads\/2025\/02\/Custom-Stainless-Steel-Snow-Pot-1-98x150.jpg 98w\" sizes=\"(max-width: 712px) 100vw, 712px\" \/><\/figure>\n<\/div>\n\n\n\n<div class=\"wp-block-column is-layout-flow wp-block-column-is-layout-flow\"><\/div>\n<\/div>\n\n\n\n<p><\/p>","protected":false},"excerpt":{"rendered":"<p>Nous fournissons un service de vente en gros de casseroles \u00e0 neige antiadh\u00e9sives de style japonais de haute qualit\u00e9. Le design du corps est simple et \u00e9l\u00e9gant, avec un couvercle assorti. Vous pouvez choisir entre deux types de mat\u00e9riaux pour les casseroles : 304 et 430. Elles conviennent toutes parfaitement aux pique-niques en plein air ou \u00e0 la cuisine d'int\u00e9rieur. Des services de personnalisation sont \u00e9galement propos\u00e9s, et des logos de marque et des emballages personnalis\u00e9s peuvent \u00eatre imprim\u00e9s selon vos besoins. N'h\u00e9sitez pas \u00e0 nous contacter pour passer commande.<\/p>\n<h2>Caract\u00e9ristiques et avantages du bac \u00e0 neige en gros<\/h2>\n<p>&nbsp;<\/p>\n<p><strong>Poign\u00e9e en bois facile \u00e0 manipuler<\/strong>: La poign\u00e9e en bois de la casserole \u00e0 neige est joliment fabriqu\u00e9e, facile \u00e0 tenir et agit comme un bon dissipateur de chaleur, ce qui la rend facile \u00e0 manipuler pour les cuisiniers. Que vous recherchiez des options de vente en gros de casseroles \u00e0 neige ou un design personnalis\u00e9, la poign\u00e9e assure une prise en main confortable.<\/p>\n<p><strong>Deux becs verseurs<\/strong>: Cette marmite \u00e0 neige est dot\u00e9e de trous d'\u00e9coulement des deux c\u00f4t\u00e9s, ce qui permet de verser l'huile sans d\u00e9versement et convient aussi bien aux gauchers qu'aux droitiers. Un choix parfait pour tous ceux qui recherchent des ustensiles de cuisine en acier inoxydable 430 personnalis\u00e9s, dot\u00e9s d'une fonctionnalit\u00e9 bien pens\u00e9e.<\/p>\n<p><strong>Compatibilit\u00e9 flexible<\/strong>: La marmite \u00e0 neige est compatible avec diff\u00e9rentes surfaces de cuisson, y compris les marmites \u00e0 neige, les cuisini\u00e8res \u00e0 gaz, les cuisini\u00e8res \u00e0 induction ou les fours \u00e0 induction, ce qui vous donne une flexibilit\u00e9 ultime dans votre cuisine.<\/p>\n<p><strong>Distribution uniforme de la chaleur<\/strong>: Le fond en acier inoxydable assure une distribution uniforme de la chaleur, \u00e9vitant les points chauds, ce qui permet de pr\u00e9server le go\u00fbt savoureux des aliments et d'\u00e9conomiser de l'\u00e9nergie. Il s'agit d'une excellente option pour les personnes int\u00e9ress\u00e9es par des produits en gros de haute qualit\u00e9 dans le domaine des casseroles \u00e0 neige.<\/p>\n<p><strong>Poign\u00e9e froide<\/strong>: La poign\u00e9e est con\u00e7ue pour assurer une meilleure circulation de l'air, ce qui la maintient fra\u00eeche au toucher m\u00eame \u00e0 haute temp\u00e9rature. Cela ajoute une s\u00e9curit\u00e9 et un confort suppl\u00e9mentaires pendant la cuisson, ce qui en fait une option id\u00e9ale pour les ustensiles de cuisine en acier inoxydable 430 sur mesure.<\/p>\n<p><strong>Double rivetage pour une meilleure long\u00e9vit\u00e9<\/strong>: La poign\u00e9e est doublement rivet\u00e9e pour une plus grande durabilit\u00e9, ce qui garantit une plus longue dur\u00e9e de vie \u00e0 votre marmite \u00e0 neige et une exp\u00e9rience de cuisson confortable et s\u00fbre \u00e0 chaque fois.<\/p>","protected":false},"featured_media":5777,"comment_status":"closed","ping_status":"closed","template":"","meta":{"_acf_changed":false},"product_brand":[],"product_cat":[52,69],"product_tag":[],"class_list":{"0":"post-4728","1":"product","2":"type-product","3":"status-publish","4":"has-post-thumbnail","6":"product_cat-cookware-wholesale","7":"product_cat-snow-pan-wholesaler","9":"first","10":"instock","11":"shipping-taxable","12":"product-type-simple"},"acf":[],"_links":{"self":[{"href":"https:\/\/www.chancescook.com\/fr\/wp-json\/wp\/v2\/product\/4728","targetHints":{"allow":["GET"]}}],"collection":[{"href":"https:\/\/www.chancescook.com\/fr\/wp-json\/wp\/v2\/product"}],"about":[{"href":"https:\/\/www.chancescook.com\/fr\/wp-json\/wp\/v2\/types\/product"}],"replies":[{"embeddable":true,"href":"https:\/\/www.chancescook.com\/fr\/wp-json\/wp\/v2\/comments?post=4728"}],"wp:featuredmedia":[{"embeddable":true,"href":"https:\/\/www.chancescook.com\/fr\/wp-json\/wp\/v2\/media\/5777"}],"wp:attachment":[{"href":"https:\/\/www.chancescook.com\/fr\/wp-json\/wp\/v2\/media?parent=4728"}],"wp:term":[{"taxonomy":"product_brand","embeddable":true,"href":"https:\/\/www.chancescook.com\/fr\/wp-json\/wp\/v2\/product_brand?post=4728"},{"taxonomy":"product_cat","embeddable":true,"href":"https:\/\/www.chancescook.com\/fr\/wp-json\/wp\/v2\/product_cat?post=4728"},{"taxonomy":"product_tag","embeddable":true,"href":"https:\/\/www.chancescook.com\/fr\/wp-json\/wp\/v2\/product_tag?post=4728"}],"curies":[{"name":"wp","href":"https:\/\/api.w.org\/{rel}","templated":true}]}}