{"id":4892,"date":"2025-04-18T10:45:50","date_gmt":"2025-04-18T10:45:50","guid":{"rendered":"https:\/\/www.chancescook.com\/?post_type=product&#038;p=4892"},"modified":"2025-12-20T08:31:25","modified_gmt":"2025-12-20T08:31:25","slug":"oem-camping-cookware-set-wholesale","status":"publish","type":"product","link":"https:\/\/www.chancescook.com\/fr\/produit\/oem-camping-cookware-set-wholesale\/","title":{"rendered":"OEM Set de batterie de cuisine de camping Wholesale, 304 Stainless Steel Camping Pot Set Manufacturer"},"content":{"rendered":"<div class=\"wp-block-columns is-layout-flex wp-container-core-columns-is-layout-9d6595d7 wp-block-columns-is-layout-flex\">\n<div class=\"wp-block-column is-layout-flow wp-block-column-is-layout-flow\">\n<h3 class=\"wp-block-heading\">Param\u00e8tres des ustensiles de cuisine en acier inoxydable<\/h3>\n\n\n\n<p>Type : Batterie de cuisine<br>Nombre de pi\u00e8ces : Ensemble de 7 pi\u00e8ces<br>Mat\u00e9riau : Acier inoxydable 304<br>Quantit\u00e9 : 1 set\/bo\u00eete\uff0814cm\/16cm\/20cm)<br>Poids : 2,8 kg<br>Taille du carton : 29\u00d729\u00d722cm<br>Application : Camping Cuisson<\/p>\n\n\n\n<h3 class=\"wp-block-heading\">Ustensiles de cuisine en acier inoxydable personnalis\u00e9s<\/h3>\n\n\n\n<p>Emballage : bo\u00eete de couleur\/carton, etc.<br>Solutions personnalis\u00e9es OEM et ODM<\/p>\n<\/div>\n\n\n\n<div class=\"wp-block-column is-layout-flow wp-block-column-is-layout-flow\">\n<figure class=\"wp-block-image size-full\"><img decoding=\"async\" width=\"1000\" height=\"1000\" src=\"https:\/\/www.chancescook.com\/wp-content\/uploads\/2025\/04\/Camping-Cookware-Set-Wholesaler.webp\" alt=\"Grossiste d&#039;ustensiles de cuisine pour le camping\" class=\"wp-image-4896\" srcset=\"https:\/\/www.chancescook.com\/wp-content\/uploads\/2025\/04\/Camping-Cookware-Set-Wholesaler.webp 1000w, https:\/\/www.chancescook.com\/wp-content\/uploads\/2025\/04\/Camping-Cookware-Set-Wholesaler-300x300.webp 300w, https:\/\/www.chancescook.com\/wp-content\/uploads\/2025\/04\/Camping-Cookware-Set-Wholesaler-150x150.webp 150w, https:\/\/www.chancescook.com\/wp-content\/uploads\/2025\/04\/Camping-Cookware-Set-Wholesaler-768x768.webp 768w, https:\/\/www.chancescook.com\/wp-content\/uploads\/2025\/04\/Camping-Cookware-Set-Wholesaler-12x12.webp 12w, https:\/\/www.chancescook.com\/wp-content\/uploads\/2025\/04\/Camping-Cookware-Set-Wholesaler-285x285.webp 285w, https:\/\/www.chancescook.com\/wp-content\/uploads\/2025\/04\/Camping-Cookware-Set-Wholesaler-270x270.webp 270w, https:\/\/www.chancescook.com\/wp-content\/uploads\/2025\/04\/Camping-Cookware-Set-Wholesaler-540x540.webp 540w, https:\/\/www.chancescook.com\/wp-content\/uploads\/2025\/04\/Camping-Cookware-Set-Wholesaler-660x660.webp 660w\" sizes=\"(max-width: 1000px) 100vw, 1000px\" \/><\/figure>\n<\/div>\n<\/div>\n\n\n\n<div class=\"wp-block-columns is-layout-flex wp-container-core-columns-is-layout-9d6595d7 wp-block-columns-is-layout-flex\">\n<div class=\"wp-block-column is-layout-flow wp-block-column-is-layout-flow\">\n<figure class=\"wp-block-image size-full\"><img decoding=\"async\" width=\"800\" height=\"800\" src=\"https:\/\/www.chancescook.com\/wp-content\/uploads\/2025\/04\/0be88d295005eb449c211241a1e2481.webp\" alt=\"Batterie de cuisine de camping Po\u00eale \u00e0 frire en gros\" class=\"wp-image-4910\" srcset=\"https:\/\/www.chancescook.com\/wp-content\/uploads\/2025\/04\/0be88d295005eb449c211241a1e2481.webp 800w, https:\/\/www.chancescook.com\/wp-content\/uploads\/2025\/04\/0be88d295005eb449c211241a1e2481-300x300.webp 300w, https:\/\/www.chancescook.com\/wp-content\/uploads\/2025\/04\/0be88d295005eb449c211241a1e2481-150x150.webp 150w, https:\/\/www.chancescook.com\/wp-content\/uploads\/2025\/04\/0be88d295005eb449c211241a1e2481-768x768.webp 768w, https:\/\/www.chancescook.com\/wp-content\/uploads\/2025\/04\/0be88d295005eb449c211241a1e2481-12x12.webp 12w, https:\/\/www.chancescook.com\/wp-content\/uploads\/2025\/04\/0be88d295005eb449c211241a1e2481-285x285.webp 285w, https:\/\/www.chancescook.com\/wp-content\/uploads\/2025\/04\/0be88d295005eb449c211241a1e2481-270x270.webp 270w, https:\/\/www.chancescook.com\/wp-content\/uploads\/2025\/04\/0be88d295005eb449c211241a1e2481-540x540.webp 540w, https:\/\/www.chancescook.com\/wp-content\/uploads\/2025\/04\/0be88d295005eb449c211241a1e2481-660x660.webp 660w\" sizes=\"(max-width: 800px) 100vw, 800px\" \/><\/figure>\n<\/div>\n\n\n\n<div class=\"wp-block-column is-layout-flow wp-block-column-is-layout-flow\">\n<figure class=\"wp-block-image size-full\"><img decoding=\"async\" width=\"800\" height=\"800\" src=\"https:\/\/www.chancescook.com\/wp-content\/uploads\/2025\/04\/6376cf03c91dcc2165f8e85a36e1d67.webp\" alt=\"Set d&#039;ustensiles de cuisine pour le camping Wholesale Soup Pot\" class=\"wp-image-4912\" srcset=\"https:\/\/www.chancescook.com\/wp-content\/uploads\/2025\/04\/6376cf03c91dcc2165f8e85a36e1d67.webp 800w, https:\/\/www.chancescook.com\/wp-content\/uploads\/2025\/04\/6376cf03c91dcc2165f8e85a36e1d67-300x300.webp 300w, https:\/\/www.chancescook.com\/wp-content\/uploads\/2025\/04\/6376cf03c91dcc2165f8e85a36e1d67-150x150.webp 150w, https:\/\/www.chancescook.com\/wp-content\/uploads\/2025\/04\/6376cf03c91dcc2165f8e85a36e1d67-768x768.webp 768w, https:\/\/www.chancescook.com\/wp-content\/uploads\/2025\/04\/6376cf03c91dcc2165f8e85a36e1d67-12x12.webp 12w, https:\/\/www.chancescook.com\/wp-content\/uploads\/2025\/04\/6376cf03c91dcc2165f8e85a36e1d67-285x285.webp 285w, https:\/\/www.chancescook.com\/wp-content\/uploads\/2025\/04\/6376cf03c91dcc2165f8e85a36e1d67-270x270.webp 270w, https:\/\/www.chancescook.com\/wp-content\/uploads\/2025\/04\/6376cf03c91dcc2165f8e85a36e1d67-540x540.webp 540w, https:\/\/www.chancescook.com\/wp-content\/uploads\/2025\/04\/6376cf03c91dcc2165f8e85a36e1d67-660x660.webp 660w\" sizes=\"(max-width: 800px) 100vw, 800px\" \/><\/figure>\n<\/div>\n\n\n\n<div class=\"wp-block-column is-layout-flow wp-block-column-is-layout-flow\">\n<figure class=\"wp-block-image size-full\"><img decoding=\"async\" width=\"800\" height=\"800\" src=\"https:\/\/www.chancescook.com\/wp-content\/uploads\/2025\/04\/22a4cc9b300de6f1141c5532d967281.webp\" alt=\"Set d&#039;ustensiles de cuisine pour le camping Wholesale Portable Bowl\" class=\"wp-image-4911\" srcset=\"https:\/\/www.chancescook.com\/wp-content\/uploads\/2025\/04\/22a4cc9b300de6f1141c5532d967281.webp 800w, https:\/\/www.chancescook.com\/wp-content\/uploads\/2025\/04\/22a4cc9b300de6f1141c5532d967281-300x300.webp 300w, https:\/\/www.chancescook.com\/wp-content\/uploads\/2025\/04\/22a4cc9b300de6f1141c5532d967281-150x150.webp 150w, https:\/\/www.chancescook.com\/wp-content\/uploads\/2025\/04\/22a4cc9b300de6f1141c5532d967281-768x768.webp 768w, https:\/\/www.chancescook.com\/wp-content\/uploads\/2025\/04\/22a4cc9b300de6f1141c5532d967281-12x12.webp 12w, https:\/\/www.chancescook.com\/wp-content\/uploads\/2025\/04\/22a4cc9b300de6f1141c5532d967281-285x285.webp 285w, https:\/\/www.chancescook.com\/wp-content\/uploads\/2025\/04\/22a4cc9b300de6f1141c5532d967281-270x270.webp 270w, https:\/\/www.chancescook.com\/wp-content\/uploads\/2025\/04\/22a4cc9b300de6f1141c5532d967281-540x540.webp 540w, https:\/\/www.chancescook.com\/wp-content\/uploads\/2025\/04\/22a4cc9b300de6f1141c5532d967281-660x660.webp 660w\" sizes=\"(max-width: 800px) 100vw, 800px\" \/><\/figure>\n<\/div>\n<\/div>\n\n\n\n<p><\/p>","protected":false},"excerpt":{"rendered":"<p><span class=\"Editor_t__added__LtuNJ\">Personnalis\u00e9 <\/span><span class=\"Editor_t__not_edited__WuRP8\">batterie de cuisine de camping w<span class=\"Editor_t__added__LtuNJ\">trou\u00e9e<\/span><\/span><span class=\"Editor_t__not_edited_long__JuNNx\">En acier inoxydable 304 de haute qualit\u00e9, de qualit\u00e9 alimentaire. Convient pour\u00a0<\/span><span class=\"Editor_t__added__LtuNJ\">tous<\/span><span class=\"Editor_t__not_edited__WuRP8\">\u00a0ext\u00e9rieur\u00a0<\/span><span class=\"Editor_t__added__LtuNJ\">activit\u00e9s<\/span><span class=\"Editor_t__not_edited__WuRP8\">\u00a0comme le camping,\u00a0<\/span><span class=\"Editor_t__added__LtuNJ\">pique-nique<\/span><span class=\"Editor_t__not_edited__WuRP8\">et la randonn\u00e9e. Lisse\u00a0<\/span><span class=\"Editor_t__added__LtuNJ\">structure\u00a0<\/span><span class=\"Editor_t__not_edited__WuRP8\">surface\u00a0<\/span><span class=\"Editor_t__not_edited__WuRP8\">emp\u00eache l'alimentation\u00a0<\/span><span class=\"Editor_t__added__LtuNJ\">r\u00e9sidus<\/span><span class=\"Editor_t__not_edited__WuRP8\">Le syst\u00e8me de gestion de l'information de l'Union europ\u00e9enne (UE) permet de faciliter l'acc\u00e8s \u00e0 l'information. <\/span><span class=\"Editor_t__added__LtuNJ\">main<\/span><span class=\"Editor_t__not_edited__WuRP8\">\u00a0<\/span><span class=\"Editor_t__added__LtuNJ\">laver<\/span><span class=\"Editor_t__not_edited__WuRP8\">\u00a0<\/span><span class=\"Editor_t__not_edited__WuRP8\">ou\u00a0<\/span><span class=\"Editor_t__added__LtuNJ\">lave-vaisselle<\/span><span class=\"Editor_t__not_edited__WuRP8\">\u00a0<\/span><span class=\"Editor_t__added__LtuNJ\">propre<\/span><span class=\"Editor_t__not_edited__WuRP8\">.\u00a0<\/span><span class=\"Editor_t__added__LtuNJ\">Nous<\/span><span class=\"Editor_t__not_edited__WuRP8\">\u00a0<\/span><span class=\"Editor_t__added__LtuNJ\">sont\u00a0<\/span><span class=\"Editor_t__not_edited__WuRP8\">un professionnel de l'acier inoxydable\u00a0<\/span><span class=\"Editor_t__added__LtuNJ\">marmite<\/span><span class=\"Editor_t__not_edited__WuRP8\">\u00a0et\u00a0<\/span><span class=\"Editor_t__added__LtuNJ\">casserole<\/span><span class=\"Editor_t__not_edited__WuRP8\">\u00a0fabricant<\/span><span class=\"Editor_t__not_edited__WuRP8\">\u00a0<\/span><span class=\"Editor_t__added__LtuNJ\">-<\/span><span class=\"Editor_t__not_edited__WuRP8\">\u00a0<\/span><span class=\"Editor_t__not_edited__WuRP8\">Commandes OEM\/ODM\u00a0<\/span><span class=\"Editor_t__added__LtuNJ\">sont<\/span><span class=\"Editor_t__not_edited__WuRP8\">\u00a0<\/span><span class=\"Editor_t__added__LtuNJ\">bienvenue, juste\u00a0<\/span><span class=\"Editor_t__not_edited__WuRP8\">nous contacter pour\u00a0<\/span><span class=\"Editor_t__added__LtuNJ\">commencer<\/span><span class=\"Editor_t__not_edited__WuRP8\">!<\/span><\/p>\n<h2>Caract\u00e9ristiques et avantages de la batterie de cuisine de camping en gros<\/h2>\n<ul>\n<li><strong><span class=\"Editor_t__added__LtuNJ\">Longues<\/span><span class=\"Editor_t__not_edited__WuRP8\">-<\/span><span class=\"Editor_t__added__LtuNJ\">durable<\/span><\/strong><span class=\"Editor_t__not_edited__WuRP8\"><strong> Acier inoxydable 304<\/strong>:\u00a0<\/span><span class=\"Editor_t__added__LtuNJ\">Construit<\/span><span class=\"Editor_t__not_edited__WuRP8\">\u00a0<\/span><span class=\"Editor_t__added__LtuNJ\">de<\/span><span class=\"Editor_t__not_edited__WuRP8\">\u00a0<\/span><span class=\"Editor_t__added__LtuNJ\">de haute qualit\u00e9<\/span><span class=\"Editor_t__not_edited_long__JuNNx\">\u00a0Acier inoxydable 304 de qualit\u00e9 alimentaire,\u00a0<\/span><span class=\"Editor_t__added__LtuNJ\">durable<\/span><span class=\"Editor_t__not_edited__WuRP8\">,\u00a0<\/span><span class=\"Editor_t__added__LtuNJ\">inoxydable<\/span><span class=\"Editor_t__not_edited__WuRP8\">et\u00a0<\/span><span class=\"Editor_t__added__LtuNJ\">adapt\u00e9<\/span><span class=\"Editor_t__not_edited__WuRP8\">\u00a0pour tous\u00a0<\/span><span class=\"Editor_t__added__LtuNJ\">types de\u00a0<\/span><span class=\"Editor_t__not_edited__WuRP8\">ext\u00e9rieur\u00a0<\/span><span class=\"Editor_t__added__LtuNJ\">utiliser<\/span><span class=\"Editor_t__not_edited__WuRP8\">.\u00a0<\/span><span class=\"Editor_t__added__LtuNJ\">\u00catre<\/span><span class=\"Editor_t__not_edited_long__JuNNx\">\u00a0une batterie de cuisine fiable en acier inoxydable\u00a0<\/span><span class=\"Editor_t__added__LtuNJ\">fournisseur<\/span><span class=\"Editor_t__not_edited__WuRP8\">, nous\u00a0<\/span><span class=\"Editor_t__added__LtuNJ\">promesse<\/span><span class=\"Editor_t__not_edited__WuRP8\">\u00a0long-<\/span><span class=\"Editor_t__added__LtuNJ\">durable<\/span><span class=\"Editor_t__not_edited__WuRP8\">\u00a0<\/span><span class=\"Editor_t__added__LtuNJ\">utiliser<\/span><span class=\"Editor_t__not_edited_long__JuNNx\">\u00a0et la s\u00e9curit\u00e9. <\/span><\/li>\n<li><strong><span class=\"Editor_t__not_edited_long__JuNNx\">Complet C<\/span><span class=\"Editor_t__added__LtuNJ\">ookware<\/span><\/strong><span class=\"Editor_t__not_edited__WuRP8\"><strong> Set (jeu de mots)<\/strong>: Cette\u00a0<\/span><span class=\"Editor_t__added__LtuNJ\">commerce de gros\u00a0<\/span><span class=\"Editor_t__not_edited__WuRP8\">batterie de cuisine de camping\u00a0<\/span><span class=\"Editor_t__not_edited__WuRP8\">comprend 7\u00a0<\/span><span class=\"Editor_t__added__LtuNJ\">essentiels<\/span><span class=\"Editor_t__not_edited__WuRP8\">\u00a0<\/span><span class=\"Editor_t__not_edited__WuRP8\">\u00e0\u00a0<\/span><span class=\"Editor_t__added__LtuNJ\">remplir<\/span><span class=\"Editor_t__not_edited__WuRP8\">\u00a0tous vos\u00a0<\/span><span class=\"Editor_t__added__LtuNJ\">Les exigences en mati\u00e8re de\u00a0<\/span><span class=\"Editor_t__not_edited__WuRP8\">cuisine en plein air<\/span><span class=\"Editor_t__not_edited__WuRP8\">, en faisant\u00a0<\/span><span class=\"Editor_t__added__LtuNJ\">il<\/span><span class=\"Editor_t__not_edited__WuRP8\">\u00a0<\/span><span class=\"Editor_t__not_edited__WuRP8\">plus pratique<\/span><span class=\"Editor_t__added__LtuNJ\">\u00a0de s'amuser sur le terrain<\/span><span class=\"Editor_t__not_edited_long__JuNNx\">. <\/span><\/li>\n<li><span class=\"Editor_t__not_edited_long__JuNNx\"><strong>Portable et compact<\/strong>: L\u00e9ger\u00a0<\/span><span class=\"Editor_t__added__LtuNJ\">construction<\/span><span class=\"Editor_t__not_edited__WuRP8\">\u00a0avec un\u00a0<\/span><span class=\"Editor_t__added__LtuNJ\">sp\u00e9cial<\/span><span class=\"Editor_t__not_edited_long__JuNNx\">\u00a0sac de rangement. Tous les outils sont faciles \u00e0 organiser et \u00e0 transporter - parfaits pour le camping, la randonn\u00e9e et les loisirs.\u00a0<\/span><span class=\"Editor_t__added__LtuNJ\">voyage<\/span><span class=\"Editor_t__not_edited_long__JuNNx\">. <\/span><\/li>\n<li><span class=\"Editor_t__not_edited_long__JuNNx\"><strong>Sain et s\u00fbr<\/strong>: Mat\u00e9riaux sans BPA et de qualit\u00e9 alimentaire, sans substances nocives pour la sant\u00e9.\u00a0<\/span><span class=\"Editor_t__added__LtuNJ\">Produits chimiques<\/span><span class=\"Editor_t__not_edited__WuRP8\">.\u00a0<\/span><span class=\"Editor_t__added__LtuNJ\">Construit<\/span><span class=\"Editor_t__not_edited__WuRP8\">\u00a0par un\u00a0<\/span><span class=\"Editor_t__added__LtuNJ\">bien connu<\/span><span class=\"Editor_t__not_edited_long__JuNNx\">\u00a0fabricant de casseroles en acier inoxydable pour\u00a0<\/span><span class=\"Editor_t__added__LtuNJ\">assurance<\/span><span class=\"Editor_t__not_edited_long__JuNNx\">. <\/span><\/li>\n<li><span class=\"Editor_t__not_edited_long__JuNNx\"><strong>Facile \u00e0 nettoyer<\/strong>: Surface lisse\u00a0<\/span><span class=\"Editor_t__added__LtuNJ\">\u00e9vite<\/span><span class=\"Editor_t__not_edited__WuRP8\">\u00a0<\/span><span class=\"Editor_t__not_edited__WuRP8\">nourriture\u00a0<\/span><span class=\"Editor_t__added__LtuNJ\">l'accumulation<\/span><span class=\"Editor_t__not_edited__WuRP8\">. Lave-vaisselle<\/span><span class=\"Editor_t__added__LtuNJ\">-<\/span><span class=\"Editor_t__not_edited__WuRP8\">en toute s\u00e9curit\u00e9 et \u00e0 port\u00e9e de main<\/span><span class=\"Editor_t__added__LtuNJ\">\u00a0<\/span><span class=\"Editor_t__not_edited_long__JuNNx\">lavable - \u00e9conomie de temps et d'argent\u00a0<\/span><span class=\"Editor_t__added__LtuNJ\">l'\u00e9nergie<\/span><span class=\"Editor_t__not_edited__WuRP8\">. <\/span><\/li>\n<li><span class=\"Editor_t__not_edited__WuRP8\"><strong>Utilisation polyvalente<\/strong>:\u00a0<\/span><span class=\"Editor_t__added__LtuNJ\">Non<\/span><span class=\"Editor_t__not_edited__WuRP8\">\u00a0<\/span><span class=\"Editor_t__not_edited__WuRP8\">juste pour\u00a0<\/span><span class=\"Editor_t__added__LtuNJ\">camping<\/span><span class=\"Editor_t__not_edited__WuRP8\">\u00a0<\/span><span class=\"Editor_t__added__LtuNJ\">\u00e0 l'ext\u00e9rieur<\/span><span class=\"Editor_t__not_edited__WuRP8\">\u00a0- cette\u00a0<\/span><span class=\"Editor_t__added__LtuNJ\">commerce de gros\u00a0<\/span><span class=\"Editor_t__not_edited__WuRP8\">batterie de cuisine de camping\u00a0<\/span><span class=\"Editor_t__not_edited__WuRP8\">est \u00e9galement\u00a0<\/span><span class=\"Editor_t__added__LtuNJ\">adapt\u00e9<\/span><span class=\"Editor_t__not_edited__WuRP8\">\u00a0pour\u00a0<\/span><span class=\"Editor_t__added__LtuNJ\">g\u00e9n\u00e9ral<\/span><span class=\"Editor_t__not_edited__WuRP8\">\u00a0utilisation en cuisine. <\/span><\/li>\n<li><strong><span class=\"Editor_t__added__LtuNJ\">R\u00e9sistance \u00e0 l'H<\/span><span class=\"Editor_t__not_edited__WuRP8\">\u00e9lev\u00e9<\/span><span class=\"Editor_t__not_edited__WuRP8\"> H<\/span><span class=\"Editor_t__added__LtuNJ\">manger<\/span><\/strong><span class=\"Editor_t__not_edited__WuRP8\">:\u00a0<\/span><span class=\"Editor_t__added__LtuNJ\">Fabriqu\u00e9<\/span><span class=\"Editor_t__not_edited_long__JuNNx\">\u00a0pour r\u00e9sister \u00e0 une chaleur intense sans se d\u00e9former ni s'ab\u00eemer, ce qui permet de garantir la qualit\u00e9 des produits.\u00a0<\/span><span class=\"Editor_t__added__LtuNJ\">coh\u00e9rent<\/span><span class=\"Editor_t__not_edited_long__JuNNx\">\u00a0la performance de la cuisson en plein air. <\/span><\/li>\n<li><strong><span class=\"Editor_t__added__LtuNJ\">Efficacit\u00e9 spatiale<\/span><\/strong><span class=\"Editor_t__not_edited__WuRP8\"><strong> Stockage<\/strong>: Tous\u00a0<\/span><span class=\"Editor_t__added__LtuNJ\">pi\u00e8ces<\/span><span class=\"Editor_t__not_edited__WuRP8\">\u00a0peut \u00eatre\u00a0<\/span><span class=\"Editor_t__not_edited__WuRP8\">stock\u00e9s ensemble\u00a0<\/span><span class=\"Editor_t__added__LtuNJ\">d'une mani\u00e8re efficace sur le plan de l'espace\u00a0<\/span><span class=\"Editor_t__not_edited__WuRP8\">pour gagner de la place.\u00a0<\/span><span class=\"Editor_t__added__LtuNJ\">Adapt\u00e9<\/span><span class=\"Editor_t__not_edited_long__JuNNx\">\u00a0pour le camping et les \u00e9v\u00e9nements en plein air. <\/span><\/li>\n<li><strong><span class=\"Editor_t__not_edited_long__JuNNx\">OEM\/ODM S<\/span><span class=\"Editor_t__added__LtuNJ\">ervice<\/span><\/strong><span class=\"Editor_t__not_edited_long__JuNNx\">: Nous proposons des ustensiles de cuisine en acier inoxydable enti\u00e8rement personnalisables pour\u00a0<\/span><span class=\"Editor_t__added__LtuNJ\">costume<\/span><span class=\"Editor_t__not_edited__WuRP8\">\u00a0les besoins de votre marque.<\/span><\/li>\n<\/ul>","protected":false},"featured_media":5734,"comment_status":"closed","ping_status":"closed","template":"","meta":{"_acf_changed":false},"product_brand":[],"product_cat":[54],"product_tag":[],"class_list":{"0":"post-4892","1":"product","2":"type-product","3":"status-publish","4":"has-post-thumbnail","6":"product_cat-camping-cookware-wholesale","8":"first","9":"instock","10":"shipping-taxable","11":"product-type-simple"},"acf":[],"_links":{"self":[{"href":"https:\/\/www.chancescook.com\/fr\/wp-json\/wp\/v2\/product\/4892","targetHints":{"allow":["GET"]}}],"collection":[{"href":"https:\/\/www.chancescook.com\/fr\/wp-json\/wp\/v2\/product"}],"about":[{"href":"https:\/\/www.chancescook.com\/fr\/wp-json\/wp\/v2\/types\/product"}],"replies":[{"embeddable":true,"href":"https:\/\/www.chancescook.com\/fr\/wp-json\/wp\/v2\/comments?post=4892"}],"wp:featuredmedia":[{"embeddable":true,"href":"https:\/\/www.chancescook.com\/fr\/wp-json\/wp\/v2\/media\/5734"}],"wp:attachment":[{"href":"https:\/\/www.chancescook.com\/fr\/wp-json\/wp\/v2\/media?parent=4892"}],"wp:term":[{"taxonomy":"product_brand","embeddable":true,"href":"https:\/\/www.chancescook.com\/fr\/wp-json\/wp\/v2\/product_brand?post=4892"},{"taxonomy":"product_cat","embeddable":true,"href":"https:\/\/www.chancescook.com\/fr\/wp-json\/wp\/v2\/product_cat?post=4892"},{"taxonomy":"product_tag","embeddable":true,"href":"https:\/\/www.chancescook.com\/fr\/wp-json\/wp\/v2\/product_tag?post=4892"}],"curies":[{"name":"wp","href":"https:\/\/api.w.org\/{rel}","templated":true}]}}