{"id":5130,"date":"2025-07-07T16:31:49","date_gmt":"2025-07-07T16:31:49","guid":{"rendered":"https:\/\/www.chancescook.com\/?post_type=product&#038;p=5130"},"modified":"2025-12-20T08:43:53","modified_gmt":"2025-12-20T08:43:53","slug":"custom-camping-cups-stainless-steel","status":"publish","type":"product","link":"https:\/\/www.chancescook.com\/fr\/produit\/custom-camping-cups-stainless-steel\/","title":{"rendered":"Tasses de camping en acier inoxydable 304 avec poign\u00e9e pliable Wholesaler"},"content":{"rendered":"<div class=\"wp-block-columns is-layout-flex wp-container-core-columns-is-layout-9d6595d7 wp-block-columns-is-layout-flex\">\n<div class=\"wp-block-column is-layout-flow wp-block-column-is-layout-flow\">\n<h2 class=\"wp-block-heading\">Param\u00e8tres des gobelets de camping en acier inoxydable<\/h2>\n\n\n\n<ul class=\"wp-block-list\">\n<li>Type :<strong><a href=\"https:\/\/www.chancescook.com\/fr\/categorie-produit\/camping-cookware-wholesale\/\">Les essentiels de la cuisine de camping<\/a><\/strong><\/li>\n\n\n\n<li>Mat\u00e9riau : acier inoxydable 201\/304<\/li>\n\n\n\n<li>Capacit\u00e9 : 300 ml<\/li>\n\n\n\n<li>Logo : Gravure au laser<\/li>\n\n\n\n<li>Application : Camping Cuisson<\/li>\n\n\n\n<li>MOQ : 1000 pi\u00e8ces<\/li>\n<\/ul>\n<\/div>\n\n\n\n<div class=\"wp-block-column is-layout-flow wp-block-column-is-layout-flow\">\n<h2 class=\"wp-block-heading\">Options de gobelets de camping personnalis\u00e9s<\/h2>\n\n\n\n<ul class=\"wp-block-list\">\n<li>Logo : personnalisez le logo de votre marque<\/li>\n\n\n\n<li>Mat\u00e9riau : Acier inoxydable SUS304\/SUS201<\/li>\n\n\n\n<li>Mat\u00e9riau du couvercle : Style \/ Mat\u00e9riau<\/li>\n\n\n\n<li>Mat\u00e9riau de la poign\u00e9e : Style\/Mat\u00e9riau<\/li>\n\n\n\n<li>Traitement de la surface de contact : Non rev\u00eatu \/ rev\u00eatement anti-adh\u00e9rent<\/li>\n\n\n\n<li>Emballage : bo\u00eete de couleur\/carton, etc.<\/li>\n\n\n\n<li><strong><a href=\"https:\/\/www.chancescook.com\/fr\/custom-cookware\/\">Solutions OEM et ODM de gobelets de camping en acier inoxydable sur mesure<\/a><\/strong><\/li>\n<\/ul>\n<\/div>\n<\/div>\n\n\n\n<div class=\"wp-block-columns is-layout-flex wp-container-core-columns-is-layout-9d6595d7 wp-block-columns-is-layout-flex\">\n<div class=\"wp-block-column is-layout-flow wp-block-column-is-layout-flow\">\n<figure class=\"wp-block-image size-full\"><img decoding=\"async\" width=\"748\" height=\"748\" src=\"https:\/\/www.chancescook.com\/wp-content\/uploads\/2025\/07\/Custom-Camping-Cups-Stainless-Steel-1-edited.webp\" alt=\"Tasses de camping personnalis\u00e9es en acier inoxydable (1)\" class=\"wp-image-5134\" srcset=\"https:\/\/www.chancescook.com\/wp-content\/uploads\/2025\/07\/Custom-Camping-Cups-Stainless-Steel-1-edited.webp 748w, https:\/\/www.chancescook.com\/wp-content\/uploads\/2025\/07\/Custom-Camping-Cups-Stainless-Steel-1-edited-300x300.webp 300w, https:\/\/www.chancescook.com\/wp-content\/uploads\/2025\/07\/Custom-Camping-Cups-Stainless-Steel-1-edited-150x150.webp 150w, https:\/\/www.chancescook.com\/wp-content\/uploads\/2025\/07\/Custom-Camping-Cups-Stainless-Steel-1-edited-12x12.webp 12w, https:\/\/www.chancescook.com\/wp-content\/uploads\/2025\/07\/Custom-Camping-Cups-Stainless-Steel-1-edited-285x285.webp 285w, https:\/\/www.chancescook.com\/wp-content\/uploads\/2025\/07\/Custom-Camping-Cups-Stainless-Steel-1-edited-270x270.webp 270w, https:\/\/www.chancescook.com\/wp-content\/uploads\/2025\/07\/Custom-Camping-Cups-Stainless-Steel-1-edited-540x540.webp 540w, https:\/\/www.chancescook.com\/wp-content\/uploads\/2025\/07\/Custom-Camping-Cups-Stainless-Steel-1-edited-660x660.webp 660w\" sizes=\"(max-width: 748px) 100vw, 748px\" \/><\/figure>\n<\/div>\n\n\n\n<div class=\"wp-block-column is-layout-flow wp-block-column-is-layout-flow\">\n<figure class=\"wp-block-image size-full\"><img decoding=\"async\" width=\"747\" height=\"747\" src=\"https:\/\/www.chancescook.com\/wp-content\/uploads\/2025\/07\/Custom-Camping-Cups-Stainless-Steel-3-edited.webp\" alt=\"Tasses de camping personnalis\u00e9es en acier inoxydable (3)\" class=\"wp-image-5135\" srcset=\"https:\/\/www.chancescook.com\/wp-content\/uploads\/2025\/07\/Custom-Camping-Cups-Stainless-Steel-3-edited.webp 747w, https:\/\/www.chancescook.com\/wp-content\/uploads\/2025\/07\/Custom-Camping-Cups-Stainless-Steel-3-edited-300x300.webp 300w, https:\/\/www.chancescook.com\/wp-content\/uploads\/2025\/07\/Custom-Camping-Cups-Stainless-Steel-3-edited-150x150.webp 150w, https:\/\/www.chancescook.com\/wp-content\/uploads\/2025\/07\/Custom-Camping-Cups-Stainless-Steel-3-edited-12x12.webp 12w, https:\/\/www.chancescook.com\/wp-content\/uploads\/2025\/07\/Custom-Camping-Cups-Stainless-Steel-3-edited-285x285.webp 285w, https:\/\/www.chancescook.com\/wp-content\/uploads\/2025\/07\/Custom-Camping-Cups-Stainless-Steel-3-edited-270x270.webp 270w, https:\/\/www.chancescook.com\/wp-content\/uploads\/2025\/07\/Custom-Camping-Cups-Stainless-Steel-3-edited-540x540.webp 540w, https:\/\/www.chancescook.com\/wp-content\/uploads\/2025\/07\/Custom-Camping-Cups-Stainless-Steel-3-edited-660x660.webp 660w\" sizes=\"(max-width: 747px) 100vw, 747px\" \/><\/figure>\n<\/div>\n<\/div>\n\n\n\n<p><strong>Nous vous invitons \u00e0 contacter un grossiste professionnel de gobelets de camping en acier inoxydable pour obtenir des cotations de produits et personnaliser votre s\u00e9rie de gobelets d'eau d'ext\u00e9rieur de marque !<\/strong><\/p>\n\n\n\n<p><\/p>","protected":false},"excerpt":{"rendered":"<p>Nous sommes un grossiste professionnel de gobelets de camping en acier inoxydable, fournissant des gobelets \u00e0 eau en acier inoxydable de haute qualit\u00e9 pour les fournitures d'h\u00f4tel, les soci\u00e9t\u00e9s de restauration et les grossistes de fournitures de plein air depuis longtemps. Ce produit peut \u00eatre personnalis\u00e9 en OEM\/ODM, ce qui convient aux clients ayant besoin d'une marque personnalis\u00e9e pour cr\u00e9er des gobelets de camping exclusifs et personnalis\u00e9s. N'h\u00e9sitez pas \u00e0 nous contacter !<\/p>\n<h3>Avantages des gobelets de camping en acier inoxydable 304<\/h3>\n<ol>\n<li><strong>Mat\u00e9riau en acier inoxydable 304<\/strong>: Fabriqu\u00e9 en acier inoxydable 304, il pr\u00e9sente une excellente r\u00e9sistance \u00e0 la corrosion et une grande durabilit\u00e9. C'est un choix id\u00e9al pour l'eau potable en plein air et l'un des produits les plus vendus du grossiste de gobelets de camping en acier inoxydable.<\/li>\n<li><strong>Acier inoxydable \u00e9paissi de qualit\u00e9 alimentaire<\/strong>: Utilisant un mat\u00e9riau \u00e9pais de qualit\u00e9 alimentaire, il est s\u00fbr et hygi\u00e9nique, robuste et durable. Il ne produira pas d'odeurs ou de substances nocives apr\u00e8s une utilisation prolong\u00e9e. Il convient au d\u00e9veloppement de lignes de produits de gobelets de camping personnalis\u00e9s de haute qualit\u00e9.<\/li>\n<li><strong>Pas facile \u00e0 d\u00e9former<\/strong>: Il pr\u00e9sente une bonne stabilit\u00e9 et une bonne r\u00e9sistance \u00e0 la pression, ne se d\u00e9forme pas facilement \u00e0 haute temp\u00e9rature ou sous l'effet d'une force ext\u00e9rieure, peut conserver la forme et la fonction du corps du gobelet et constitue un \u00e9quipement fiable pour une utilisation stable dans des environnements ext\u00e9rieurs.<\/li>\n<li><strong>Artisanat de haute qualit\u00e9<\/strong>Les caract\u00e9ristiques de ce produit sont les suivantes : mat\u00e9riau fin, ex\u00e9cution exquise, belle apparence, combinaison de la durabilit\u00e9 et de la beaut\u00e9 visuelle, adapt\u00e9 aux clients des grossistes en tasses de camping en acier inoxydable pour d\u00e9velopper le march\u00e9 du moyen \u00e0 haut de gamme.<\/li>\n<li><strong>Facile \u00e0 nettoyer<\/strong>: La surface du gobelet est lisse, facile \u00e0 nettoyer, pratique et rapide \u00e0 nettoyer, et garde l'eau potable hygi\u00e9nique. Il convient au camping, aux h\u00f4tels, aux buffets et \u00e0 d'autres lieux. Particuli\u00e8rement adapt\u00e9 aux gobelets de camping personnalis\u00e9s avec un LOGO personnalis\u00e9.<\/li>\n<\/ol>\n<h3>De Camping Kitchen Essentials Fabricant :<\/h3>\n<p>L'approvisionnement direct au prix d'usine permet aux grossistes d'obtenir des marges b\u00e9n\u00e9ficiaires plus importantes. Elle peut fournir aux clients une \u00e9tiquette priv\u00e9e et une personnalisation de l'emballage, cr\u00e9er des gobelets de camping personnalis\u00e9s de marque exclusive, et am\u00e9liorer la reconnaissance et la comp\u00e9titivit\u00e9 des produits sur le march\u00e9.<\/p>","protected":false},"featured_media":5738,"comment_status":"closed","ping_status":"closed","template":"","meta":{"_acf_changed":false},"product_brand":[],"product_cat":[54],"product_tag":[],"class_list":{"0":"post-5130","1":"product","2":"type-product","3":"status-publish","4":"has-post-thumbnail","6":"product_cat-camping-cookware-wholesale","8":"first","9":"instock","10":"shipping-taxable","11":"product-type-simple"},"acf":[],"_links":{"self":[{"href":"https:\/\/www.chancescook.com\/fr\/wp-json\/wp\/v2\/product\/5130","targetHints":{"allow":["GET"]}}],"collection":[{"href":"https:\/\/www.chancescook.com\/fr\/wp-json\/wp\/v2\/product"}],"about":[{"href":"https:\/\/www.chancescook.com\/fr\/wp-json\/wp\/v2\/types\/product"}],"replies":[{"embeddable":true,"href":"https:\/\/www.chancescook.com\/fr\/wp-json\/wp\/v2\/comments?post=5130"}],"wp:featuredmedia":[{"embeddable":true,"href":"https:\/\/www.chancescook.com\/fr\/wp-json\/wp\/v2\/media\/5738"}],"wp:attachment":[{"href":"https:\/\/www.chancescook.com\/fr\/wp-json\/wp\/v2\/media?parent=5130"}],"wp:term":[{"taxonomy":"product_brand","embeddable":true,"href":"https:\/\/www.chancescook.com\/fr\/wp-json\/wp\/v2\/product_brand?post=5130"},{"taxonomy":"product_cat","embeddable":true,"href":"https:\/\/www.chancescook.com\/fr\/wp-json\/wp\/v2\/product_cat?post=5130"},{"taxonomy":"product_tag","embeddable":true,"href":"https:\/\/www.chancescook.com\/fr\/wp-json\/wp\/v2\/product_tag?post=5130"}],"curies":[{"name":"wp","href":"https:\/\/api.w.org\/{rel}","templated":true}]}}