{"id":5136,"date":"2025-07-07T16:58:06","date_gmt":"2025-07-07T16:58:06","guid":{"rendered":"https:\/\/www.chancescook.com\/?post_type=product&#038;p=5136"},"modified":"2025-12-20T08:47:07","modified_gmt":"2025-12-20T08:47:07","slug":"wholesale-camping-kettle","status":"publish","type":"product","link":"https:\/\/www.chancescook.com\/fr\/produit\/wholesale-camping-kettle\/","title":{"rendered":"Wholesale Camping Kettle Stainless Steel 1.2L Travel Coffee Tea Pot Manufacturer"},"content":{"rendered":"<div class=\"wp-block-columns is-layout-flex wp-container-core-columns-is-layout-9d6595d7 wp-block-columns-is-layout-flex\">\n<div class=\"wp-block-column is-layout-flow wp-block-column-is-layout-flow\">\n<h2 class=\"wp-block-heading\">Bouilloire de camping Param\u00e8tre :<\/h2>\n\n\n\n<ul class=\"wp-block-list\">\n<li>Type :<strong><a href=\"https:\/\/www.chancescook.com\/fr\/categorie-produit\/camping-cookware-wholesale\/\">Les essentiels de la cuisine de camping<\/a><\/strong><\/li>\n\n\n\n<li>Mat\u00e9riau : Acier inoxydable 304<\/li>\n\n\n\n<li>Capacit\u00e9 : 1,2L<\/li>\n\n\n\n<li><strong>Couleur :<\/strong>\u00a0Argent<\/li>\n\n\n\n<li>Logo : Gravure au laser<\/li>\n\n\n\n<li>MOQ : 1000 pi\u00e8ces<\/li>\n<\/ul>\n<\/div>\n\n\n\n<div class=\"wp-block-column is-layout-flow wp-block-column-is-layout-flow\">\n<h2 class=\"wp-block-heading\">Options de bouilloires de camping personnalis\u00e9es<\/h2>\n\n\n\n<ul class=\"wp-block-list\">\n<li>Logo : personnalisez le logo de votre marque<\/li>\n\n\n\n<li>Mat\u00e9riau : Acier inoxydable SUS304\/SUS201<\/li>\n\n\n\n<li>Mat\u00e9riau du couvercle : Style \/ Mat\u00e9riau<\/li>\n\n\n\n<li>Mat\u00e9riau de la poign\u00e9e : Style\/Mat\u00e9riau<\/li>\n\n\n\n<li>Traitement de la surface de contact : Non rev\u00eatu \/ rev\u00eatement anti-adh\u00e9rent<\/li>\n\n\n\n<li>Emballage : bo\u00eete de couleur\/carton, etc.<\/li>\n\n\n\n<li>Solutions de bouilloires de camping personnalis\u00e9es OEM et ODM<\/li>\n<\/ul>\n<\/div>\n<\/div>\n\n\n\n<div class=\"wp-block-columns is-layout-flex wp-container-core-columns-is-layout-9d6595d7 wp-block-columns-is-layout-flex\">\n<div class=\"wp-block-column is-layout-flow wp-block-column-is-layout-flow\">\n<figure class=\"wp-block-image size-full\"><img decoding=\"async\" width=\"750\" height=\"754\" src=\"https:\/\/www.chancescook.com\/wp-content\/uploads\/2025\/07\/Wholesale-Camping-Kettle-Sizes.webp\" alt=\"Taille des bouilloires de camping en gros\" class=\"wp-image-5138\" srcset=\"https:\/\/www.chancescook.com\/wp-content\/uploads\/2025\/07\/Wholesale-Camping-Kettle-Sizes.webp 750w, https:\/\/www.chancescook.com\/wp-content\/uploads\/2025\/07\/Wholesale-Camping-Kettle-Sizes-298x300.webp 298w, https:\/\/www.chancescook.com\/wp-content\/uploads\/2025\/07\/Wholesale-Camping-Kettle-Sizes-150x150.webp 150w, https:\/\/www.chancescook.com\/wp-content\/uploads\/2025\/07\/Wholesale-Camping-Kettle-Sizes-12x12.webp 12w, https:\/\/www.chancescook.com\/wp-content\/uploads\/2025\/07\/Wholesale-Camping-Kettle-Sizes-285x287.webp 285w, https:\/\/www.chancescook.com\/wp-content\/uploads\/2025\/07\/Wholesale-Camping-Kettle-Sizes-270x270.webp 270w, https:\/\/www.chancescook.com\/wp-content\/uploads\/2025\/07\/Wholesale-Camping-Kettle-Sizes-656x660.webp 656w\" sizes=\"(max-width: 750px) 100vw, 750px\" \/><figcaption class=\"wp-element-caption\">Taille de la bouilloire de camping<\/figcaption><\/figure>\n<\/div>\n\n\n\n<div class=\"wp-block-column is-layout-flow wp-block-column-is-layout-flow\">\n<figure class=\"wp-block-image size-full\"><img decoding=\"async\" width=\"800\" height=\"800\" src=\"https:\/\/www.chancescook.com\/wp-content\/uploads\/2025\/07\/Stainless-SteelCamping-Kettle-Wholesaler.webp\" alt=\"Bouilloire de camping en acier inoxydable Grossiste\" class=\"wp-image-5137\" srcset=\"https:\/\/www.chancescook.com\/wp-content\/uploads\/2025\/07\/Stainless-SteelCamping-Kettle-Wholesaler.webp 800w, https:\/\/www.chancescook.com\/wp-content\/uploads\/2025\/07\/Stainless-SteelCamping-Kettle-Wholesaler-300x300.webp 300w, https:\/\/www.chancescook.com\/wp-content\/uploads\/2025\/07\/Stainless-SteelCamping-Kettle-Wholesaler-150x150.webp 150w, https:\/\/www.chancescook.com\/wp-content\/uploads\/2025\/07\/Stainless-SteelCamping-Kettle-Wholesaler-768x768.webp 768w, https:\/\/www.chancescook.com\/wp-content\/uploads\/2025\/07\/Stainless-SteelCamping-Kettle-Wholesaler-12x12.webp 12w, https:\/\/www.chancescook.com\/wp-content\/uploads\/2025\/07\/Stainless-SteelCamping-Kettle-Wholesaler-285x285.webp 285w, https:\/\/www.chancescook.com\/wp-content\/uploads\/2025\/07\/Stainless-SteelCamping-Kettle-Wholesaler-270x270.webp 270w, https:\/\/www.chancescook.com\/wp-content\/uploads\/2025\/07\/Stainless-SteelCamping-Kettle-Wholesaler-540x540.webp 540w, https:\/\/www.chancescook.com\/wp-content\/uploads\/2025\/07\/Stainless-SteelCamping-Kettle-Wholesaler-660x660.webp 660w\" sizes=\"(max-width: 800px) 100vw, 800px\" \/><figcaption class=\"wp-element-caption\">Bouilloire de camping en acier inoxydable<\/figcaption><\/figure>\n<\/div>\n<\/div>\n\n\n\n<p><\/p>","protected":false},"excerpt":{"rendered":"<p>Nous sommes un grossiste exp\u00e9riment\u00e9 de bouilloires de camping en acier inoxydable, fournissant des bouilloires de camping en gros de haute qualit\u00e9. Acier inoxydable 304 de qualit\u00e9 alimentaire, durable, r\u00e9sistant \u00e0 la corrosion, non d\u00e9form\u00e9, supportant la personnalisation OEM. Contactez-nous d\u00e8s maintenant pour obtenir des \u00e9chantillons gratuits et des devis !<\/p>\n<h3>Avantages de la bouilloire de camping en acier inoxydable<\/h3>\n<div class=\"QcsUad BDJ8fb BLojaf sMVRZe hCXDsb wneUed\">\n<div class=\"usGWQd\">\n<div class=\"KkbLmb\">\n<div class=\"lRu31\" dir=\"ltr\">\n<ol>\n<li><strong>Mat\u00e9riau en acier inoxydable 304<\/strong>: Fabriqu\u00e9 en acier inoxydable 304, il pr\u00e9sente une excellente r\u00e9sistance \u00e0 la corrosion et une grande durabilit\u00e9. Elle ne rouille pas et ne se corrode pas apr\u00e8s une utilisation prolong\u00e9e, et convient parfaitement \u00e0 une utilisation prolong\u00e9e en ext\u00e9rieur. C'est un choix populaire pour les grossistes professionnels de bouilloires de camping en acier inoxydable et de bouilloires de camping en gros.<\/li>\n<li><strong>Acier inoxydable \u00e9paissi de qualit\u00e9 alimentaire<\/strong>: L'acier inoxydable \u00e9paissi de qualit\u00e9 alimentaire s\u00e9lectionn\u00e9 est s\u00fbr, hygi\u00e9nique, robuste et durable. Il ne produira pas d'odeurs ou de substances nocives apr\u00e8s une utilisation prolong\u00e9e. Il convient au d\u00e9veloppement de produits de marque de bouilloires de camping en gros.<\/li>\n<li><strong>Pas facile \u00e0 d\u00e9former<\/strong>: Il poss\u00e8de une bonne stabilit\u00e9 et une capacit\u00e9 anti-d\u00e9formation, et peut maintenir la forme et la fonction du corps de la bouilloire dans un environnement \u00e0 haute temp\u00e9rature ou \u00e0 haute pression. Il convient parfaitement aux groupes de clients grossistes de marmites de camping en acier inoxydable ayant des exigences de qualit\u00e9.<\/li>\n<li><strong>Facile \u00e0 nettoyer<\/strong>: La surface du corps de la bouilloire est lisse, facile \u00e0 nettoyer, elle maintient l'hygi\u00e8ne de l'eau potable et am\u00e9liore l'exp\u00e9rience de l'utilisateur. Elle est adapt\u00e9e \u00e0 la personnalisation OEM et aide les grossistes en bouilloires de camping en acier inoxydable \u00e0 cr\u00e9er des lignes de produits exclusives.<\/li>\n<li><strong>Fond plat \u00e0 chauffage rapide :\u00a0<\/strong>Fond plat \u00e9pais, chauffage uniforme et efficace, plus pratique pour faire bouillir de l'eau \u00e0 l'ext\u00e9rieur.<\/li>\n<\/ol>\n<\/div>\n<\/div>\n<\/div>\n<\/div>","protected":false},"featured_media":5739,"comment_status":"closed","ping_status":"closed","template":"","meta":{"_acf_changed":false},"product_brand":[],"product_cat":[54],"product_tag":[],"class_list":{"0":"post-5136","1":"product","2":"type-product","3":"status-publish","4":"has-post-thumbnail","6":"product_cat-camping-cookware-wholesale","8":"first","9":"instock","10":"shipping-taxable","11":"product-type-simple"},"acf":[],"_links":{"self":[{"href":"https:\/\/www.chancescook.com\/fr\/wp-json\/wp\/v2\/product\/5136","targetHints":{"allow":["GET"]}}],"collection":[{"href":"https:\/\/www.chancescook.com\/fr\/wp-json\/wp\/v2\/product"}],"about":[{"href":"https:\/\/www.chancescook.com\/fr\/wp-json\/wp\/v2\/types\/product"}],"replies":[{"embeddable":true,"href":"https:\/\/www.chancescook.com\/fr\/wp-json\/wp\/v2\/comments?post=5136"}],"wp:featuredmedia":[{"embeddable":true,"href":"https:\/\/www.chancescook.com\/fr\/wp-json\/wp\/v2\/media\/5739"}],"wp:attachment":[{"href":"https:\/\/www.chancescook.com\/fr\/wp-json\/wp\/v2\/media?parent=5136"}],"wp:term":[{"taxonomy":"product_brand","embeddable":true,"href":"https:\/\/www.chancescook.com\/fr\/wp-json\/wp\/v2\/product_brand?post=5136"},{"taxonomy":"product_cat","embeddable":true,"href":"https:\/\/www.chancescook.com\/fr\/wp-json\/wp\/v2\/product_cat?post=5136"},{"taxonomy":"product_tag","embeddable":true,"href":"https:\/\/www.chancescook.com\/fr\/wp-json\/wp\/v2\/product_tag?post=5136"}],"curies":[{"name":"wp","href":"https:\/\/api.w.org\/{rel}","templated":true}]}}