{"id":5140,"date":"2025-07-07T17:57:06","date_gmt":"2025-07-07T17:57:06","guid":{"rendered":"https:\/\/www.chancescook.com\/?post_type=product&#038;p=5140"},"modified":"2025-12-22T10:32:59","modified_gmt":"2025-12-22T10:32:59","slug":"stainless-steel-camping-cookware-wholesale","status":"publish","type":"product","link":"https:\/\/www.chancescook.com\/fr\/produit\/stainless-steel-camping-cookware-wholesale\/","title":{"rendered":"Ustensiles de cuisine de camping en acier inoxydable Wholesale Portable Cooking Utensil Supplier"},"content":{"rendered":"<div class=\"wp-block-columns is-layout-flex wp-container-core-columns-is-layout-9d6595d7 wp-block-columns-is-layout-flex\">\n<div class=\"wp-block-column is-layout-flow wp-block-column-is-layout-flow\">\n<h2 class=\"wp-block-heading\">Param\u00e8tres des ustensiles de cuisine de camping en acier inoxydable<\/h2>\n\n\n\n<ul class=\"wp-block-list\">\n<li>Type :<strong><a href=\"https:\/\/www.chancescook.com\/fr\/categorie-produit\/camping-cookware-wholesale\/\">Les essentiels de la cuisine de camping<\/a><\/strong><\/li>\n\n\n\n<li><strong>\u00c9paisseur normale<\/strong>: 0,5 mm<\/li>\n\n\n\n<li><strong>Taille<\/strong>20cm \/ 24cm<\/li>\n\n\n\n<li><strong>Capacit\u00e9 :<\/strong> 2.0-4.0L<\/li>\n\n\n\n<li><strong>Logo<\/strong>: Gravure laser<\/li>\n\n\n\n<li><strong>MOQ<\/strong>: 1000 pi\u00e8ces<\/li>\n<\/ul>\n\n\n\n<h2 class=\"wp-block-heading\">Options d'ustensiles de cuisine de camping personnalis\u00e9s<\/h2>\n\n\n\n<ul class=\"wp-block-list\">\n<li><strong>Logo : <\/strong>Personnalisez le logo de votre marque<\/li>\n\n\n\n<li><strong>Mat\u00e9riau<\/strong>: Acier inoxydable SUS304\/SUS201<\/li>\n\n\n\n<li><strong>Epaisseur du mat\u00e9riau<\/strong>: 0,5 mm<\/li>\n\n\n\n<li><strong>Mat\u00e9riau du couvercle<\/strong>: Style \/ Mati\u00e8re<\/li>\n\n\n\n<li><strong>Mat\u00e9riau de la poign\u00e9e<\/strong>: Style\/Mat\u00e9riau<\/li>\n\n\n\n<li><strong>Traitement de la surface de contact<\/strong>: Non rev\u00eatu \/ rev\u00eatement antiadh\u00e9sif<\/li>\n\n\n\n<li><strong>Emballage<\/strong>bo\u00eete\/carton de couleur, etc.<\/li>\n\n\n\n<li><strong><a href=\"https:\/\/www.chancescook.com\/fr\/custom-cookware\/\">Solutions OEM et ODM de gobelets de camping en acier inoxydable sur mesure<\/a><\/strong><\/li>\n<\/ul>\n<\/div>\n\n\n\n<div class=\"wp-block-column is-layout-flow wp-block-column-is-layout-flow\">\n<figure class=\"wp-block-image size-full\"><img decoding=\"async\" width=\"800\" height=\"800\" src=\"https:\/\/www.chancescook.com\/wp-content\/uploads\/2025\/07\/Stainless-Steel-Camping-Cookware-Wholesale_1.webp\" alt=\"Batterie de cuisine de camping en acier inoxydable Wholesale_1\" class=\"wp-image-5142\" srcset=\"https:\/\/www.chancescook.com\/wp-content\/uploads\/2025\/07\/Stainless-Steel-Camping-Cookware-Wholesale_1.webp 800w, https:\/\/www.chancescook.com\/wp-content\/uploads\/2025\/07\/Stainless-Steel-Camping-Cookware-Wholesale_1-300x300.webp 300w, https:\/\/www.chancescook.com\/wp-content\/uploads\/2025\/07\/Stainless-Steel-Camping-Cookware-Wholesale_1-150x150.webp 150w, https:\/\/www.chancescook.com\/wp-content\/uploads\/2025\/07\/Stainless-Steel-Camping-Cookware-Wholesale_1-768x768.webp 768w, https:\/\/www.chancescook.com\/wp-content\/uploads\/2025\/07\/Stainless-Steel-Camping-Cookware-Wholesale_1-12x12.webp 12w, https:\/\/www.chancescook.com\/wp-content\/uploads\/2025\/07\/Stainless-Steel-Camping-Cookware-Wholesale_1-285x285.webp 285w, https:\/\/www.chancescook.com\/wp-content\/uploads\/2025\/07\/Stainless-Steel-Camping-Cookware-Wholesale_1-270x270.webp 270w, https:\/\/www.chancescook.com\/wp-content\/uploads\/2025\/07\/Stainless-Steel-Camping-Cookware-Wholesale_1-540x540.webp 540w, https:\/\/www.chancescook.com\/wp-content\/uploads\/2025\/07\/Stainless-Steel-Camping-Cookware-Wholesale_1-660x660.webp 660w\" sizes=\"(max-width: 800px) 100vw, 800px\" \/><\/figure>\n<\/div>\n<\/div>\n\n\n\n<p><\/p>","protected":false},"excerpt":{"rendered":"<p>Nous sommes un fournisseur professionnel d'ustensiles de cuisine de camping en acier inoxydable, fournissant des ustensiles de cuisine de camping en gros de haute qualit\u00e9, supportant la personnalisation OEM\/ODM, convenant au camping, aux pique-niques, \u00e0 la randonn\u00e9e et \u00e0 d'autres sc\u00e8nes, durables et faciles \u00e0 nettoyer. Contactez-nous d\u00e8s maintenant pour obtenir un devis !<\/p>\n<h3>Caract\u00e9ristiques et avantages des ustensiles de cuisine de camping en acier inoxydable<\/h3>\n<ol>\n<li><strong>Acier inoxydable 304 de haute qualit\u00e9<\/strong>: Fabriqu\u00e9 en acier inoxydable 304 de qualit\u00e9 alimentaire, il r\u00e9siste aux temp\u00e9ratures \u00e9lev\u00e9es, \u00e0 la rouille et \u00e0 la corrosion, garantissant une stabilit\u00e9 \u00e0 long terme et convenant \u00e0 divers environnements ext\u00e9rieurs. Il est appr\u00e9ci\u00e9 par les acheteurs en gros d'ustensiles de cuisine pour le camping.<\/li>\n<li><strong>Conception portative<\/strong>: Chaque outil est l\u00e9ger et livr\u00e9 avec un sac de rangement portable, pratique pour le stockage et le transport. Il convient aux activit\u00e9s de plein air telles que le camping, les pique-niques et l'alpinisme. Recommand\u00e9 par les fournisseurs professionnels d'ustensiles de cuisine de camping en acier inoxydable.<\/li>\n<li><strong>Sant\u00e9 et s\u00e9curit\u00e9<\/strong>: Les mat\u00e9riaux utilis\u00e9s sont de qualit\u00e9 alimentaire, ne contiennent pas de substances nocives, garantissent l'hygi\u00e8ne alimentaire et peuvent \u00eatre utilis\u00e9s en toute confiance.<\/li>\n<li><strong>Facile \u00e0 nettoyer<\/strong>: La surface lisse emp\u00eache efficacement les r\u00e9sidus alimentaires. Elle peut \u00eatre lav\u00e9e \u00e0 la main ou mise au lave-vaisselle, ce qui permet d'\u00e9conomiser du temps et de la main-d'\u0153uvre.<\/li>\n<li><strong>Utilisation polyvalente<\/strong>: Non seulement adapt\u00e9 \u00e0 la cuisine en plein air, mais aussi \u00e0 la cuisine domestique, il est tr\u00e8s pratique et adapt\u00e9 \u00e0 la personnalisation de masse des ustensiles de cuisine de camping en gros.<\/li>\n<li><strong>Conception compacte de l'espace de stockage<\/strong>: Les jeux multiples peuvent \u00eatre rang\u00e9s proprement, ce qui permet d'\u00e9conomiser de l'espace. Ils sont faciles \u00e0 transporter et conviennent particuli\u00e8rement aux besoins de transport en ext\u00e9rieur.<\/li>\n<\/ol>","protected":false},"featured_media":5824,"comment_status":"closed","ping_status":"closed","template":"","meta":{"_acf_changed":false},"product_brand":[],"product_cat":[54],"product_tag":[],"class_list":{"0":"post-5140","1":"product","2":"type-product","3":"status-publish","4":"has-post-thumbnail","6":"product_cat-camping-cookware-wholesale","8":"first","9":"instock","10":"shipping-taxable","11":"product-type-simple"},"acf":[],"_links":{"self":[{"href":"https:\/\/www.chancescook.com\/fr\/wp-json\/wp\/v2\/product\/5140","targetHints":{"allow":["GET"]}}],"collection":[{"href":"https:\/\/www.chancescook.com\/fr\/wp-json\/wp\/v2\/product"}],"about":[{"href":"https:\/\/www.chancescook.com\/fr\/wp-json\/wp\/v2\/types\/product"}],"replies":[{"embeddable":true,"href":"https:\/\/www.chancescook.com\/fr\/wp-json\/wp\/v2\/comments?post=5140"}],"wp:featuredmedia":[{"embeddable":true,"href":"https:\/\/www.chancescook.com\/fr\/wp-json\/wp\/v2\/media\/5824"}],"wp:attachment":[{"href":"https:\/\/www.chancescook.com\/fr\/wp-json\/wp\/v2\/media?parent=5140"}],"wp:term":[{"taxonomy":"product_brand","embeddable":true,"href":"https:\/\/www.chancescook.com\/fr\/wp-json\/wp\/v2\/product_brand?post=5140"},{"taxonomy":"product_cat","embeddable":true,"href":"https:\/\/www.chancescook.com\/fr\/wp-json\/wp\/v2\/product_cat?post=5140"},{"taxonomy":"product_tag","embeddable":true,"href":"https:\/\/www.chancescook.com\/fr\/wp-json\/wp\/v2\/product_tag?post=5140"}],"curies":[{"name":"wp","href":"https:\/\/api.w.org\/{rel}","templated":true}]}}