{"id":5143,"date":"2025-07-07T18:21:49","date_gmt":"2025-07-07T18:21:49","guid":{"rendered":"https:\/\/www.chancescook.com\/?post_type=product&#038;p=5143"},"modified":"2025-07-07T18:21:51","modified_gmt":"2025-07-07T18:21:51","slug":"wholesale-camping-pot","status":"publish","type":"product","link":"https:\/\/www.chancescook.com\/fr\/produit\/wholesale-camping-pot\/","title":{"rendered":"Wholesale Camping Pot Stainless Steel Portable Cookware Set Manufacturer"},"content":{"rendered":"<div class=\"wp-block-columns is-layout-flex wp-container-core-columns-is-layout-9d6595d7 wp-block-columns-is-layout-flex\">\n<div class=\"wp-block-column is-layout-flow wp-block-column-is-layout-flow\">\n<h2 class=\"wp-block-heading\">Param\u00e8tres de la marmite de camping<\/h2>\n\n\n\n<ul class=\"wp-block-list\">\n<li><strong>\u00c9paisseur normale<\/strong>: 0,5 mm<\/li>\n\n\n\n<li><strong>Taille<\/strong>20cm \/ 24cm<\/li>\n\n\n\n<li><strong>Capacit\u00e9 :<\/strong>\u00a02.0-4.0L<\/li>\n\n\n\n<li><strong>Couleur :<\/strong>\u00a0Couleur argent<\/li>\n\n\n\n<li><strong>Logo<\/strong>: Gravure laser<\/li>\n\n\n\n<li><strong>MOQ<\/strong>: 1000 pi\u00e8ces<\/li>\n<\/ul>\n\n\n\n<h2 class=\"wp-block-heading\">Options d'ustensiles de cuisine de camping personnalis\u00e9s<\/h2>\n\n\n\n<ul class=\"wp-block-list\">\n<li><strong>Logo :\u00a0<\/strong>Personnalisez le logo de votre marque<\/li>\n\n\n\n<li><strong>Mat\u00e9riau<\/strong>: Acier inoxydable SUS304\/SUS201<\/li>\n\n\n\n<li><strong>Epaisseur du mat\u00e9riau<\/strong>: 0,5 mm<\/li>\n\n\n\n<li><strong>Mat\u00e9riau du couvercle<\/strong>: Style \/ Mati\u00e8re<\/li>\n\n\n\n<li><strong>Mat\u00e9riau de la poign\u00e9e<\/strong>: Style\/Mat\u00e9riau<\/li>\n\n\n\n<li><strong>Traitement de surface :<\/strong>\u00a0Poli ou d\u00e9poli<\/li>\n\n\n\n<li><strong>Traitement de la surface de contact<\/strong>: Non rev\u00eatu \/ rev\u00eatement antiadh\u00e9sif<\/li>\n\n\n\n<li><strong>Emballage<\/strong>bo\u00eete\/carton de couleur, etc.<\/li>\n\n\n\n<li><strong><a href=\"https:\/\/www.chancescook.com\/fr\/custom-cookware\/\">Solutions OEM et ODM pour les pots de camping en acier inoxydable<\/a><\/strong><\/li>\n<\/ul>\n<\/div>\n\n\n\n<div class=\"wp-block-column is-layout-flow wp-block-column-is-layout-flow\">\n<figure class=\"wp-block-image size-full\"><img decoding=\"async\" width=\"1000\" height=\"1000\" src=\"https:\/\/www.chancescook.com\/wp-content\/uploads\/2025\/04\/Camping-Cookware-Set-Wholesale-3.webp\" alt=\"Batterie de cuisine de camping Wholesale (3)\" class=\"wp-image-4895\" srcset=\"https:\/\/www.chancescook.com\/wp-content\/uploads\/2025\/04\/Camping-Cookware-Set-Wholesale-3.webp 1000w, https:\/\/www.chancescook.com\/wp-content\/uploads\/2025\/04\/Camping-Cookware-Set-Wholesale-3-300x300.webp 300w, https:\/\/www.chancescook.com\/wp-content\/uploads\/2025\/04\/Camping-Cookware-Set-Wholesale-3-150x150.webp 150w, https:\/\/www.chancescook.com\/wp-content\/uploads\/2025\/04\/Camping-Cookware-Set-Wholesale-3-768x768.webp 768w, https:\/\/www.chancescook.com\/wp-content\/uploads\/2025\/04\/Camping-Cookware-Set-Wholesale-3-12x12.webp 12w, https:\/\/www.chancescook.com\/wp-content\/uploads\/2025\/04\/Camping-Cookware-Set-Wholesale-3-285x285.webp 285w, https:\/\/www.chancescook.com\/wp-content\/uploads\/2025\/04\/Camping-Cookware-Set-Wholesale-3-270x270.webp 270w, https:\/\/www.chancescook.com\/wp-content\/uploads\/2025\/04\/Camping-Cookware-Set-Wholesale-3-540x540.webp 540w, https:\/\/www.chancescook.com\/wp-content\/uploads\/2025\/04\/Camping-Cookware-Set-Wholesale-3-660x660.webp 660w\" sizes=\"(max-width: 1000px) 100vw, 1000px\" \/><\/figure>\n<\/div>\n<\/div>\n\n\n\n<div class=\"wp-block-columns is-layout-flex wp-container-core-columns-is-layout-9d6595d7 wp-block-columns-is-layout-flex\">\n<div class=\"wp-block-column is-layout-flow wp-block-column-is-layout-flow\" style=\"flex-basis:50%\">\n<figure class=\"wp-block-image size-full\"><img decoding=\"async\" width=\"1000\" height=\"1000\" src=\"https:\/\/www.chancescook.com\/wp-content\/uploads\/2025\/04\/Camping-Cookware-Set-Wholesale-1.webp\" alt=\"Batterie de cuisine de camping Wholesale (1)\" class=\"wp-image-4893\" srcset=\"https:\/\/www.chancescook.com\/wp-content\/uploads\/2025\/04\/Camping-Cookware-Set-Wholesale-1.webp 1000w, https:\/\/www.chancescook.com\/wp-content\/uploads\/2025\/04\/Camping-Cookware-Set-Wholesale-1-300x300.webp 300w, https:\/\/www.chancescook.com\/wp-content\/uploads\/2025\/04\/Camping-Cookware-Set-Wholesale-1-150x150.webp 150w, https:\/\/www.chancescook.com\/wp-content\/uploads\/2025\/04\/Camping-Cookware-Set-Wholesale-1-768x768.webp 768w, https:\/\/www.chancescook.com\/wp-content\/uploads\/2025\/04\/Camping-Cookware-Set-Wholesale-1-12x12.webp 12w, https:\/\/www.chancescook.com\/wp-content\/uploads\/2025\/04\/Camping-Cookware-Set-Wholesale-1-285x285.webp 285w, https:\/\/www.chancescook.com\/wp-content\/uploads\/2025\/04\/Camping-Cookware-Set-Wholesale-1-270x270.webp 270w, https:\/\/www.chancescook.com\/wp-content\/uploads\/2025\/04\/Camping-Cookware-Set-Wholesale-1-540x540.webp 540w, https:\/\/www.chancescook.com\/wp-content\/uploads\/2025\/04\/Camping-Cookware-Set-Wholesale-1-660x660.webp 660w\" sizes=\"(max-width: 1000px) 100vw, 1000px\" \/><figcaption class=\"wp-element-caption\">Pot de camping personnalis\u00e9<\/figcaption><\/figure>\n<\/div>\n\n\n\n<div class=\"wp-block-column is-layout-flow wp-block-column-is-layout-flow\" style=\"flex-basis:50%\">\n<figure class=\"wp-block-image size-full\"><img decoding=\"async\" width=\"600\" height=\"600\" src=\"https:\/\/www.chancescook.com\/wp-content\/uploads\/2025\/07\/Wholesale-Camping-Pot-Stainless-Steel.webp\" alt=\"Wholesale Camping Pot Stainless Steel (Pot de camping en acier inoxydable)\" class=\"wp-image-5144\" srcset=\"https:\/\/www.chancescook.com\/wp-content\/uploads\/2025\/07\/Wholesale-Camping-Pot-Stainless-Steel.webp 600w, https:\/\/www.chancescook.com\/wp-content\/uploads\/2025\/07\/Wholesale-Camping-Pot-Stainless-Steel-300x300.webp 300w, https:\/\/www.chancescook.com\/wp-content\/uploads\/2025\/07\/Wholesale-Camping-Pot-Stainless-Steel-150x150.webp 150w, https:\/\/www.chancescook.com\/wp-content\/uploads\/2025\/07\/Wholesale-Camping-Pot-Stainless-Steel-12x12.webp 12w, https:\/\/www.chancescook.com\/wp-content\/uploads\/2025\/07\/Wholesale-Camping-Pot-Stainless-Steel-285x285.webp 285w, https:\/\/www.chancescook.com\/wp-content\/uploads\/2025\/07\/Wholesale-Camping-Pot-Stainless-Steel-270x270.webp 270w, https:\/\/www.chancescook.com\/wp-content\/uploads\/2025\/07\/Wholesale-Camping-Pot-Stainless-Steel-540x540.webp 540w\" sizes=\"(max-width: 600px) 100vw, 600px\" \/><figcaption class=\"wp-element-caption\">Po\u00eales et casseroles de camping en gros<\/figcaption><\/figure>\n<\/div>\n<\/div>","protected":false},"excerpt":{"rendered":"<p>En tant que fabricant professionnel de batterie de cuisine de camping en acier inoxydable, nous fournissons des casseroles de camping en gros de haute qualit\u00e9 qui sont r\u00e9sistantes \u00e0 la chaleur, faciles \u00e0 nettoyer et faciles \u00e0 transporter, convenant \u00e0 toutes sortes d'activit\u00e9s de plein air. Contactez-nous d\u00e8s maintenant pour obtenir des \u00e9chantillons et des devis !<\/p>\n<h3>Caract\u00e9ristiques et avantages de la marmite de camping<\/h3>\n<ol>\n<li><strong>Acier inoxydable 304 Mat\u00e9riau<\/strong>: Fabriqu\u00e9 en acier inoxydable 304 de qualit\u00e9 alimentaire, il est r\u00e9sistant \u00e0 la corrosion, \u00e0 la rouille, durable et adaptable \u00e0 une vari\u00e9t\u00e9 d'environnements ext\u00e9rieurs complexes. C'est la marmite de camping en gros pr\u00e9f\u00e9r\u00e9e par de nombreux acheteurs.<\/li>\n<li><strong>Conception l\u00e9g\u00e8re et portable<\/strong>: L'ensemble est l\u00e9ger et \u00e9quip\u00e9 d'un sac de rangement portable. Il convient \u00e0 la randonn\u00e9e, \u00e0 l'alpinisme et au camping. C'est l'un des mod\u00e8les les plus vendus par un fabricant d'ustensiles de cuisine de camping en acier inoxydable.<\/li>\n<li><strong>Des mat\u00e9riaux sains et s\u00fbrs<\/strong>: Des mat\u00e9riaux de qualit\u00e9 alimentaire sont utilis\u00e9s, exempts de BPA et d'ingr\u00e9dients nocifs pour garantir la s\u00e9curit\u00e9 alimentaire.<\/li>\n<li><strong>Conception facile \u00e0 nettoyer<\/strong>: La surface du corps de la marmite et de la marmite est lisse, et il n'est pas facile de laisser des r\u00e9sidus de nourriture. Elle peut \u00eatre lav\u00e9e \u00e0 la main ou au lave-vaisselle, ce qui permet d'\u00e9conomiser du temps de nettoyage apr\u00e8s la cuisson en plein air.<\/li>\n<li><strong>R\u00e9sistance aux temp\u00e9ratures \u00e9lev\u00e9es et absence de d\u00e9formation<\/strong>: Il pr\u00e9sente une bonne r\u00e9sistance \u00e0 la chaleur et conserve une structure stable dans des environnements \u00e0 haute temp\u00e9rature, ce qui prolonge sa dur\u00e9e de vie.<\/li>\n<li><strong>Application multi-sc\u00e9narios<\/strong>: Qu'il s'agisse d'un pique-nique, d'un camping ou de la famille, il est tr\u00e8s appropri\u00e9, en particulier pour trouver des grossistes et des personnalisateurs de pots de camping rentables.<\/li>\n<\/ol>","protected":false},"featured_media":5145,"comment_status":"closed","ping_status":"closed","template":"","meta":{"_acf_changed":false},"product_brand":[],"product_cat":[54],"product_tag":[],"class_list":{"0":"post-5143","1":"product","2":"type-product","3":"status-publish","4":"has-post-thumbnail","6":"product_cat-camping-cookware-wholesale","8":"first","9":"instock","10":"shipping-taxable","11":"product-type-simple"},"acf":[],"_links":{"self":[{"href":"https:\/\/www.chancescook.com\/fr\/wp-json\/wp\/v2\/product\/5143","targetHints":{"allow":["GET"]}}],"collection":[{"href":"https:\/\/www.chancescook.com\/fr\/wp-json\/wp\/v2\/product"}],"about":[{"href":"https:\/\/www.chancescook.com\/fr\/wp-json\/wp\/v2\/types\/product"}],"replies":[{"embeddable":true,"href":"https:\/\/www.chancescook.com\/fr\/wp-json\/wp\/v2\/comments?post=5143"}],"wp:featuredmedia":[{"embeddable":true,"href":"https:\/\/www.chancescook.com\/fr\/wp-json\/wp\/v2\/media\/5145"}],"wp:attachment":[{"href":"https:\/\/www.chancescook.com\/fr\/wp-json\/wp\/v2\/media?parent=5143"}],"wp:term":[{"taxonomy":"product_brand","embeddable":true,"href":"https:\/\/www.chancescook.com\/fr\/wp-json\/wp\/v2\/product_brand?post=5143"},{"taxonomy":"product_cat","embeddable":true,"href":"https:\/\/www.chancescook.com\/fr\/wp-json\/wp\/v2\/product_cat?post=5143"},{"taxonomy":"product_tag","embeddable":true,"href":"https:\/\/www.chancescook.com\/fr\/wp-json\/wp\/v2\/product_tag?post=5143"}],"curies":[{"name":"wp","href":"https:\/\/api.w.org\/{rel}","templated":true}]}}