{"id":5162,"date":"2025-07-11T16:49:06","date_gmt":"2025-07-11T16:49:06","guid":{"rendered":"https:\/\/www.chancescook.com\/?post_type=product&#038;p=5162"},"modified":"2026-02-05T10:43:17","modified_gmt":"2026-02-05T10:43:17","slug":"wholesale-salad-bowls-stainless-steel","status":"publish","type":"product","link":"https:\/\/www.chancescook.com\/fr\/produit\/wholesale-salad-bowls-stainless-steel\/","title":{"rendered":"Salad Bowls Wholesale Salad Bowl Stainless Steel Korean Salad Serving Bowl Manufacturer"},"content":{"rendered":"<div class=\"wp-block-columns is-layout-flex wp-container-core-columns-is-layout-9d6595d7 wp-block-columns-is-layout-flex\">\n<div class=\"wp-block-column is-layout-flow wp-block-column-is-layout-flow\">\n<h2 class=\"wp-block-heading\">Param\u00e8tres des bols \u00e0 salade en gros<\/h2>\n\n\n\n<ul class=\"wp-block-list\">\n<li>Logo : Personnalisable<\/li>\n\n\n\n<li>Type : Vaisselle<\/li>\n\n\n\n<li>Mat\u00e9riau : acier inoxydable 201\/304<\/li>\n\n\n\n<li>Taille du bol : 19\/22\/25cm<\/li>\n\n\n\n<li>Couleur du panier : Argent<\/li>\n\n\n\n<li>MOQ : 1000 pi\u00e8ces<\/li>\n<\/ul>\n<\/div>\n\n\n\n<div class=\"wp-block-column is-layout-flow wp-block-column-is-layout-flow\">\n<h2 class=\"wp-block-heading\">Options de bols \u00e0 salade personnalis\u00e9s<\/h2>\n\n\n\n<ul class=\"wp-block-list\">\n<li>Logo : Personnalisez le logo de votre marque<\/li>\n\n\n\n<li>Emballage : bo\u00eete de couleur\/carton, etc.<\/li>\n\n\n\n<li>Quantit\u00e9 de commande 1000 pi\u00e8ces<\/li>\n\n\n\n<li>Traitement de la surface de contact : Non rev\u00eatu \/ rev\u00eatement anti-adh\u00e9rent<\/li>\n<\/ul>\n\n\n\n<p><strong><a href=\"https:\/\/www.chancescook.com\/fr\/custom-cookware\/\">Solutions OEM et ODM de gobelets de camping en acier inoxydable sur mesure<\/a><\/strong><\/p>\n<\/div>\n<\/div>\n\n\n\n<div class=\"wp-block-columns is-layout-flex wp-container-core-columns-is-layout-9d6595d7 wp-block-columns-is-layout-flex\">\n<div class=\"wp-block-column is-layout-flow wp-block-column-is-layout-flow\">\n<figure class=\"wp-block-image size-full\"><img decoding=\"async\" width=\"800\" height=\"800\" src=\"https:\/\/www.chancescook.com\/wp-content\/uploads\/2026\/02\/Wholesale-Stainless-Steel-Korean-Salad-Serving-Bowl.webp\" alt=\"Wholesale Stainless Steel Korean Salad Serving Bowl (bol \u00e0 salade cor\u00e9en en acier inoxydable)\" class=\"wp-image-5992\" srcset=\"https:\/\/www.chancescook.com\/wp-content\/uploads\/2026\/02\/Wholesale-Stainless-Steel-Korean-Salad-Serving-Bowl.webp 800w, https:\/\/www.chancescook.com\/wp-content\/uploads\/2026\/02\/Wholesale-Stainless-Steel-Korean-Salad-Serving-Bowl-300x300.webp 300w, https:\/\/www.chancescook.com\/wp-content\/uploads\/2026\/02\/Wholesale-Stainless-Steel-Korean-Salad-Serving-Bowl-150x150.webp 150w, https:\/\/www.chancescook.com\/wp-content\/uploads\/2026\/02\/Wholesale-Stainless-Steel-Korean-Salad-Serving-Bowl-768x768.webp 768w, https:\/\/www.chancescook.com\/wp-content\/uploads\/2026\/02\/Wholesale-Stainless-Steel-Korean-Salad-Serving-Bowl-12x12.webp 12w, https:\/\/www.chancescook.com\/wp-content\/uploads\/2026\/02\/Wholesale-Stainless-Steel-Korean-Salad-Serving-Bowl-285x285.webp 285w, https:\/\/www.chancescook.com\/wp-content\/uploads\/2026\/02\/Wholesale-Stainless-Steel-Korean-Salad-Serving-Bowl-270x270.webp 270w, https:\/\/www.chancescook.com\/wp-content\/uploads\/2026\/02\/Wholesale-Stainless-Steel-Korean-Salad-Serving-Bowl-540x540.webp 540w, https:\/\/www.chancescook.com\/wp-content\/uploads\/2026\/02\/Wholesale-Stainless-Steel-Korean-Salad-Serving-Bowl-660x660.webp 660w\" sizes=\"(max-width: 800px) 100vw, 800px\" \/><\/figure>\n<\/div>\n\n\n\n<div class=\"wp-block-column is-layout-flow wp-block-column-is-layout-flow\">\n<figure class=\"wp-block-image size-full\"><img decoding=\"async\" width=\"1440\" height=\"1440\" src=\"https:\/\/www.chancescook.com\/wp-content\/uploads\/2025\/07\/Wholesale-Salad-Bowls-Stainless-Steel-2.webp\" alt=\"Saladiers en gros en acier inoxydable (2)\" class=\"wp-image-5163\" srcset=\"https:\/\/www.chancescook.com\/wp-content\/uploads\/2025\/07\/Wholesale-Salad-Bowls-Stainless-Steel-2.webp 1440w, https:\/\/www.chancescook.com\/wp-content\/uploads\/2025\/07\/Wholesale-Salad-Bowls-Stainless-Steel-2-300x300.webp 300w, https:\/\/www.chancescook.com\/wp-content\/uploads\/2025\/07\/Wholesale-Salad-Bowls-Stainless-Steel-2-150x150.webp 150w, https:\/\/www.chancescook.com\/wp-content\/uploads\/2025\/07\/Wholesale-Salad-Bowls-Stainless-Steel-2-768x768.webp 768w, https:\/\/www.chancescook.com\/wp-content\/uploads\/2025\/07\/Wholesale-Salad-Bowls-Stainless-Steel-2-12x12.webp 12w, https:\/\/www.chancescook.com\/wp-content\/uploads\/2025\/07\/Wholesale-Salad-Bowls-Stainless-Steel-2-285x285.webp 285w, https:\/\/www.chancescook.com\/wp-content\/uploads\/2025\/07\/Wholesale-Salad-Bowls-Stainless-Steel-2-270x270.webp 270w, https:\/\/www.chancescook.com\/wp-content\/uploads\/2025\/07\/Wholesale-Salad-Bowls-Stainless-Steel-2-540x540.webp 540w, https:\/\/www.chancescook.com\/wp-content\/uploads\/2025\/07\/Wholesale-Salad-Bowls-Stainless-Steel-2-660x660.webp 660w\" sizes=\"(max-width: 1440px) 100vw, 1440px\" \/><\/figure>\n<\/div>\n<\/div>","protected":false},"excerpt":{"rendered":"<p>Nous sommes un fournisseur exp\u00e9riment\u00e9 de bols \u00e0 salade cor\u00e9ens et nous nous concentrons sur la fourniture en gros de bols \u00e0 salade en acier inoxydable de haute qualit\u00e9. Le corps du bol est fabriqu\u00e9 en acier inoxydable de qualit\u00e9 alimentaire, avec des couleurs riches et un style cor\u00e9en classique, convenant aux salades, aux fruits, au riz et \u00e0 d'autres sc\u00e8nes. Le produit est l\u00e9ger et durable, facile \u00e0 nettoyer, et supporte les services de personnalisation OEM\/ODM. En tant que fournisseur professionnel de bols \u00e0 salade cor\u00e9ens, nous nous engageons \u00e0 fournir des solutions fiables de bols \u00e0 salade en acier inoxydable en gros aux clients du monde entier.<\/p>\n<h3>Avantages des bols \u00e0 salade en gros<\/h3>\n<ul>\n<li><strong>Mat\u00e9riau en acier inoxydable de qualit\u00e9 alimentaire<\/strong>Les produits de cette cat\u00e9gorie sont : r\u00e9sistants \u00e0 la corrosion, faciles \u00e0 nettoyer, adapt\u00e9s aux restaurants et \u00e0 l'usage domestique, s\u00fbrs et hygi\u00e9niques.<\/li>\n<li><strong>Sc\u00e9narios d'utilisation multifonctionnelle<\/strong>Le produit convient aux saladiers, aux bols de fruits, aux bols de bibimbap, aux bols de ramen, etc. pour r\u00e9pondre \u00e0 une grande vari\u00e9t\u00e9 de besoins.<\/li>\n<li><strong>Conception cor\u00e9enne simple<\/strong>La forme du bol est plus profonde et les bords sont arrondis, ce qui refl\u00e8te le style moderne de la vaisselle cor\u00e9enne.<\/li>\n<li><strong>Plusieurs couleurs sont disponibles, empilables et stockables.<\/strong>Les couleurs riches rehaussent l'atmosph\u00e8re de la table \u00e0 manger, l'empilage permet d'\u00e9conomiser de l'espace et est pratique pour le rangement.<\/li>\n<li><strong>Soutenir les services personnalis\u00e9s<\/strong>La couleur, le motif et la capacit\u00e9 peuvent \u00eatre personnalis\u00e9s, ce qui convient \u00e0 la personnalisation des marques et \u00e0 la coop\u00e9ration avec les grossistes.<\/li>\n<li><strong>Peut \u00eatre chauff\u00e9<\/strong>: Convient aux fours \u00e0 micro-ondes et aux cuisini\u00e8res \u00e0 induction pour r\u00e9pondre aux besoins quotidiens en mati\u00e8re de chauffage et de cuisson.<\/li>\n<\/ul>","protected":false},"featured_media":5165,"comment_status":"closed","ping_status":"closed","template":"","meta":{"_acf_changed":false},"product_brand":[],"product_cat":[55],"product_tag":[],"class_list":{"0":"post-5162","1":"product","2":"type-product","3":"status-publish","4":"has-post-thumbnail","6":"product_cat-tableware-wholesale","8":"first","9":"instock","10":"shipping-taxable","11":"product-type-simple"},"acf":[],"_links":{"self":[{"href":"https:\/\/www.chancescook.com\/fr\/wp-json\/wp\/v2\/product\/5162","targetHints":{"allow":["GET"]}}],"collection":[{"href":"https:\/\/www.chancescook.com\/fr\/wp-json\/wp\/v2\/product"}],"about":[{"href":"https:\/\/www.chancescook.com\/fr\/wp-json\/wp\/v2\/types\/product"}],"replies":[{"embeddable":true,"href":"https:\/\/www.chancescook.com\/fr\/wp-json\/wp\/v2\/comments?post=5162"}],"wp:featuredmedia":[{"embeddable":true,"href":"https:\/\/www.chancescook.com\/fr\/wp-json\/wp\/v2\/media\/5165"}],"wp:attachment":[{"href":"https:\/\/www.chancescook.com\/fr\/wp-json\/wp\/v2\/media?parent=5162"}],"wp:term":[{"taxonomy":"product_brand","embeddable":true,"href":"https:\/\/www.chancescook.com\/fr\/wp-json\/wp\/v2\/product_brand?post=5162"},{"taxonomy":"product_cat","embeddable":true,"href":"https:\/\/www.chancescook.com\/fr\/wp-json\/wp\/v2\/product_cat?post=5162"},{"taxonomy":"product_tag","embeddable":true,"href":"https:\/\/www.chancescook.com\/fr\/wp-json\/wp\/v2\/product_tag?post=5162"}],"curies":[{"name":"wp","href":"https:\/\/api.w.org\/{rel}","templated":true}]}}