{"id":5177,"date":"2025-07-30T08:37:21","date_gmt":"2025-07-30T08:37:21","guid":{"rendered":"https:\/\/www.chancescook.com\/?post_type=product&#038;p=5177"},"modified":"2025-07-30T08:37:24","modified_gmt":"2025-07-30T08:37:24","slug":"wholesale-spherical-bowl-double-layer","status":"publish","type":"product","link":"https:\/\/www.chancescook.com\/fr\/produit\/wholesale-spherical-bowl-double-layer\/","title":{"rendered":"Grossiste Bol Sph\u00e9rique Double Couche Saladier Vaisselle Fabricant"},"content":{"rendered":"<div class=\"wp-block-columns is-layout-flex wp-container-core-columns-is-layout-9d6595d7 wp-block-columns-is-layout-flex\">\n<div class=\"wp-block-column is-layout-flow wp-block-column-is-layout-flow\">\n<h2 class=\"wp-block-heading\">Param\u00e8tres de la vaisselle \u00e0 bol sph\u00e9rique<\/h2>\n\n\n\n<p><strong>Nom du produit<\/strong>: Vaisselle sph\u00e9rique<br><strong>Mat\u00e9riau<\/strong>: Acier inoxydable 304<br><strong>Couleur<\/strong>: Argent\/Or\/Couleur<br><strong>Logo<\/strong>: Sceau s\u00e9rigraphi\u00e9, grav\u00e9 au laser ou en relief<\/p>\n<\/div>\n\n\n\n<div class=\"wp-block-column is-layout-flow wp-block-column-is-layout-flow\">\n<h2 class=\"wp-block-heading\">Option de vaisselle sph\u00e9rique personnalis\u00e9e<\/h2>\n\n\n\n<p><strong>Logo<\/strong>: Personnalisez le logo de votre marque<br><strong>Emballage<\/strong>: Bo\u00eete couleur\/carton, etc.<br><strong>Mod\u00e8le :<\/strong> Personnalisez le motif que vous souhaitez.<br><strong>MOQ<\/strong>: 500 pi\u00e8ces<br><strong>Solutions OEM et ODM d'assiettes \u00e0 dessert personnalis\u00e9es<\/strong><\/p>\n<\/div>\n<\/div>\n\n\n\n<div class=\"wp-block-columns is-layout-flex wp-container-core-columns-is-layout-9d6595d7 wp-block-columns-is-layout-flex\">\n<div class=\"wp-block-column is-layout-flow wp-block-column-is-layout-flow\">\n<figure class=\"wp-block-image size-full\"><img decoding=\"async\" width=\"1795\" height=\"1795\" src=\"https:\/\/www.chancescook.com\/wp-content\/uploads\/2025\/07\/Wholesale-Spherical-Bowl-Tableware-Manufacturer-4.webp\" alt=\"Fabricant en gros de vaisselle pour bols sph\u00e9riques (4)\" class=\"wp-image-5200\" srcset=\"https:\/\/www.chancescook.com\/wp-content\/uploads\/2025\/07\/Wholesale-Spherical-Bowl-Tableware-Manufacturer-4.webp 1795w, https:\/\/www.chancescook.com\/wp-content\/uploads\/2025\/07\/Wholesale-Spherical-Bowl-Tableware-Manufacturer-4-300x300.webp 300w, https:\/\/www.chancescook.com\/wp-content\/uploads\/2025\/07\/Wholesale-Spherical-Bowl-Tableware-Manufacturer-4-150x150.webp 150w, https:\/\/www.chancescook.com\/wp-content\/uploads\/2025\/07\/Wholesale-Spherical-Bowl-Tableware-Manufacturer-4-768x768.webp 768w, https:\/\/www.chancescook.com\/wp-content\/uploads\/2025\/07\/Wholesale-Spherical-Bowl-Tableware-Manufacturer-4-12x12.webp 12w, https:\/\/www.chancescook.com\/wp-content\/uploads\/2025\/07\/Wholesale-Spherical-Bowl-Tableware-Manufacturer-4-285x285.webp 285w, https:\/\/www.chancescook.com\/wp-content\/uploads\/2025\/07\/Wholesale-Spherical-Bowl-Tableware-Manufacturer-4-1600x1600.webp 1600w, https:\/\/www.chancescook.com\/wp-content\/uploads\/2025\/07\/Wholesale-Spherical-Bowl-Tableware-Manufacturer-4-270x270.webp 270w, https:\/\/www.chancescook.com\/wp-content\/uploads\/2025\/07\/Wholesale-Spherical-Bowl-Tableware-Manufacturer-4-540x540.webp 540w, https:\/\/www.chancescook.com\/wp-content\/uploads\/2025\/07\/Wholesale-Spherical-Bowl-Tableware-Manufacturer-4-660x660.webp 660w\" sizes=\"(max-width: 1795px) 100vw, 1795px\" \/><\/figure>\n<\/div>\n\n\n\n<div class=\"wp-block-column is-layout-flow wp-block-column-is-layout-flow\">\n<figure class=\"wp-block-image size-full\"><img decoding=\"async\" width=\"1795\" height=\"1795\" src=\"https:\/\/www.chancescook.com\/wp-content\/uploads\/2025\/07\/Wholesale-Spherical-Bowl-Tableware-Manufacturer-3.webp\" alt=\"Fabricant en gros de vaisselle pour bols sph\u00e9riques (3)\" class=\"wp-image-5199\" srcset=\"https:\/\/www.chancescook.com\/wp-content\/uploads\/2025\/07\/Wholesale-Spherical-Bowl-Tableware-Manufacturer-3.webp 1795w, https:\/\/www.chancescook.com\/wp-content\/uploads\/2025\/07\/Wholesale-Spherical-Bowl-Tableware-Manufacturer-3-300x300.webp 300w, https:\/\/www.chancescook.com\/wp-content\/uploads\/2025\/07\/Wholesale-Spherical-Bowl-Tableware-Manufacturer-3-150x150.webp 150w, https:\/\/www.chancescook.com\/wp-content\/uploads\/2025\/07\/Wholesale-Spherical-Bowl-Tableware-Manufacturer-3-768x768.webp 768w, https:\/\/www.chancescook.com\/wp-content\/uploads\/2025\/07\/Wholesale-Spherical-Bowl-Tableware-Manufacturer-3-12x12.webp 12w, https:\/\/www.chancescook.com\/wp-content\/uploads\/2025\/07\/Wholesale-Spherical-Bowl-Tableware-Manufacturer-3-285x285.webp 285w, https:\/\/www.chancescook.com\/wp-content\/uploads\/2025\/07\/Wholesale-Spherical-Bowl-Tableware-Manufacturer-3-1600x1600.webp 1600w, https:\/\/www.chancescook.com\/wp-content\/uploads\/2025\/07\/Wholesale-Spherical-Bowl-Tableware-Manufacturer-3-270x270.webp 270w, https:\/\/www.chancescook.com\/wp-content\/uploads\/2025\/07\/Wholesale-Spherical-Bowl-Tableware-Manufacturer-3-540x540.webp 540w, https:\/\/www.chancescook.com\/wp-content\/uploads\/2025\/07\/Wholesale-Spherical-Bowl-Tableware-Manufacturer-3-660x660.webp 660w\" sizes=\"(max-width: 1795px) 100vw, 1795px\" \/><\/figure>\n<\/div>\n\n\n\n<div class=\"wp-block-column is-layout-flow wp-block-column-is-layout-flow\">\n<figure class=\"wp-block-image size-full\"><img decoding=\"async\" width=\"1795\" height=\"1795\" src=\"https:\/\/www.chancescook.com\/wp-content\/uploads\/2025\/07\/Wholesale-Spherical-Bowl-Tableware-Manufacturer-2.webp\" alt=\"Fabricant en gros de vaisselle pour bols sph\u00e9riques (2)\" class=\"wp-image-5198\" srcset=\"https:\/\/www.chancescook.com\/wp-content\/uploads\/2025\/07\/Wholesale-Spherical-Bowl-Tableware-Manufacturer-2.webp 1795w, https:\/\/www.chancescook.com\/wp-content\/uploads\/2025\/07\/Wholesale-Spherical-Bowl-Tableware-Manufacturer-2-300x300.webp 300w, https:\/\/www.chancescook.com\/wp-content\/uploads\/2025\/07\/Wholesale-Spherical-Bowl-Tableware-Manufacturer-2-150x150.webp 150w, https:\/\/www.chancescook.com\/wp-content\/uploads\/2025\/07\/Wholesale-Spherical-Bowl-Tableware-Manufacturer-2-768x768.webp 768w, https:\/\/www.chancescook.com\/wp-content\/uploads\/2025\/07\/Wholesale-Spherical-Bowl-Tableware-Manufacturer-2-12x12.webp 12w, https:\/\/www.chancescook.com\/wp-content\/uploads\/2025\/07\/Wholesale-Spherical-Bowl-Tableware-Manufacturer-2-285x285.webp 285w, https:\/\/www.chancescook.com\/wp-content\/uploads\/2025\/07\/Wholesale-Spherical-Bowl-Tableware-Manufacturer-2-1600x1600.webp 1600w, https:\/\/www.chancescook.com\/wp-content\/uploads\/2025\/07\/Wholesale-Spherical-Bowl-Tableware-Manufacturer-2-270x270.webp 270w, https:\/\/www.chancescook.com\/wp-content\/uploads\/2025\/07\/Wholesale-Spherical-Bowl-Tableware-Manufacturer-2-540x540.webp 540w, https:\/\/www.chancescook.com\/wp-content\/uploads\/2025\/07\/Wholesale-Spherical-Bowl-Tableware-Manufacturer-2-660x660.webp 660w\" sizes=\"(max-width: 1795px) 100vw, 1795px\" \/><\/figure>\n<\/div>\n<\/div>\n\n\n\n<div class=\"wp-block-columns is-layout-flex wp-container-core-columns-is-layout-9d6595d7 wp-block-columns-is-layout-flex\">\n<div class=\"wp-block-column is-layout-flow wp-block-column-is-layout-flow\">\n<figure class=\"wp-block-image size-full\"><img decoding=\"async\" width=\"1669\" height=\"1669\" src=\"https:\/\/www.chancescook.com\/wp-content\/uploads\/2025\/07\/Custom-Double-Layer-Salad-Bowl-Tableware-4.webp\" alt=\"Saladier double couche personnalis\u00e9 Vaisselle (4)\" class=\"wp-image-5194\" srcset=\"https:\/\/www.chancescook.com\/wp-content\/uploads\/2025\/07\/Custom-Double-Layer-Salad-Bowl-Tableware-4.webp 1669w, https:\/\/www.chancescook.com\/wp-content\/uploads\/2025\/07\/Custom-Double-Layer-Salad-Bowl-Tableware-4-300x300.webp 300w, https:\/\/www.chancescook.com\/wp-content\/uploads\/2025\/07\/Custom-Double-Layer-Salad-Bowl-Tableware-4-150x150.webp 150w, https:\/\/www.chancescook.com\/wp-content\/uploads\/2025\/07\/Custom-Double-Layer-Salad-Bowl-Tableware-4-768x768.webp 768w, https:\/\/www.chancescook.com\/wp-content\/uploads\/2025\/07\/Custom-Double-Layer-Salad-Bowl-Tableware-4-12x12.webp 12w, https:\/\/www.chancescook.com\/wp-content\/uploads\/2025\/07\/Custom-Double-Layer-Salad-Bowl-Tableware-4-285x285.webp 285w, https:\/\/www.chancescook.com\/wp-content\/uploads\/2025\/07\/Custom-Double-Layer-Salad-Bowl-Tableware-4-1600x1600.webp 1600w, https:\/\/www.chancescook.com\/wp-content\/uploads\/2025\/07\/Custom-Double-Layer-Salad-Bowl-Tableware-4-270x270.webp 270w, https:\/\/www.chancescook.com\/wp-content\/uploads\/2025\/07\/Custom-Double-Layer-Salad-Bowl-Tableware-4-540x540.webp 540w, https:\/\/www.chancescook.com\/wp-content\/uploads\/2025\/07\/Custom-Double-Layer-Salad-Bowl-Tableware-4-660x660.webp 660w\" sizes=\"(max-width: 1669px) 100vw, 1669px\" \/><\/figure>\n<\/div>\n\n\n\n<div class=\"wp-block-column is-layout-flow wp-block-column-is-layout-flow\">\n<figure class=\"wp-block-image size-full\"><img decoding=\"async\" width=\"1541\" height=\"1541\" src=\"https:\/\/www.chancescook.com\/wp-content\/uploads\/2025\/07\/Custom-Double-Layer-Salad-Bowl-Tableware-3.webp\" alt=\"Saladier double couche personnalis\u00e9 Vaisselle (3)\" class=\"wp-image-5193\" srcset=\"https:\/\/www.chancescook.com\/wp-content\/uploads\/2025\/07\/Custom-Double-Layer-Salad-Bowl-Tableware-3.webp 1541w, https:\/\/www.chancescook.com\/wp-content\/uploads\/2025\/07\/Custom-Double-Layer-Salad-Bowl-Tableware-3-300x300.webp 300w, https:\/\/www.chancescook.com\/wp-content\/uploads\/2025\/07\/Custom-Double-Layer-Salad-Bowl-Tableware-3-150x150.webp 150w, https:\/\/www.chancescook.com\/wp-content\/uploads\/2025\/07\/Custom-Double-Layer-Salad-Bowl-Tableware-3-768x768.webp 768w, https:\/\/www.chancescook.com\/wp-content\/uploads\/2025\/07\/Custom-Double-Layer-Salad-Bowl-Tableware-3-12x12.webp 12w, https:\/\/www.chancescook.com\/wp-content\/uploads\/2025\/07\/Custom-Double-Layer-Salad-Bowl-Tableware-3-285x285.webp 285w, https:\/\/www.chancescook.com\/wp-content\/uploads\/2025\/07\/Custom-Double-Layer-Salad-Bowl-Tableware-3-270x270.webp 270w, https:\/\/www.chancescook.com\/wp-content\/uploads\/2025\/07\/Custom-Double-Layer-Salad-Bowl-Tableware-3-540x540.webp 540w, https:\/\/www.chancescook.com\/wp-content\/uploads\/2025\/07\/Custom-Double-Layer-Salad-Bowl-Tableware-3-660x660.webp 660w\" sizes=\"(max-width: 1541px) 100vw, 1541px\" \/><\/figure>\n<\/div>\n\n\n\n<div class=\"wp-block-column is-layout-flow wp-block-column-is-layout-flow\">\n<figure class=\"wp-block-image size-full\"><img decoding=\"async\" width=\"1421\" height=\"1421\" src=\"https:\/\/www.chancescook.com\/wp-content\/uploads\/2025\/07\/Custom-Double-Layer-Salad-Bowl-Tableware-5.webp\" alt=\"Saladier double couche personnalis\u00e9 (5)\" class=\"wp-image-5195\" srcset=\"https:\/\/www.chancescook.com\/wp-content\/uploads\/2025\/07\/Custom-Double-Layer-Salad-Bowl-Tableware-5.webp 1421w, https:\/\/www.chancescook.com\/wp-content\/uploads\/2025\/07\/Custom-Double-Layer-Salad-Bowl-Tableware-5-300x300.webp 300w, https:\/\/www.chancescook.com\/wp-content\/uploads\/2025\/07\/Custom-Double-Layer-Salad-Bowl-Tableware-5-150x150.webp 150w, https:\/\/www.chancescook.com\/wp-content\/uploads\/2025\/07\/Custom-Double-Layer-Salad-Bowl-Tableware-5-768x768.webp 768w, https:\/\/www.chancescook.com\/wp-content\/uploads\/2025\/07\/Custom-Double-Layer-Salad-Bowl-Tableware-5-12x12.webp 12w, https:\/\/www.chancescook.com\/wp-content\/uploads\/2025\/07\/Custom-Double-Layer-Salad-Bowl-Tableware-5-285x285.webp 285w, https:\/\/www.chancescook.com\/wp-content\/uploads\/2025\/07\/Custom-Double-Layer-Salad-Bowl-Tableware-5-270x270.webp 270w, https:\/\/www.chancescook.com\/wp-content\/uploads\/2025\/07\/Custom-Double-Layer-Salad-Bowl-Tableware-5-540x540.webp 540w, https:\/\/www.chancescook.com\/wp-content\/uploads\/2025\/07\/Custom-Double-Layer-Salad-Bowl-Tableware-5-660x660.webp 660w\" sizes=\"(max-width: 1421px) 100vw, 1421px\" \/><\/figure>\n<\/div>\n<\/div>\n\n\n\n<p><\/p>","protected":false},"excerpt":{"rendered":"<p>Bienvenue dans notre s\u00e9rie de saladiers doubles sph\u00e9riques en gros. Ces saladiers sont fabriqu\u00e9s avec un savoir-faire exquis, ils sont \u00e0 la fois beaux et pratiques. Fabriqu\u00e9s avec des mat\u00e9riaux de haute qualit\u00e9, ils sont parfaits pour servir des salades, des fruits et plus encore. La conception \u00e0 double couche assure la durabilit\u00e9 et l'isolation. Nous proposons des produits en vrac pour les restaurants, les caf\u00e9s et les magasins de d\u00e9tail. Commandez d\u00e8s aujourd'hui des articles de table abordables, \u00e9l\u00e9gants et magnifiques pour am\u00e9liorer votre exp\u00e9rience culinaire !<\/p>\n<h2>Bol sph\u00e9rique en gros Caract\u00e9ristiques de la vaisselle<\/h2>\n<ul>\n<li><strong>Set de table sph\u00e9rique en gros<\/strong>: Fabriqu\u00e9 en acier inoxydable 304 de qualit\u00e9 alimentaire, avec un design incurv\u00e9 conforme \u00e0 l'ergonomie. Stockage efficace et esth\u00e9tique. Contactez-nous pour un devis.<\/li>\n<li><strong>Mat\u00e9riau en acier inoxydable de qualit\u00e9 alimentaire<\/strong>: La vaisselle sph\u00e9rique en acier inoxydable est fabriqu\u00e9e en acier inoxydable 304 de qualit\u00e9 alimentaire, adapt\u00e9 au lavage au lave-vaisselle, \u00e0 la d\u00e9sinfection \u00e0 haute temp\u00e9rature et \u00e0 tous les sc\u00e9narios d'utilisation quotidienne.<\/li>\n<li><strong>Conception ergonomique<\/strong>: The curved design fits both hands better and reduces hand pressure<br \/>\nEfficient storage: The stainless steel spherical tableware set can be stored and stacked, allowing for efficient organization of the kitchen.<\/li>\n<li><strong>Multifonction<\/strong>Les assiettes peuvent \u00eatre utilis\u00e9es comme assiettes \u00e0 d\u00eener, assiettes de cuisson, assiettes \u00e0 dessert, assiettes \u00e0 sushi, les bols peuvent \u00eatre utilis\u00e9s comme bols \u00e0 salade, bols \u00e0 nouilles Lamian, etc. Un service de vaisselle peut \u00eatre utilis\u00e9 \u00e0 de multiples fins, et peut \u00eatre stock\u00e9 et utilis\u00e9 comme d\u00e9coration.<\/li>\n<li><strong>Service de gros<\/strong>: Nous proposons des solutions de vente en gros d'ustensiles de cuisine \u00e0 prix d'usine pour vous aider \u00e0 augmenter vos b\u00e9n\u00e9fices. Ces solutions conviennent aux distributeurs, aux d\u00e9taillants et aux grossistes.<\/li>\n<\/ul>","protected":false},"featured_media":5203,"comment_status":"closed","ping_status":"closed","template":"","meta":{"_acf_changed":false},"product_brand":[],"product_cat":[55],"product_tag":[],"class_list":{"0":"post-5177","1":"product","2":"type-product","3":"status-publish","4":"has-post-thumbnail","6":"product_cat-tableware-wholesale","8":"first","9":"instock","10":"shipping-taxable","11":"product-type-simple"},"acf":[],"_links":{"self":[{"href":"https:\/\/www.chancescook.com\/fr\/wp-json\/wp\/v2\/product\/5177","targetHints":{"allow":["GET"]}}],"collection":[{"href":"https:\/\/www.chancescook.com\/fr\/wp-json\/wp\/v2\/product"}],"about":[{"href":"https:\/\/www.chancescook.com\/fr\/wp-json\/wp\/v2\/types\/product"}],"replies":[{"embeddable":true,"href":"https:\/\/www.chancescook.com\/fr\/wp-json\/wp\/v2\/comments?post=5177"}],"wp:featuredmedia":[{"embeddable":true,"href":"https:\/\/www.chancescook.com\/fr\/wp-json\/wp\/v2\/media\/5203"}],"wp:attachment":[{"href":"https:\/\/www.chancescook.com\/fr\/wp-json\/wp\/v2\/media?parent=5177"}],"wp:term":[{"taxonomy":"product_brand","embeddable":true,"href":"https:\/\/www.chancescook.com\/fr\/wp-json\/wp\/v2\/product_brand?post=5177"},{"taxonomy":"product_cat","embeddable":true,"href":"https:\/\/www.chancescook.com\/fr\/wp-json\/wp\/v2\/product_cat?post=5177"},{"taxonomy":"product_tag","embeddable":true,"href":"https:\/\/www.chancescook.com\/fr\/wp-json\/wp\/v2\/product_tag?post=5177"}],"curies":[{"name":"wp","href":"https:\/\/api.w.org\/{rel}","templated":true}]}}