{"id":5204,"date":"2025-07-30T09:40:28","date_gmt":"2025-07-30T09:40:28","guid":{"rendered":"https:\/\/www.chancescook.com\/?post_type=product&#038;p=5204"},"modified":"2025-07-30T09:40:33","modified_gmt":"2025-07-30T09:40:33","slug":"stainless-steel-plates-bowls-wholesale","status":"publish","type":"product","link":"https:\/\/www.chancescook.com\/fr\/produit\/stainless-steel-plates-bowls-wholesale\/","title":{"rendered":"Assiettes et bols en acier inoxydable Wholesale Round Spherical Tableware Set"},"content":{"rendered":"<div class=\"wp-block-columns is-layout-flex wp-container-core-columns-is-layout-9d6595d7 wp-block-columns-is-layout-flex\">\n<div class=\"wp-block-column is-layout-flow wp-block-column-is-layout-flow\">\n<h2 class=\"wp-block-heading\">Param\u00e8tres des assiettes et bols en acier inoxydable<\/h2>\n\n\n\n<p>Nom du produit : Vaisselle sph\u00e9rique<br>Mat\u00e9riau : Acier inoxydable 304<br>Couleur : Argent\/Or\/Couleur<br>Logo : S\u00e9rigraphie, gravure laser ou sceau en relief<\/p>\n<\/div>\n\n\n\n<div class=\"wp-block-column is-layout-flow wp-block-column-is-layout-flow\">\n<h2 class=\"wp-block-heading\">Option de vaisselle sph\u00e9rique personnalis\u00e9e<\/h2>\n\n\n\n<p>Logo : Personnalisez le logo de votre marque<br>Emballage : Bo\u00eete de couleur\/carton, etc.<br>Motif : Personnalisez le motif de votre choix.<br>MOQ : 500 pi\u00e8ces<br>Solutions OEM et ODM d'assiettes \u00e0 dessert personnalis\u00e9es<\/p>\n<\/div>\n<\/div>\n\n\n\n<div class=\"wp-block-columns is-layout-flex wp-container-core-columns-is-layout-9d6595d7 wp-block-columns-is-layout-flex\">\n<div class=\"wp-block-column is-layout-flow wp-block-column-is-layout-flow\">\n<figure class=\"wp-block-image size-full\"><img decoding=\"async\" width=\"800\" height=\"800\" src=\"https:\/\/www.chancescook.com\/wp-content\/uploads\/2025\/07\/Stainless-Steel-Plates-and-Bowls-Wholesale-6.webp\" alt=\"Assiettes et bols en acier inoxydable, commerce de gros (6)\" class=\"wp-image-5211\" srcset=\"https:\/\/www.chancescook.com\/wp-content\/uploads\/2025\/07\/Stainless-Steel-Plates-and-Bowls-Wholesale-6.webp 800w, https:\/\/www.chancescook.com\/wp-content\/uploads\/2025\/07\/Stainless-Steel-Plates-and-Bowls-Wholesale-6-300x300.webp 300w, https:\/\/www.chancescook.com\/wp-content\/uploads\/2025\/07\/Stainless-Steel-Plates-and-Bowls-Wholesale-6-150x150.webp 150w, https:\/\/www.chancescook.com\/wp-content\/uploads\/2025\/07\/Stainless-Steel-Plates-and-Bowls-Wholesale-6-768x768.webp 768w, https:\/\/www.chancescook.com\/wp-content\/uploads\/2025\/07\/Stainless-Steel-Plates-and-Bowls-Wholesale-6-12x12.webp 12w, https:\/\/www.chancescook.com\/wp-content\/uploads\/2025\/07\/Stainless-Steel-Plates-and-Bowls-Wholesale-6-285x285.webp 285w, https:\/\/www.chancescook.com\/wp-content\/uploads\/2025\/07\/Stainless-Steel-Plates-and-Bowls-Wholesale-6-270x270.webp 270w, https:\/\/www.chancescook.com\/wp-content\/uploads\/2025\/07\/Stainless-Steel-Plates-and-Bowls-Wholesale-6-540x540.webp 540w, https:\/\/www.chancescook.com\/wp-content\/uploads\/2025\/07\/Stainless-Steel-Plates-and-Bowls-Wholesale-6-660x660.webp 660w\" sizes=\"(max-width: 800px) 100vw, 800px\" \/><\/figure>\n<\/div>\n\n\n\n<div class=\"wp-block-column is-layout-flow wp-block-column-is-layout-flow\">\n<figure class=\"wp-block-image size-full\"><img decoding=\"async\" width=\"800\" height=\"800\" src=\"https:\/\/www.chancescook.com\/wp-content\/uploads\/2025\/07\/Custom-Stainless-Steel-Plates-and-Bowls-Wholesale-8.webp\" alt=\"Assiettes et bols en acier inoxydable personnalis\u00e9s en gros (8)\" class=\"wp-image-5205\" srcset=\"https:\/\/www.chancescook.com\/wp-content\/uploads\/2025\/07\/Custom-Stainless-Steel-Plates-and-Bowls-Wholesale-8.webp 800w, https:\/\/www.chancescook.com\/wp-content\/uploads\/2025\/07\/Custom-Stainless-Steel-Plates-and-Bowls-Wholesale-8-300x300.webp 300w, https:\/\/www.chancescook.com\/wp-content\/uploads\/2025\/07\/Custom-Stainless-Steel-Plates-and-Bowls-Wholesale-8-150x150.webp 150w, https:\/\/www.chancescook.com\/wp-content\/uploads\/2025\/07\/Custom-Stainless-Steel-Plates-and-Bowls-Wholesale-8-768x768.webp 768w, https:\/\/www.chancescook.com\/wp-content\/uploads\/2025\/07\/Custom-Stainless-Steel-Plates-and-Bowls-Wholesale-8-12x12.webp 12w, https:\/\/www.chancescook.com\/wp-content\/uploads\/2025\/07\/Custom-Stainless-Steel-Plates-and-Bowls-Wholesale-8-285x285.webp 285w, https:\/\/www.chancescook.com\/wp-content\/uploads\/2025\/07\/Custom-Stainless-Steel-Plates-and-Bowls-Wholesale-8-270x270.webp 270w, https:\/\/www.chancescook.com\/wp-content\/uploads\/2025\/07\/Custom-Stainless-Steel-Plates-and-Bowls-Wholesale-8-540x540.webp 540w, https:\/\/www.chancescook.com\/wp-content\/uploads\/2025\/07\/Custom-Stainless-Steel-Plates-and-Bowls-Wholesale-8-660x660.webp 660w\" sizes=\"(max-width: 800px) 100vw, 800px\" \/><\/figure>\n<\/div>\n<\/div>\n\n\n\n<p><\/p>","protected":false},"excerpt":{"rendered":"<p>En provenance directe d'un fabricant professionnel de vaisselle personnalis\u00e9e, la qualit\u00e9 des assiettes et bols en acier inoxydable est garantie. La surface lisse et brillante refl\u00e8te magnifiquement la lumi\u00e8re, tandis que le design sph\u00e9rique ajoute une touche de modernit\u00e9 \u00e0 votre table. C'est le premier choix pour les restaurants, les caf\u00e9s et les commerces de d\u00e9tail ! Commandez maintenant et am\u00e9liorez l'atmosph\u00e8re de votre salle \u00e0 manger avec cet ensemble de vaisselle exquise et durable !<\/p>\n<h2>Assiettes et bols en acier inoxydable Caract\u00e9ristiques<\/h2>\n<ul>\n<li><strong>Design \u00e9l\u00e9gant en forme de coquille d'\u0153uf<\/strong>: La forme \u00e9l\u00e9gante et arrondie et les lignes douces font de tout d\u00e9cor une \u0153uvre d'art, transformant instantan\u00e9ment votre table \u00e0 manger en une exp\u00e9rience luxueuse !<\/li>\n<li><strong>\u00c9clat miroitant<\/strong>: Fabriqu\u00e9 en acier inoxydable de qualit\u00e9 alimentaire de haute qualit\u00e9, poli \u00e0 un niveau suffisamment pratique pour refl\u00e9ter un miroir ! Scintillant \u00e0 la lumi\u00e8re, il rend le repas encore plus rituel !<\/li>\n<li><strong>Durable et p\u00e9renne<\/strong>R\u00e9sistant aux chutes, \u00e0 la d\u00e9formation et \u00e0 la corrosion, il se rince facilement et conserve son aspect neuf pendant des ann\u00e9es ! C'est pourquoi nos assiettes et bols en acier inoxydable sont si populaires.<\/li>\n<li><strong>Un must pour les consommateurs soucieux du d\u00e9tail :<\/strong> En tant que fabricant professionnel de vaisselle personnalis\u00e9e, nous polissons chaque pi\u00e8ce pour obtenir une finition ultra lisse, garantissant une prise en main douce et confortable. Profitez de votre confort et recevez vos invit\u00e9s avec style !<\/li>\n<li><strong>Une \u0153uvre d'art sur la table<\/strong>: \u00c9l\u00e9gant pour les fruits, les desserts ou comme pi\u00e8ce ma\u00eetresse, il est s\u00fbr de devenir viral dans votre flux Instagram !<\/li>\n<li><strong>A la fois esth\u00e9tique et pratique :<\/strong> Cet ensemble d'assiettes et de bols en acier inoxydable est \u00e0 la fois beau et pratique, pour que chaque repas soit un v\u00e9ritable plaisir.<\/li>\n<\/ul>","protected":false},"featured_media":5208,"comment_status":"closed","ping_status":"closed","template":"","meta":{"_acf_changed":false},"product_brand":[],"product_cat":[55],"product_tag":[],"class_list":{"0":"post-5204","1":"product","2":"type-product","3":"status-publish","4":"has-post-thumbnail","6":"product_cat-tableware-wholesale","8":"first","9":"instock","10":"shipping-taxable","11":"product-type-simple"},"acf":[],"_links":{"self":[{"href":"https:\/\/www.chancescook.com\/fr\/wp-json\/wp\/v2\/product\/5204","targetHints":{"allow":["GET"]}}],"collection":[{"href":"https:\/\/www.chancescook.com\/fr\/wp-json\/wp\/v2\/product"}],"about":[{"href":"https:\/\/www.chancescook.com\/fr\/wp-json\/wp\/v2\/types\/product"}],"replies":[{"embeddable":true,"href":"https:\/\/www.chancescook.com\/fr\/wp-json\/wp\/v2\/comments?post=5204"}],"wp:featuredmedia":[{"embeddable":true,"href":"https:\/\/www.chancescook.com\/fr\/wp-json\/wp\/v2\/media\/5208"}],"wp:attachment":[{"href":"https:\/\/www.chancescook.com\/fr\/wp-json\/wp\/v2\/media?parent=5204"}],"wp:term":[{"taxonomy":"product_brand","embeddable":true,"href":"https:\/\/www.chancescook.com\/fr\/wp-json\/wp\/v2\/product_brand?post=5204"},{"taxonomy":"product_cat","embeddable":true,"href":"https:\/\/www.chancescook.com\/fr\/wp-json\/wp\/v2\/product_cat?post=5204"},{"taxonomy":"product_tag","embeddable":true,"href":"https:\/\/www.chancescook.com\/fr\/wp-json\/wp\/v2\/product_tag?post=5204"}],"curies":[{"name":"wp","href":"https:\/\/api.w.org\/{rel}","templated":true}]}}