{"id":5213,"date":"2025-07-30T16:39:25","date_gmt":"2025-07-30T16:39:25","guid":{"rendered":"https:\/\/www.chancescook.com\/?post_type=product&#038;p=5213"},"modified":"2025-07-30T16:40:25","modified_gmt":"2025-07-30T16:40:25","slug":"stainless-steel-dinner-plates-wholesale","status":"publish","type":"product","link":"https:\/\/www.chancescook.com\/fr\/produit\/stainless-steel-dinner-plates-wholesale\/","title":{"rendered":"Wholesale Stainless Steel Dinner Plates Round Tray Serving Dish in Bulk (Assiettes \u00e0 d\u00eener en acier inoxydable, plateau de service rond, en vrac)"},"content":{"rendered":"<div class=\"wp-block-columns is-layout-flex wp-container-core-columns-is-layout-9d6595d7 wp-block-columns-is-layout-flex\">\n<div class=\"wp-block-column is-layout-flow wp-block-column-is-layout-flow\">\n<h2 class=\"wp-block-heading\">Param\u00e8tres des assiettes en acier inoxydable<\/h2>\n\n\n\n<ul class=\"wp-block-list\">\n<li>Nom du produit : Plaque ronde<\/li>\n\n\n\n<li>Taille\uff1a14\/17\/20\/23\/26\/30\/34 cm<\/li>\n\n\n\n<li>Mat\u00e9riau : acier inoxydable 201\/304<\/li>\n\n\n\n<li>\u00c9paisseur 0,6 mm<\/li>\n\n\n\n<li>MOQ : 60 pi\u00e8ces<\/li>\n\n\n\n<li>Logo : Logo personnalis\u00e9 accept\u00e9<\/li>\n<\/ul>\n<\/div>\n\n\n\n<div class=\"wp-block-column is-layout-flow wp-block-column-is-layout-flow\">\n<h2 class=\"wp-block-heading\">Assiettes \u00e0 d\u00eener personnalis\u00e9es en acier inoxydable <\/h2>\n\n\n\n<ul class=\"wp-block-list\">\n<li>Logo : personnalisez le logo de votre marque<\/li>\n\n\n\n<li>Emballage : bo\u00eete de couleur\/carton, etc.<\/li>\n\n\n\n<li>Motif : personnalisez le motif de votre choix<\/li>\n\n\n\n<li>MOQ : 1000 pi\u00e8ces<\/li>\n\n\n\n<li>Solutions d'assiettes \u00e0 d\u00eener personnalis\u00e9es OEM et ODM<\/li>\n<\/ul>\n<\/div>\n<\/div>\n\n\n\n<div class=\"wp-block-columns is-layout-flex wp-container-core-columns-is-layout-9d6595d7 wp-block-columns-is-layout-flex\">\n<div class=\"wp-block-column is-layout-flow wp-block-column-is-layout-flow\">\n<figure class=\"wp-block-image size-full\"><img decoding=\"async\" width=\"582\" height=\"582\" src=\"https:\/\/www.chancescook.com\/wp-content\/uploads\/2025\/07\/Stainless-Steel-Dinner-Plates-Wholesaler-2.webp\" alt=\"Assiettes plates en acier inoxydable grossiste (2)\" class=\"wp-image-5215\" srcset=\"https:\/\/www.chancescook.com\/wp-content\/uploads\/2025\/07\/Stainless-Steel-Dinner-Plates-Wholesaler-2.webp 582w, https:\/\/www.chancescook.com\/wp-content\/uploads\/2025\/07\/Stainless-Steel-Dinner-Plates-Wholesaler-2-300x300.webp 300w, https:\/\/www.chancescook.com\/wp-content\/uploads\/2025\/07\/Stainless-Steel-Dinner-Plates-Wholesaler-2-150x150.webp 150w, https:\/\/www.chancescook.com\/wp-content\/uploads\/2025\/07\/Stainless-Steel-Dinner-Plates-Wholesaler-2-12x12.webp 12w, https:\/\/www.chancescook.com\/wp-content\/uploads\/2025\/07\/Stainless-Steel-Dinner-Plates-Wholesaler-2-285x285.webp 285w, https:\/\/www.chancescook.com\/wp-content\/uploads\/2025\/07\/Stainless-Steel-Dinner-Plates-Wholesaler-2-270x270.webp 270w, https:\/\/www.chancescook.com\/wp-content\/uploads\/2025\/07\/Stainless-Steel-Dinner-Plates-Wholesaler-2-540x540.webp 540w\" sizes=\"(max-width: 582px) 100vw, 582px\" \/><\/figure>\n<\/div>\n\n\n\n<div class=\"wp-block-column is-layout-flow wp-block-column-is-layout-flow\">\n<figure class=\"wp-block-image size-full\"><img decoding=\"async\" width=\"750\" height=\"750\" src=\"https:\/\/www.chancescook.com\/wp-content\/uploads\/2025\/07\/Stainless-Steel-Dinner-Plates-Wholesaler-4.webp\" alt=\"Assiettes plates en acier inoxydable grossiste (4)\" class=\"wp-image-5217\" srcset=\"https:\/\/www.chancescook.com\/wp-content\/uploads\/2025\/07\/Stainless-Steel-Dinner-Plates-Wholesaler-4.webp 750w, https:\/\/www.chancescook.com\/wp-content\/uploads\/2025\/07\/Stainless-Steel-Dinner-Plates-Wholesaler-4-300x300.webp 300w, https:\/\/www.chancescook.com\/wp-content\/uploads\/2025\/07\/Stainless-Steel-Dinner-Plates-Wholesaler-4-150x150.webp 150w, https:\/\/www.chancescook.com\/wp-content\/uploads\/2025\/07\/Stainless-Steel-Dinner-Plates-Wholesaler-4-12x12.webp 12w, https:\/\/www.chancescook.com\/wp-content\/uploads\/2025\/07\/Stainless-Steel-Dinner-Plates-Wholesaler-4-285x285.webp 285w, https:\/\/www.chancescook.com\/wp-content\/uploads\/2025\/07\/Stainless-Steel-Dinner-Plates-Wholesaler-4-270x270.webp 270w, https:\/\/www.chancescook.com\/wp-content\/uploads\/2025\/07\/Stainless-Steel-Dinner-Plates-Wholesaler-4-540x540.webp 540w, https:\/\/www.chancescook.com\/wp-content\/uploads\/2025\/07\/Stainless-Steel-Dinner-Plates-Wholesaler-4-660x660.webp 660w\" sizes=\"(max-width: 750px) 100vw, 750px\" \/><\/figure>\n<\/div>\n<\/div>","protected":false},"excerpt":{"rendered":"<p>Vente en gros d'assiettes rondes en acier inoxydable personnalis\u00e9es de style r\u00e9tro. Les assiettes ont une surface lisse, \u00e9vitent les r\u00e9sidus alimentaires, sont faciles \u00e0 nettoyer, lavables \u00e0 la main ou au lave-vaisselle, et permettent d'\u00e9conomiser du temps et de la main-d'\u0153uvre. Nous fournissons des solutions d'assiettes \u00e0 d\u00eener personnalis\u00e9es. N'h\u00e9sitez pas \u00e0 nous contacter pour obtenir un devis gratuit.<\/p>\n<h2>Caract\u00e9ristiques et avantages des assiettes en acier inoxydable<\/h2>\n<ul>\n<li><strong>Acier inoxydable 304 de haute qualit\u00e9<\/strong>Les produits sont fabriqu\u00e9s en acier inoxydable 304 de qualit\u00e9 alimentaire, r\u00e9sistant \u00e0 la rouille et \u00e0 la corrosion, robustes et durables pour garantir une utilisation \u00e0 long terme, adapt\u00e9s au contact direct avec les aliments, afin de prot\u00e9ger la sant\u00e9.<\/li>\n<li><strong>Options de tailles multiples<\/strong>: Disponible en 14cm, 17cm, 20cm, 23cm, 26cm, 30cm et 34cm pour r\u00e9pondre aux diff\u00e9rents besoins et occasions, convient pour servir une large gamme de plats tels que les plats principaux, les accompagnements et les desserts.<\/li>\n<li><strong>Conception circulaire<\/strong>Le design circulaire classique s'adapte \u00e0 diff\u00e9rents styles de repas. Il est facile \u00e0 assortir \u00e0 d'autres articles de table et rehausse l'esth\u00e9tique de l'ensemble de la table.<\/li>\n<li><strong>Structure \u00e0 couche unique<\/strong>Le poids l\u00e9ger et la facilit\u00e9 de transport conviennent \u00e0 un usage quotidien et \u00e0 diverses occasions de manger, ce qui est pratique.<\/li>\n<li><strong>R\u00e9sistant aux hautes temp\u00e9ratures<\/strong>R\u00e9sistance sup\u00e9rieure aux hautes temp\u00e9ratures, adapt\u00e9e aux fours, aux micro-ondes et \u00e0 d'autres environnements \u00e0 haute temp\u00e9rature, pas facile \u00e0 d\u00e9former ou \u00e0 endommager.<\/li>\n<li><strong>Facile \u00e0 nettoyer<\/strong>: smooth surface design, prevents food residue, easy to clean, hand wash or dishwasher washable, saves time and labor.<br \/>\nHealthy and safe: non-coated design, does not contain harmful substances, to ensure the purity and safety of food, suitable for long-term use.<\/li>\n<li><strong>D\u00e9coratif<\/strong>: Son design unique en fait non seulement un ustensile de table pratique, mais aussi un d\u00e9cor lumineux sur la table, rehaussant la beaut\u00e9 de l'environnement de la salle \u00e0 manger.<\/li>\n<li><strong>Offrir une solution personnalis\u00e9e pour les assiettes \u00e0 d\u00eener.<\/strong><\/li>\n<li><strong>Support des assiettes \u00e0 d\u00eener personnalis\u00e9es OEM&amp;ODM.<\/strong><\/li>\n<\/ul>","protected":false},"featured_media":5218,"comment_status":"closed","ping_status":"closed","template":"","meta":{"_acf_changed":false},"product_brand":[],"product_cat":[55],"product_tag":[],"class_list":{"0":"post-5213","1":"product","2":"type-product","3":"status-publish","4":"has-post-thumbnail","6":"product_cat-tableware-wholesale","8":"first","9":"instock","10":"shipping-taxable","11":"product-type-simple"},"acf":[],"_links":{"self":[{"href":"https:\/\/www.chancescook.com\/fr\/wp-json\/wp\/v2\/product\/5213","targetHints":{"allow":["GET"]}}],"collection":[{"href":"https:\/\/www.chancescook.com\/fr\/wp-json\/wp\/v2\/product"}],"about":[{"href":"https:\/\/www.chancescook.com\/fr\/wp-json\/wp\/v2\/types\/product"}],"replies":[{"embeddable":true,"href":"https:\/\/www.chancescook.com\/fr\/wp-json\/wp\/v2\/comments?post=5213"}],"wp:featuredmedia":[{"embeddable":true,"href":"https:\/\/www.chancescook.com\/fr\/wp-json\/wp\/v2\/media\/5218"}],"wp:attachment":[{"href":"https:\/\/www.chancescook.com\/fr\/wp-json\/wp\/v2\/media?parent=5213"}],"wp:term":[{"taxonomy":"product_brand","embeddable":true,"href":"https:\/\/www.chancescook.com\/fr\/wp-json\/wp\/v2\/product_brand?post=5213"},{"taxonomy":"product_cat","embeddable":true,"href":"https:\/\/www.chancescook.com\/fr\/wp-json\/wp\/v2\/product_cat?post=5213"},{"taxonomy":"product_tag","embeddable":true,"href":"https:\/\/www.chancescook.com\/fr\/wp-json\/wp\/v2\/product_tag?post=5213"}],"curies":[{"name":"wp","href":"https:\/\/api.w.org\/{rel}","templated":true}]}}