{"id":5219,"date":"2025-07-30T17:18:12","date_gmt":"2025-07-30T17:18:12","guid":{"rendered":"https:\/\/www.chancescook.com\/?post_type=product&#038;p=5219"},"modified":"2025-07-30T17:18:14","modified_gmt":"2025-07-30T17:18:14","slug":"stainless-steel-oval-tray-supplier","status":"publish","type":"product","link":"https:\/\/www.chancescook.com\/fr\/produit\/stainless-steel-oval-tray-supplier\/","title":{"rendered":"Bulk Stainless Steel Oval Tray Gold \/ Silver Dessert Plates Sushi Trays Supplier"},"content":{"rendered":"<div class=\"wp-block-columns is-layout-flex wp-container-core-columns-is-layout-9d6595d7 wp-block-columns-is-layout-flex\">\n<div class=\"wp-block-column is-layout-flow wp-block-column-is-layout-flow\">\n<h2 class=\"wp-block-heading\">Param\u00e8tres du plateau ovale en acier inoxydable<\/h2>\n\n\n\n<p>Nom du produit : Assiettes ovales\/plateaux \u00e0 sushi<br>Taille : Tailles min\/moyenne\/max<br>Mat\u00e9riel : Sus 201<br>Couleur : argent\/or<br>Logo : Logo personnalis\u00e9 accept\u00e9<\/p>\n<\/div>\n\n\n\n<div class=\"wp-block-column is-layout-flow wp-block-column-is-layout-flow\">\n<h2 class=\"wp-block-heading\">Assiettes \u00e0 dessert\/plateaux \u00e0 sushi personnalis\u00e9s<\/h2>\n\n\n\n<p>Logo : personnalisez le logo de votre marque<br>Emballage : bo\u00eete de couleur\/carton, etc.<br>Motif : personnalisez le motif que vous souhaitez.<br>MOQ : 1000 pi\u00e8ces<br>Solutions OEM et ODM d'assiettes \u00e0 dessert personnalis\u00e9es<\/p>\n<\/div>\n<\/div>\n\n\n\n<div class=\"wp-block-columns is-layout-flex wp-container-core-columns-is-layout-9d6595d7 wp-block-columns-is-layout-flex\">\n<div class=\"wp-block-column is-layout-flow wp-block-column-is-layout-flow\">\n<figure class=\"wp-block-image size-full\"><img decoding=\"async\" width=\"750\" height=\"750\" src=\"https:\/\/www.chancescook.com\/wp-content\/uploads\/2025\/07\/Bulk-Stainless-Steel-Oval-Tray-Wholesaler-2.webp\" alt=\"Grossiste plateaux ovales en acier inoxydable (2)\" class=\"wp-image-5222\" srcset=\"https:\/\/www.chancescook.com\/wp-content\/uploads\/2025\/07\/Bulk-Stainless-Steel-Oval-Tray-Wholesaler-2.webp 750w, https:\/\/www.chancescook.com\/wp-content\/uploads\/2025\/07\/Bulk-Stainless-Steel-Oval-Tray-Wholesaler-2-300x300.webp 300w, https:\/\/www.chancescook.com\/wp-content\/uploads\/2025\/07\/Bulk-Stainless-Steel-Oval-Tray-Wholesaler-2-150x150.webp 150w, https:\/\/www.chancescook.com\/wp-content\/uploads\/2025\/07\/Bulk-Stainless-Steel-Oval-Tray-Wholesaler-2-12x12.webp 12w, https:\/\/www.chancescook.com\/wp-content\/uploads\/2025\/07\/Bulk-Stainless-Steel-Oval-Tray-Wholesaler-2-285x285.webp 285w, https:\/\/www.chancescook.com\/wp-content\/uploads\/2025\/07\/Bulk-Stainless-Steel-Oval-Tray-Wholesaler-2-270x270.webp 270w, https:\/\/www.chancescook.com\/wp-content\/uploads\/2025\/07\/Bulk-Stainless-Steel-Oval-Tray-Wholesaler-2-540x540.webp 540w, https:\/\/www.chancescook.com\/wp-content\/uploads\/2025\/07\/Bulk-Stainless-Steel-Oval-Tray-Wholesaler-2-660x660.webp 660w\" sizes=\"(max-width: 750px) 100vw, 750px\" \/><\/figure>\n<\/div>\n\n\n\n<div class=\"wp-block-column is-layout-flow wp-block-column-is-layout-flow\">\n<figure class=\"wp-block-image size-full\"><img decoding=\"async\" width=\"749\" height=\"749\" src=\"https:\/\/www.chancescook.com\/wp-content\/uploads\/2025\/07\/Bulk-Stainless-Steel-Oval-Tray-Wholesaler-1.webp\" alt=\"Grossiste plateaux ovales en acier inoxydable (1)\" class=\"wp-image-5221\" srcset=\"https:\/\/www.chancescook.com\/wp-content\/uploads\/2025\/07\/Bulk-Stainless-Steel-Oval-Tray-Wholesaler-1.webp 749w, https:\/\/www.chancescook.com\/wp-content\/uploads\/2025\/07\/Bulk-Stainless-Steel-Oval-Tray-Wholesaler-1-300x300.webp 300w, https:\/\/www.chancescook.com\/wp-content\/uploads\/2025\/07\/Bulk-Stainless-Steel-Oval-Tray-Wholesaler-1-150x150.webp 150w, https:\/\/www.chancescook.com\/wp-content\/uploads\/2025\/07\/Bulk-Stainless-Steel-Oval-Tray-Wholesaler-1-12x12.webp 12w, https:\/\/www.chancescook.com\/wp-content\/uploads\/2025\/07\/Bulk-Stainless-Steel-Oval-Tray-Wholesaler-1-285x285.webp 285w, https:\/\/www.chancescook.com\/wp-content\/uploads\/2025\/07\/Bulk-Stainless-Steel-Oval-Tray-Wholesaler-1-270x270.webp 270w, https:\/\/www.chancescook.com\/wp-content\/uploads\/2025\/07\/Bulk-Stainless-Steel-Oval-Tray-Wholesaler-1-540x540.webp 540w, https:\/\/www.chancescook.com\/wp-content\/uploads\/2025\/07\/Bulk-Stainless-Steel-Oval-Tray-Wholesaler-1-660x660.webp 660w\" sizes=\"(max-width: 749px) 100vw, 749px\" \/><\/figure>\n<\/div>\n<\/div>\n\n\n\n<p><\/p>","protected":false},"excerpt":{"rendered":"<p>Bienvenue dans notre s\u00e9rie de plateaux ovales en acier inoxydable en vrac, \u00e9l\u00e9gants et pratiques, disponibles dans les styles or et argent, convenant aux assiettes \u00e0 dessert, aux plateaux \u00e0 sushi et \u00e0 d'autres sc\u00e9narios. Fabriqu\u00e9s en acier inoxydable de haute qualit\u00e9, ils sont \u00e0 la fois beaux et durables, et conviennent aux restaurants, aux banquets et aux lieux de restauration haut de gamme. En tant que fournisseur professionnel, nous vous proposons un service d'achat en gros stable et fiable !<\/p>\n<h3>Caract\u00e9ristiques et avantages des plateaux ovales en acier inoxydable<\/h3>\n<ul>\n<li><strong>Acier inoxydable de haute qualit\u00e9<\/strong>Les produits sont fabriqu\u00e9s en acier inoxydable 201 de haute qualit\u00e9, robustes et durables, r\u00e9sistants \u00e0 la rouille et \u00e0 la corrosion pour garantir une utilisation \u00e0 long terme. Ils conviennent \u00e0 une utilisation fr\u00e9quente dans les h\u00f4tels et les restaurants.<\/li>\n<li><strong>Conception<\/strong>Le style simple et \u00e9l\u00e9gant de la table rehausse l'esth\u00e9tique de la table et convient \u00e0 une vari\u00e9t\u00e9 de lieux de restauration haut de gamme, faisant preuve de go\u00fbt et de style.<br \/>\nTaille personnalis\u00e9e : Fournit une vari\u00e9t\u00e9 d'options de taille pour r\u00e9pondre aux diff\u00e9rents besoins de restauration, qu'il s'agisse de desserts d\u00e9licats ou de snacks vari\u00e9s, vous pouvez trouver la bonne taille.<\/li>\n<li><strong>Design ovale<\/strong>: Le design ovale de l'assiette \u00e0 d\u00eener augmente la flexibilit\u00e9 et la beaut\u00e9 de l'assiette. Elle convient \u00e0 la pr\u00e9sentation de toutes sortes de desserts, d'en-cas et de petits plats avant le d\u00eener, am\u00e9liorant ainsi l'effet visuel de la nourriture.<\/li>\n<li><strong>Sain et s\u00fbr<\/strong>Les produits sont fabriqu\u00e9s en acier inoxydable de qualit\u00e9 alimentaire, sans substances nocives, ce qui garantit la s\u00e9curit\u00e9 alimentaire et une utilisation s\u00fbre.<\/li>\n<li><strong>Facile \u00e0 nettoyer<\/strong>La surface lisse emp\u00eache la formation de r\u00e9sidus alimentaires. Facile \u00e0 nettoyer, elle peut \u00eatre lav\u00e9e \u00e0 la main ou au lave-vaisselle, ce qui permet d'\u00e9conomiser du temps et de la main-d'\u0153uvre et convient \u00e0 un service de restauration efficace.<\/li>\n<li><strong>Forte durabilit\u00e9<\/strong>L'acier inoxydable est r\u00e9sistant aux temp\u00e9ratures \u00e9lev\u00e9es et aux chocs, ne se d\u00e9forme pas et ne s'ab\u00eeme pas facilement, et convient \u00e0 une utilisation intensive dans les cuisines commerciales.<\/li>\n<li><strong>Utilisation multifonctionnelle<\/strong>: non seulement pour les desserts et les snacks, mais aussi pour pr\u00e9senter des sushis, des sashimis, des hors-d'\u0153uvre et bien d'autres cuisines, polyvalent et pratique.<\/li>\n<li><strong>Aspect tendance<\/strong>Le design simple et g\u00e9n\u00e9reux, adapt\u00e9 \u00e0 une grande vari\u00e9t\u00e9 de styles de restauration, est un outil de pr\u00e9sentation pratique et esth\u00e9tique sur la table.<\/li>\n<li><strong>Personnalisation professionnelle<\/strong>Les services d'information et de communication de l'Union europ\u00e9enne : ils permettent une personnalisation pour r\u00e9pondre aux besoins sp\u00e9cifiques des h\u00f4tels et des restaurants, et am\u00e9liorent l'image de marque et la satisfaction de la client\u00e8le.<\/li>\n<\/ul>\n<h3>Fabricant de vaisselle en acier inoxydable :<\/h3>\n<p>L'approvisionnement direct au prix d'usine permet aux grossistes d'obtenir des marges b\u00e9n\u00e9ficiaires plus importantes. Elle peut fournir aux clients une \u00e9tiquette priv\u00e9e et une personnalisation de l'emballage, cr\u00e9er des gobelets de camping personnalis\u00e9s de marque exclusive, et am\u00e9liorer la reconnaissance et la comp\u00e9titivit\u00e9 des produits sur le march\u00e9.<\/p>","protected":false},"featured_media":5220,"comment_status":"closed","ping_status":"closed","template":"","meta":{"_acf_changed":false},"product_brand":[],"product_cat":[55],"product_tag":[],"class_list":{"0":"post-5219","1":"product","2":"type-product","3":"status-publish","4":"has-post-thumbnail","6":"product_cat-tableware-wholesale","8":"first","9":"instock","10":"shipping-taxable","11":"product-type-simple"},"acf":[],"_links":{"self":[{"href":"https:\/\/www.chancescook.com\/fr\/wp-json\/wp\/v2\/product\/5219","targetHints":{"allow":["GET"]}}],"collection":[{"href":"https:\/\/www.chancescook.com\/fr\/wp-json\/wp\/v2\/product"}],"about":[{"href":"https:\/\/www.chancescook.com\/fr\/wp-json\/wp\/v2\/types\/product"}],"replies":[{"embeddable":true,"href":"https:\/\/www.chancescook.com\/fr\/wp-json\/wp\/v2\/comments?post=5219"}],"wp:featuredmedia":[{"embeddable":true,"href":"https:\/\/www.chancescook.com\/fr\/wp-json\/wp\/v2\/media\/5220"}],"wp:attachment":[{"href":"https:\/\/www.chancescook.com\/fr\/wp-json\/wp\/v2\/media?parent=5219"}],"wp:term":[{"taxonomy":"product_brand","embeddable":true,"href":"https:\/\/www.chancescook.com\/fr\/wp-json\/wp\/v2\/product_brand?post=5219"},{"taxonomy":"product_cat","embeddable":true,"href":"https:\/\/www.chancescook.com\/fr\/wp-json\/wp\/v2\/product_cat?post=5219"},{"taxonomy":"product_tag","embeddable":true,"href":"https:\/\/www.chancescook.com\/fr\/wp-json\/wp\/v2\/product_tag?post=5219"}],"curies":[{"name":"wp","href":"https:\/\/api.w.org\/{rel}","templated":true}]}}