{"id":5287,"date":"2025-08-14T17:14:58","date_gmt":"2025-08-14T17:14:58","guid":{"rendered":"https:\/\/www.chancescook.com\/?post_type=product&#038;p=5287"},"modified":"2025-12-15T02:49:33","modified_gmt":"2025-12-15T02:49:33","slug":"custom-11-piece-cookware-set-wholesale","status":"publish","type":"product","link":"https:\/\/www.chancescook.com\/fr\/produit\/custom-11-piece-cookware-set-wholesale\/","title":{"rendered":"Batterie de cuisine 11 pi\u00e8ces sur mesure Wholesale, compatible avec diff\u00e9rentes cuisini\u00e8res"},"content":{"rendered":"<div class=\"wp-block-columns is-layout-flex wp-container-core-columns-is-layout-9d6595d7 wp-block-columns-is-layout-flex\">\n<div class=\"wp-block-column is-layout-flow wp-block-column-is-layout-flow\">\n<h2 class=\"wp-block-heading\">Param\u00e8tres de la batterie de cuisine 11 pi\u00e8ces<\/h2>\n\n\n\n<ul class=\"wp-block-list\">\n<li><strong>Mat\u00e9riau :<\/strong> SS201<\/li>\n\n\n\n<li><strong>Couleur<\/strong>: Argent<\/li>\n\n\n\n<li><strong>Le fond<\/strong>: Base encapsul\u00e9e (SUS+1.2mm Alu+SUS)<\/li>\n\n\n\n<li><strong>Couvercle :<\/strong> Couvercles en acier inoxydable<\/li>\n\n\n\n<li><strong>Tailles<\/strong>54\u00d733\u00d746cm<\/li>\n\n\n\n<li><strong>Remarque :<\/strong> Soutenir l'inspection de la qualit\u00e9 pour les commandes de petits lots<\/li>\n<\/ul>\n<\/div>\n\n\n\n<div class=\"wp-block-column is-layout-flow wp-block-column-is-layout-flow\">\n<h2 class=\"wp-block-heading\">Options d'ustensiles de cuisine personnalis\u00e9s<\/h2>\n\n\n\n<ul class=\"wp-block-list\">\n<li><strong>Logo :<\/strong> Personnalisable avec le logo de votre marque<\/li>\n\n\n\n<li><strong>Poign\u00e9e<\/strong>: Une poign\u00e9e adapt\u00e9e \u00e0 votre style<\/li>\n\n\n\n<li><strong>Emballage<\/strong>: Bo\u00eete de couleur\/Carton, etc.<\/li>\n<\/ul>\n<\/div>\n<\/div>\n\n\n\n<p><strong><a href=\"https:\/\/www.chancescook.com\/fr\/\">Fabricant d'ustensiles de cuisine Chancescook<\/a><\/strong> propose des prix d'usine et des services de personnalisation OEM. Contactez-nous pour obtenir le meilleur devis d'un fabricant d'ustensiles de cuisine fiable.<\/p>\n\n\n\n<div class=\"wp-block-columns is-layout-flex wp-container-core-columns-is-layout-9d6595d7 wp-block-columns-is-layout-flex\">\n<div class=\"wp-block-column is-layout-flow wp-block-column-is-layout-flow\">\n<figure class=\"wp-block-image size-full\"><img decoding=\"async\" width=\"800\" height=\"800\" src=\"https:\/\/www.chancescook.com\/wp-content\/uploads\/2025\/08\/Custom-11-Piece-Cookware-Set-Wholesale-Manufacturer-1.webp\" alt=\"Batterie de cuisine 11 pi\u00e8ces sur mesure Fabricant en gros (1)\" class=\"wp-image-5701\" srcset=\"https:\/\/www.chancescook.com\/wp-content\/uploads\/2025\/08\/Custom-11-Piece-Cookware-Set-Wholesale-Manufacturer-1.webp 800w, https:\/\/www.chancescook.com\/wp-content\/uploads\/2025\/08\/Custom-11-Piece-Cookware-Set-Wholesale-Manufacturer-1-300x300.webp 300w, https:\/\/www.chancescook.com\/wp-content\/uploads\/2025\/08\/Custom-11-Piece-Cookware-Set-Wholesale-Manufacturer-1-150x150.webp 150w, https:\/\/www.chancescook.com\/wp-content\/uploads\/2025\/08\/Custom-11-Piece-Cookware-Set-Wholesale-Manufacturer-1-768x768.webp 768w, https:\/\/www.chancescook.com\/wp-content\/uploads\/2025\/08\/Custom-11-Piece-Cookware-Set-Wholesale-Manufacturer-1-12x12.webp 12w, https:\/\/www.chancescook.com\/wp-content\/uploads\/2025\/08\/Custom-11-Piece-Cookware-Set-Wholesale-Manufacturer-1-285x285.webp 285w, https:\/\/www.chancescook.com\/wp-content\/uploads\/2025\/08\/Custom-11-Piece-Cookware-Set-Wholesale-Manufacturer-1-270x270.webp 270w, https:\/\/www.chancescook.com\/wp-content\/uploads\/2025\/08\/Custom-11-Piece-Cookware-Set-Wholesale-Manufacturer-1-540x540.webp 540w, https:\/\/www.chancescook.com\/wp-content\/uploads\/2025\/08\/Custom-11-Piece-Cookware-Set-Wholesale-Manufacturer-1-660x660.webp 660w\" sizes=\"(max-width: 800px) 100vw, 800px\" \/><\/figure>\n<\/div>\n\n\n\n<div class=\"wp-block-column is-layout-flow wp-block-column-is-layout-flow\">\n<figure class=\"wp-block-image size-full\"><img decoding=\"async\" width=\"800\" height=\"800\" src=\"https:\/\/www.chancescook.com\/wp-content\/uploads\/2025\/08\/Custom-11-Piece-Cookware-Set-Wholesale-Manufacturer-2.webp\" alt=\"Batterie de cuisine 11 pi\u00e8ces sur mesure Fabricant en gros (2)\" class=\"wp-image-5702\" srcset=\"https:\/\/www.chancescook.com\/wp-content\/uploads\/2025\/08\/Custom-11-Piece-Cookware-Set-Wholesale-Manufacturer-2.webp 800w, https:\/\/www.chancescook.com\/wp-content\/uploads\/2025\/08\/Custom-11-Piece-Cookware-Set-Wholesale-Manufacturer-2-300x300.webp 300w, https:\/\/www.chancescook.com\/wp-content\/uploads\/2025\/08\/Custom-11-Piece-Cookware-Set-Wholesale-Manufacturer-2-150x150.webp 150w, https:\/\/www.chancescook.com\/wp-content\/uploads\/2025\/08\/Custom-11-Piece-Cookware-Set-Wholesale-Manufacturer-2-768x768.webp 768w, https:\/\/www.chancescook.com\/wp-content\/uploads\/2025\/08\/Custom-11-Piece-Cookware-Set-Wholesale-Manufacturer-2-12x12.webp 12w, https:\/\/www.chancescook.com\/wp-content\/uploads\/2025\/08\/Custom-11-Piece-Cookware-Set-Wholesale-Manufacturer-2-285x285.webp 285w, https:\/\/www.chancescook.com\/wp-content\/uploads\/2025\/08\/Custom-11-Piece-Cookware-Set-Wholesale-Manufacturer-2-270x270.webp 270w, https:\/\/www.chancescook.com\/wp-content\/uploads\/2025\/08\/Custom-11-Piece-Cookware-Set-Wholesale-Manufacturer-2-540x540.webp 540w, https:\/\/www.chancescook.com\/wp-content\/uploads\/2025\/08\/Custom-11-Piece-Cookware-Set-Wholesale-Manufacturer-2-660x660.webp 660w\" sizes=\"(max-width: 800px) 100vw, 800px\" \/><\/figure>\n<\/div>\n\n\n\n<div class=\"wp-block-column is-layout-flow wp-block-column-is-layout-flow\">\n<figure class=\"wp-block-image size-full\"><img decoding=\"async\" width=\"800\" height=\"800\" src=\"https:\/\/www.chancescook.com\/wp-content\/uploads\/2025\/08\/Custom-11-Piece-Cookware-Set-Wholesale-Manufacturer-3.webp\" alt=\"Batterie de cuisine 11 pi\u00e8ces sur mesure Fabricant en gros (3)\" class=\"wp-image-5703\" srcset=\"https:\/\/www.chancescook.com\/wp-content\/uploads\/2025\/08\/Custom-11-Piece-Cookware-Set-Wholesale-Manufacturer-3.webp 800w, https:\/\/www.chancescook.com\/wp-content\/uploads\/2025\/08\/Custom-11-Piece-Cookware-Set-Wholesale-Manufacturer-3-300x300.webp 300w, https:\/\/www.chancescook.com\/wp-content\/uploads\/2025\/08\/Custom-11-Piece-Cookware-Set-Wholesale-Manufacturer-3-150x150.webp 150w, https:\/\/www.chancescook.com\/wp-content\/uploads\/2025\/08\/Custom-11-Piece-Cookware-Set-Wholesale-Manufacturer-3-768x768.webp 768w, https:\/\/www.chancescook.com\/wp-content\/uploads\/2025\/08\/Custom-11-Piece-Cookware-Set-Wholesale-Manufacturer-3-12x12.webp 12w, https:\/\/www.chancescook.com\/wp-content\/uploads\/2025\/08\/Custom-11-Piece-Cookware-Set-Wholesale-Manufacturer-3-285x285.webp 285w, https:\/\/www.chancescook.com\/wp-content\/uploads\/2025\/08\/Custom-11-Piece-Cookware-Set-Wholesale-Manufacturer-3-270x270.webp 270w, https:\/\/www.chancescook.com\/wp-content\/uploads\/2025\/08\/Custom-11-Piece-Cookware-Set-Wholesale-Manufacturer-3-540x540.webp 540w, https:\/\/www.chancescook.com\/wp-content\/uploads\/2025\/08\/Custom-11-Piece-Cookware-Set-Wholesale-Manufacturer-3-660x660.webp 660w\" sizes=\"(max-width: 800px) 100vw, 800px\" \/><\/figure>\n<\/div>\n<\/div>","protected":false},"excerpt":{"rendered":"<p>Ensemble d'ustensiles de cuisine 11 pi\u00e8ces en gros. Cet ensemble comprend un pot \u00e0 lait, une marmite \u00e0 soupe et une po\u00eale \u00e0 frire pour divers besoins de cuisson, y compris l'\u00e9bullition, la cuisson \u00e0 l'\u00e9touff\u00e9e et la cuisson \u00e0 la vapeur. Le fond \u00e0 trois couches assure une conduction rapide de la chaleur. Fabriqu\u00e9s en acier inoxydable durable, ils peuvent \u00eatre lav\u00e9s au lave-vaisselle et conviennent aussi bien \u00e0 un usage commercial que domestique. Contactez-nous pour obtenir le catalogue des produits et un devis.<\/p>\n<p>&nbsp;<\/p>\n<h2>Caract\u00e9ristiques de la batterie de cuisine 11 pi\u00e8ces<\/h2>\n<p>&nbsp;<\/p>\n<ul>\n<li><strong>Performance de cuisson professionnelle<\/strong>: La base de la marmite est fabriqu\u00e9e en triply, ce qui permet de r\u00e9partir uniform\u00e9ment la chaleur et d'\u00e9viter efficacement la surchauffe, garantissant ainsi d'excellents r\u00e9sultats de cuisson.<\/li>\n<li><strong>Ensemble polyvalent<\/strong>: Cette batterie de cuisine compl\u00e8te comprend une marmite, un faitout et une po\u00eale \u00e0 frire, r\u00e9pondant \u00e0 diff\u00e9rents besoins de cuisson, notamment l'\u00e9bullition, la cuisson \u00e0 l'\u00e9touff\u00e9e et la cuisson \u00e0 la vapeur, ce qui la rend adapt\u00e9e aux chefs \u00e0 domicile et aux restaurants.<\/li>\n<li><strong>Facile \u00e0 nettoyer et \u00e0 entretenir<\/strong>: La surface en acier inoxydable non rev\u00eatu est r\u00e9sistante aux rayures et aux taches, et les ustensiles de cuisine de cet ensemble peuvent \u00eatre lav\u00e9s au lave-vaisselle, ce qui les rend adapt\u00e9s aux cuisines commerciales qui exigent un nettoyage efficace et pratique.<\/li>\n<li><strong>Excellente conception d\u00e9taill\u00e9e<\/strong>: Le couvercle ajust\u00e9 avec pr\u00e9cision assure une fermeture s\u00fbre et une meilleure r\u00e9tention de la chaleur. La poign\u00e9e fix\u00e9e par rivet offre une solidit\u00e9 et une durabilit\u00e9 accrues pour une utilisation \u00e0 long terme.<\/li>\n<li><strong>Service de vente en gros d'ustensiles de cuisine<\/strong>: En tant que fabricant fiable d'ustensiles de cuisine en Chine, nous offrons des ustensiles de cuisine en gros aux acheteurs B2B mondiaux dans une grande vari\u00e9t\u00e9 de styles \u00e0 des prix d'usine. Nous proposons \u00e9galement des services OEM.<\/li>\n<\/ul>","protected":false},"featured_media":5288,"comment_status":"closed","ping_status":"closed","template":"","meta":{"_acf_changed":false},"product_brand":[],"product_cat":[53],"product_tag":[],"class_list":{"0":"post-5287","1":"product","2":"type-product","3":"status-publish","4":"has-post-thumbnail","6":"product_cat-wholesale-cookware-sets","8":"first","9":"instock","10":"shipping-taxable","11":"product-type-simple"},"acf":[],"_links":{"self":[{"href":"https:\/\/www.chancescook.com\/fr\/wp-json\/wp\/v2\/product\/5287","targetHints":{"allow":["GET"]}}],"collection":[{"href":"https:\/\/www.chancescook.com\/fr\/wp-json\/wp\/v2\/product"}],"about":[{"href":"https:\/\/www.chancescook.com\/fr\/wp-json\/wp\/v2\/types\/product"}],"replies":[{"embeddable":true,"href":"https:\/\/www.chancescook.com\/fr\/wp-json\/wp\/v2\/comments?post=5287"}],"wp:featuredmedia":[{"embeddable":true,"href":"https:\/\/www.chancescook.com\/fr\/wp-json\/wp\/v2\/media\/5288"}],"wp:attachment":[{"href":"https:\/\/www.chancescook.com\/fr\/wp-json\/wp\/v2\/media?parent=5287"}],"wp:term":[{"taxonomy":"product_brand","embeddable":true,"href":"https:\/\/www.chancescook.com\/fr\/wp-json\/wp\/v2\/product_brand?post=5287"},{"taxonomy":"product_cat","embeddable":true,"href":"https:\/\/www.chancescook.com\/fr\/wp-json\/wp\/v2\/product_cat?post=5287"},{"taxonomy":"product_tag","embeddable":true,"href":"https:\/\/www.chancescook.com\/fr\/wp-json\/wp\/v2\/product_tag?post=5287"}],"curies":[{"name":"wp","href":"https:\/\/api.w.org\/{rel}","templated":true}]}}