{"id":5289,"date":"2025-08-14T17:30:30","date_gmt":"2025-08-14T17:30:30","guid":{"rendered":"https:\/\/www.chancescook.com\/?post_type=product&#038;p=5289"},"modified":"2025-08-14T17:31:44","modified_gmt":"2025-08-14T17:31:44","slug":"12-piece-stainless-steel-cookware-set","status":"publish","type":"product","link":"https:\/\/www.chancescook.com\/fr\/produit\/12-piece-stainless-steel-cookware-set\/","title":{"rendered":"OEM 12 Piece Stainless Steel Cookware Set Wholesale, Compatible with Various Stoves"},"content":{"rendered":"<div class=\"wp-block-columns is-layout-flex wp-container-core-columns-is-layout-9d6595d7 wp-block-columns-is-layout-flex\">\n<div class=\"wp-block-column is-layout-flow wp-block-column-is-layout-flow\">\n<h2 class=\"wp-block-heading\">Param\u00e8tres de la batterie de cuisine 12 pi\u00e8ces en acier inoxydable<\/h2>\n\n\n\n<ul class=\"wp-block-list\">\n<li><strong>Mat\u00e9riau<\/strong>: SS201<\/li>\n\n\n\n<li><strong>Couleur<\/strong>: Argent<\/li>\n\n\n\n<li><strong>Le fond<\/strong>: Base encapsul\u00e9e (SUS+1.2mm Alu+SUS)<\/li>\n\n\n\n<li><strong>Couvercle<\/strong>: Couvercles en acier inoxydable<\/li>\n\n\n\n<li><strong>Tailles<\/strong>:53\u00d734\u00d738cm<\/li>\n\n\n\n<li><strong>Note<\/strong>: Soutenir l'inspection de la qualit\u00e9 pour les commandes de petits lots<\/li>\n<\/ul>\n<\/div>\n\n\n\n<div class=\"wp-block-column is-layout-flow wp-block-column-is-layout-flow\">\n<h2 class=\"wp-block-heading\"><mark style=\"background-color:rgba(0, 0, 0, 0)\" class=\"has-inline-color has-vivid-red-color\"><a href=\"https:\/\/www.chancescook.com\/fr\/custom-cookware\/\">Articles de cuisine sur mesure<\/a><\/mark> Options<\/h2>\n\n\n\n<ul class=\"wp-block-list\">\n<li><strong>Logo<\/strong>: Personnalisable avec le logo de votre marque<\/li>\n\n\n\n<li><strong>Poign\u00e9e<\/strong>: Une poign\u00e9e adapt\u00e9e \u00e0 votre style<\/li>\n\n\n\n<li><strong>Emballage<\/strong>: Bo\u00eete de couleur\/Carton, etc.<\/li>\n<\/ul>\n<\/div>\n<\/div>\n\n\n\n<p><\/p>","protected":false},"excerpt":{"rendered":"<p>Wholesale 12 piece cookware set. This set includes a milk pot, a soup pot, and a fry pan for various cooking needs, including boiling, stewing, and steaming. The three-layer bottom ensures rapid heat conduction. Made of durable stainless steel, they are dishwasher-safe and suitable for both commercial and domestic use. Contact us for the product catalogue and quotation.<\/p>\n<p>Le fabricant d'ustensiles de cuisine Chancescook propose des prix d'usine et des services de personnalisation OEM. Contactez-nous pour obtenir le meilleur devis d'un fabricant d'ustensiles de cuisine fiable.<\/p>\n<p>&nbsp;<\/p>\n<h2>Caract\u00e9ristiques de la batterie de cuisine 12 pi\u00e8ces en acier inoxydable<\/h2>\n<p>&nbsp;<\/p>\n<ul>\n<li><strong>Performance de cuisson professionnelle<\/strong>: La base de la marmite est fabriqu\u00e9e en triply, ce qui permet de r\u00e9partir uniform\u00e9ment la chaleur et d'\u00e9viter efficacement la surchauffe, garantissant ainsi d'excellents r\u00e9sultats de cuisson.<\/li>\n<li><strong>Ensemble polyvalent<\/strong>: Cette batterie de cuisine compl\u00e8te comprend une marmite, un faitout et une po\u00eale \u00e0 frire, r\u00e9pondant \u00e0 diff\u00e9rents besoins de cuisson, notamment l'\u00e9bullition, la cuisson \u00e0 l'\u00e9touff\u00e9e et la cuisson \u00e0 la vapeur, ce qui la rend adapt\u00e9e aux chefs \u00e0 domicile et aux restaurants.<\/li>\n<li><strong>Facile \u00e0 nettoyer et \u00e0 entretenir<\/strong>: La surface en acier inoxydable non rev\u00eatue est \u00e0 la fois r\u00e9sistante aux rayures et aux taches. Les ustensiles de cuisine de cet ensemble peuvent \u00eatre lav\u00e9s au lave-vaisselle, ce qui les rend adapt\u00e9s aux cuisines commerciales qui exigent un nettoyage efficace et pratique.<\/li>\n<li><strong>Excellente conception d\u00e9taill\u00e9e<\/strong>: Le couvercle ajust\u00e9 avec pr\u00e9cision assure une fermeture s\u00fbre et une meilleure r\u00e9tention de la chaleur. La poign\u00e9e fix\u00e9e par rivet offre une solidit\u00e9 et une durabilit\u00e9 accrues pour une utilisation \u00e0 long terme.<\/li>\n<li><strong>Service de vente en gros d'ustensiles de cuisine<\/strong>: En tant que fabricant fiable d'ustensiles de cuisine en Chine, nous offrons des ustensiles de cuisine en gros aux acheteurs B2B mondiaux dans une grande vari\u00e9t\u00e9 de styles \u00e0 des prix d'usine. Nous proposons \u00e9galement des services OEM.<\/li>\n<\/ul>","protected":false},"featured_media":5290,"comment_status":"closed","ping_status":"closed","template":"","meta":{"_acf_changed":false},"product_brand":[],"product_cat":[53],"product_tag":[],"class_list":{"0":"post-5289","1":"product","2":"type-product","3":"status-publish","4":"has-post-thumbnail","6":"product_cat-wholesale-cookware-sets","8":"first","9":"instock","10":"shipping-taxable","11":"product-type-simple"},"acf":[],"_links":{"self":[{"href":"https:\/\/www.chancescook.com\/fr\/wp-json\/wp\/v2\/product\/5289","targetHints":{"allow":["GET"]}}],"collection":[{"href":"https:\/\/www.chancescook.com\/fr\/wp-json\/wp\/v2\/product"}],"about":[{"href":"https:\/\/www.chancescook.com\/fr\/wp-json\/wp\/v2\/types\/product"}],"replies":[{"embeddable":true,"href":"https:\/\/www.chancescook.com\/fr\/wp-json\/wp\/v2\/comments?post=5289"}],"wp:featuredmedia":[{"embeddable":true,"href":"https:\/\/www.chancescook.com\/fr\/wp-json\/wp\/v2\/media\/5290"}],"wp:attachment":[{"href":"https:\/\/www.chancescook.com\/fr\/wp-json\/wp\/v2\/media?parent=5289"}],"wp:term":[{"taxonomy":"product_brand","embeddable":true,"href":"https:\/\/www.chancescook.com\/fr\/wp-json\/wp\/v2\/product_brand?post=5289"},{"taxonomy":"product_cat","embeddable":true,"href":"https:\/\/www.chancescook.com\/fr\/wp-json\/wp\/v2\/product_cat?post=5289"},{"taxonomy":"product_tag","embeddable":true,"href":"https:\/\/www.chancescook.com\/fr\/wp-json\/wp\/v2\/product_tag?post=5289"}],"curies":[{"name":"wp","href":"https:\/\/api.w.org\/{rel}","templated":true}]}}