{"id":5291,"date":"2025-08-14T18:10:25","date_gmt":"2025-08-14T18:10:25","guid":{"rendered":"https:\/\/www.chancescook.com\/?post_type=product&#038;p=5291"},"modified":"2025-12-22T06:42:32","modified_gmt":"2025-12-22T06:42:32","slug":"wholesale-korean-ramen-pot","status":"publish","type":"product","link":"https:\/\/www.chancescook.com\/fr\/produit\/wholesale-korean-ramen-pot\/","title":{"rendered":"Wholesale Korean Ramen Pot Stainless Steel Handcrafted Instant Soup Pot Supplier"},"content":{"rendered":"<div class=\"wp-block-columns is-layout-flex wp-container-core-columns-is-layout-9d6595d7 wp-block-columns-is-layout-flex\">\n<div class=\"wp-block-column is-layout-flow wp-block-column-is-layout-flow\">\n<h2 class=\"wp-block-heading\">Param\u00e8tres de la marmite \u00e0 ramen cor\u00e9enne en acier inoxydable<\/h2>\n\n\n\n<ul class=\"wp-block-list\">\n<li><strong>\u00c9paisseur normale<\/strong>: 0,5 mm<\/li>\n\n\n\n<li><strong>Taille<\/strong>: 18cm<\/li>\n\n\n\n<li>Logo : Gravure au laser<\/li>\n\n\n\n<li>MOQ : 1000 pi\u00e8ces<\/li>\n<\/ul>\n<\/div>\n\n\n\n<div class=\"wp-block-column is-layout-flow wp-block-column-is-layout-flow\">\n<h2 class=\"wp-block-heading\">Pot \u00e0 Ramen en acier inoxydable personnalis\u00e9<\/h2>\n\n\n\n<p>Logo : Personnalisez le logo de votre marque<br>Mat\u00e9riau : Acier inoxydable SUS430<br>\u00c9paisseur du mat\u00e9riau : 0,5 mm<br>Emballage : bo\u00eete de couleur\/carton, etc.<br>Solutions OEM et ODM pour les marmites sur mesure<\/p>\n<\/div>\n<\/div>\n\n\n\n<div class=\"wp-block-columns is-layout-flex wp-container-core-columns-is-layout-9d6595d7 wp-block-columns-is-layout-flex\">\n<div class=\"wp-block-column is-layout-flow wp-block-column-is-layout-flow\">\n<figure class=\"wp-block-image size-full\"><img decoding=\"async\" width=\"457\" height=\"457\" src=\"https:\/\/www.chancescook.com\/wp-content\/uploads\/2025\/08\/Custom-Korean-Ramen-Pot-Wholesale.webp\" alt=\"Pot de ramen cor\u00e9en personnalis\u00e9 en gros\" class=\"wp-image-5292\" srcset=\"https:\/\/www.chancescook.com\/wp-content\/uploads\/2025\/08\/Custom-Korean-Ramen-Pot-Wholesale.webp 457w, https:\/\/www.chancescook.com\/wp-content\/uploads\/2025\/08\/Custom-Korean-Ramen-Pot-Wholesale-300x300.webp 300w, https:\/\/www.chancescook.com\/wp-content\/uploads\/2025\/08\/Custom-Korean-Ramen-Pot-Wholesale-150x150.webp 150w, https:\/\/www.chancescook.com\/wp-content\/uploads\/2025\/08\/Custom-Korean-Ramen-Pot-Wholesale-12x12.webp 12w, https:\/\/www.chancescook.com\/wp-content\/uploads\/2025\/08\/Custom-Korean-Ramen-Pot-Wholesale-285x285.webp 285w, https:\/\/www.chancescook.com\/wp-content\/uploads\/2025\/08\/Custom-Korean-Ramen-Pot-Wholesale-270x270.webp 270w\" sizes=\"(max-width: 457px) 100vw, 457px\" \/><\/figure>\n<\/div>\n\n\n\n<div class=\"wp-block-column is-layout-flow wp-block-column-is-layout-flow\">\n<figure class=\"wp-block-image size-full\"><img decoding=\"async\" width=\"445\" height=\"445\" src=\"https:\/\/www.chancescook.com\/wp-content\/uploads\/2025\/08\/Custom-Korean-Ramen-Pot-Wholesaler.webp\" alt=\"Grossiste en pots de ramen cor\u00e9ens personnalis\u00e9s\" class=\"wp-image-5293\" srcset=\"https:\/\/www.chancescook.com\/wp-content\/uploads\/2025\/08\/Custom-Korean-Ramen-Pot-Wholesaler.webp 445w, https:\/\/www.chancescook.com\/wp-content\/uploads\/2025\/08\/Custom-Korean-Ramen-Pot-Wholesaler-300x300.webp 300w, https:\/\/www.chancescook.com\/wp-content\/uploads\/2025\/08\/Custom-Korean-Ramen-Pot-Wholesaler-150x150.webp 150w, https:\/\/www.chancescook.com\/wp-content\/uploads\/2025\/08\/Custom-Korean-Ramen-Pot-Wholesaler-12x12.webp 12w, https:\/\/www.chancescook.com\/wp-content\/uploads\/2025\/08\/Custom-Korean-Ramen-Pot-Wholesaler-285x285.webp 285w, https:\/\/www.chancescook.com\/wp-content\/uploads\/2025\/08\/Custom-Korean-Ramen-Pot-Wholesaler-270x270.webp 270w\" sizes=\"(max-width: 445px) 100vw, 445px\" \/><\/figure>\n<\/div>\n<\/div>\n\n\n\n<p><\/p>","protected":false},"excerpt":{"rendered":"<p>La marmite \u00e0 nouilles instantan\u00e9es \u00e0 motif de flocons de neige dor\u00e9s est fabriqu\u00e9e en acier inoxydable de haute qualit\u00e9, respectueux de l'environnement et sans rev\u00eatement. Elle est \u00e9quip\u00e9e d'une poign\u00e9e \u00e9paissie en acier inoxydable anti-br\u00fblure et d'une connexion par rivets, offrant une prise confortable et ferme, et emp\u00eachant efficacement les br\u00fblures. Cette marmite \u00e0 ramen cor\u00e9enne convient aux restaurants chinois, aux h\u00f4tels et \u00e0 l'usage domestique. N'h\u00e9sitez pas \u00e0 nous contacter. Le fabricant d'ustensiles de cuisine Chancescook vous propose des services de vente en gros et de personnalisation.<\/p>\n<h2>Caract\u00e9ristiques et avantages de la marmite de ramen cor\u00e9enne<\/h2>\n<ul>\n<li><strong>Mat\u00e9riaux de haute qualit\u00e9<\/strong>: Fabriqu\u00e9 en acier inoxydable de haute qualit\u00e9, il n'est pas sujet aux rayures ou \u00e0 l'usure, peut r\u00e9sister \u00e0 un usage quotidien fr\u00e9quent, n'a pas de rev\u00eatement, est r\u00e9sistant \u00e0 la chaleur et peut \u00eatre utilis\u00e9 en toute s\u00e9curit\u00e9 et sans danger pour la sant\u00e9.<\/li>\n<li><strong>Bonne r\u00e9sistance \u00e0 la chaleur<\/strong>: L'acier inoxydable a une excellente conductivit\u00e9 thermique, ce qui permet de chauffer rapidement et uniform\u00e9ment les ingr\u00e9dients et de rendre les aliments plus savoureux.<\/li>\n<li><strong>Facile \u00e0 nettoyer<\/strong>: Les woks en acier inoxydable sont tr\u00e8s faciles \u00e0 nettoyer et peuvent \u00eatre essuy\u00e9s avec un chiffon doux. La forte r\u00e9sistance \u00e0 la corrosion et la capacit\u00e9 d'anti-d\u00e9formation rendent les casseroles en acier inoxydable aussi bonnes que neuves apr\u00e8s une utilisation de longue dur\u00e9e.<\/li>\n<li><strong>Service de gros<\/strong>: En tant que fabricant d'ustensiles de cuisine en acier inoxydable, <span style=\"color: #993300;\"><a style=\"color: #993300;\" href=\"https:\/\/www.chancescook.com\/fr\/\"><strong>Chancescook<\/strong><\/a><\/span> propose aux distributeurs et aux d\u00e9taillants des pots de nouilles instantan\u00e9es dor\u00e9s en gros, ainsi que des services professionnels de personnalisation.<\/li>\n<\/ul>\n<p>&nbsp;<\/p>","protected":false},"featured_media":5790,"comment_status":"closed","ping_status":"closed","template":"","meta":{"_acf_changed":false},"product_brand":[],"product_cat":[62,52],"product_tag":[],"class_list":{"0":"post-5291","1":"product","2":"type-product","3":"status-publish","4":"has-post-thumbnail","6":"product_cat-wholesale-soup-pot","7":"product_cat-cookware-wholesale","9":"first","10":"instock","11":"shipping-taxable","12":"product-type-simple"},"acf":[],"_links":{"self":[{"href":"https:\/\/www.chancescook.com\/fr\/wp-json\/wp\/v2\/product\/5291","targetHints":{"allow":["GET"]}}],"collection":[{"href":"https:\/\/www.chancescook.com\/fr\/wp-json\/wp\/v2\/product"}],"about":[{"href":"https:\/\/www.chancescook.com\/fr\/wp-json\/wp\/v2\/types\/product"}],"replies":[{"embeddable":true,"href":"https:\/\/www.chancescook.com\/fr\/wp-json\/wp\/v2\/comments?post=5291"}],"wp:featuredmedia":[{"embeddable":true,"href":"https:\/\/www.chancescook.com\/fr\/wp-json\/wp\/v2\/media\/5790"}],"wp:attachment":[{"href":"https:\/\/www.chancescook.com\/fr\/wp-json\/wp\/v2\/media?parent=5291"}],"wp:term":[{"taxonomy":"product_brand","embeddable":true,"href":"https:\/\/www.chancescook.com\/fr\/wp-json\/wp\/v2\/product_brand?post=5291"},{"taxonomy":"product_cat","embeddable":true,"href":"https:\/\/www.chancescook.com\/fr\/wp-json\/wp\/v2\/product_cat?post=5291"},{"taxonomy":"product_tag","embeddable":true,"href":"https:\/\/www.chancescook.com\/fr\/wp-json\/wp\/v2\/product_tag?post=5291"}],"curies":[{"name":"wp","href":"https:\/\/api.w.org\/{rel}","templated":true}]}}