{"id":5359,"date":"2025-08-31T19:36:45","date_gmt":"2025-08-31T19:36:45","guid":{"rendered":"https:\/\/www.chancescook.com\/?post_type=product&#038;p=5359"},"modified":"2025-09-22T06:42:50","modified_gmt":"2025-09-22T06:42:50","slug":"bulk-pots-and-pans-12-piece","status":"publish","type":"product","link":"https:\/\/www.chancescook.com\/fr\/produit\/bulk-pots-and-pans-12-piece\/","title":{"rendered":"Batterie de cuisine 12 pi\u00e8ces Bulk Pots and Pans - Compatible avec diverses cuisini\u00e8res"},"content":{"rendered":"<div class=\"wp-block-columns is-layout-flex wp-container-core-columns-is-layout-9d6595d7 wp-block-columns-is-layout-flex\">\n<div class=\"wp-block-column is-layout-flow wp-block-column-is-layout-flow\">\n<h2 class=\"wp-block-heading\">Param\u00e8tres de la batterie de cuisine 12 pi\u00e8ces<\/h2>\n\n\n\n<ul class=\"wp-block-list\">\n<li><strong>Mat\u00e9riau : <\/strong>SS201<\/li>\n\n\n\n<li><strong>Couleur : <\/strong>Argent<\/li>\n\n\n\n<li><strong>Le fond<\/strong>: Base encapsul\u00e9e (SUS+1.2mm Alu+SUS)<\/li>\n\n\n\n<li><strong>Couvercle : <\/strong>Couvercles en verre<\/li>\n\n\n\n<li><strong>Tailles<\/strong>:51\u00d728\u00d747cm<\/li>\n\n\n\n<li><strong>Remarque :<\/strong> Soutenir l'inspection de la qualit\u00e9 pour les commandes de petits lots<\/li>\n<\/ul>\n<\/div>\n\n\n\n<div class=\"wp-block-column is-layout-flow wp-block-column-is-layout-flow\">\n<h2 class=\"wp-block-heading\">Options d'ustensiles de cuisine personnalis\u00e9s<\/h2>\n\n\n\n<ul class=\"wp-block-list\">\n<li><strong>Logo :<\/strong> Personnalisable avec le logo de votre marque<\/li>\n\n\n\n<li><strong>Poign\u00e9e :<\/strong> Une poign\u00e9e adapt\u00e9e \u00e0 votre style<\/li>\n\n\n\n<li><strong>Emballage :<\/strong> Bo\u00eete de couleur\/Carton, etc.<\/li>\n<\/ul>\n<\/div>\n<\/div>\n\n\n\n<p><a href=\"https:\/\/www.chancescook.com\/fr\/\"><strong>Fabricant d'ustensiles de cuisine Chancescook<\/strong> <\/a>offers factory pricing and OEM customization services. Contact us for the best quote from a reliable bulk pots and pans set manufacturer.<\/p>\n\n\n\n<p><\/p>","protected":false},"excerpt":{"rendered":"<p>Wholesale 12 piece cookware set. This bulk pots and pans set includes a milk pot, soup pot, and stewpot for various cooking needs, including boiling, stewing, and steaming. The three-layer bottom ensures rapid heat conduction. Made of durable stainless steel, they are dishwasher-safe and suitable for both commercial and domestic use. Contact us for the product catalogue and quotation.<\/p>\n<h3>Bulk Pots and Pans Features:<\/h3>\n<ul>\n<li><strong>Performance de cuisson professionnelle :<\/strong> The pot base is made of triply material, which evenly distributes heat and effectively prevents overheating, ensuring excellent cooking results.<\/li>\n<li><strong>Versatile Set:<\/strong> This complete cookware set includes a stock pot, stewpot, and milk pot, meeting various cooking needs, including boiling, stewing, and steaming, making it suitable for home chefs and restaurants.<\/li>\n<li><strong>Facile \u00e0 nettoyer et \u00e0 entretenir :<\/strong> The uncoated stainless steel surface is scratch-resistant and stain-resistant, and the cookware in this set is dishwasher-safe, making it suitable for commercial kitchens that demand efficient, convenient cleaning.<\/li>\n<li><strong>Excellente conception d\u00e9taill\u00e9e :<\/strong> The precision-fitted lid provides a secure seal and enhanced heat retention. The rivet-attached handle provides added strength and durability for long-term use.<\/li>\n<li><strong>Wholesale Cookware Service:<\/strong> As a reliable cookware manufacturer from China, we offer wholesale cookware to global B2B buyers in a wide variety of styles at factory pricing. We also support brand OEM services.<\/li>\n<\/ul>","protected":false},"featured_media":5360,"comment_status":"closed","ping_status":"closed","template":"","meta":{"_acf_changed":false},"product_brand":[],"product_cat":[53],"product_tag":[],"class_list":{"0":"post-5359","1":"product","2":"type-product","3":"status-publish","4":"has-post-thumbnail","6":"product_cat-wholesale-cookware-sets","8":"first","9":"instock","10":"shipping-taxable","11":"product-type-simple"},"acf":[],"_links":{"self":[{"href":"https:\/\/www.chancescook.com\/fr\/wp-json\/wp\/v2\/product\/5359","targetHints":{"allow":["GET"]}}],"collection":[{"href":"https:\/\/www.chancescook.com\/fr\/wp-json\/wp\/v2\/product"}],"about":[{"href":"https:\/\/www.chancescook.com\/fr\/wp-json\/wp\/v2\/types\/product"}],"replies":[{"embeddable":true,"href":"https:\/\/www.chancescook.com\/fr\/wp-json\/wp\/v2\/comments?post=5359"}],"wp:featuredmedia":[{"embeddable":true,"href":"https:\/\/www.chancescook.com\/fr\/wp-json\/wp\/v2\/media\/5360"}],"wp:attachment":[{"href":"https:\/\/www.chancescook.com\/fr\/wp-json\/wp\/v2\/media?parent=5359"}],"wp:term":[{"taxonomy":"product_brand","embeddable":true,"href":"https:\/\/www.chancescook.com\/fr\/wp-json\/wp\/v2\/product_brand?post=5359"},{"taxonomy":"product_cat","embeddable":true,"href":"https:\/\/www.chancescook.com\/fr\/wp-json\/wp\/v2\/product_cat?post=5359"},{"taxonomy":"product_tag","embeddable":true,"href":"https:\/\/www.chancescook.com\/fr\/wp-json\/wp\/v2\/product_tag?post=5359"}],"curies":[{"name":"wp","href":"https:\/\/api.w.org\/{rel}","templated":true}]}}