{"id":5414,"date":"2025-09-17T06:19:28","date_gmt":"2025-09-17T06:19:28","guid":{"rendered":"https:\/\/www.chancescook.com\/?post_type=product&#038;p=5414"},"modified":"2025-09-24T07:08:13","modified_gmt":"2025-09-24T07:08:13","slug":"12-piece-pot-and-pan-set-manufacturer","status":"publish","type":"product","link":"https:\/\/www.chancescook.com\/fr\/produit\/12-piece-pot-and-pan-set-manufacturer\/","title":{"rendered":"12 Piece Pot and Pan Set Manufacturer, Stainless Steel Cookware Set Supplier"},"content":{"rendered":"<div class=\"wp-block-columns is-layout-flex wp-container-core-columns-is-layout-9d6595d7 wp-block-columns-is-layout-flex\">\n<div class=\"wp-block-column is-layout-flow wp-block-column-is-layout-flow\">\n<h2 class=\"wp-block-heading\">Param\u00e8tres de l'ensemble de 12 casseroles et po\u00eales\uff1a<\/h2>\n\n\n\n<ul class=\"wp-block-list\">\n<li><strong>Mat\u00e9riau : <\/strong>SS410<\/li>\n\n\n\n<li><strong>Couleur :<\/strong> Argent<\/li>\n\n\n\n<li><strong>Le fond<\/strong>: Base encapsul\u00e9e (SUS+1.2mm Alu+SUS)<\/li>\n\n\n\n<li><strong>Couvercle :<\/strong> Couvercles en verre<\/li>\n\n\n\n<li><strong>Tailles<\/strong>:54\u00d731\u00d752cm<\/li>\n\n\n\n<li><strong>Remarque :<\/strong> Soutenir l'inspection de la qualit\u00e9 pour les commandes de petits lots<\/li>\n<\/ul>\n<\/div>\n\n\n\n<div class=\"wp-block-column is-layout-flow wp-block-column-is-layout-flow\">\n<h2 class=\"wp-block-heading\">Options d'ensembles de casseroles et de po\u00eales sur mesure\uff1a<\/h2>\n\n\n\n<ul class=\"wp-block-list\">\n<li><strong>Logo :<\/strong> Personnalisable avec le logo de votre marque<\/li>\n\n\n\n<li><strong>Poign\u00e9e<\/strong>: Une poign\u00e9e adapt\u00e9e \u00e0 votre style<\/li>\n\n\n\n<li><strong>Emballage : <\/strong>Bo\u00eete de couleur\/Carton, etc.<\/li>\n<\/ul>\n<\/div>\n<\/div>\n\n\n\n<p><em><a href=\"https:\/\/www.chancescook.com\/fr\/contact\/\" data-type=\"page\" data-id=\"2990\">Le fabricant d'ustensiles de cuisine Chancescook propose des prix d'usine et des services de personnalisation OEM. Contactez-nous pour obtenir le meilleur devis d'un fabricant d'ustensiles de cuisine fiable.<\/a><\/em><\/p>\n\n\n\n<div class=\"wp-block-columns is-layout-flex wp-container-core-columns-is-layout-9d6595d7 wp-block-columns-is-layout-flex\">\n<div class=\"wp-block-column is-layout-flow wp-block-column-is-layout-flow\">\n<figure class=\"wp-block-image size-full\"><img decoding=\"async\" width=\"4608\" height=\"3456\" src=\"https:\/\/www.chancescook.com\/wp-content\/uploads\/2025\/07\/wholesale-cookware-manufacturer-chances-0-edited.webp\" alt=\"Fabricant chinois d&#039;ustensiles de cuisine-Chancescook\" class=\"wp-image-5085\" srcset=\"https:\/\/www.chancescook.com\/wp-content\/uploads\/2025\/07\/wholesale-cookware-manufacturer-chances-0-edited.webp 4608w, https:\/\/www.chancescook.com\/wp-content\/uploads\/2025\/07\/wholesale-cookware-manufacturer-chances-0-edited-300x225.webp 300w, https:\/\/www.chancescook.com\/wp-content\/uploads\/2025\/07\/wholesale-cookware-manufacturer-chances-0-edited-768x576.webp 768w, https:\/\/www.chancescook.com\/wp-content\/uploads\/2025\/07\/wholesale-cookware-manufacturer-chances-0-edited-16x12.webp 16w, https:\/\/www.chancescook.com\/wp-content\/uploads\/2025\/07\/wholesale-cookware-manufacturer-chances-0-edited-285x214.webp 285w, https:\/\/www.chancescook.com\/wp-content\/uploads\/2025\/07\/wholesale-cookware-manufacturer-chances-0-edited-1600x1200.webp 1600w, https:\/\/www.chancescook.com\/wp-content\/uploads\/2025\/07\/wholesale-cookware-manufacturer-chances-0-edited-800x600.webp 800w, https:\/\/www.chancescook.com\/wp-content\/uploads\/2025\/07\/wholesale-cookware-manufacturer-chances-0-edited-660x495.webp 660w, https:\/\/www.chancescook.com\/wp-content\/uploads\/2025\/07\/wholesale-cookware-manufacturer-chances-0-edited-150x113.webp 150w\" sizes=\"(max-width: 4608px) 100vw, 4608px\" \/><\/figure>\n<\/div>\n\n\n\n<div class=\"wp-block-column is-layout-flow wp-block-column-is-layout-flow\">\n<figure class=\"wp-block-image size-full\"><img decoding=\"async\" width=\"2755\" height=\"2066\" src=\"https:\/\/www.chancescook.com\/wp-content\/uploads\/2025\/07\/wholesale-cookware-manufacturer-kitchenware-manufacturer-chances-1_\u526f\u672c-edited.webp\" alt=\"Les mat\u00e9riaux les plus courants pour les ustensiles de cuisine-chancescook\" class=\"wp-image-5084\" srcset=\"https:\/\/www.chancescook.com\/wp-content\/uploads\/2025\/07\/wholesale-cookware-manufacturer-kitchenware-manufacturer-chances-1_\u526f\u672c-edited.webp 2755w, https:\/\/www.chancescook.com\/wp-content\/uploads\/2025\/07\/wholesale-cookware-manufacturer-kitchenware-manufacturer-chances-1_\u526f\u672c-edited-300x225.webp 300w, https:\/\/www.chancescook.com\/wp-content\/uploads\/2025\/07\/wholesale-cookware-manufacturer-kitchenware-manufacturer-chances-1_\u526f\u672c-edited-768x576.webp 768w, https:\/\/www.chancescook.com\/wp-content\/uploads\/2025\/07\/wholesale-cookware-manufacturer-kitchenware-manufacturer-chances-1_\u526f\u672c-edited-16x12.webp 16w, https:\/\/www.chancescook.com\/wp-content\/uploads\/2025\/07\/wholesale-cookware-manufacturer-kitchenware-manufacturer-chances-1_\u526f\u672c-edited-285x214.webp 285w, https:\/\/www.chancescook.com\/wp-content\/uploads\/2025\/07\/wholesale-cookware-manufacturer-kitchenware-manufacturer-chances-1_\u526f\u672c-edited-1600x1200.webp 1600w, https:\/\/www.chancescook.com\/wp-content\/uploads\/2025\/07\/wholesale-cookware-manufacturer-kitchenware-manufacturer-chances-1_\u526f\u672c-edited-800x600.webp 800w, https:\/\/www.chancescook.com\/wp-content\/uploads\/2025\/07\/wholesale-cookware-manufacturer-kitchenware-manufacturer-chances-1_\u526f\u672c-edited-660x495.webp 660w, https:\/\/www.chancescook.com\/wp-content\/uploads\/2025\/07\/wholesale-cookware-manufacturer-kitchenware-manufacturer-chances-1_\u526f\u672c-edited-150x112.webp 150w\" sizes=\"(max-width: 2755px) 100vw, 2755px\" \/><\/figure>\n<\/div>\n<\/div>","protected":false},"excerpt":{"rendered":"<p>En tant que fabricant d'ensembles de casseroles et de po\u00eales 12 pi\u00e8ces, nous proposons des ustensiles de cuisine durables en acier inoxydable, y compris un pot \u00e0 lait, une marmite \u00e0 soupe et un faitout avec un fond \u00e0 trois couches pour un chauffage rapide. R\u00e9sistant au lave-vaisselle, ces ustensiles sont id\u00e9aux pour la maison et les cuisines commerciales. Contactez-nous pour obtenir un catalogue et un devis.<\/p>\n<h3>Ensemble de 12 pi\u00e8ces pour casseroles et po\u00eales en gros Caract\u00e9ristiques :<\/h3>\n<ul>\n<li>\n<p><strong>Performance de cuisson professionnelle :<\/strong> La triple base des casseroles de l'ensemble de 12 casseroles et po\u00eales Wholesale assure une distribution rapide et uniforme de la chaleur, \u00e9vitant ainsi la surchauffe et garantissant des performances de cuisson constantes.<\/p>\n<p>&nbsp;<\/p>\n<\/li>\n<li>\n<p><strong>Ensemble multifonction :<\/strong> L'ensemble de la batterie de cuisine comprend une marmite, un faitout et un pot \u00e0 lait, offrant une couverture compl\u00e8te d'une s\u00e9rie de t\u00e2ches culinaires telles que l'\u00e9bullition, la cuisson \u00e0 l'\u00e9touff\u00e9e et \u00e0 la vapeur. Elle est donc id\u00e9ale pour les cuisines domestiques et les restaurants.<\/p>\n<p>&nbsp;<\/p>\n<\/li>\n<li>\n<p><strong>Facile \u00e0 nettoyer et \u00e0 entretenir :<\/strong> Fabriqu\u00e9e avec une surface en acier inoxydable non rev\u00eatue qui r\u00e9siste aux rayures et aux taches, la batterie de cuisine peut \u00eatre lav\u00e9e au lave-vaisselle, r\u00e9pondant ainsi aux exigences de commodit\u00e9 et d'efficacit\u00e9 des cuisines des restaurants tr\u00e8s fr\u00e9quent\u00e9s.<\/p>\n<p>&nbsp;<\/p>\n<\/li>\n<li>\n<p><strong>Excellente conception d\u00e9taill\u00e9e :<\/strong> Chaque couvercle est ajust\u00e9 avec pr\u00e9cision pour conserver la chaleur et la saveur, et les poign\u00e9es fix\u00e9es par rivets offrent une r\u00e9sistance et une durabilit\u00e9 suppl\u00e9mentaires pour une utilisation quotidienne \u00e0 long terme.<\/p>\n<p>&nbsp;<\/p>\n<\/li>\n<li>\n<p><strong>Performance \u00e9nerg\u00e9tique :<\/strong> La base conductrice \u00e0 trois couches assure la meilleure r\u00e9tention de la chaleur et r\u00e9duit la perte d'\u00e9nergie, le temps de cuisson et am\u00e9liore l'efficacit\u00e9 globale dans les cuisines domestiques et commerciales.<\/p>\n<p>&nbsp;<\/p>\n<\/li>\n<li>\n<p><strong>Service de vente en gros d'ustensiles de cuisine<\/strong>: En tant que solide usine chinoise d'ustensiles de cuisine, nous fournissons en gros des ensembles de casseroles et po\u00eales 12 pi\u00e8ces aux acheteurs B2B mondiaux \u00e0 des prix d'usine, avec un soutien complet des services de personnalisation de marque priv\u00e9e et OEM.<\/p>\n<\/li>\n<\/ul>","protected":false},"featured_media":5418,"comment_status":"closed","ping_status":"closed","template":"","meta":{"_acf_changed":false},"product_brand":[],"product_cat":[53],"product_tag":[],"class_list":{"0":"post-5414","1":"product","2":"type-product","3":"status-publish","4":"has-post-thumbnail","6":"product_cat-wholesale-cookware-sets","8":"first","9":"instock","10":"shipping-taxable","11":"product-type-simple"},"acf":[],"_links":{"self":[{"href":"https:\/\/www.chancescook.com\/fr\/wp-json\/wp\/v2\/product\/5414","targetHints":{"allow":["GET"]}}],"collection":[{"href":"https:\/\/www.chancescook.com\/fr\/wp-json\/wp\/v2\/product"}],"about":[{"href":"https:\/\/www.chancescook.com\/fr\/wp-json\/wp\/v2\/types\/product"}],"replies":[{"embeddable":true,"href":"https:\/\/www.chancescook.com\/fr\/wp-json\/wp\/v2\/comments?post=5414"}],"wp:featuredmedia":[{"embeddable":true,"href":"https:\/\/www.chancescook.com\/fr\/wp-json\/wp\/v2\/media\/5418"}],"wp:attachment":[{"href":"https:\/\/www.chancescook.com\/fr\/wp-json\/wp\/v2\/media?parent=5414"}],"wp:term":[{"taxonomy":"product_brand","embeddable":true,"href":"https:\/\/www.chancescook.com\/fr\/wp-json\/wp\/v2\/product_brand?post=5414"},{"taxonomy":"product_cat","embeddable":true,"href":"https:\/\/www.chancescook.com\/fr\/wp-json\/wp\/v2\/product_cat?post=5414"},{"taxonomy":"product_tag","embeddable":true,"href":"https:\/\/www.chancescook.com\/fr\/wp-json\/wp\/v2\/product_tag?post=5414"}],"curies":[{"name":"wp","href":"https:\/\/api.w.org\/{rel}","templated":true}]}}