{"id":5420,"date":"2025-09-17T06:43:54","date_gmt":"2025-09-17T06:43:54","guid":{"rendered":"https:\/\/www.chancescook.com\/?post_type=product&#038;p=5420"},"modified":"2025-09-24T07:08:22","modified_gmt":"2025-09-24T07:08:22","slug":"stainless-steel-cooking-pot-set-factory","status":"publish","type":"product","link":"https:\/\/www.chancescook.com\/fr\/produit\/stainless-steel-cooking-pot-set-factory\/","title":{"rendered":"Meilleure batterie de cuisine en acier inoxydable, fabricant de batterie de cuisine asiatique"},"content":{"rendered":"<div class=\"wp-block-columns is-layout-flex wp-container-core-columns-is-layout-9d6595d7 wp-block-columns-is-layout-flex\">\n<div class=\"wp-block-column is-layout-flow wp-block-column-is-layout-flow\">\n<h2 class=\"wp-block-heading\">Set de 12 casseroles en acier inoxydable Param\u00e8tres\uff1a<\/h2>\n\n\n\n<ul class=\"wp-block-list\">\n<li><strong>Mat\u00e9riau : <\/strong>SS410<\/li>\n\n\n\n<li><strong>Couleur :<\/strong> Argent<\/li>\n\n\n\n<li><strong>Le fond<\/strong>: Base encapsul\u00e9e (SUS+1.2mm Alu+SUS)<\/li>\n\n\n\n<li><strong>Couvercle :<\/strong> Couvercles en verre<\/li>\n\n\n\n<li><strong>Tailles<\/strong>:54\u00d731\u00d752cm<\/li>\n\n\n\n<li><strong>Remarque :<\/strong> Soutenir l'inspection de la qualit\u00e9 pour les commandes de petits lots<\/li>\n<\/ul>\n<\/div>\n\n\n\n<div class=\"wp-block-column is-layout-flow wp-block-column-is-layout-flow\">\n<h2 class=\"wp-block-heading\">Set de casseroles en acier inoxydable sur mesure Options\uff1a<\/h2>\n\n\n\n<ul class=\"wp-block-list\">\n<li><strong>Logo :<\/strong> Personnalisable avec le logo de votre marque<\/li>\n\n\n\n<li><strong>Poign\u00e9e<\/strong>: Une poign\u00e9e adapt\u00e9e \u00e0 votre style<\/li>\n\n\n\n<li><strong>Emballage : <\/strong>Bo\u00eete de couleur\/Carton, etc.<\/li>\n<\/ul>\n<\/div>\n<\/div>\n\n\n\n<p><em><a href=\"https:\/\/www.chancescook.com\/fr\/contact\/\" data-type=\"page\" data-id=\"2990\">Le fabricant d'ustensiles de cuisine Chancescook propose des prix d'usine et des services de personnalisation OEM. Contactez-nous pour obtenir le meilleur devis d'un fabricant d'ustensiles de cuisine fiable.<\/a><\/em><\/p>\n\n\n\n<div class=\"wp-block-columns is-layout-flex wp-container-core-columns-is-layout-9d6595d7 wp-block-columns-is-layout-flex\">\n<div class=\"wp-block-column is-layout-flow wp-block-column-is-layout-flow\">\n<figure class=\"wp-block-image size-full\"><img decoding=\"async\" width=\"1000\" height=\"1000\" src=\"https:\/\/www.chancescook.com\/wp-content\/uploads\/2025\/09\/12-Piece-Pot-and-Pan-Set-Manufacturer-Chancescook.webp\" alt=\"Ensemble de casseroles et de po\u00eales 12 pi\u00e8ces - Chancescook\" class=\"wp-image-5418\" srcset=\"https:\/\/www.chancescook.com\/wp-content\/uploads\/2025\/09\/12-Piece-Pot-and-Pan-Set-Manufacturer-Chancescook.webp 1000w, https:\/\/www.chancescook.com\/wp-content\/uploads\/2025\/09\/12-Piece-Pot-and-Pan-Set-Manufacturer-Chancescook-300x300.webp 300w, https:\/\/www.chancescook.com\/wp-content\/uploads\/2025\/09\/12-Piece-Pot-and-Pan-Set-Manufacturer-Chancescook-150x150.webp 150w, https:\/\/www.chancescook.com\/wp-content\/uploads\/2025\/09\/12-Piece-Pot-and-Pan-Set-Manufacturer-Chancescook-768x768.webp 768w, https:\/\/www.chancescook.com\/wp-content\/uploads\/2025\/09\/12-Piece-Pot-and-Pan-Set-Manufacturer-Chancescook-12x12.webp 12w, https:\/\/www.chancescook.com\/wp-content\/uploads\/2025\/09\/12-Piece-Pot-and-Pan-Set-Manufacturer-Chancescook-285x285.webp 285w, https:\/\/www.chancescook.com\/wp-content\/uploads\/2025\/09\/12-Piece-Pot-and-Pan-Set-Manufacturer-Chancescook-270x270.webp 270w, https:\/\/www.chancescook.com\/wp-content\/uploads\/2025\/09\/12-Piece-Pot-and-Pan-Set-Manufacturer-Chancescook-540x540.webp 540w, https:\/\/www.chancescook.com\/wp-content\/uploads\/2025\/09\/12-Piece-Pot-and-Pan-Set-Manufacturer-Chancescook-660x660.webp 660w\" sizes=\"(max-width: 1000px) 100vw, 1000px\" \/><\/figure>\n<\/div>\n\n\n\n<div class=\"wp-block-column is-layout-flow wp-block-column-is-layout-flow\">\n<figure class=\"wp-block-image size-full\"><img decoding=\"async\" width=\"1000\" height=\"1000\" src=\"https:\/\/www.chancescook.com\/wp-content\/uploads\/2025\/08\/Bulk-Pots-and-Pans-12-Piece-Cookware-Set.webp\" alt=\"Batterie de cuisine 12 pi\u00e8ces Bulk Pots and Pans\" class=\"wp-image-5360\" srcset=\"https:\/\/www.chancescook.com\/wp-content\/uploads\/2025\/08\/Bulk-Pots-and-Pans-12-Piece-Cookware-Set\u200b.webp 1000w, https:\/\/www.chancescook.com\/wp-content\/uploads\/2025\/08\/Bulk-Pots-and-Pans-12-Piece-Cookware-Set\u200b-300x300.webp 300w, https:\/\/www.chancescook.com\/wp-content\/uploads\/2025\/08\/Bulk-Pots-and-Pans-12-Piece-Cookware-Set\u200b-150x150.webp 150w, https:\/\/www.chancescook.com\/wp-content\/uploads\/2025\/08\/Bulk-Pots-and-Pans-12-Piece-Cookware-Set\u200b-768x768.webp 768w, https:\/\/www.chancescook.com\/wp-content\/uploads\/2025\/08\/Bulk-Pots-and-Pans-12-Piece-Cookware-Set\u200b-12x12.webp 12w, https:\/\/www.chancescook.com\/wp-content\/uploads\/2025\/08\/Bulk-Pots-and-Pans-12-Piece-Cookware-Set\u200b-285x285.webp 285w, https:\/\/www.chancescook.com\/wp-content\/uploads\/2025\/08\/Bulk-Pots-and-Pans-12-Piece-Cookware-Set\u200b-270x270.webp 270w, https:\/\/www.chancescook.com\/wp-content\/uploads\/2025\/08\/Bulk-Pots-and-Pans-12-Piece-Cookware-Set\u200b-540x540.webp 540w, https:\/\/www.chancescook.com\/wp-content\/uploads\/2025\/08\/Bulk-Pots-and-Pans-12-Piece-Cookware-Set\u200b-660x660.webp 660w\" sizes=\"(max-width: 1000px) 100vw, 1000px\" \/><\/figure>\n<\/div>\n\n\n\n<div class=\"wp-block-column is-layout-flow wp-block-column-is-layout-flow\">\n<figure class=\"wp-block-image size-full\"><img decoding=\"async\" width=\"3000\" height=\"3000\" src=\"https:\/\/www.chancescook.com\/wp-content\/uploads\/2025\/08\/OEM-12-Piece-Stainless-Steel-Cookware-Set-Wholesale.webp\" alt=\"Batterie de cuisine en acier inoxydable 12 pi\u00e8ces OEM Wholesale\" class=\"wp-image-5290\" srcset=\"https:\/\/www.chancescook.com\/wp-content\/uploads\/2025\/08\/OEM-12-Piece-Stainless-Steel-Cookware-Set-Wholesale.webp 3000w, https:\/\/www.chancescook.com\/wp-content\/uploads\/2025\/08\/OEM-12-Piece-Stainless-Steel-Cookware-Set-Wholesale-300x300.webp 300w, https:\/\/www.chancescook.com\/wp-content\/uploads\/2025\/08\/OEM-12-Piece-Stainless-Steel-Cookware-Set-Wholesale-150x150.webp 150w, https:\/\/www.chancescook.com\/wp-content\/uploads\/2025\/08\/OEM-12-Piece-Stainless-Steel-Cookware-Set-Wholesale-768x768.webp 768w, https:\/\/www.chancescook.com\/wp-content\/uploads\/2025\/08\/OEM-12-Piece-Stainless-Steel-Cookware-Set-Wholesale-12x12.webp 12w, https:\/\/www.chancescook.com\/wp-content\/uploads\/2025\/08\/OEM-12-Piece-Stainless-Steel-Cookware-Set-Wholesale-285x285.webp 285w, https:\/\/www.chancescook.com\/wp-content\/uploads\/2025\/08\/OEM-12-Piece-Stainless-Steel-Cookware-Set-Wholesale-1600x1600.webp 1600w, https:\/\/www.chancescook.com\/wp-content\/uploads\/2025\/08\/OEM-12-Piece-Stainless-Steel-Cookware-Set-Wholesale-270x270.webp 270w, https:\/\/www.chancescook.com\/wp-content\/uploads\/2025\/08\/OEM-12-Piece-Stainless-Steel-Cookware-Set-Wholesale-540x540.webp 540w, https:\/\/www.chancescook.com\/wp-content\/uploads\/2025\/08\/OEM-12-Piece-Stainless-Steel-Cookware-Set-Wholesale-660x660.webp 660w\" sizes=\"(max-width: 3000px) 100vw, 3000px\" \/><\/figure>\n<\/div>\n<\/div>\n\n\n\n<p><\/p>","protected":false},"excerpt":{"rendered":"<p>En tant que fabricant asiatique de batteries de cuisine, nous fournissons en gros des batteries de cuisine en acier inoxydable en 12 pi\u00e8ces, comprenant des marmites, des pots \u00e0 lait, des faitouts et des ustensiles. Durable, lavable au lave-vaisselle, avec une base triple pour un chauffage rapide, id\u00e9al pour la maison et l'utilisation commerciale.<\/p>\n<h3>Ensemble de casseroles en acier inoxydable Caract\u00e9ristiques :<\/h3>\n<ul>\n<li><strong>Excellente Mati\u00e8re :<\/strong> Fabriqu\u00e9 en superbe acier inoxydable, cet ensemble de casseroles en acier inoxydable offre une durabilit\u00e9, une r\u00e9sistance \u00e0 la corrosion et une finition finement polie, id\u00e9ale pour les restaurants et les applications domestiques.<\/li>\n<li><strong>Ensemble complet de 12 pi\u00e8ces<\/strong>: Des marmites, des pots \u00e0 lait, des faitouts, des po\u00eales \u00e0 frire et des ustensiles de cuisine simples sont fournis pour r\u00e9pondre aux diff\u00e9rents processus de cuisson tels que l'\u00e9bullition, la cuisson \u00e0 l'\u00e9touff\u00e9e, la friture et la cuisson \u00e0 la vapeur.<\/li>\n<li><strong>Transfert de chaleur efficace :<\/strong> Fond \u00e0 trois couches pour un chauffage instantan\u00e9 et uniforme, une consommation d'\u00e9nergie r\u00e9duite et la pr\u00e9vention des points chauds pour des r\u00e9sultats de cuisson optimaux.<\/li>\n<li><strong>Conception pratique<\/strong>: La poign\u00e9e rivet\u00e9e offre une prise s\u00fbre, tandis que les couvercles en verre ajust\u00e9s avec pr\u00e9cision conservent la chaleur et les saveurs. Lavable au lave-vaisselle pour faciliter le nettoyage et l'entretien.<\/li>\n<li><strong>Flexibilit\u00e9 d'utilisation<\/strong>: Convient aux restaurants, aux traiteurs et aux cuisines domestiques, et r\u00e9pond aux exigences des consommateurs internationaux en mati\u00e8re d'ustensiles de cuisine fiables.<\/li>\n<li><strong>Fabrication de confiance<\/strong>: En tant que fabricant exp\u00e9riment\u00e9 de batteries de cuisine asiatiques, nous fournissons des services de personnalisation OEM\/ODM et de fourniture en gros \u00e0 un prix direct.<\/li>\n<\/ul>","protected":false},"featured_media":5423,"comment_status":"closed","ping_status":"closed","template":"","meta":{"_acf_changed":false},"product_brand":[],"product_cat":[53],"product_tag":[],"class_list":{"0":"post-5420","1":"product","2":"type-product","3":"status-publish","4":"has-post-thumbnail","6":"product_cat-wholesale-cookware-sets","8":"first","9":"instock","10":"shipping-taxable","11":"product-type-simple"},"acf":[],"_links":{"self":[{"href":"https:\/\/www.chancescook.com\/fr\/wp-json\/wp\/v2\/product\/5420","targetHints":{"allow":["GET"]}}],"collection":[{"href":"https:\/\/www.chancescook.com\/fr\/wp-json\/wp\/v2\/product"}],"about":[{"href":"https:\/\/www.chancescook.com\/fr\/wp-json\/wp\/v2\/types\/product"}],"replies":[{"embeddable":true,"href":"https:\/\/www.chancescook.com\/fr\/wp-json\/wp\/v2\/comments?post=5420"}],"wp:featuredmedia":[{"embeddable":true,"href":"https:\/\/www.chancescook.com\/fr\/wp-json\/wp\/v2\/media\/5423"}],"wp:attachment":[{"href":"https:\/\/www.chancescook.com\/fr\/wp-json\/wp\/v2\/media?parent=5420"}],"wp:term":[{"taxonomy":"product_brand","embeddable":true,"href":"https:\/\/www.chancescook.com\/fr\/wp-json\/wp\/v2\/product_brand?post=5420"},{"taxonomy":"product_cat","embeddable":true,"href":"https:\/\/www.chancescook.com\/fr\/wp-json\/wp\/v2\/product_cat?post=5420"},{"taxonomy":"product_tag","embeddable":true,"href":"https:\/\/www.chancescook.com\/fr\/wp-json\/wp\/v2\/product_tag?post=5420"}],"curies":[{"name":"wp","href":"https:\/\/api.w.org\/{rel}","templated":true}]}}