{"id":5438,"date":"2025-09-26T09:36:29","date_gmt":"2025-09-26T09:36:29","guid":{"rendered":"https:\/\/www.chancescook.com\/?post_type=product&#038;p=5438"},"modified":"2025-09-26T10:01:42","modified_gmt":"2025-09-26T10:01:42","slug":"8-piece-cookware-set-manufacturer","status":"publish","type":"product","link":"https:\/\/www.chancescook.com\/fr\/produit\/8-piece-cookware-set-manufacturer\/","title":{"rendered":"Chances 8 Piece Cookware Set Manufacturer, Stainless Steel Cooking Pot Set Supplier"},"content":{"rendered":"<div class=\"wp-block-columns is-layout-flex wp-container-core-columns-is-layout-9d6595d7 wp-block-columns-is-layout-flex\">\n<div class=\"wp-block-column is-layout-flow wp-block-column-is-layout-flow\">\n<h2 class=\"wp-block-heading\">Param\u00e8tres du set de 8 pi\u00e8ces d'ustensiles de cuisine :<\/h2>\n\n\n\n<ul class=\"wp-block-list\">\n<li><strong>Mat\u00e9riau : <\/strong>SS201<\/li>\n\n\n\n<li><strong>Couleur :<\/strong> Argent<\/li>\n\n\n\n<li><strong>Le fond<\/strong>: Base encapsul\u00e9e (SUS+1.2mm Alu+SUS)<\/li>\n\n\n\n<li><strong>Couvercle :<\/strong> Couvercles en verre<\/li>\n\n\n\n<li><strong>Tailles<\/strong>: 56 \u00d7 35 \u00d7 53 cm<\/li>\n\n\n\n<li><strong>Remarque :<\/strong> Soutenir l'inspection de la qualit\u00e9 pour les commandes de petits lots<\/li>\n<\/ul>\n<\/div>\n\n\n\n<div class=\"wp-block-column is-layout-flow wp-block-column-is-layout-flow\">\n<h2 class=\"wp-block-heading\">Options pour ensemble de 8 pi\u00e8ces de batterie de cuisine personnalis\u00e9 :<\/h2>\n\n\n\n<ul class=\"wp-block-list\">\n<li><strong>Logo :<\/strong> Personnalisable avec le logo de votre marque<\/li>\n\n\n\n<li><strong>Poign\u00e9e<\/strong>: Une poign\u00e9e adapt\u00e9e \u00e0 votre style<\/li>\n\n\n\n<li><strong>Emballage : <\/strong>Bo\u00eete de couleur\/Carton, etc.<\/li>\n<\/ul>\n<\/div>\n<\/div>\n\n\n\n<p><em><a href=\"https:\/\/www.chancescook.com\/fr\/contact\/\" data-type=\"page\" data-id=\"2990\">Le fabricant d'ustensiles de cuisine Chancescook propose des prix d'usine et des services de personnalisation OEM. Contactez-nous pour obtenir le meilleur devis d'un fabricant d'ustensiles de cuisine fiable.<\/a><\/em><\/p>\n\n\n\n<div class=\"wp-block-columns is-layout-flex wp-container-core-columns-is-layout-9d6595d7 wp-block-columns-is-layout-flex\">\n<div class=\"wp-block-column is-layout-flow wp-block-column-is-layout-flow\"><\/div>\n<\/div>\n\n\n\n<p><\/p>","protected":false},"excerpt":{"rendered":"<p>Cet ensemble durable de huit pi\u00e8ces en acier inoxydable, fabriqu\u00e9 par une entreprise r\u00e9put\u00e9e, est id\u00e9al pour les cuisines r\u00e9sidentielles ou commerciales. Il pr\u00e9sente une finition \u00e9lectropolie qui lui conf\u00e8re un aspect m\u00e9tallique professionnel, facile \u00e0 nettoyer et lavable au lave-vaisselle.<\/p>\n<p>Nous prenons en charge la personnalisation des marques et proposons des quantit\u00e9s importantes. Les n\u00e9gociants internationaux, les grossistes et les marques d'ustensiles de cuisine sont invit\u00e9s \u00e0 nous contacter.<\/p>\n<h3>Caract\u00e9ristiques et avantages du set de 8 pi\u00e8ces d'ustensiles de cuisine :<\/h3>\n<ul>\n<li><strong>Durabilit\u00e9 :<\/strong> En tant que fabricant professionnel d'ensembles de batterie de cuisine 8 pi\u00e8ces, nous d\u00e9veloppons des ustensiles de cuisine en acier inoxydable offrant une r\u00e9sistance \u00e0 la corrosion et une durabilit\u00e9 \u00e0 long terme. Contrairement \u00e0 l'aluminium ou \u00e0 d'autres m\u00e9taux, nos ustensiles de cuisine ne se bossellent pas, ne se d\u00e9forment pas et ne se fissurent pas sous l'effet d'une chaleur intense ou d'une utilisation intensive, ce qui leur garantit une longue dur\u00e9e de vie.<\/li>\n<li><strong>Surface non r\u00e9active :<\/strong> Nos casseroles en acier inoxydable ne r\u00e9agissent pas avec les ingr\u00e9dients acides ou alcalins, pr\u00e9servant ainsi le go\u00fbt naturel des aliments sans aucun go\u00fbt m\u00e9tallique.<\/li>\n<li><strong>Solution compl\u00e8te pour la cuisine :<\/strong> Cet ensemble de casseroles en acier inoxydable vendues en gros comprend des marmites et des soupi\u00e8res de diff\u00e9rentes tailles, offrant une solution universelle \u00e0 de nombreux types de besoins culinaires.<\/li>\n<li><strong>Facile \u00e0 nettoyer :<\/strong> Le set de 8 pi\u00e8ces est facile \u00e0 nettoyer au lave-vaisselle. Les taches tenaces s'\u00e9liminent facilement en trempant ou en frottant l\u00e9g\u00e8rement, et son aspect brillant et professionnel ne s'alt\u00e8re pas \u00e0 l'usage.<\/li>\n<li><strong>Technologie et production avanc\u00e9es :<\/strong> En tant que fabricant leader d'ensembles de 8 pi\u00e8ces d'ustensiles de cuisine, nous utilisons des cha\u00eenes de production efficaces et une technologie de polissage avanc\u00e9e pour produire nos ustensiles de cuisine dans leur forme la plus esth\u00e9tique et la plus pratique. Nous sommes en mesure de proposer des commandes en gros d'ensembles de casseroles en acier inoxydable.<\/li>\n<\/ul>","protected":false},"featured_media":5439,"comment_status":"closed","ping_status":"closed","template":"","meta":{"_acf_changed":false},"product_brand":[],"product_cat":[53],"product_tag":[],"class_list":{"0":"post-5438","1":"product","2":"type-product","3":"status-publish","4":"has-post-thumbnail","6":"product_cat-wholesale-cookware-sets","8":"first","9":"instock","10":"shipping-taxable","11":"product-type-simple"},"acf":[],"_links":{"self":[{"href":"https:\/\/www.chancescook.com\/fr\/wp-json\/wp\/v2\/product\/5438","targetHints":{"allow":["GET"]}}],"collection":[{"href":"https:\/\/www.chancescook.com\/fr\/wp-json\/wp\/v2\/product"}],"about":[{"href":"https:\/\/www.chancescook.com\/fr\/wp-json\/wp\/v2\/types\/product"}],"replies":[{"embeddable":true,"href":"https:\/\/www.chancescook.com\/fr\/wp-json\/wp\/v2\/comments?post=5438"}],"wp:featuredmedia":[{"embeddable":true,"href":"https:\/\/www.chancescook.com\/fr\/wp-json\/wp\/v2\/media\/5439"}],"wp:attachment":[{"href":"https:\/\/www.chancescook.com\/fr\/wp-json\/wp\/v2\/media?parent=5438"}],"wp:term":[{"taxonomy":"product_brand","embeddable":true,"href":"https:\/\/www.chancescook.com\/fr\/wp-json\/wp\/v2\/product_brand?post=5438"},{"taxonomy":"product_cat","embeddable":true,"href":"https:\/\/www.chancescook.com\/fr\/wp-json\/wp\/v2\/product_cat?post=5438"},{"taxonomy":"product_tag","embeddable":true,"href":"https:\/\/www.chancescook.com\/fr\/wp-json\/wp\/v2\/product_tag?post=5438"}],"curies":[{"name":"wp","href":"https:\/\/api.w.org\/{rel}","templated":true}]}}