{"id":5455,"date":"2025-10-09T10:32:07","date_gmt":"2025-10-09T10:32:07","guid":{"rendered":"https:\/\/www.chancescook.com\/?post_type=product&#038;p=5455"},"modified":"2025-12-21T12:56:12","modified_gmt":"2025-12-21T12:56:12","slug":"custom-frying-pan-supplier","status":"publish","type":"product","link":"https:\/\/www.chancescook.com\/fr\/produit\/custom-frying-pan-supplier\/","title":{"rendered":"Po\u00eale \u00e0 frire sur mesure, grossiste en po\u00eales \u00e0 frire en aluminium, fournisseur de po\u00eales \u00e0 frire en aluminium, tailles multiples et OEM\/ODM"},"content":{"rendered":"<div class=\"wp-block-columns is-layout-flex wp-container-core-columns-is-layout-9d6595d7 wp-block-columns-is-layout-flex\">\n<div class=\"wp-block-column is-layout-flow wp-block-column-is-layout-flow\">\n<h2 class=\"wp-block-heading\">Po\u00eales \u00e0 frire en aluminium Param\u00e8tres :<\/h2>\n\n\n\n<ul class=\"wp-block-list\">\n<li><strong>Mat\u00e9riau : <\/strong>Acier inoxydable 304 Tri-Ply<\/li>\n\n\n\n<li><strong>\u00c9paisseur normale<\/strong>: 3,0 mm<\/li>\n\n\n\n<li><strong>Taille :<\/strong> 18\/20\/22\/24\/26\/28\/30\/32\/34\/36\/38\/40cm<\/li>\n\n\n\n<li><strong>Logo<\/strong>: Gravure laser\/Tampon en relief<\/li>\n\n\n\n<li><strong>MOQ :<\/strong> 300 pi\u00e8ces<\/li>\n<\/ul>\n<\/div>\n\n\n\n<div class=\"wp-block-column is-layout-flow wp-block-column-is-layout-flow\">\n<h2 class=\"wp-block-heading\">Options de po\u00eales \u00e0 frire personnalis\u00e9es<\/h2>\n\n\n\n<ul class=\"wp-block-list\">\n<li><strong>Logo :<\/strong> personnaliser le logo de votre marque<\/li>\n\n\n\n<li><strong>Mat\u00e9riau :<\/strong> Aluminium<\/li>\n\n\n\n<li><strong>Poign\u00e9e : <\/strong>Style\/Mat\u00e9riau<\/li>\n\n\n\n<li><strong>Traitement de la surface de contact :<\/strong> Rev\u00eatement non enduit\/non adh\u00e9rent<\/li>\n\n\n\n<li><strong>Emballage :<\/strong> bo\u00eete de couleur\/carton, etc.<\/li>\n\n\n\n<li><strong><a href=\"https:\/\/www.chancescook.com\/fr\/custom-cookware\/\">Solutions OEM et ODM pour les marmites sur mesure<\/a><\/strong><\/li>\n<\/ul>\n<\/div>\n<\/div>\n\n\n\n<div class=\"wp-block-columns is-layout-flex wp-container-core-columns-is-layout-9d6595d7 wp-block-columns-is-layout-flex\">\n<div class=\"wp-block-column is-layout-flow wp-block-column-is-layout-flow\">\n<figure class=\"wp-block-image size-full\"><img decoding=\"async\" width=\"4096\" height=\"4096\" src=\"https:\/\/www.chancescook.com\/wp-content\/uploads\/2025\/10\/Custom-Frying-Pan-Wholesale-3.webp\" alt=\"Po\u00eales \u00e0 frire personnalis\u00e9es en gros (3)\" class=\"wp-image-5464\" srcset=\"https:\/\/www.chancescook.com\/wp-content\/uploads\/2025\/10\/Custom-Frying-Pan-Wholesale-3.webp 4096w, https:\/\/www.chancescook.com\/wp-content\/uploads\/2025\/10\/Custom-Frying-Pan-Wholesale-3-300x300.webp 300w, https:\/\/www.chancescook.com\/wp-content\/uploads\/2025\/10\/Custom-Frying-Pan-Wholesale-3-150x150.webp 150w, https:\/\/www.chancescook.com\/wp-content\/uploads\/2025\/10\/Custom-Frying-Pan-Wholesale-3-768x768.webp 768w, https:\/\/www.chancescook.com\/wp-content\/uploads\/2025\/10\/Custom-Frying-Pan-Wholesale-3-12x12.webp 12w, https:\/\/www.chancescook.com\/wp-content\/uploads\/2025\/10\/Custom-Frying-Pan-Wholesale-3-285x285.webp 285w, https:\/\/www.chancescook.com\/wp-content\/uploads\/2025\/10\/Custom-Frying-Pan-Wholesale-3-1600x1600.webp 1600w, https:\/\/www.chancescook.com\/wp-content\/uploads\/2025\/10\/Custom-Frying-Pan-Wholesale-3-270x270.webp 270w, https:\/\/www.chancescook.com\/wp-content\/uploads\/2025\/10\/Custom-Frying-Pan-Wholesale-3-540x540.webp 540w, https:\/\/www.chancescook.com\/wp-content\/uploads\/2025\/10\/Custom-Frying-Pan-Wholesale-3-660x660.webp 660w\" sizes=\"(max-width: 4096px) 100vw, 4096px\" \/><\/figure>\n<\/div>\n\n\n\n<div class=\"wp-block-column is-layout-flow wp-block-column-is-layout-flow\">\n<figure class=\"wp-block-image size-full\"><img decoding=\"async\" width=\"4096\" height=\"4096\" src=\"https:\/\/www.chancescook.com\/wp-content\/uploads\/2025\/10\/Custom-Frying-Pan-Wholesale-2.webp\" alt=\"Po\u00eales \u00e0 frire personnalis\u00e9es en gros (2)\" class=\"wp-image-5463\" srcset=\"https:\/\/www.chancescook.com\/wp-content\/uploads\/2025\/10\/Custom-Frying-Pan-Wholesale-2.webp 4096w, https:\/\/www.chancescook.com\/wp-content\/uploads\/2025\/10\/Custom-Frying-Pan-Wholesale-2-300x300.webp 300w, https:\/\/www.chancescook.com\/wp-content\/uploads\/2025\/10\/Custom-Frying-Pan-Wholesale-2-150x150.webp 150w, https:\/\/www.chancescook.com\/wp-content\/uploads\/2025\/10\/Custom-Frying-Pan-Wholesale-2-768x768.webp 768w, https:\/\/www.chancescook.com\/wp-content\/uploads\/2025\/10\/Custom-Frying-Pan-Wholesale-2-12x12.webp 12w, https:\/\/www.chancescook.com\/wp-content\/uploads\/2025\/10\/Custom-Frying-Pan-Wholesale-2-285x285.webp 285w, https:\/\/www.chancescook.com\/wp-content\/uploads\/2025\/10\/Custom-Frying-Pan-Wholesale-2-1600x1600.webp 1600w, https:\/\/www.chancescook.com\/wp-content\/uploads\/2025\/10\/Custom-Frying-Pan-Wholesale-2-270x270.webp 270w, https:\/\/www.chancescook.com\/wp-content\/uploads\/2025\/10\/Custom-Frying-Pan-Wholesale-2-540x540.webp 540w, https:\/\/www.chancescook.com\/wp-content\/uploads\/2025\/10\/Custom-Frying-Pan-Wholesale-2-660x660.webp 660w\" sizes=\"(max-width: 4096px) 100vw, 4096px\" \/><\/figure>\n<\/div>\n<\/div>","protected":false},"excerpt":{"rendered":"<p>Po\u00eale \u00e0 frire en acier inoxydable personnalisable en gros, design classique, sans PFOA. Fabriqu\u00e9e en aluminium, elle a une meilleure conductivit\u00e9 thermique et une meilleure durabilit\u00e9, et la poign\u00e9e est creuse pour une utilisation plus facile. Chancescook fournit des services professionnels de po\u00eales \u00e0 frire personnalis\u00e9es, n'h\u00e9sitez pas \u00e0 nous contacter.<\/p>\n<p><a href=\"https:\/\/www.chancescook.com\/fr\/custom-cookware\/\"><strong>Chancescook propose des solutions de po\u00eales \u00e0 frire personnalis\u00e9es OEM et ODM.<\/strong><\/a><\/p>\n<h2>Caract\u00e9ristiques et avantages de <a href=\"https:\/\/www.chancescook.com\/fr\/categorie-produit\/cookware-wholesale\/frying-pan-wholesale\/\">Po\u00eale \u00e0 frire<\/a><\/h2>\n<ul>\n<li><strong>Mat\u00e9riaux de haute qualit\u00e9 :<\/strong> Fabriqu\u00e9e en aluminium \u00e9pais et sans PFOA pour garantir la s\u00e9curit\u00e9 du contact avec les aliments. La poign\u00e9e est soud\u00e9e pour assurer la durabilit\u00e9 de la po\u00eale.<\/li>\n<li><strong>Conductivit\u00e9 thermique uniforme :<\/strong> Le fond de cette po\u00eale \u00e0 frire adopte une conception composite multicouche, qui permet de transf\u00e9rer rapidement et uniform\u00e9ment la chaleur et d'\u00e9viter la surchauffe locale ou le collage des ingr\u00e9dients, ce qui convient \u00e0 diverses m\u00e9thodes de cuisson.<\/li>\n<li><strong>Sp\u00e9cifications multiples :<\/strong> Nous proposons une vari\u00e9t\u00e9 de tailles allant de 18 cm \u00e0 40 cm et pouvons r\u00e9pondre aux besoins de personnalisation de diverses sp\u00e9cifications.<\/li>\n<li><strong>Convient \u00e0 diff\u00e9rents types de cuisini\u00e8res :<\/strong> Le mat\u00e9riau du corps principal de la po\u00eale \u00e0 frire est r\u00e9sistant aux temp\u00e9ratures \u00e9lev\u00e9es et convient \u00e0 une vari\u00e9t\u00e9 de sources de chaleur, y compris les cuisini\u00e8res \u00e0 gaz, les cuisini\u00e8res \u00e0 induction, les cuisini\u00e8res en c\u00e9ramique, etc.<\/li>\n<li><strong>Service OEM et ODM :<\/strong> Nous fournissons des solutions personnalis\u00e9es \u00e0 guichet unique pour les po\u00eales \u00e0 frire. Le style de la po\u00eale \u00e0 frire, le mat\u00e9riau du corps, le mat\u00e9riau de la poign\u00e9e, le logo externe et le style d'emballage peuvent tous \u00eatre personnalis\u00e9s.<\/li>\n<\/ul>","protected":false},"featured_media":5758,"comment_status":"closed","ping_status":"closed","template":"","meta":{"_acf_changed":false},"product_brand":[],"product_cat":[52,66],"product_tag":[],"class_list":{"0":"post-5455","1":"product","2":"type-product","3":"status-publish","4":"has-post-thumbnail","6":"product_cat-cookware-wholesale","7":"product_cat-frying-pan-wholesale","9":"first","10":"instock","11":"shipping-taxable","12":"product-type-simple"},"acf":[],"_links":{"self":[{"href":"https:\/\/www.chancescook.com\/fr\/wp-json\/wp\/v2\/product\/5455","targetHints":{"allow":["GET"]}}],"collection":[{"href":"https:\/\/www.chancescook.com\/fr\/wp-json\/wp\/v2\/product"}],"about":[{"href":"https:\/\/www.chancescook.com\/fr\/wp-json\/wp\/v2\/types\/product"}],"replies":[{"embeddable":true,"href":"https:\/\/www.chancescook.com\/fr\/wp-json\/wp\/v2\/comments?post=5455"}],"wp:featuredmedia":[{"embeddable":true,"href":"https:\/\/www.chancescook.com\/fr\/wp-json\/wp\/v2\/media\/5758"}],"wp:attachment":[{"href":"https:\/\/www.chancescook.com\/fr\/wp-json\/wp\/v2\/media?parent=5455"}],"wp:term":[{"taxonomy":"product_brand","embeddable":true,"href":"https:\/\/www.chancescook.com\/fr\/wp-json\/wp\/v2\/product_brand?post=5455"},{"taxonomy":"product_cat","embeddable":true,"href":"https:\/\/www.chancescook.com\/fr\/wp-json\/wp\/v2\/product_cat?post=5455"},{"taxonomy":"product_tag","embeddable":true,"href":"https:\/\/www.chancescook.com\/fr\/wp-json\/wp\/v2\/product_tag?post=5455"}],"curies":[{"name":"wp","href":"https:\/\/api.w.org\/{rel}","templated":true}]}}