{"id":5510,"date":"2025-11-04T18:15:04","date_gmt":"2025-11-04T18:15:04","guid":{"rendered":"https:\/\/www.chancescook.com\/?post_type=product&#038;p=5510"},"modified":"2025-11-04T18:38:22","modified_gmt":"2025-11-04T18:38:22","slug":"7-piece-stainless-steel-cookware-set","status":"publish","type":"product","link":"https:\/\/www.chancescook.com\/fr\/produit\/7-piece-stainless-steel-cookware-set\/","title":{"rendered":"7 Piece Stainless Steel Cookware Set Manufacturer China Pots and Pans"},"content":{"rendered":"<div class=\"wp-block-columns is-layout-flex wp-container-core-columns-is-layout-9d6595d7 wp-block-columns-is-layout-flex\">\n<div class=\"wp-block-column is-layout-flow wp-block-column-is-layout-flow\">\n<h2 class=\"wp-block-heading\">Batterie de cuisine 7 pi\u00e8ces en acier inoxydable Param\u00e8tres\uff1a<\/h2>\n\n\n\n<ul class=\"wp-block-list\">\n<li><strong>Mat\u00e9riau : <\/strong>SS304<\/li>\n\n\n\n<li><strong>Couleur :<\/strong> Argent<\/li>\n\n\n\n<li><strong>Le fond<\/strong>: Base encapsul\u00e9e (SUS+1.2mm Alu+SUS)<\/li>\n\n\n\n<li><strong>Couvercle :<\/strong> Couvercles en acier inoxydable<\/li>\n\n\n\n<li><strong>Tailles<\/strong>59\u00d749\u00d740cm<\/li>\n\n\n\n<li><strong>Remarque :<\/strong> Soutenir l'inspection de la qualit\u00e9 pour les commandes de petits lots<\/li>\n<\/ul>\n<\/div>\n\n\n\n<div class=\"wp-block-column is-layout-flow wp-block-column-is-layout-flow\">\n<h2 class=\"wp-block-heading\">Options de po\u00eales et casseroles sur mesure\uff1a<\/h2>\n\n\n\n<ul class=\"wp-block-list\">\n<li><strong>Logo :<\/strong> Personnalisable avec le logo de votre marque<\/li>\n\n\n\n<li><strong>Poign\u00e9e<\/strong>: Une poign\u00e9e adapt\u00e9e \u00e0 votre style<\/li>\n\n\n\n<li><strong>Emballage : <\/strong>Bo\u00eete de couleur\/Carton, etc.<\/li>\n<\/ul>\n<\/div>\n<\/div>\n\n\n\n<p><em><a href=\"https:\/\/www.chancescook.com\/fr\/contact\/\" data-type=\"page\" data-id=\"2990\">Le fabricant d'ustensiles de cuisine Chancescook propose des prix d'usine et des services de personnalisation OEM. Contactez-nous pour obtenir le meilleur devis d'un fabricant d'ustensiles de cuisine fiable.<\/a><\/em><\/p>\n\n\n\n<div class=\"wp-block-columns is-layout-flex wp-container-core-columns-is-layout-9d6595d7 wp-block-columns-is-layout-flex\">\n<div class=\"wp-block-column is-layout-flow wp-block-column-is-layout-flow\">\n<figure class=\"wp-block-image size-full\"><img decoding=\"async\" width=\"4608\" height=\"3456\" src=\"https:\/\/www.chancescook.com\/wp-content\/uploads\/2025\/07\/wholesale-cookware-manufacturer-chances-0-edited.webp\" alt=\"Fabricant chinois d&#039;ustensiles de cuisine-Chancescook\" class=\"wp-image-5085\" srcset=\"https:\/\/www.chancescook.com\/wp-content\/uploads\/2025\/07\/wholesale-cookware-manufacturer-chances-0-edited.webp 4608w, https:\/\/www.chancescook.com\/wp-content\/uploads\/2025\/07\/wholesale-cookware-manufacturer-chances-0-edited-300x225.webp 300w, https:\/\/www.chancescook.com\/wp-content\/uploads\/2025\/07\/wholesale-cookware-manufacturer-chances-0-edited-768x576.webp 768w, https:\/\/www.chancescook.com\/wp-content\/uploads\/2025\/07\/wholesale-cookware-manufacturer-chances-0-edited-16x12.webp 16w, https:\/\/www.chancescook.com\/wp-content\/uploads\/2025\/07\/wholesale-cookware-manufacturer-chances-0-edited-285x214.webp 285w, https:\/\/www.chancescook.com\/wp-content\/uploads\/2025\/07\/wholesale-cookware-manufacturer-chances-0-edited-1600x1200.webp 1600w, https:\/\/www.chancescook.com\/wp-content\/uploads\/2025\/07\/wholesale-cookware-manufacturer-chances-0-edited-800x600.webp 800w, https:\/\/www.chancescook.com\/wp-content\/uploads\/2025\/07\/wholesale-cookware-manufacturer-chances-0-edited-660x495.webp 660w, https:\/\/www.chancescook.com\/wp-content\/uploads\/2025\/07\/wholesale-cookware-manufacturer-chances-0-edited-150x113.webp 150w\" sizes=\"(max-width: 4608px) 100vw, 4608px\" \/><\/figure>\n<\/div>\n\n\n\n<div class=\"wp-block-column is-layout-flow wp-block-column-is-layout-flow\">\n<figure class=\"wp-block-image size-full\"><img decoding=\"async\" width=\"2755\" height=\"2066\" src=\"https:\/\/www.chancescook.com\/wp-content\/uploads\/2025\/07\/wholesale-cookware-manufacturer-kitchenware-manufacturer-chances-1_\u526f\u672c-edited.webp\" alt=\"Les mat\u00e9riaux les plus courants pour les ustensiles de cuisine-chancescook\" class=\"wp-image-5084\" srcset=\"https:\/\/www.chancescook.com\/wp-content\/uploads\/2025\/07\/wholesale-cookware-manufacturer-kitchenware-manufacturer-chances-1_\u526f\u672c-edited.webp 2755w, https:\/\/www.chancescook.com\/wp-content\/uploads\/2025\/07\/wholesale-cookware-manufacturer-kitchenware-manufacturer-chances-1_\u526f\u672c-edited-300x225.webp 300w, https:\/\/www.chancescook.com\/wp-content\/uploads\/2025\/07\/wholesale-cookware-manufacturer-kitchenware-manufacturer-chances-1_\u526f\u672c-edited-768x576.webp 768w, https:\/\/www.chancescook.com\/wp-content\/uploads\/2025\/07\/wholesale-cookware-manufacturer-kitchenware-manufacturer-chances-1_\u526f\u672c-edited-16x12.webp 16w, https:\/\/www.chancescook.com\/wp-content\/uploads\/2025\/07\/wholesale-cookware-manufacturer-kitchenware-manufacturer-chances-1_\u526f\u672c-edited-285x214.webp 285w, https:\/\/www.chancescook.com\/wp-content\/uploads\/2025\/07\/wholesale-cookware-manufacturer-kitchenware-manufacturer-chances-1_\u526f\u672c-edited-1600x1200.webp 1600w, https:\/\/www.chancescook.com\/wp-content\/uploads\/2025\/07\/wholesale-cookware-manufacturer-kitchenware-manufacturer-chances-1_\u526f\u672c-edited-800x600.webp 800w, https:\/\/www.chancescook.com\/wp-content\/uploads\/2025\/07\/wholesale-cookware-manufacturer-kitchenware-manufacturer-chances-1_\u526f\u672c-edited-660x495.webp 660w, https:\/\/www.chancescook.com\/wp-content\/uploads\/2025\/07\/wholesale-cookware-manufacturer-kitchenware-manufacturer-chances-1_\u526f\u672c-edited-150x112.webp 150w\" sizes=\"(max-width: 2755px) 100vw, 2755px\" \/><\/figure>\n<\/div>\n<\/div>\n\n\n\n<p><\/p>","protected":false},"excerpt":{"rendered":"<p>Cette batterie de cuisine en acier inoxydable de 7 pi\u00e8ces est id\u00e9ale pour les cuisines domestiques et commerciales. La surface \u00e9lectropolie offre une finition m\u00e9tallique \u00e9l\u00e9gante et professionnelle. Facile \u00e0 nettoyer et lavable au lave-vaisselle, elle garantit une brillance et des performances durables. Nous prenons en charge la personnalisation des marques et l'approvisionnement en vrac - les acheteurs mondiaux et les grossistes en ustensiles de cuisine sont invit\u00e9s \u00e0 nous contacter pour des solutions de vente en gros d'ustensiles de cuisine en acier inoxydable 7 pi\u00e8ces.<\/p>\n<h3>Batterie de cuisine 7 pi\u00e8ces en acier inoxydable Caract\u00e9ristiques :<\/h3>\n<ul>\n<li><strong>Tr\u00e8s durable :<\/strong> Fabriqu\u00e9e en acier inoxydable de premi\u00e8re qualit\u00e9, cette batterie de cuisine 7 pi\u00e8ces en acier inoxydable pr\u00e9sente une r\u00e9sistance sup\u00e9rieure \u00e0 la corrosion et une excellente durabilit\u00e9. Compar\u00e9e \u00e0 l'aluminium ou \u00e0 d'autres m\u00e9taux, cette batterie de cuisine ne se cabosse pas, ne se d\u00e9forme pas et ne se fissure pas aussi facilement \u00e0 des temp\u00e9ratures \u00e9lev\u00e9es ou en cas d'utilisation fr\u00e9quente, ce qui permet de l'utiliser plus longtemps.<\/li>\n<li><strong>Non r\u00e9actif et s\u00fbr<\/strong>L'acier inoxydable ne r\u00e9agit pas lors de la cuisson d'aliments acides ou alcalins ; il conserve donc la saveur originale des ingr\u00e9dients en ne laissant pas de go\u00fbt m\u00e9tallique.<\/li>\n<li><strong>Set de cuisson multifonctionnel :<\/strong> Cet ensemble de 7 pi\u00e8ces en acier inoxydable comprend des casseroles et des marmites de diff\u00e9rentes tailles pour r\u00e9pondre \u00e0 des besoins vari\u00e9s, de la cuisine familiale \u00e0 la cuisine de restaurant, permettant ainsi de r\u00e9aliser facilement plusieurs t\u00e2ches culinaires en un seul ensemble.<\/li>\n<li><strong>Facile \u00e0 nettoyer et \u00e0 entretenir :<\/strong> L'ensemble passe au lave-vaisselle et les taches tenaces s'\u00e9liminent facilement par trempage ou en frottant l\u00e9g\u00e8rement. Il conserve m\u00eame son \u00e9clat professionnel apr\u00e8s de nombreuses utilisations.<\/li>\n<li><strong>Technologie de fabrication avanc\u00e9e :<\/strong> En tant que fabricant professionnel d'ustensiles de cuisine en acier inoxydable, nous adoptons des lignes de production automatis\u00e9es efficaces et des processus de polissage avanc\u00e9s pour que nos produits aient une belle apparence, soient doux au toucher et faciles \u00e0 utiliser, tout en r\u00e9pondant au volume important requis pour les achats en gros.<\/li>\n<\/ul>","protected":false},"featured_media":5513,"comment_status":"closed","ping_status":"closed","template":"","meta":{"_acf_changed":false},"product_brand":[],"product_cat":[53],"product_tag":[],"class_list":{"0":"post-5510","1":"product","2":"type-product","3":"status-publish","4":"has-post-thumbnail","6":"product_cat-wholesale-cookware-sets","8":"first","9":"instock","10":"shipping-taxable","11":"product-type-simple"},"acf":[],"_links":{"self":[{"href":"https:\/\/www.chancescook.com\/fr\/wp-json\/wp\/v2\/product\/5510","targetHints":{"allow":["GET"]}}],"collection":[{"href":"https:\/\/www.chancescook.com\/fr\/wp-json\/wp\/v2\/product"}],"about":[{"href":"https:\/\/www.chancescook.com\/fr\/wp-json\/wp\/v2\/types\/product"}],"replies":[{"embeddable":true,"href":"https:\/\/www.chancescook.com\/fr\/wp-json\/wp\/v2\/comments?post=5510"}],"wp:featuredmedia":[{"embeddable":true,"href":"https:\/\/www.chancescook.com\/fr\/wp-json\/wp\/v2\/media\/5513"}],"wp:attachment":[{"href":"https:\/\/www.chancescook.com\/fr\/wp-json\/wp\/v2\/media?parent=5510"}],"wp:term":[{"taxonomy":"product_brand","embeddable":true,"href":"https:\/\/www.chancescook.com\/fr\/wp-json\/wp\/v2\/product_brand?post=5510"},{"taxonomy":"product_cat","embeddable":true,"href":"https:\/\/www.chancescook.com\/fr\/wp-json\/wp\/v2\/product_cat?post=5510"},{"taxonomy":"product_tag","embeddable":true,"href":"https:\/\/www.chancescook.com\/fr\/wp-json\/wp\/v2\/product_tag?post=5510"}],"curies":[{"name":"wp","href":"https:\/\/api.w.org\/{rel}","templated":true}]}}