{"id":5523,"date":"2025-11-05T01:28:09","date_gmt":"2025-11-05T00:58:41","guid":{"rendered":"https:\/\/www.chancescook.com\/?post_type=product&#038;p=5523"},"modified":"2025-12-22T06:40:42","modified_gmt":"2025-12-22T06:40:42","slug":"stainless-steel-apple-pot-wholesale","status":"publish","type":"product","link":"https:\/\/www.chancescook.com\/fr\/produit\/stainless-steel-apple-pot-wholesale\/","title":{"rendered":"316 Stainless Steel Apple Pot Wholesale 2L Tri-ply Double Ear Soup Pot Manufacturer"},"content":{"rendered":"<div class=\"wp-block-columns is-layout-flex wp-container-core-columns-is-layout-9d6595d7 wp-block-columns-is-layout-flex\">\n<div class=\"wp-block-column is-layout-flow wp-block-column-is-layout-flow\">\n<h2 class=\"wp-block-heading\">Pot \u00e0 pommes en acier inoxydable Param\u00e8tres :<\/h2>\n\n\n\n<ul class=\"wp-block-list\">\n<li><strong>Mat\u00e9riau :<\/strong> SS316 Tri-ply<\/li>\n\n\n\n<li><strong>Couleur :<\/strong> Argent<\/li>\n\n\n\n<li><strong>Le fond : <\/strong>Base encapsul\u00e9e (SUS+1.2mm Alu+SUS)<\/li>\n\n\n\n<li><strong>Couvercle :<\/strong> Couvercles en acier inoxydable<\/li>\n\n\n\n<li><strong>Tailles :<\/strong>20\/22\/24cm<\/li>\n\n\n\n<li><strong>Remarque :<\/strong> Soutenir l'inspection de la qualit\u00e9 pour les commandes de petits lots<\/li>\n<\/ul>\n<\/div>\n\n\n\n<div class=\"wp-block-column is-layout-flow wp-block-column-is-layout-flow\">\n<h2 class=\"wp-block-heading\">Options de potage personnalis\u00e9es :<\/h2>\n\n\n\n<ul class=\"wp-block-list\">\n<li><strong>Logo :<\/strong> Personnalisable avec le logo de votre marque<\/li>\n\n\n\n<li><strong>Poign\u00e9e : <\/strong>Une poign\u00e9e adapt\u00e9e \u00e0 votre style<\/li>\n\n\n\n<li><strong>Emballage : <\/strong>Bo\u00eete de couleur\/Carton, etc.<\/li>\n\n\n\n<li><strong><a href=\"https:\/\/www.chancescook.com\/fr\/custom-cookware\/\">Solutions OEM et ODM pour les marmites sur mesure<\/a><\/strong><\/li>\n<\/ul>\n<\/div>\n<\/div>\n\n\n\n<p><em><a href=\"https:\/\/www.chancescook.com\/fr\/contact\/\">Le fabricant d'ustensiles de cuisine Chancescook propose des prix d'usine et des services de personnalisation OEM. Contactez-nous pour obtenir le meilleur devis d'un fabricant d'ustensiles de cuisine fiable.<\/a><\/em><\/p>\n\n\n\n<div class=\"wp-block-columns is-layout-flex wp-container-core-columns-is-layout-9d6595d7 wp-block-columns-is-layout-flex\">\n<div class=\"wp-block-column is-layout-flow wp-block-column-is-layout-flow\">\n<figure class=\"wp-block-image size-full\"><img decoding=\"async\" width=\"1600\" height=\"1067\" src=\"https:\/\/www.chancescook.com\/wp-content\/uploads\/2025\/07\/wholesale-cookware-manufacturer-chances-0-1600x1067-1.webp\" alt=\"grossiste-cuisine-fabricant-chances-0-1600x1067\" class=\"wp-image-5233\" srcset=\"https:\/\/www.chancescook.com\/wp-content\/uploads\/2025\/07\/wholesale-cookware-manufacturer-chances-0-1600x1067-1.webp 1600w, https:\/\/www.chancescook.com\/wp-content\/uploads\/2025\/07\/wholesale-cookware-manufacturer-chances-0-1600x1067-1-300x200.webp 300w, https:\/\/www.chancescook.com\/wp-content\/uploads\/2025\/07\/wholesale-cookware-manufacturer-chances-0-1600x1067-1-768x512.webp 768w, https:\/\/www.chancescook.com\/wp-content\/uploads\/2025\/07\/wholesale-cookware-manufacturer-chances-0-1600x1067-1-18x12.webp 18w, https:\/\/www.chancescook.com\/wp-content\/uploads\/2025\/07\/wholesale-cookware-manufacturer-chances-0-1600x1067-1-285x190.webp 285w, https:\/\/www.chancescook.com\/wp-content\/uploads\/2025\/07\/wholesale-cookware-manufacturer-chances-0-1600x1067-1-660x440.webp 660w, https:\/\/www.chancescook.com\/wp-content\/uploads\/2025\/07\/wholesale-cookware-manufacturer-chances-0-1600x1067-1-150x100.webp 150w\" sizes=\"(max-width: 1600px) 100vw, 1600px\" \/><\/figure>\n<\/div>\n\n\n\n<div class=\"wp-block-column is-layout-flow wp-block-column-is-layout-flow\">\n<figure class=\"wp-block-image size-full\"><img decoding=\"async\" width=\"3807\" height=\"2538\" src=\"https:\/\/www.chancescook.com\/wp-content\/uploads\/2024\/08\/wholesale-cookware-manufacturer-kitchenware-manufacturer-chances-1.webp\" alt=\"Fabricant d&#039;ustensiles de cuisine \u00e0 induction en acier inoxydable\" class=\"wp-image-3446\" srcset=\"https:\/\/www.chancescook.com\/wp-content\/uploads\/2024\/08\/wholesale-cookware-manufacturer-kitchenware-manufacturer-chances-1.webp 3807w, https:\/\/www.chancescook.com\/wp-content\/uploads\/2024\/08\/wholesale-cookware-manufacturer-kitchenware-manufacturer-chances-1-300x200.webp 300w, https:\/\/www.chancescook.com\/wp-content\/uploads\/2024\/08\/wholesale-cookware-manufacturer-kitchenware-manufacturer-chances-1-768x512.webp 768w, https:\/\/www.chancescook.com\/wp-content\/uploads\/2024\/08\/wholesale-cookware-manufacturer-kitchenware-manufacturer-chances-1-18x12.webp 18w, https:\/\/www.chancescook.com\/wp-content\/uploads\/2024\/08\/wholesale-cookware-manufacturer-kitchenware-manufacturer-chances-1-285x190.webp 285w, https:\/\/www.chancescook.com\/wp-content\/uploads\/2024\/08\/wholesale-cookware-manufacturer-kitchenware-manufacturer-chances-1-1600x1067.webp 1600w, https:\/\/www.chancescook.com\/wp-content\/uploads\/2024\/08\/wholesale-cookware-manufacturer-kitchenware-manufacturer-chances-1-660x440.webp 660w, https:\/\/www.chancescook.com\/wp-content\/uploads\/2024\/08\/wholesale-cookware-manufacturer-kitchenware-manufacturer-chances-1-150x100.webp 150w\" sizes=\"(max-width: 3807px) 100vw, 3807px\" \/><\/figure>\n<\/div>\n<\/div>","protected":false},"excerpt":{"rendered":"<p>Notre marmite \u00e0 pommes en acier inoxydable est une casserole \u00e9l\u00e9gante et pratique en acier inoxydable 316, id\u00e9ale pour la cuisine \u00e0 domicile, les h\u00f4tels et la restauration. Con\u00e7ue avec une surface non toxique et sans PFOA, elle est s\u00fbre et saine pour les repas de tous les jours. Con\u00e7ue pour 2 \u00e0 3 portions, cette casserole multifonctionnelle s'adapte \u00e0 toutes les cuisini\u00e8res, y compris les cuisini\u00e8res \u00e0 induction et les cuisini\u00e8res \u00e0 gaz. Nous proposons des services de personnalisation OEM\/ODM et un approvisionnement en vrac pour les grossistes et les distributeurs du monde entier - contactez-nous d\u00e8s aujourd'hui pour obtenir des devis comp\u00e9titifs.<\/p>\n<h2>Caract\u00e9ristiques et avantages du pot \u00e0 pommes en acier inoxydable<\/h2>\n<ul>\n<li><strong>Acier inoxydable 316 de qualit\u00e9 m\u00e9dicale :<\/strong> L'acier inoxydable 316 se distingue par sa durabilit\u00e9 et sa s\u00e9curit\u00e9 sanitaire. Notre pot \u00e0 pommes en gros en acier inoxydable est fabriqu\u00e9 dans ce mat\u00e9riau qui r\u00e9siste parfaitement \u00e0 la corrosion caus\u00e9e par les ingr\u00e9dients acides ou alcalins.<\/li>\n<li><strong>Convient pour 2-3 personnes :<\/strong> La capacit\u00e9 de 3 \u00e0 4,5 litres convient parfaitement \u00e0 la cuisine familiale quotidienne et aux besoins de cuisson des petites familles ou des personnes seules.<\/li>\n<li><strong>Convient \u00e0 diff\u00e9rents types de po\u00eales :<\/strong> Le pot \u00e0 pommes en acier inoxydable peut \u00eatre compatible avec une grande vari\u00e9t\u00e9 d'\u00e9quipements de cuisson, y compris les cuisini\u00e8res \u00e0 induction, les cuisini\u00e8res \u00e0 gaz et les cuisini\u00e8res en c\u00e9ramique, offrant ainsi une grande commodit\u00e9.<\/li>\n<li><strong>Service personnalis\u00e9 :<\/strong> Chancescook propose une large gamme de services personnalis\u00e9s de pots \u00e0 pommes en acier inoxydable pour aider les entreprises \u00e0 personnaliser leur marque lorsqu'elles ach\u00e8tent en gros, ce qui convient aux h\u00f4tels, aux industries de la restauration et aux commer\u00e7ants qui ach\u00e8tent en gros.<\/li>\n<\/ul>","protected":false},"featured_media":5789,"comment_status":"closed","ping_status":"closed","template":"","meta":{"_acf_changed":false},"product_brand":[],"product_cat":[52,62],"product_tag":[],"class_list":{"0":"post-5523","1":"product","2":"type-product","3":"status-publish","4":"has-post-thumbnail","6":"product_cat-cookware-wholesale","7":"product_cat-wholesale-soup-pot","9":"first","10":"instock","11":"shipping-taxable","12":"product-type-simple"},"acf":[],"_links":{"self":[{"href":"https:\/\/www.chancescook.com\/fr\/wp-json\/wp\/v2\/product\/5523","targetHints":{"allow":["GET"]}}],"collection":[{"href":"https:\/\/www.chancescook.com\/fr\/wp-json\/wp\/v2\/product"}],"about":[{"href":"https:\/\/www.chancescook.com\/fr\/wp-json\/wp\/v2\/types\/product"}],"replies":[{"embeddable":true,"href":"https:\/\/www.chancescook.com\/fr\/wp-json\/wp\/v2\/comments?post=5523"}],"wp:featuredmedia":[{"embeddable":true,"href":"https:\/\/www.chancescook.com\/fr\/wp-json\/wp\/v2\/media\/5789"}],"wp:attachment":[{"href":"https:\/\/www.chancescook.com\/fr\/wp-json\/wp\/v2\/media?parent=5523"}],"wp:term":[{"taxonomy":"product_brand","embeddable":true,"href":"https:\/\/www.chancescook.com\/fr\/wp-json\/wp\/v2\/product_brand?post=5523"},{"taxonomy":"product_cat","embeddable":true,"href":"https:\/\/www.chancescook.com\/fr\/wp-json\/wp\/v2\/product_cat?post=5523"},{"taxonomy":"product_tag","embeddable":true,"href":"https:\/\/www.chancescook.com\/fr\/wp-json\/wp\/v2\/product_tag?post=5523"}],"curies":[{"name":"wp","href":"https:\/\/api.w.org\/{rel}","templated":true}]}}