{"id":5533,"date":"2025-11-05T01:40:26","date_gmt":"2025-11-05T01:40:26","guid":{"rendered":"https:\/\/www.chancescook.com\/?post_type=product&#038;p=5533"},"modified":"2025-12-21T13:15:12","modified_gmt":"2025-12-21T13:15:12","slug":"apple-shaped-milk-pan-wholesale","status":"publish","type":"product","link":"https:\/\/www.chancescook.com\/fr\/produit\/apple-shaped-milk-pan-wholesale\/","title":{"rendered":"Po\u00eale \u00e0 lait en forme de pomme Wholesale, SUS316 Apple Pot Tri-ply Saucepan Supplier"},"content":{"rendered":"<div class=\"wp-block-columns is-layout-flex wp-container-core-columns-is-layout-9d6595d7 wp-block-columns-is-layout-flex\">\n<div class=\"wp-block-column is-layout-flow wp-block-column-is-layout-flow\">\n<h2 class=\"wp-block-heading\">Bac \u00e0 lait en acier inoxydable en forme de pomme Param\u00e8tres :<\/h2>\n\n\n\n<ul class=\"wp-block-list\">\n<li><strong>Mat\u00e9riau :<\/strong> SS316 Tri-ply<\/li>\n\n\n\n<li><strong>Couleur :<\/strong> Argent<\/li>\n\n\n\n<li><strong>Le fond : <\/strong>Base encapsul\u00e9e (SUS+1.2mm Alu+SUS)<\/li>\n\n\n\n<li><strong>Couvercle :<\/strong> Couvercles en acier inoxydable<\/li>\n\n\n\n<li><strong>Tailles :<\/strong>16cm<\/li>\n\n\n\n<li><strong>Remarque :<\/strong> Soutenir l'inspection de la qualit\u00e9 pour les commandes de petits lots<\/li>\n<\/ul>\n<\/div>\n\n\n\n<div class=\"wp-block-column is-layout-flow wp-block-column-is-layout-flow\">\n<h2 class=\"wp-block-heading\">Options de bac \u00e0 lait personnalis\u00e9es :<\/h2>\n\n\n\n<ul class=\"wp-block-list\">\n<li><strong>Logo :<\/strong> Personnalisable avec le logo de votre marque<\/li>\n\n\n\n<li><strong>Poign\u00e9e : <\/strong>Une poign\u00e9e adapt\u00e9e \u00e0 votre style<\/li>\n\n\n\n<li><strong>Emballage : <\/strong>Bo\u00eete de couleur\/Carton, etc.<\/li>\n\n\n\n<li><strong><a href=\"https:\/\/www.chancescook.com\/fr\/custom-cookware\/\">Solutions OEM et ODM pour les marmites sur mesure<\/a><\/strong><\/li>\n<\/ul>\n<\/div>\n<\/div>\n\n\n\n<p><em><a href=\"https:\/\/www.chancescook.com\/fr\/contact\/\">Le fabricant d'ustensiles de cuisine Chancescook propose des prix d'usine et des services de personnalisation OEM. Contactez-nous pour obtenir le meilleur devis d'un fabricant d'ustensiles de cuisine fiable.<\/a><\/em><\/p>\n\n\n\n<div class=\"wp-block-columns is-layout-flex wp-container-core-columns-is-layout-9d6595d7 wp-block-columns-is-layout-flex\">\n<div class=\"wp-block-column is-layout-flow wp-block-column-is-layout-flow\">\n<figure class=\"wp-block-image size-full\"><img decoding=\"async\" width=\"1600\" height=\"1067\" src=\"https:\/\/www.chancescook.com\/wp-content\/uploads\/2025\/07\/wholesale-cookware-manufacturer-chances-0-1600x1067-1.webp\" alt=\"grossiste-cuisine-fabricant-chances-0-1600x1067\" class=\"wp-image-5233\" srcset=\"https:\/\/www.chancescook.com\/wp-content\/uploads\/2025\/07\/wholesale-cookware-manufacturer-chances-0-1600x1067-1.webp 1600w, https:\/\/www.chancescook.com\/wp-content\/uploads\/2025\/07\/wholesale-cookware-manufacturer-chances-0-1600x1067-1-300x200.webp 300w, https:\/\/www.chancescook.com\/wp-content\/uploads\/2025\/07\/wholesale-cookware-manufacturer-chances-0-1600x1067-1-768x512.webp 768w, https:\/\/www.chancescook.com\/wp-content\/uploads\/2025\/07\/wholesale-cookware-manufacturer-chances-0-1600x1067-1-18x12.webp 18w, https:\/\/www.chancescook.com\/wp-content\/uploads\/2025\/07\/wholesale-cookware-manufacturer-chances-0-1600x1067-1-285x190.webp 285w, https:\/\/www.chancescook.com\/wp-content\/uploads\/2025\/07\/wholesale-cookware-manufacturer-chances-0-1600x1067-1-660x440.webp 660w, https:\/\/www.chancescook.com\/wp-content\/uploads\/2025\/07\/wholesale-cookware-manufacturer-chances-0-1600x1067-1-150x100.webp 150w\" sizes=\"(max-width: 1600px) 100vw, 1600px\" \/><\/figure>\n<\/div>\n\n\n\n<div class=\"wp-block-column is-layout-flow wp-block-column-is-layout-flow\">\n<figure class=\"wp-block-image size-full\"><img decoding=\"async\" width=\"3807\" height=\"2538\" src=\"https:\/\/www.chancescook.com\/wp-content\/uploads\/2024\/08\/wholesale-cookware-manufacturer-kitchenware-manufacturer-chances-1.webp\" alt=\"Fabricant d&#039;ustensiles de cuisine \u00e0 induction en acier inoxydable\" class=\"wp-image-3446\" srcset=\"https:\/\/www.chancescook.com\/wp-content\/uploads\/2024\/08\/wholesale-cookware-manufacturer-kitchenware-manufacturer-chances-1.webp 3807w, https:\/\/www.chancescook.com\/wp-content\/uploads\/2024\/08\/wholesale-cookware-manufacturer-kitchenware-manufacturer-chances-1-300x200.webp 300w, https:\/\/www.chancescook.com\/wp-content\/uploads\/2024\/08\/wholesale-cookware-manufacturer-kitchenware-manufacturer-chances-1-768x512.webp 768w, https:\/\/www.chancescook.com\/wp-content\/uploads\/2024\/08\/wholesale-cookware-manufacturer-kitchenware-manufacturer-chances-1-18x12.webp 18w, https:\/\/www.chancescook.com\/wp-content\/uploads\/2024\/08\/wholesale-cookware-manufacturer-kitchenware-manufacturer-chances-1-285x190.webp 285w, https:\/\/www.chancescook.com\/wp-content\/uploads\/2024\/08\/wholesale-cookware-manufacturer-kitchenware-manufacturer-chances-1-1600x1067.webp 1600w, https:\/\/www.chancescook.com\/wp-content\/uploads\/2024\/08\/wholesale-cookware-manufacturer-kitchenware-manufacturer-chances-1-660x440.webp 660w, https:\/\/www.chancescook.com\/wp-content\/uploads\/2024\/08\/wholesale-cookware-manufacturer-kitchenware-manufacturer-chances-1-150x100.webp 150w\" sizes=\"(max-width: 3807px) 100vw, 3807px\" \/><\/figure>\n<\/div>\n<\/div>\n\n\n\n<p><\/p>","protected":false},"excerpt":{"rendered":"<p>Notre collection en gros de casseroles \u00e0 lait en forme de pomme est fabriqu\u00e9e en acier inoxydable 316 de premi\u00e8re qualit\u00e9, ce qui garantit la durabilit\u00e9, l'homog\u00e9n\u00e9it\u00e9 du chauffage et la s\u00e9curit\u00e9 alimentaire. Con\u00e7ue avec une base \u00e0 trois couches, elle offre une excellente distribution de la chaleur pour une cuisson efficace. Con\u00e7ue pour 2 \u00e0 3 portions, cette casserole non toxique et sans PFOA est parfaite pour la cuisine quotidienne \u00e0 la maison ou dans les cuisines commerciales. En tant que fournisseur fiable de casseroles tripl\u00e9es, nous proposons la personnalisation OEM\/ODM, des \u00e9chantillons gratuits et des prix directs - id\u00e9al pour les soci\u00e9t\u00e9s de restauration, les fournisseurs d'h\u00f4tels et les grossistes en ustensiles de cuisine. Contactez-nous d\u00e8s aujourd'hui pour obtenir des devis en gros !<\/p>\n<h2>Caract\u00e9ristiques et avantages du pot \u00e0 lait en forme de pomme<\/h2>\n<ul>\n<li data-pm-slice=\"1 1 []\"><strong>Acier inoxydable 316 de qualit\u00e9 m\u00e9dicale :<\/strong> L'acier inoxydable 316 se distingue par sa durabilit\u00e9 et sa s\u00e9curit\u00e9 sanitaire. Notre casserole \u00e0 lait en gros en forme de pomme est fabriqu\u00e9e dans ce mat\u00e9riau qui r\u00e9siste parfaitement \u00e0 la corrosion caus\u00e9e par des ingr\u00e9dients acides ou alcalins.<\/li>\n<li><strong>Convient pour 2-3 personnes :<\/strong> La capacit\u00e9 est tout \u00e0 fait adapt\u00e9e \u00e0 la cuisine familiale quotidienne et convient parfaitement aux besoins de cuisson des petites familles ou des personnes seules.<\/li>\n<li><strong>Convient \u00e0 diff\u00e9rents types de po\u00eales :<\/strong> Le r\u00e9cipient \u00e0 lait en acier inoxydable en forme de pomme est compatible avec une grande vari\u00e9t\u00e9 d'\u00e9quipements de cuisson, y compris les cuisini\u00e8res \u00e0 induction, les cuisini\u00e8res \u00e0 gaz et les cuisini\u00e8res en c\u00e9ramique, offrant ainsi une grande commodit\u00e9 d'utilisation.<\/li>\n<li><strong>Service personnalis\u00e9 :<\/strong> Chancescook propose une large gamme de services de personnalisation des ustensiles de cuisine afin d'aider les entreprises \u00e0 personnaliser leur marque lorsqu'elles ach\u00e8tent en vrac. Ces services conviennent aux h\u00f4tels, aux entreprises de restauration et aux commer\u00e7ants qui ach\u00e8tent en vrac.<\/li>\n<\/ul>","protected":false},"featured_media":5764,"comment_status":"closed","ping_status":"closed","template":"","meta":{"_acf_changed":false},"product_brand":[],"product_cat":[52,67],"product_tag":[],"class_list":{"0":"post-5533","1":"product","2":"type-product","3":"status-publish","4":"has-post-thumbnail","6":"product_cat-cookware-wholesale","7":"product_cat-saucepan-manufacturer","9":"first","10":"instock","11":"shipping-taxable","12":"product-type-simple"},"acf":[],"_links":{"self":[{"href":"https:\/\/www.chancescook.com\/fr\/wp-json\/wp\/v2\/product\/5533","targetHints":{"allow":["GET"]}}],"collection":[{"href":"https:\/\/www.chancescook.com\/fr\/wp-json\/wp\/v2\/product"}],"about":[{"href":"https:\/\/www.chancescook.com\/fr\/wp-json\/wp\/v2\/types\/product"}],"replies":[{"embeddable":true,"href":"https:\/\/www.chancescook.com\/fr\/wp-json\/wp\/v2\/comments?post=5533"}],"wp:featuredmedia":[{"embeddable":true,"href":"https:\/\/www.chancescook.com\/fr\/wp-json\/wp\/v2\/media\/5764"}],"wp:attachment":[{"href":"https:\/\/www.chancescook.com\/fr\/wp-json\/wp\/v2\/media?parent=5533"}],"wp:term":[{"taxonomy":"product_brand","embeddable":true,"href":"https:\/\/www.chancescook.com\/fr\/wp-json\/wp\/v2\/product_brand?post=5533"},{"taxonomy":"product_cat","embeddable":true,"href":"https:\/\/www.chancescook.com\/fr\/wp-json\/wp\/v2\/product_cat?post=5533"},{"taxonomy":"product_tag","embeddable":true,"href":"https:\/\/www.chancescook.com\/fr\/wp-json\/wp\/v2\/product_tag?post=5533"}],"curies":[{"name":"wp","href":"https:\/\/api.w.org\/{rel}","templated":true}]}}