{"id":5572,"date":"2025-11-15T08:34:01","date_gmt":"2025-11-15T08:07:58","guid":{"rendered":"https:\/\/www.chancescook.com\/?post_type=product&#038;p=5572"},"modified":"2025-12-22T09:33:59","modified_gmt":"2025-12-22T09:33:59","slug":"custom-food-storage-containers-bulk","status":"publish","type":"product","link":"https:\/\/www.chancescook.com\/fr\/produit\/custom-food-storage-containers-bulk\/","title":{"rendered":"R\u00e9cipients de stockage d'aliments personnalis\u00e9s Bo\u00eetes \u00e0 lunch en gros avec couvercle en verre"},"content":{"rendered":"<div class=\"wp-block-columns is-layout-flex wp-container-core-columns-is-layout-9d6595d7 wp-block-columns-is-layout-flex\">\n<div class=\"wp-block-column is-layout-flow wp-block-column-is-layout-flow\">\n<h3 class=\"wp-block-heading\">R\u00e9cipients de stockage d'aliments personnalis\u00e9s Param\u00e8tres :<\/h3>\n\n\n\n<ul class=\"wp-block-list\">\n<li><strong>Mat\u00e9riaux :<\/strong> ss304\/ss201<\/li>\n\n\n\n<li><strong>\u00c9paisseur : <\/strong>0.6mm\uff1b<\/li>\n\n\n\n<li><strong>Couvercle : <\/strong>couvercle en verre en silicone<\/li>\n\n\n\n<li><strong>Artisanat ext\u00e9rieur :<\/strong> \u00e9lectrolyse int\u00e9rieure et ext\u00e9rieure<\/li>\n\n\n\n<li><strong>SKU :<\/strong> 700\/1200\/1900\/1000\/1800\/3000ml<br>700ML:15.9x12x4.6cm<br>1200ML:19.5\u00d714.8\u00d75.1cm<br>1900ML:23.6\u00d718.2\u00d75.5cm<br>1000ML:15.9x12x7cm<br>1800ML:19.5\u00d714.8x8cm<br>3000ML:23.61\u00d78.4x90cm<\/li>\n<\/ul>\n<\/div>\n\n\n\n<div class=\"wp-block-column is-layout-flow wp-block-column-is-layout-flow\">\n<h3 class=\"wp-block-heading\">Options de conteneurs alimentaires personnalis\u00e9s\uff1a<\/h3>\n\n\n\n<p>Am\u00e9liorez votre activit\u00e9 de restauration gr\u00e2ce \u00e0 nos options de personnalisation illimit\u00e9es et \u00e0 nos conceptions innovantes.<\/p>\n\n\n\n<p><strong>Mat\u00e9riaux : <\/strong>ss304\/ss201<br><strong>Paquet :<\/strong> Carton\/bo\u00eete de couleur<br><strong>Taille : <\/strong>700ML\/1200ML\/1900ML\/1000ML\/1800ML\/3000ML<br><strong><a href=\"https:\/\/www.chancescook.com\/fr\/custom-cookware\/\" target=\"_blank\" rel=\"noreferrer noopener\">Solutions personnalis\u00e9es OEM et ODM<\/a><\/strong><\/p>\n<\/div>\n<\/div>\n\n\n\n<figure class=\"wp-block-image size-full\"><img decoding=\"async\" width=\"1135\" height=\"382\" src=\"https:\/\/www.chancescook.com\/wp-content\/uploads\/2025\/11\/Custom-Food-Storage-Containers-Size.webp\" alt=\"Taille des r\u00e9cipients de stockage des aliments sur mesure\" class=\"wp-image-5573\" srcset=\"https:\/\/www.chancescook.com\/wp-content\/uploads\/2025\/11\/Custom-Food-Storage-Containers-Size.webp 1135w, https:\/\/www.chancescook.com\/wp-content\/uploads\/2025\/11\/Custom-Food-Storage-Containers-Size-300x101.webp 300w, https:\/\/www.chancescook.com\/wp-content\/uploads\/2025\/11\/Custom-Food-Storage-Containers-Size-768x258.webp 768w, https:\/\/www.chancescook.com\/wp-content\/uploads\/2025\/11\/Custom-Food-Storage-Containers-Size-18x6.webp 18w, https:\/\/www.chancescook.com\/wp-content\/uploads\/2025\/11\/Custom-Food-Storage-Containers-Size-285x96.webp 285w, https:\/\/www.chancescook.com\/wp-content\/uploads\/2025\/11\/Custom-Food-Storage-Containers-Size-660x222.webp 660w, https:\/\/www.chancescook.com\/wp-content\/uploads\/2025\/11\/Custom-Food-Storage-Containers-Size-150x50.webp 150w\" sizes=\"(max-width: 1135px) 100vw, 1135px\" \/><\/figure>\n\n\n\n<div class=\"wp-block-columns is-layout-flex wp-container-core-columns-is-layout-9d6595d7 wp-block-columns-is-layout-flex\">\n<div class=\"wp-block-column is-layout-flow wp-block-column-is-layout-flow\">\n<figure class=\"wp-block-image size-full\"><img decoding=\"async\" width=\"2364\" height=\"1665\" src=\"https:\/\/www.chancescook.com\/wp-content\/uploads\/2025\/11\/Custom-Food-Storage-Containers-Wholesaler-chancescook-1.webp\" alt=\"\" class=\"wp-image-5574\" srcset=\"https:\/\/www.chancescook.com\/wp-content\/uploads\/2025\/11\/Custom-Food-Storage-Containers-Wholesaler-chancescook-1.webp 2364w, https:\/\/www.chancescook.com\/wp-content\/uploads\/2025\/11\/Custom-Food-Storage-Containers-Wholesaler-chancescook-1-300x211.webp 300w, https:\/\/www.chancescook.com\/wp-content\/uploads\/2025\/11\/Custom-Food-Storage-Containers-Wholesaler-chancescook-1-768x541.webp 768w, https:\/\/www.chancescook.com\/wp-content\/uploads\/2025\/11\/Custom-Food-Storage-Containers-Wholesaler-chancescook-1-18x12.webp 18w, https:\/\/www.chancescook.com\/wp-content\/uploads\/2025\/11\/Custom-Food-Storage-Containers-Wholesaler-chancescook-1-285x201.webp 285w, https:\/\/www.chancescook.com\/wp-content\/uploads\/2025\/11\/Custom-Food-Storage-Containers-Wholesaler-chancescook-1-1600x1127.webp 1600w, https:\/\/www.chancescook.com\/wp-content\/uploads\/2025\/11\/Custom-Food-Storage-Containers-Wholesaler-chancescook-1-660x465.webp 660w, https:\/\/www.chancescook.com\/wp-content\/uploads\/2025\/11\/Custom-Food-Storage-Containers-Wholesaler-chancescook-1-150x106.webp 150w\" sizes=\"(max-width: 2364px) 100vw, 2364px\" \/><\/figure>\n<\/div>\n\n\n\n<div class=\"wp-block-column is-layout-flow wp-block-column-is-layout-flow\">\n<figure class=\"wp-block-image size-full\"><img decoding=\"async\" width=\"2048\" height=\"1463\" src=\"https:\/\/www.chancescook.com\/wp-content\/uploads\/2025\/11\/Custom-Food-Storage-Containers-Wholesaler-chancescook-2.webp\" alt=\"Grossiste en r\u00e9cipients de stockage alimentaire personnalis\u00e9s - chancescook (2)\" class=\"wp-image-5575\" srcset=\"https:\/\/www.chancescook.com\/wp-content\/uploads\/2025\/11\/Custom-Food-Storage-Containers-Wholesaler-chancescook-2.webp 2048w, https:\/\/www.chancescook.com\/wp-content\/uploads\/2025\/11\/Custom-Food-Storage-Containers-Wholesaler-chancescook-2-300x214.webp 300w, https:\/\/www.chancescook.com\/wp-content\/uploads\/2025\/11\/Custom-Food-Storage-Containers-Wholesaler-chancescook-2-768x549.webp 768w, https:\/\/www.chancescook.com\/wp-content\/uploads\/2025\/11\/Custom-Food-Storage-Containers-Wholesaler-chancescook-2-18x12.webp 18w, https:\/\/www.chancescook.com\/wp-content\/uploads\/2025\/11\/Custom-Food-Storage-Containers-Wholesaler-chancescook-2-285x204.webp 285w, https:\/\/www.chancescook.com\/wp-content\/uploads\/2025\/11\/Custom-Food-Storage-Containers-Wholesaler-chancescook-2-1600x1143.webp 1600w, https:\/\/www.chancescook.com\/wp-content\/uploads\/2025\/11\/Custom-Food-Storage-Containers-Wholesaler-chancescook-2-660x471.webp 660w, https:\/\/www.chancescook.com\/wp-content\/uploads\/2025\/11\/Custom-Food-Storage-Containers-Wholesaler-chancescook-2-150x107.webp 150w\" sizes=\"(max-width: 2048px) 100vw, 2048px\" \/><\/figure>\n<\/div>\n<\/div>","protected":false},"excerpt":{"rendered":"<p>Les r\u00e9cipients de stockage alimentaire personnalis\u00e9s de Chance offrent un stockage polyvalent en acier inoxydable avec une \u00e9tanch\u00e9it\u00e9 avanc\u00e9e et une utilisation au micro-ondes. Id\u00e9ales pour les repas et les restes, nous proposons des prix de gros d'usine, des \u00e9chantillons gratuits et une personnalisation compl\u00e8te pour les acheteurs internationaux.<\/p>\n<h3>Caract\u00e9ristiques et avantages des conteneurs de stockage des aliments<\/h3>\n<ul>\n<li><strong>Technologie d'\u00e9tanch\u00e9it\u00e9 avanc\u00e9e :<\/strong> comprend un anneau de scellement en silicone personnalis\u00e9 qui assure une fermeture herm\u00e9tique pour une conservation parfaite de la fra\u00eecheur, de la saveur et des nutriments des aliments. Il est tr\u00e8s demand\u00e9 par les acheteurs de r\u00e9cipients de stockage alimentaire personnalis\u00e9s en gros.<\/li>\n<li><strong>Conception adapt\u00e9e aux micro-ondes :<\/strong> R\u00e9chauffez les aliments en toute s\u00e9curit\u00e9 au micro-ondes (couvercle enlev\u00e9), ce qui permet une plus grande flexibilit\u00e9 dans les t\u00e2ches alimentaires quotidiennes et rend ce produit id\u00e9al pour la vente en gros de r\u00e9cipients de stockage d'aliments personnalis\u00e9s.<\/li>\n<li><strong><b>Applications polyvalentes : <\/b><\/strong>Les possibilit\u00e9s sont infinies, qu'il s'agisse de pr\u00e9parer des restes, de mariner, de pr\u00e9parer des repas ou m\u00eame d'emporter vos repas avec vous.<\/li>\n<li><strong>R\u00e9sistance aux temp\u00e9ratures \u00e9lev\u00e9es :<\/strong> Con\u00e7us pour r\u00e9sister \u00e0 une large gamme de temp\u00e9ratures, ils conviennent pour les r\u00e9frig\u00e9rateurs, les cong\u00e9lateurs et les fours - avec le couvercle enlev\u00e9.<\/li>\n<li><strong>Facile \u00e0 nettoyer :<\/strong> La base en acier inoxydable et le couvercle en verre peuvent \u00eatre lav\u00e9s au lave-vaisselle, ce qui garantit un nettoyage facile et une hygi\u00e8ne durable.<\/li>\n<li><strong>Design \u00e9l\u00e9gant et pratique :<\/strong> Son couvercle transparent lui conf\u00e8re une allure moderne et \u00e9l\u00e9gante, permettant de voir facilement le contenu et de rehausser l'esth\u00e9tique de votre cuisine.<\/li>\n<\/ul>\n<p><strong>Pr\u00eat \u00e0 commander ?<\/strong> Pour ces excellents conteneurs de stockage alimentaire, nous avons des options de vente en gros disponibles. Contactez-nous d\u00e8s aujourd'hui pour personnaliser votre commande et faire passer vos options de stockage alimentaire au niveau sup\u00e9rieur.<\/p>","protected":false},"featured_media":5803,"comment_status":"closed","ping_status":"closed","template":"","meta":{"_acf_changed":false},"product_brand":[],"product_cat":[56],"product_tag":[],"class_list":{"0":"post-5572","1":"product","2":"type-product","3":"status-publish","4":"has-post-thumbnail","6":"product_cat-wholesale-kitchen-utensils","8":"first","9":"instock","10":"shipping-taxable","11":"product-type-simple"},"acf":[],"_links":{"self":[{"href":"https:\/\/www.chancescook.com\/fr\/wp-json\/wp\/v2\/product\/5572","targetHints":{"allow":["GET"]}}],"collection":[{"href":"https:\/\/www.chancescook.com\/fr\/wp-json\/wp\/v2\/product"}],"about":[{"href":"https:\/\/www.chancescook.com\/fr\/wp-json\/wp\/v2\/types\/product"}],"replies":[{"embeddable":true,"href":"https:\/\/www.chancescook.com\/fr\/wp-json\/wp\/v2\/comments?post=5572"}],"wp:featuredmedia":[{"embeddable":true,"href":"https:\/\/www.chancescook.com\/fr\/wp-json\/wp\/v2\/media\/5803"}],"wp:attachment":[{"href":"https:\/\/www.chancescook.com\/fr\/wp-json\/wp\/v2\/media?parent=5572"}],"wp:term":[{"taxonomy":"product_brand","embeddable":true,"href":"https:\/\/www.chancescook.com\/fr\/wp-json\/wp\/v2\/product_brand?post=5572"},{"taxonomy":"product_cat","embeddable":true,"href":"https:\/\/www.chancescook.com\/fr\/wp-json\/wp\/v2\/product_cat?post=5572"},{"taxonomy":"product_tag","embeddable":true,"href":"https:\/\/www.chancescook.com\/fr\/wp-json\/wp\/v2\/product_tag?post=5572"}],"curies":[{"name":"wp","href":"https:\/\/api.w.org\/{rel}","templated":true}]}}