{"id":5580,"date":"2025-11-15T08:52:43","date_gmt":"2025-11-15T08:52:43","guid":{"rendered":"https:\/\/www.chancescook.com\/?post_type=product&#038;p=5580"},"modified":"2025-12-22T09:28:57","modified_gmt":"2025-12-22T09:28:57","slug":"bulk-food-storage-containers-supplier","status":"publish","type":"product","link":"https:\/\/www.chancescook.com\/fr\/produit\/bulk-food-storage-containers-supplier\/","title":{"rendered":"Fabricant chinois de conteneurs de stockage d'aliments en vrac, de bo\u00eetes de stockage pour r\u00e9frig\u00e9rateurs, de conteneurs de pr\u00e9paration de repas"},"content":{"rendered":"<div class=\"wp-block-columns is-layout-flex wp-container-core-columns-is-layout-9d6595d7 wp-block-columns-is-layout-flex\">\n<div class=\"wp-block-column is-layout-flow wp-block-column-is-layout-flow\">\n<h3 class=\"wp-block-heading\">Conteneurs de stockage d'aliments en vrac Param\u00e8tres :<\/h3>\n\n\n\n<ul class=\"wp-block-list\">\n<li><strong>Num\u00e9ro de mod\u00e8le :<\/strong> ch5<\/li>\n\n\n\n<li><strong>Nom :<\/strong> Bo\u00eete \u00e0 fusibles<\/li>\n\n\n\n<li><strong>Style : <\/strong>sombre\/clair<\/li>\n\n\n\n<li><strong>Mat\u00e9riau : <\/strong>Acier inoxydable 201\/304<\/li>\n\n\n\n<li><strong>Couvercle : <\/strong>verre+silicone<\/li>\n\n\n\n<li><strong>Capacit\u00e9 :<\/strong> 700ml-3000ml<\/li>\n\n\n\n<li><strong>Couleur :<\/strong> blanc laiteux\/argent<\/li>\n\n\n\n<li><strong>Surface :<\/strong> poli\/\u00e9lectrolytique<\/li>\n\n\n\n<li><strong>Logo : <\/strong>personnalisable<\/li>\n\n\n\n<li><strong>MOQ<\/strong>\uff1a100pcs<\/li>\n<\/ul>\n<\/div>\n\n\n\n<div class=\"wp-block-column is-layout-flow wp-block-column-is-layout-flow\">\n<h3 class=\"wp-block-heading\">Options de conteneurs alimentaires personnalis\u00e9s\uff1a<\/h3>\n\n\n\n<p>Am\u00e9liorez votre activit\u00e9 de restauration gr\u00e2ce \u00e0 nos options de personnalisation illimit\u00e9es et \u00e0 nos conceptions innovantes.<\/p>\n\n\n\n<p><strong>Logo :<\/strong> Personnalisez le logo de votre marque<br><strong>Emballage :<\/strong> bo\u00eete\/carton de couleur, etc.<br>Quantit\u00e9 de commande 1000 pi\u00e8ces<br><strong><a href=\"https:\/\/www.chancescook.com\/fr\/custom-cookware\/\" target=\"_blank\" rel=\"noreferrer noopener\">Solutions personnalis\u00e9es OEM et ODM<\/a><\/strong><\/p>\n<\/div>\n<\/div>\n\n\n\n<div class=\"wp-block-columns is-layout-flex wp-container-core-columns-is-layout-9d6595d7 wp-block-columns-is-layout-flex\">\n<div class=\"wp-block-column is-layout-flow wp-block-column-is-layout-flow\">\n<figure class=\"wp-block-image size-full\"><img decoding=\"async\" width=\"800\" height=\"800\" src=\"https:\/\/www.chancescook.com\/wp-content\/uploads\/2025\/11\/kitchenware-factory-bulk-food-storage-container-supplies.\uff083\uff09.webp\" alt=\"\uff083\uff09 de l&#039;usine de fabrication d&#039;ustensiles de cuisine pour le stockage des aliments en vrac.\" class=\"wp-image-5582\" srcset=\"https:\/\/www.chancescook.com\/wp-content\/uploads\/2025\/11\/kitchenware-factory-bulk-food-storage-container-supplies.\uff083\uff09.webp 800w, https:\/\/www.chancescook.com\/wp-content\/uploads\/2025\/11\/kitchenware-factory-bulk-food-storage-container-supplies.\uff083\uff09-300x300.webp 300w, https:\/\/www.chancescook.com\/wp-content\/uploads\/2025\/11\/kitchenware-factory-bulk-food-storage-container-supplies.\uff083\uff09-150x150.webp 150w, https:\/\/www.chancescook.com\/wp-content\/uploads\/2025\/11\/kitchenware-factory-bulk-food-storage-container-supplies.\uff083\uff09-768x768.webp 768w, https:\/\/www.chancescook.com\/wp-content\/uploads\/2025\/11\/kitchenware-factory-bulk-food-storage-container-supplies.\uff083\uff09-12x12.webp 12w, https:\/\/www.chancescook.com\/wp-content\/uploads\/2025\/11\/kitchenware-factory-bulk-food-storage-container-supplies.\uff083\uff09-285x285.webp 285w, https:\/\/www.chancescook.com\/wp-content\/uploads\/2025\/11\/kitchenware-factory-bulk-food-storage-container-supplies.\uff083\uff09-270x270.webp 270w, https:\/\/www.chancescook.com\/wp-content\/uploads\/2025\/11\/kitchenware-factory-bulk-food-storage-container-supplies.\uff083\uff09-540x540.webp 540w, https:\/\/www.chancescook.com\/wp-content\/uploads\/2025\/11\/kitchenware-factory-bulk-food-storage-container-supplies.\uff083\uff09-660x660.webp 660w\" sizes=\"(max-width: 800px) 100vw, 800px\" \/><\/figure>\n<\/div>\n\n\n\n<div class=\"wp-block-column is-layout-flow wp-block-column-is-layout-flow\">\n<figure class=\"wp-block-image size-full\"><img decoding=\"async\" width=\"800\" height=\"800\" src=\"https:\/\/www.chancescook.com\/wp-content\/uploads\/2025\/11\/bulk-food-storage-containers-supplier\uff084\uff09.webp\" alt=\"Fournisseur de conteneurs de stockage d&#039;aliments en vrac\uff084\uff09\" class=\"wp-image-5581\" srcset=\"https:\/\/www.chancescook.com\/wp-content\/uploads\/2025\/11\/bulk-food-storage-containers-supplier\uff084\uff09.webp 800w, https:\/\/www.chancescook.com\/wp-content\/uploads\/2025\/11\/bulk-food-storage-containers-supplier\uff084\uff09-300x300.webp 300w, https:\/\/www.chancescook.com\/wp-content\/uploads\/2025\/11\/bulk-food-storage-containers-supplier\uff084\uff09-150x150.webp 150w, https:\/\/www.chancescook.com\/wp-content\/uploads\/2025\/11\/bulk-food-storage-containers-supplier\uff084\uff09-768x768.webp 768w, https:\/\/www.chancescook.com\/wp-content\/uploads\/2025\/11\/bulk-food-storage-containers-supplier\uff084\uff09-12x12.webp 12w, https:\/\/www.chancescook.com\/wp-content\/uploads\/2025\/11\/bulk-food-storage-containers-supplier\uff084\uff09-285x285.webp 285w, https:\/\/www.chancescook.com\/wp-content\/uploads\/2025\/11\/bulk-food-storage-containers-supplier\uff084\uff09-270x270.webp 270w, https:\/\/www.chancescook.com\/wp-content\/uploads\/2025\/11\/bulk-food-storage-containers-supplier\uff084\uff09-540x540.webp 540w, https:\/\/www.chancescook.com\/wp-content\/uploads\/2025\/11\/bulk-food-storage-containers-supplier\uff084\uff09-660x660.webp 660w\" sizes=\"(max-width: 800px) 100vw, 800px\" \/><\/figure>\n<\/div>\n<\/div>\n\n\n\n<p><\/p>","protected":false},"excerpt":{"rendered":"<p>En tant que l'un des principaux fabricants de conteneurs de stockage alimentaire en Chine, nous proposons une large gamme de conteneurs de stockage alimentaire en vrac de premi\u00e8re qualit\u00e9 qui r\u00e9pondent parfaitement \u00e0 tous les besoins de stockage dans les cuisines et les commerces. Fabriqu\u00e9s en acier inoxydable 304 de qualit\u00e9 alimentaire et rev\u00eatus de c\u00e9ramique haute temp\u00e9rature, ces conteneurs sont extr\u00eamement durables et garantissent s\u00e9curit\u00e9 et long\u00e9vit\u00e9. Con\u00e7us pour \u00eatre utilis\u00e9s au cong\u00e9lateur, au r\u00e9frig\u00e9rateur et au micro-ondes, ils sont suffisamment polyvalents pour la pr\u00e9paration des repas, le stockage quotidien et la commodit\u00e9 sur le pouce. Offrant des prix de gros comp\u00e9titifs et un soutien fiable pour les commandes en vrac, nos conteneurs de stockage alimentaire en vrac sont id\u00e9aux pour les marques qui recherchent une qualit\u00e9 fiable avec des options de personnalisation.<\/p>\n<h3>Caract\u00e9ristiques et avantages des conteneurs de stockage des aliments<\/h3>\n<ul>\n<li><strong>Utilisation polyvalente :<\/strong> Il convient parfaitement \u00e0 la conservation de diff\u00e9rents types d'aliments, tels que les l\u00e9gumes, les plats principaux, les aliments cuits, les aliments marin\u00e9s, etc. Facile \u00e0 utiliser et \u00e0 nettoyer, ce conteneur est destin\u00e9 au stockage d'aliments en vrac dans les cuisines domestiques et les lieux de restauration commerciale.<\/li>\n<li><strong>Stockage \u00e0 l'ext\u00e9rieur et \u00e0 long terme<\/strong>: La construction robuste emp\u00eache la d\u00e9formation, tandis que l'extraordinaire performance de scellage pr\u00e9serve efficacement la fra\u00eecheur des ingr\u00e9dients. Il s'agit donc d'une solution id\u00e9ale pour les consommateurs qui ont besoin d'un stockage \u00e0 long terme ou d'un transport \u00e0 l'ext\u00e9rieur.<\/li>\n<li><strong>Couvercle anti-odeurs :<\/strong> Comprend un couvercle anti-odeurs int\u00e9gr\u00e9 qui emp\u00eache les odeurs fortes de s'\u00e9chapper, laissant les r\u00e9frig\u00e9rateurs ou les garde-manger propres et sans odeurs.<\/li>\n<li><strong>Couvercle en verre transparent r\u00e9sistant aux chocs :<\/strong> Fabriqu\u00e9 en verre tremp\u00e9 de qualit\u00e9 sup\u00e9rieure, le mat\u00e9riau est r\u00e9sistant \u00e0 la chaleur et aux chocs. Il permet d'observer clairement les aliments pendant qu'ils sont chauff\u00e9s, pour plus de s\u00e9curit\u00e9 et de commodit\u00e9.<\/li>\n<li><strong>Rev\u00eatement ext\u00e9rieur r\u00e9sistant \u00e0 la chaleur :<\/strong> La couche ext\u00e9rieure est trait\u00e9e avec une peinture r\u00e9sistante aux hautes temp\u00e9ratures, qui ne s'\u00e9caille pas et ne se fissure pas. Elle peut conserver la stabilit\u00e9 de sa couleur et sa long\u00e9vit\u00e9 m\u00eame apr\u00e8s des chauffages tr\u00e8s fr\u00e9quents.<\/li>\n<li><strong>Rack de s\u00e9paration d'huile en option :<\/strong> La grille de s\u00e9paration huile-eau (en option) permet d'\u00e9liminer efficacement la graisse et l'humidit\u00e9 de surface des aliments, ce qui rend les plats plus sains tout en conservant leur saveur.<\/li>\n<li><strong>Conception de bo\u00eetes \u00e0 lunch pour adultes :<\/strong> La grande capacit\u00e9 convient aux repas quotidiens, aux repas de remise en forme, aux bento et au portionnement de diff\u00e9rents aliments. Le couvercle se ferme bien par pression, offrant ainsi une excellente \u00e9tanch\u00e9it\u00e9, ce qui am\u00e9liore l'exp\u00e9rience de l'utilisateur des r\u00e9cipients de stockage d'aliments en vrac.<\/li>\n<li><strong>Services de personnalisation :<\/strong> Nous offrons des prix de gros comp\u00e9titifs pour des solutions de conteneurs de stockage alimentaire personnalis\u00e9s. Contactez-nous d\u00e8s aujourd'hui pour passer votre commande et am\u00e9liorer votre gamme de produits de stockage.<\/li>\n<\/ul>","protected":false},"featured_media":5799,"comment_status":"closed","ping_status":"closed","template":"","meta":{"_acf_changed":false},"product_brand":[],"product_cat":[56],"product_tag":[],"class_list":{"0":"post-5580","1":"product","2":"type-product","3":"status-publish","4":"has-post-thumbnail","6":"product_cat-wholesale-kitchen-utensils","8":"first","9":"instock","10":"shipping-taxable","11":"product-type-simple"},"acf":[],"_links":{"self":[{"href":"https:\/\/www.chancescook.com\/fr\/wp-json\/wp\/v2\/product\/5580","targetHints":{"allow":["GET"]}}],"collection":[{"href":"https:\/\/www.chancescook.com\/fr\/wp-json\/wp\/v2\/product"}],"about":[{"href":"https:\/\/www.chancescook.com\/fr\/wp-json\/wp\/v2\/types\/product"}],"replies":[{"embeddable":true,"href":"https:\/\/www.chancescook.com\/fr\/wp-json\/wp\/v2\/comments?post=5580"}],"wp:featuredmedia":[{"embeddable":true,"href":"https:\/\/www.chancescook.com\/fr\/wp-json\/wp\/v2\/media\/5799"}],"wp:attachment":[{"href":"https:\/\/www.chancescook.com\/fr\/wp-json\/wp\/v2\/media?parent=5580"}],"wp:term":[{"taxonomy":"product_brand","embeddable":true,"href":"https:\/\/www.chancescook.com\/fr\/wp-json\/wp\/v2\/product_brand?post=5580"},{"taxonomy":"product_cat","embeddable":true,"href":"https:\/\/www.chancescook.com\/fr\/wp-json\/wp\/v2\/product_cat?post=5580"},{"taxonomy":"product_tag","embeddable":true,"href":"https:\/\/www.chancescook.com\/fr\/wp-json\/wp\/v2\/product_tag?post=5580"}],"curies":[{"name":"wp","href":"https:\/\/api.w.org\/{rel}","templated":true}]}}