{"id":5636,"date":"2025-11-22T02:15:59","date_gmt":"2025-11-22T02:15:59","guid":{"rendered":"https:\/\/www.chancescook.com\/?post_type=product&#038;p=5636"},"modified":"2025-12-18T06:56:00","modified_gmt":"2025-12-18T06:56:00","slug":"wholesale-stainless-steel-stock-pots","status":"publish","type":"product","link":"https:\/\/www.chancescook.com\/fr\/produit\/wholesale-stainless-steel-stock-pots\/","title":{"rendered":"Grossiste Marmite en acier inoxydable - Grande capacit\u00e9 et durable"},"content":{"rendered":"<div class=\"wp-block-columns is-layout-flex wp-container-core-columns-is-layout-9d6595d7 wp-block-columns-is-layout-flex\">\n<div class=\"wp-block-column is-layout-flow wp-block-column-is-layout-flow\">\n<h2 class=\"wp-block-heading\">Param\u00e8tres de la marmite en acier inoxydable<\/h2>\n\n\n\n<ul class=\"wp-block-list\">\n<li><strong>Mat\u00e9riau :<\/strong> SS201\/SS304<\/li>\n\n\n\n<li><strong>Couleur : <\/strong>Argent<\/li>\n\n\n\n<li><strong>Forme :<\/strong> Colonne<\/li>\n\n\n\n<li><strong>Diam\u00e8tre :<\/strong> 24cm\/26cm\/28cm\/30cm\/32cm<\/li>\n\n\n\n<li><strong>Hauteur : <\/strong>14.5cm<\/li>\n<\/ul>\n<\/div>\n\n\n\n<div class=\"wp-block-column is-layout-flow wp-block-column-is-layout-flow\">\n<h2 class=\"wp-block-heading\">Options de pot de r\u00e9serve personnalis\u00e9es<\/h2>\n\n\n\n<ul class=\"wp-block-list\">\n<li><strong>Logo :<\/strong> Personnalisable avec le logo de votre marque<\/li>\n\n\n\n<li><strong>Couleur :<\/strong> Personnalisable<\/li>\n\n\n\n<li><strong>Emballage<\/strong>: Bo\u00eete de couleur\/Carton, etc.<\/li>\n<\/ul>\n<\/div>\n<\/div>\n\n\n\n<div class=\"wp-block-columns is-layout-flex wp-container-core-columns-is-layout-9d6595d7 wp-block-columns-is-layout-flex\">\n<div class=\"wp-block-column is-layout-flow wp-block-column-is-layout-flow\">\n<figure class=\"wp-block-image size-full\"><img decoding=\"async\" width=\"848\" height=\"800\" src=\"https:\/\/www.chancescook.com\/wp-content\/uploads\/2025\/11\/Wholesale-Stainless-Steel-Stock-Pot-Supplier-chancescook-3.webp\" alt=\"Fournisseur grossiste de Marmites en acier inoxydable - chancescook (3)\" class=\"wp-image-5642\" srcset=\"https:\/\/www.chancescook.com\/wp-content\/uploads\/2025\/11\/Wholesale-Stainless-Steel-Stock-Pot-Supplier-chancescook-3.webp 848w, https:\/\/www.chancescook.com\/wp-content\/uploads\/2025\/11\/Wholesale-Stainless-Steel-Stock-Pot-Supplier-chancescook-3-300x283.webp 300w, https:\/\/www.chancescook.com\/wp-content\/uploads\/2025\/11\/Wholesale-Stainless-Steel-Stock-Pot-Supplier-chancescook-3-768x725.webp 768w, https:\/\/www.chancescook.com\/wp-content\/uploads\/2025\/11\/Wholesale-Stainless-Steel-Stock-Pot-Supplier-chancescook-3-13x12.webp 13w, https:\/\/www.chancescook.com\/wp-content\/uploads\/2025\/11\/Wholesale-Stainless-Steel-Stock-Pot-Supplier-chancescook-3-285x269.webp 285w, https:\/\/www.chancescook.com\/wp-content\/uploads\/2025\/11\/Wholesale-Stainless-Steel-Stock-Pot-Supplier-chancescook-3-660x623.webp 660w, https:\/\/www.chancescook.com\/wp-content\/uploads\/2025\/11\/Wholesale-Stainless-Steel-Stock-Pot-Supplier-chancescook-3-150x142.webp 150w\" sizes=\"(max-width: 848px) 100vw, 848px\" \/><\/figure>\n<\/div>\n\n\n\n<div class=\"wp-block-column is-layout-flow wp-block-column-is-layout-flow\">\n<figure class=\"wp-block-image size-full\"><img decoding=\"async\" width=\"849\" height=\"800\" src=\"https:\/\/www.chancescook.com\/wp-content\/uploads\/2025\/11\/Wholesale-Stainless-Steel-Stock-Pot-Supplier-chancescook-1.webp\" alt=\"Fournisseur grossiste de Marmites en acier inoxydable - chancescook (1)\" class=\"wp-image-5640\" srcset=\"https:\/\/www.chancescook.com\/wp-content\/uploads\/2025\/11\/Wholesale-Stainless-Steel-Stock-Pot-Supplier-chancescook-1.webp 849w, https:\/\/www.chancescook.com\/wp-content\/uploads\/2025\/11\/Wholesale-Stainless-Steel-Stock-Pot-Supplier-chancescook-1-300x283.webp 300w, https:\/\/www.chancescook.com\/wp-content\/uploads\/2025\/11\/Wholesale-Stainless-Steel-Stock-Pot-Supplier-chancescook-1-768x724.webp 768w, https:\/\/www.chancescook.com\/wp-content\/uploads\/2025\/11\/Wholesale-Stainless-Steel-Stock-Pot-Supplier-chancescook-1-13x12.webp 13w, https:\/\/www.chancescook.com\/wp-content\/uploads\/2025\/11\/Wholesale-Stainless-Steel-Stock-Pot-Supplier-chancescook-1-285x269.webp 285w, https:\/\/www.chancescook.com\/wp-content\/uploads\/2025\/11\/Wholesale-Stainless-Steel-Stock-Pot-Supplier-chancescook-1-660x622.webp 660w, https:\/\/www.chancescook.com\/wp-content\/uploads\/2025\/11\/Wholesale-Stainless-Steel-Stock-Pot-Supplier-chancescook-1-150x141.webp 150w\" sizes=\"(max-width: 849px) 100vw, 849px\" \/><\/figure>\n<\/div>\n<\/div>\n\n\n\n<div class=\"wp-block-columns is-layout-flex wp-container-core-columns-is-layout-9d6595d7 wp-block-columns-is-layout-flex\">\n<div class=\"wp-block-column is-layout-flow wp-block-column-is-layout-flow\" style=\"flex-basis:40%\">\n<figure class=\"wp-block-image size-full\"><a href=\"https:\/\/www.chancescook.com\/fr\/\"><img decoding=\"async\" width=\"4608\" height=\"3456\" src=\"https:\/\/www.chancescook.com\/wp-content\/uploads\/2025\/07\/wholesale-cookware-manufacturer-chances-0-edited.webp\" alt=\"Fabricant chinois d&#039;ustensiles de cuisine-Chancescook\" class=\"wp-image-5085\" srcset=\"https:\/\/www.chancescook.com\/wp-content\/uploads\/2025\/07\/wholesale-cookware-manufacturer-chances-0-edited.webp 4608w, https:\/\/www.chancescook.com\/wp-content\/uploads\/2025\/07\/wholesale-cookware-manufacturer-chances-0-edited-300x225.webp 300w, https:\/\/www.chancescook.com\/wp-content\/uploads\/2025\/07\/wholesale-cookware-manufacturer-chances-0-edited-768x576.webp 768w, https:\/\/www.chancescook.com\/wp-content\/uploads\/2025\/07\/wholesale-cookware-manufacturer-chances-0-edited-16x12.webp 16w, https:\/\/www.chancescook.com\/wp-content\/uploads\/2025\/07\/wholesale-cookware-manufacturer-chances-0-edited-285x214.webp 285w, https:\/\/www.chancescook.com\/wp-content\/uploads\/2025\/07\/wholesale-cookware-manufacturer-chances-0-edited-1600x1200.webp 1600w, https:\/\/www.chancescook.com\/wp-content\/uploads\/2025\/07\/wholesale-cookware-manufacturer-chances-0-edited-800x600.webp 800w, https:\/\/www.chancescook.com\/wp-content\/uploads\/2025\/07\/wholesale-cookware-manufacturer-chances-0-edited-660x495.webp 660w, https:\/\/www.chancescook.com\/wp-content\/uploads\/2025\/07\/wholesale-cookware-manufacturer-chances-0-edited-150x113.webp 150w\" sizes=\"(max-width: 4608px) 100vw, 4608px\" \/><\/a><figcaption class=\"wp-element-caption\">Fabricant de Chancescook<\/figcaption><\/figure>\n<\/div>\n\n\n\n<div class=\"wp-block-column is-layout-flow wp-block-column-is-layout-flow\" style=\"flex-basis:60%\">\n<figure class=\"wp-block-embed is-type-video is-provider-youtube wp-block-embed-youtube wp-embed-aspect-16-9 wp-has-aspect-ratio\"><div class=\"wp-block-embed__wrapper\">\n<iframe title=\"Comment les ustensiles de cuisine sont fabriqu\u00e9s en usine || Fabrication en s\u00e9rie d&#039;ustensiles de cuisine en Chine\" width=\"940\" height=\"529\" src=\"https:\/\/www.youtube.com\/embed\/isoIOWUCi5s?feature=oembed\" frameborder=\"0\" allow=\"accelerometer; autoplay; clipboard-write; encrypted-media; gyroscope; picture-in-picture; web-share\" referrerpolicy=\"strict-origin-when-cross-origin\" allowfullscreen><\/iframe>\n<\/div><\/figure>\n<\/div>\n<\/div>\n\n\n\n<p><\/p>","protected":false},"excerpt":{"rendered":"<p>Marmite de gros en acier inoxydable fabriqu\u00e9e en acier inoxydable de haute qualit\u00e9 pour le style et la durabilit\u00e9, garantissant des performances durables. Le couvercle \u00e0 ajustement pr\u00e9cis retient les saveurs, ce qui la rend id\u00e9ale pour la cuisson lente, les soupes et les rago\u00fbts. Sa grande capacit\u00e9 est parfaite pour une utilisation commerciale ou familiale. <a href=\"https:\/\/www.chancescook.com\/fr\/\"><strong>Fabricant d'ustensiles de cuisine Chancescook<\/strong> <\/a>propose des prix directs \u00e0 l'usine et des services de personnalisation OEM. Pour obtenir le meilleur devis, n'h\u00e9sitez pas \u00e0 contacter un fournisseur d'ustensiles de cuisine fiable.<\/p>\n<h2><strong><b>Caract\u00e9ristiques et avantages du commerce de gros <\/b><\/strong><strong><b>Marmite en acier inoxydable<\/b><\/strong><\/h2>\n<ul>\n<li><strong data-start=\"107\" data-end=\"128\">Mat\u00e9riau de premi\u00e8re qualit\u00e9 :<\/strong> Le mat\u00e9riau de cette marmite en acier inoxydable est de l'acier inoxydable haut de gamme. Ce mat\u00e9riau permet au produit d'\u00eatre lisse et exempt de bavures ou d'imperfections.<\/li>\n<li><strong data-start=\"303\" data-end=\"321\">Couvercle de pr\u00e9cision :<\/strong> Lorsqu'il est ferm\u00e9, il s'adapte pr\u00e9cis\u00e9ment \u00e0 la casserole, emprisonnant l'humidit\u00e9 et la saveur de vos plats. La valve qui l'\u00e9quipe permet d'\u00e9vacuer efficacement la vapeur, ce qui rend la cuisson plus s\u00fbre et mieux ma\u00eetris\u00e9e.<\/li>\n<li><strong data-start=\"514\" data-end=\"540\">Poign\u00e9es faciles \u00e0 utiliser :<\/strong> La poign\u00e9e m\u00e9tallique incurv\u00e9e offre une prise confortable tout en garantissant la s\u00e9curit\u00e9, afin d'\u00e9viter les br\u00fblures lors de la manipulation.<\/li>\n<li><strong data-start=\"671\" data-end=\"689\">Facile \u00e0 nettoyer :<\/strong> La surface en acier inoxydable emp\u00eache les r\u00e9sidus alimentaires d'adh\u00e9rer et est donc tr\u00e8s facile \u00e0 nettoyer ; un simple rin\u00e7age \u00e0 l'eau et au d\u00e9tergent suffit.<\/li>\n<li><strong data-start=\"858\" data-end=\"890\">Wholesale Stock Pot Service :<\/strong> En tant que fabricant d'ustensiles de cuisine en acier inoxydable, nous fournissons des services de marmites en acier inoxydable en gros \u00e0 des prix d'usine, nous soutenons les services OEM et ODM, et nous fournissons de nombreuses options de personnalisation pour r\u00e9pondre aux pr\u00e9f\u00e9rences de votre marque et de votre march\u00e9.<\/li>\n<\/ul>","protected":false},"featured_media":5719,"comment_status":"closed","ping_status":"closed","template":"","meta":{"_acf_changed":false},"product_brand":[],"product_cat":[52,63],"product_tag":[],"class_list":{"0":"post-5636","1":"product","2":"type-product","3":"status-publish","4":"has-post-thumbnail","6":"product_cat-cookware-wholesale","7":"product_cat-stock-pot-wholesale","9":"first","10":"instock","11":"shipping-taxable","12":"product-type-simple"},"acf":[],"_links":{"self":[{"href":"https:\/\/www.chancescook.com\/fr\/wp-json\/wp\/v2\/product\/5636","targetHints":{"allow":["GET"]}}],"collection":[{"href":"https:\/\/www.chancescook.com\/fr\/wp-json\/wp\/v2\/product"}],"about":[{"href":"https:\/\/www.chancescook.com\/fr\/wp-json\/wp\/v2\/types\/product"}],"replies":[{"embeddable":true,"href":"https:\/\/www.chancescook.com\/fr\/wp-json\/wp\/v2\/comments?post=5636"}],"wp:featuredmedia":[{"embeddable":true,"href":"https:\/\/www.chancescook.com\/fr\/wp-json\/wp\/v2\/media\/5719"}],"wp:attachment":[{"href":"https:\/\/www.chancescook.com\/fr\/wp-json\/wp\/v2\/media?parent=5636"}],"wp:term":[{"taxonomy":"product_brand","embeddable":true,"href":"https:\/\/www.chancescook.com\/fr\/wp-json\/wp\/v2\/product_brand?post=5636"},{"taxonomy":"product_cat","embeddable":true,"href":"https:\/\/www.chancescook.com\/fr\/wp-json\/wp\/v2\/product_cat?post=5636"},{"taxonomy":"product_tag","embeddable":true,"href":"https:\/\/www.chancescook.com\/fr\/wp-json\/wp\/v2\/product_tag?post=5636"}],"curies":[{"name":"wp","href":"https:\/\/api.w.org\/{rel}","templated":true}]}}