{"id":5676,"date":"2025-12-08T03:17:19","date_gmt":"2025-12-08T03:17:19","guid":{"rendered":"https:\/\/www.chancescook.com\/?post_type=product&#038;p=5676"},"modified":"2025-12-08T03:36:11","modified_gmt":"2025-12-08T03:36:11","slug":"custom-stock-pot-stainless-steel","status":"publish","type":"product","link":"https:\/\/www.chancescook.com\/fr\/produit\/custom-stock-pot-stainless-steel\/","title":{"rendered":"Marchepied sur mesure en acier inoxydable, fabricant OEM de marmites \u00e0 bords droits"},"content":{"rendered":"<div class=\"wp-block-columns is-layout-flex wp-container-core-columns-is-layout-9d6595d7 wp-block-columns-is-layout-flex\">\n<div class=\"wp-block-column is-layout-flow wp-block-column-is-layout-flow\">\n<h2 class=\"wp-block-heading\">Param\u00e8tres de la marmite en acier inoxydable :<\/h2>\n\n\n\n<ul class=\"wp-block-list\">\n<li><strong>Mat\u00e9riau :<\/strong> Acier inoxydable 201\/304<\/li>\n\n\n\n<li><strong>\u00c9paisseur normale :<\/strong> 0,5 mm<\/li>\n\n\n\n<li><strong>Taille :<\/strong> 20\/22\/24\/26 cm<\/li>\n\n\n\n<li><strong>Couleur :<\/strong> Argent<\/li>\n<\/ul>\n<\/div>\n\n\n\n<div class=\"wp-block-column is-layout-flow wp-block-column-is-layout-flow\">\n<h2 class=\"wp-block-heading\">Options personnalis\u00e9es pour les marmites :<\/h2>\n\n\n\n<ul class=\"wp-block-list\">\n<li><strong>Logo :<\/strong> Personnalisable avec le logo de votre marque<\/li>\n\n\n\n<li><strong>Couleur : <\/strong>Personnalisable<\/li>\n\n\n\n<li><strong>Emballage :<\/strong> Bo\u00eete de couleur\/Carton, etc.<\/li>\n\n\n\n<li><strong>Poign\u00e9e :<\/strong> Une poign\u00e9e adapt\u00e9e \u00e0 votre style<\/li>\n<\/ul>\n<\/div>\n<\/div>\n\n\n\n<div class=\"wp-block-columns is-layout-flex wp-container-core-columns-is-layout-9d6595d7 wp-block-columns-is-layout-flex\">\n<div class=\"wp-block-column is-layout-flow wp-block-column-is-layout-flow\">\n<figure class=\"wp-block-image size-full\"><img decoding=\"async\" width=\"2048\" height=\"1932\" src=\"https:\/\/www.chancescook.com\/wp-content\/uploads\/2025\/12\/Custom-Stock-Pot-Stainless-Steel-Straight-sided-Soup-Pot-Manufacturer-2_1.webp\" alt=\"Fabricant de marmites sur mesure en acier inoxydable \u00e0 bords droits (2)_1\" class=\"wp-image-5680\" srcset=\"https:\/\/www.chancescook.com\/wp-content\/uploads\/2025\/12\/Custom-Stock-Pot-Stainless-Steel-Straight-sided-Soup-Pot-Manufacturer-2_1.webp 2048w, https:\/\/www.chancescook.com\/wp-content\/uploads\/2025\/12\/Custom-Stock-Pot-Stainless-Steel-Straight-sided-Soup-Pot-Manufacturer-2_1-300x283.webp 300w, https:\/\/www.chancescook.com\/wp-content\/uploads\/2025\/12\/Custom-Stock-Pot-Stainless-Steel-Straight-sided-Soup-Pot-Manufacturer-2_1-768x725.webp 768w, https:\/\/www.chancescook.com\/wp-content\/uploads\/2025\/12\/Custom-Stock-Pot-Stainless-Steel-Straight-sided-Soup-Pot-Manufacturer-2_1-13x12.webp 13w, https:\/\/www.chancescook.com\/wp-content\/uploads\/2025\/12\/Custom-Stock-Pot-Stainless-Steel-Straight-sided-Soup-Pot-Manufacturer-2_1-285x269.webp 285w, https:\/\/www.chancescook.com\/wp-content\/uploads\/2025\/12\/Custom-Stock-Pot-Stainless-Steel-Straight-sided-Soup-Pot-Manufacturer-2_1-1600x1509.webp 1600w, https:\/\/www.chancescook.com\/wp-content\/uploads\/2025\/12\/Custom-Stock-Pot-Stainless-Steel-Straight-sided-Soup-Pot-Manufacturer-2_1-660x623.webp 660w, https:\/\/www.chancescook.com\/wp-content\/uploads\/2025\/12\/Custom-Stock-Pot-Stainless-Steel-Straight-sided-Soup-Pot-Manufacturer-2_1-150x142.webp 150w\" sizes=\"(max-width: 2048px) 100vw, 2048px\" \/><\/figure>\n<\/div>\n\n\n\n<div class=\"wp-block-column is-layout-flow wp-block-column-is-layout-flow\">\n<figure class=\"wp-block-image size-full\"><img decoding=\"async\" width=\"2044\" height=\"1928\" src=\"https:\/\/www.chancescook.com\/wp-content\/uploads\/2025\/12\/Custom-Stock-Pot-Stainless-Steel-Straight-sided-Soup-Pot-Manufacturer-1_1.webp\" alt=\"Fabricant de marmites sur mesure en acier inoxydable \u00e0 bords droits (1)_1\" class=\"wp-image-5678\" srcset=\"https:\/\/www.chancescook.com\/wp-content\/uploads\/2025\/12\/Custom-Stock-Pot-Stainless-Steel-Straight-sided-Soup-Pot-Manufacturer-1_1.webp 2044w, https:\/\/www.chancescook.com\/wp-content\/uploads\/2025\/12\/Custom-Stock-Pot-Stainless-Steel-Straight-sided-Soup-Pot-Manufacturer-1_1-300x283.webp 300w, https:\/\/www.chancescook.com\/wp-content\/uploads\/2025\/12\/Custom-Stock-Pot-Stainless-Steel-Straight-sided-Soup-Pot-Manufacturer-1_1-768x724.webp 768w, https:\/\/www.chancescook.com\/wp-content\/uploads\/2025\/12\/Custom-Stock-Pot-Stainless-Steel-Straight-sided-Soup-Pot-Manufacturer-1_1-13x12.webp 13w, https:\/\/www.chancescook.com\/wp-content\/uploads\/2025\/12\/Custom-Stock-Pot-Stainless-Steel-Straight-sided-Soup-Pot-Manufacturer-1_1-285x269.webp 285w, https:\/\/www.chancescook.com\/wp-content\/uploads\/2025\/12\/Custom-Stock-Pot-Stainless-Steel-Straight-sided-Soup-Pot-Manufacturer-1_1-1600x1509.webp 1600w, https:\/\/www.chancescook.com\/wp-content\/uploads\/2025\/12\/Custom-Stock-Pot-Stainless-Steel-Straight-sided-Soup-Pot-Manufacturer-1_1-660x623.webp 660w, https:\/\/www.chancescook.com\/wp-content\/uploads\/2025\/12\/Custom-Stock-Pot-Stainless-Steel-Straight-sided-Soup-Pot-Manufacturer-1_1-150x141.webp 150w\" sizes=\"(max-width: 2044px) 100vw, 2044px\" \/><\/figure>\n<\/div>\n<\/div>","protected":false},"excerpt":{"rendered":"<p>Notre marmite en acier inoxydable personnalis\u00e9e se caract\u00e9rise par une structure durable \u00e0 parois droites, un fond multicouche, des poign\u00e9es rivet\u00e9es et une personnalisation OEM\/ODM, ce qui la rend id\u00e9ale pour les cuisines domestiques, les restaurants et les commandes internationales en gros. Chancescook est un fournisseur fiable. <a href=\"https:\/\/www.chancescook.com\/fr\/about-chances\/\"><strong>fabricant d'ustensiles de cuisine<\/strong><\/a> offrant des prix directs d'usine et une personnalisation OEM compl\u00e8te. Contactez-nous pour obtenir le meilleur devis de votre fabricant d'ustensiles de cuisine de confiance.<\/p>\n<h2><strong><b>Caract\u00e9ristiques et avantages de la marmite en acier inoxydable :<\/b><\/strong><\/h2>\n<ul>\n<li><strong>Construction en acier inoxydable de haute qualit\u00e9 :<\/strong> L'ensemble de la casserole est fabriqu\u00e9 en acier inoxydable de qualit\u00e9 alimentaire, r\u00e9sistant \u00e0 la corrosion et aux temp\u00e9ratures \u00e9lev\u00e9es, et durable pour une s\u00e9curit\u00e9 et une stabilit\u00e9 optimales lors de la cuisson quotidienne.<\/li>\n<li><strong>Conception \u00e0 c\u00f4t\u00e9s droits :<\/strong> La conception verticale des parois du pot augmente la capacit\u00e9 effective, ce qui le rend id\u00e9al pour la cuisson de grands volumes et les cuisines domestiques, la restauration, la distribution et la vente en gros.<\/li>\n<li><strong>Fond \u00e9galement conducteur :<\/strong> La structure composite multicouche du fond acc\u00e9l\u00e8re la conduction et la r\u00e9tention de la chaleur, ce qui rend la cuisson \u00e0 l'\u00e9touff\u00e9e et le mijotage plus \u00e9conomes en \u00e9nergie et r\u00e9duit le temps de cuisson.<\/li>\n<li><strong>Conforme aux exigences de production OEM\/ODM en usine :<\/strong> La personnalisation compl\u00e8te des dimensions, de l'\u00e9paisseur, de la finition bross\u00e9e, de la m\u00e9thode de polissage et du style de poign\u00e9e peut \u00eatre effectu\u00e9e selon les exigences du client pour les marmites en acier inoxydable sur mesure.<\/li>\n<li><strong>Structure robuste \u00e0 poign\u00e9e rivet\u00e9e :<\/strong> Dot\u00e9 d'une poign\u00e9e rivet\u00e9e \u00e9paissie, le corps de la casserole garantit une bonne stabilit\u00e9 lors de la cuisson de grandes quantit\u00e9s et r\u00e9siste \u00e0 la chaleur pour une manipulation ais\u00e9e.<\/li>\n<li><strong>Couvercle transparent en option :<\/strong> Les couvercles en acier ou en verre r\u00e9pondent aux besoins de diff\u00e9rents march\u00e9s, am\u00e9liorent l'attrait des produits et \u00e9largissent leur champ d'application.<\/li>\n<li><strong>Marmite multifonction pour cuisini\u00e8res \u00e0 gaz, \u00e0 induction et vitroc\u00e9ramiques :<\/strong> Gr\u00e2ce \u00e0 sa compatibilit\u00e9 avec la plupart des m\u00e9thodes de cuisson sur plaque chauffante, cette batterie de cuisine est largement utilisable dans de nombreuses cuisines domestiques et professionnelles.<\/li>\n<li><strong>Il convient au commerce international de gros :<\/strong> En tant qu'usine OEM professionnelle, nous proposons \u00e0 nos clients des emballages complets, la personnalisation des param\u00e8tres et la production en s\u00e9rie afin de r\u00e9pondre \u00e0 la demande mondiale et d'am\u00e9liorer encore la comp\u00e9titivit\u00e9 des produits en acier inoxydable personnalis\u00e9s.<\/li>\n<\/ul>","protected":false},"featured_media":5677,"comment_status":"closed","ping_status":"closed","template":"","meta":{"_acf_changed":false},"product_brand":[],"product_cat":[52,63],"product_tag":[],"class_list":{"0":"post-5676","1":"product","2":"type-product","3":"status-publish","4":"has-post-thumbnail","6":"product_cat-cookware-wholesale","7":"product_cat-stock-pot-wholesale","9":"first","10":"instock","11":"shipping-taxable","12":"product-type-simple"},"acf":[],"_links":{"self":[{"href":"https:\/\/www.chancescook.com\/fr\/wp-json\/wp\/v2\/product\/5676","targetHints":{"allow":["GET"]}}],"collection":[{"href":"https:\/\/www.chancescook.com\/fr\/wp-json\/wp\/v2\/product"}],"about":[{"href":"https:\/\/www.chancescook.com\/fr\/wp-json\/wp\/v2\/types\/product"}],"replies":[{"embeddable":true,"href":"https:\/\/www.chancescook.com\/fr\/wp-json\/wp\/v2\/comments?post=5676"}],"wp:featuredmedia":[{"embeddable":true,"href":"https:\/\/www.chancescook.com\/fr\/wp-json\/wp\/v2\/media\/5677"}],"wp:attachment":[{"href":"https:\/\/www.chancescook.com\/fr\/wp-json\/wp\/v2\/media?parent=5676"}],"wp:term":[{"taxonomy":"product_brand","embeddable":true,"href":"https:\/\/www.chancescook.com\/fr\/wp-json\/wp\/v2\/product_brand?post=5676"},{"taxonomy":"product_cat","embeddable":true,"href":"https:\/\/www.chancescook.com\/fr\/wp-json\/wp\/v2\/product_cat?post=5676"},{"taxonomy":"product_tag","embeddable":true,"href":"https:\/\/www.chancescook.com\/fr\/wp-json\/wp\/v2\/product_tag?post=5676"}],"curies":[{"name":"wp","href":"https:\/\/api.w.org\/{rel}","templated":true}]}}