{"id":5681,"date":"2025-12-08T03:43:20","date_gmt":"2025-12-08T03:43:20","guid":{"rendered":"https:\/\/www.chancescook.com\/?post_type=product&#038;p=5681"},"modified":"2026-03-24T08:47:37","modified_gmt":"2026-03-24T08:47:37","slug":"stainless-steel-stock-pot-set-wholesale","status":"publish","type":"product","link":"https:\/\/www.chancescook.com\/fr\/produit\/stainless-steel-stock-pot-set-wholesale\/","title":{"rendered":"Ensemble de marmites en acier inoxydable en gros, ensemble de 6 casseroles \u00e0 bords droits Fabricant"},"content":{"rendered":"<div class=\"wp-block-columns is-layout-flex wp-container-core-columns-is-layout-9d6595d7 wp-block-columns-is-layout-flex\">\n<div class=\"wp-block-column is-layout-flow wp-block-column-is-layout-flow\">\n<h2 class=\"wp-block-heading\">Param\u00e8tres du set de casseroles en acier inoxydable :<\/h2>\n\n\n\n<ul class=\"wp-block-list\">\n<li><strong>Mat\u00e9riau : <\/strong>acier inoxydable<\/li>\n\n\n\n<li><strong>\u00c9paisseur normale<\/strong>:0,5 mm<\/li>\n\n\n\n<li><strong>Couvercle : <\/strong>Couvercles en verre<\/li>\n\n\n\n<li><strong>Le fond :<\/strong>Fond sandwich \u00e0 induction (SUS+2mm Alu+SUS)<\/li>\n\n\n\n<li><strong>Logo : <\/strong>S\u00e9rigraphie\/Gravure laser\/Estampage en relief<\/li>\n\n\n\n<li><strong>Poign\u00e9e et bouton du couvercle : <\/strong>Acier inoxydable<\/li>\n\n\n\n<li><strong>Inclure : <\/strong>Pot \u00e0 lait, marmite, po\u00eale \u00e0 frire<\/li>\n\n\n\n<li><strong>Pot \u00e0 lait Taille :<\/strong>16cm<\/li>\n\n\n\n<li><strong>Potage :<\/strong>20\/24 cm<\/li>\n\n\n\n<li><strong>MOQ :<\/strong>1000sets<\/li>\n<\/ul>\n<\/div>\n\n\n\n<div class=\"wp-block-column is-layout-flow wp-block-column-is-layout-flow\">\n<h2 class=\"wp-block-heading\">Options personnalis\u00e9es pour l'ensemble de marmites en acier inoxydable :<\/h2>\n\n\n\n<p>Am\u00e9liorez votre activit\u00e9 de restauration gr\u00e2ce \u00e0 nos options de personnalisation illimit\u00e9es et \u00e0 nos conceptions innovantes.<\/p>\n\n\n\n<ul class=\"wp-block-list\">\n<li><strong>Couleur<\/strong>: Beige\/Vert\/Rose<\/li>\n\n\n\n<li><strong>Mat\u00e9riau : <\/strong>Acier inoxydable SUS#201\/304\/410\/430<\/li>\n\n\n\n<li>Une poign\u00e9e adapt\u00e9e \u00e0 votre style<\/li>\n\n\n\n<li><strong>Logo : <\/strong>Personnalisez le logo de votre marque<\/li>\n\n\n\n<li><strong>Paquet : <\/strong>bo\u00eete \u00e0 couleurs\/bo\u00eete aux lettres, etc.<\/li>\n\n\n\n<li><strong><em><a href=\"https:\/\/www.chancescook.com\/fr\/custom-cookware\/\" data-type=\"page\" data-id=\"2987\">Solutions personnalis\u00e9es OEM et ODM<\/a><\/em><\/strong><\/li>\n<\/ul>\n<\/div>\n<\/div>\n\n\n\n<div class=\"wp-block-columns is-layout-flex wp-container-core-columns-is-layout-9d6595d7 wp-block-columns-is-layout-flex\">\n<div class=\"wp-block-column is-layout-flow wp-block-column-is-layout-flow\">\n<figure class=\"wp-block-image size-full\"><img decoding=\"async\" width=\"800\" height=\"800\" src=\"https:\/\/www.chancescook.com\/wp-content\/uploads\/2025\/12\/Stainless-Steel-Stock-Pot-Set-Wholesale-Manufacturer-4.webp\" alt=\"Fabricant grossiste d&#039;ensembles de marmites en acier inoxydable (4)\" class=\"wp-image-5687\" srcset=\"https:\/\/www.chancescook.com\/wp-content\/uploads\/2025\/12\/Stainless-Steel-Stock-Pot-Set-Wholesale-Manufacturer-4.webp 800w, https:\/\/www.chancescook.com\/wp-content\/uploads\/2025\/12\/Stainless-Steel-Stock-Pot-Set-Wholesale-Manufacturer-4-300x300.webp 300w, https:\/\/www.chancescook.com\/wp-content\/uploads\/2025\/12\/Stainless-Steel-Stock-Pot-Set-Wholesale-Manufacturer-4-150x150.webp 150w, https:\/\/www.chancescook.com\/wp-content\/uploads\/2025\/12\/Stainless-Steel-Stock-Pot-Set-Wholesale-Manufacturer-4-768x768.webp 768w, https:\/\/www.chancescook.com\/wp-content\/uploads\/2025\/12\/Stainless-Steel-Stock-Pot-Set-Wholesale-Manufacturer-4-12x12.webp 12w, https:\/\/www.chancescook.com\/wp-content\/uploads\/2025\/12\/Stainless-Steel-Stock-Pot-Set-Wholesale-Manufacturer-4-285x285.webp 285w, https:\/\/www.chancescook.com\/wp-content\/uploads\/2025\/12\/Stainless-Steel-Stock-Pot-Set-Wholesale-Manufacturer-4-270x270.webp 270w, https:\/\/www.chancescook.com\/wp-content\/uploads\/2025\/12\/Stainless-Steel-Stock-Pot-Set-Wholesale-Manufacturer-4-540x540.webp 540w, https:\/\/www.chancescook.com\/wp-content\/uploads\/2025\/12\/Stainless-Steel-Stock-Pot-Set-Wholesale-Manufacturer-4-660x660.webp 660w\" sizes=\"(max-width: 800px) 100vw, 800px\" \/><\/figure>\n<\/div>\n\n\n\n<div class=\"wp-block-column is-layout-flow wp-block-column-is-layout-flow\">\n<figure class=\"wp-block-image size-full\"><img decoding=\"async\" width=\"800\" height=\"800\" src=\"https:\/\/www.chancescook.com\/wp-content\/uploads\/2025\/12\/Stainless-Steel-Stock-Pot-Set-Wholesale-Manufacturer-1.webp\" alt=\"Fabricant grossiste d&#039;ensembles de marmites en acier inoxydable (1)\" class=\"wp-image-5685\" srcset=\"https:\/\/www.chancescook.com\/wp-content\/uploads\/2025\/12\/Stainless-Steel-Stock-Pot-Set-Wholesale-Manufacturer-1.webp 800w, https:\/\/www.chancescook.com\/wp-content\/uploads\/2025\/12\/Stainless-Steel-Stock-Pot-Set-Wholesale-Manufacturer-1-300x300.webp 300w, https:\/\/www.chancescook.com\/wp-content\/uploads\/2025\/12\/Stainless-Steel-Stock-Pot-Set-Wholesale-Manufacturer-1-150x150.webp 150w, https:\/\/www.chancescook.com\/wp-content\/uploads\/2025\/12\/Stainless-Steel-Stock-Pot-Set-Wholesale-Manufacturer-1-768x768.webp 768w, https:\/\/www.chancescook.com\/wp-content\/uploads\/2025\/12\/Stainless-Steel-Stock-Pot-Set-Wholesale-Manufacturer-1-12x12.webp 12w, https:\/\/www.chancescook.com\/wp-content\/uploads\/2025\/12\/Stainless-Steel-Stock-Pot-Set-Wholesale-Manufacturer-1-285x285.webp 285w, https:\/\/www.chancescook.com\/wp-content\/uploads\/2025\/12\/Stainless-Steel-Stock-Pot-Set-Wholesale-Manufacturer-1-270x270.webp 270w, https:\/\/www.chancescook.com\/wp-content\/uploads\/2025\/12\/Stainless-Steel-Stock-Pot-Set-Wholesale-Manufacturer-1-540x540.webp 540w, https:\/\/www.chancescook.com\/wp-content\/uploads\/2025\/12\/Stainless-Steel-Stock-Pot-Set-Wholesale-Manufacturer-1-660x660.webp 660w\" sizes=\"(max-width: 800px) 100vw, 800px\" \/><\/figure>\n<\/div>\n\n\n\n<div class=\"wp-block-column is-layout-flow wp-block-column-is-layout-flow\">\n<figure class=\"wp-block-image size-full\"><img decoding=\"async\" width=\"800\" height=\"800\" src=\"https:\/\/www.chancescook.com\/wp-content\/uploads\/2025\/12\/Stainless-Steel-Stock-Pot-Set-Wholesale-Manufacturer-2.webp\" alt=\"Fabricant grossiste d&#039;ensembles de marmites en acier inoxydable (2)\" class=\"wp-image-5683\" srcset=\"https:\/\/www.chancescook.com\/wp-content\/uploads\/2025\/12\/Stainless-Steel-Stock-Pot-Set-Wholesale-Manufacturer-2.webp 800w, https:\/\/www.chancescook.com\/wp-content\/uploads\/2025\/12\/Stainless-Steel-Stock-Pot-Set-Wholesale-Manufacturer-2-300x300.webp 300w, https:\/\/www.chancescook.com\/wp-content\/uploads\/2025\/12\/Stainless-Steel-Stock-Pot-Set-Wholesale-Manufacturer-2-150x150.webp 150w, https:\/\/www.chancescook.com\/wp-content\/uploads\/2025\/12\/Stainless-Steel-Stock-Pot-Set-Wholesale-Manufacturer-2-768x768.webp 768w, https:\/\/www.chancescook.com\/wp-content\/uploads\/2025\/12\/Stainless-Steel-Stock-Pot-Set-Wholesale-Manufacturer-2-12x12.webp 12w, https:\/\/www.chancescook.com\/wp-content\/uploads\/2025\/12\/Stainless-Steel-Stock-Pot-Set-Wholesale-Manufacturer-2-285x285.webp 285w, https:\/\/www.chancescook.com\/wp-content\/uploads\/2025\/12\/Stainless-Steel-Stock-Pot-Set-Wholesale-Manufacturer-2-270x270.webp 270w, https:\/\/www.chancescook.com\/wp-content\/uploads\/2025\/12\/Stainless-Steel-Stock-Pot-Set-Wholesale-Manufacturer-2-540x540.webp 540w, https:\/\/www.chancescook.com\/wp-content\/uploads\/2025\/12\/Stainless-Steel-Stock-Pot-Set-Wholesale-Manufacturer-2-660x660.webp 660w\" sizes=\"(max-width: 800px) 100vw, 800px\" \/><\/figure>\n<\/div>\n<\/div>\n\n\n\n<p><\/p>","protected":false},"excerpt":{"rendered":"<p>Notre ensemble de 6 pi\u00e8ces d'ustensiles de cuisine \u00e0 bords droits offre une durabilit\u00e9 sup\u00e9rieure, une polyvalence multi-tailles et une personnalisation OEM\/ODM, ce qui le rend parfait pour la vente en gros de marmites en acier inoxydable et les besoins des restaurants internationaux ou des fournisseurs de d\u00e9tail. Chancescook est un partenaire fiable. <a href=\"https:\/\/www.chancescook.com\/fr\/about-chances\/\"><strong>fabricant d'ustensiles de cuisine<\/strong><\/a> offrant des prix directs d'usine et une personnalisation OEM compl\u00e8te. Contactez-nous pour obtenir le meilleur devis de votre fabricant d'ustensiles de cuisine de confiance.<\/p>\n<h2><strong><b>Caract\u00e9ristiques et avantages de l'ensemble de marmites en acier inoxydable :<\/b><\/strong><\/h2>\n<ul>\n<li><strong>Ensemble de six pi\u00e8ces d'ustensiles de cuisine \u00e0 corps droit<\/strong>: Il est disponible en diff\u00e9rentes capacit\u00e9s, r\u00e9pondant ainsi aux besoins en vrac des cuisines domestiques comme des cuisines professionnelles, ce qui \u00e9largit la gamme de produits et la couverture commerciale pour les acheteurs.<\/li>\n<li><strong>Construction en acier inoxydable haut de gamme :<\/strong> Les casseroles sont fabriqu\u00e9es en acier inoxydable de qualit\u00e9 alimentaire, r\u00e9sistant \u00e0 la corrosion et aux temp\u00e9ratures \u00e9lev\u00e9es, et ne se d\u00e9forment pas facilement, garantissant ainsi une s\u00e9curit\u00e9 et une stabilit\u00e9 \u00e0 long terme.<\/li>\n<li><strong>La conception \u00e0 c\u00f4t\u00e9s droits pour une capacit\u00e9 accrue : <\/strong>signifie que la conception verticale des parois de la marmite offre une capacit\u00e9 effective sup\u00e9rieure pour un m\u00eame diam\u00e8tre, ce qui convient parfaitement \u00e0 la cuisson de soupes, au braisage d'ingr\u00e9dients ou \u00e0 la cuisson \u00e0 haute fr\u00e9quence dans les cuisines professionnelles.<\/li>\n<li><strong>Fond composite conducteur :<\/strong> La nouvelle structure composite multicouche du fond am\u00e9liore l'efficacit\u00e9 de la conduction thermique, ce qui rend la cuisson plus \u00e9conomique sans risque de br\u00fbler les aliments. Cette conception aux performances stables est tr\u00e8s appr\u00e9ci\u00e9e des clients du secteur de la restauration et du commerce de gros.<\/li>\n<li><strong>Structure robuste \u00e0 poign\u00e9e rivet\u00e9e<\/strong>: Les poign\u00e9es sont fix\u00e9es \u00e0 l'aide de rivets \u00e9paissis afin de r\u00e9sister aux secousses et aux temp\u00e9ratures \u00e9lev\u00e9es, ce qui prolonge la dur\u00e9e de vie des ustensiles de cuisine et les rend plus s\u00fbrs et plus fiables pour d\u00e9placer des casseroles de grande capacit\u00e9.<\/li>\n<li><strong>Compatible avec divers appareils de chauffage<\/strong>: L'ensemble est compatible avec diff\u00e9rents types de plaques de cuisson, telles que les cuisini\u00e8res \u00e0 gaz, les plaques \u00e0 induction et les plaques vitroc\u00e9ramiques. Cela augmente donc la polyvalence et l'adaptabilit\u00e9 du produit pour les ventes \u00e0 l'\u00e9chelle mondiale.<\/li>\n<li><strong>Convient \u00e0 la coop\u00e9ration transfrontali\u00e8re entre grossistes et marques :<\/strong> La personnalisation OEM\/ODM est prise en charge, y compris l'adaptation des dimensions, la combinaison de kits, le traitement de surface et la solution d'emballage, afin d'am\u00e9liorer encore la flexibilit\u00e9 d'achat des grossistes en marmites en acier inoxydable.<\/li>\n<li><strong>Kits de vente en gros \u00e0 forte valeur ajout\u00e9e :<\/strong> Les kits de 6 pi\u00e8ces aident les distributeurs \u00e0 am\u00e9liorer la structure de leurs b\u00e9n\u00e9fices par commande tout en optimisant l'efficacit\u00e9 du stockage et du transport. Cela en ferait la solution id\u00e9ale pour les grossistes en marmites en acier inoxydable.<\/li>\n<\/ul>","protected":false},"featured_media":5688,"comment_status":"closed","ping_status":"closed","template":"","meta":{"_acf_changed":false},"product_brand":[],"product_cat":[53],"product_tag":[],"class_list":{"0":"post-5681","1":"product","2":"type-product","3":"status-publish","4":"has-post-thumbnail","6":"product_cat-wholesale-cookware-sets","8":"first","9":"instock","10":"shipping-taxable","11":"product-type-simple"},"acf":[],"_links":{"self":[{"href":"https:\/\/www.chancescook.com\/fr\/wp-json\/wp\/v2\/product\/5681","targetHints":{"allow":["GET"]}}],"collection":[{"href":"https:\/\/www.chancescook.com\/fr\/wp-json\/wp\/v2\/product"}],"about":[{"href":"https:\/\/www.chancescook.com\/fr\/wp-json\/wp\/v2\/types\/product"}],"replies":[{"embeddable":true,"href":"https:\/\/www.chancescook.com\/fr\/wp-json\/wp\/v2\/comments?post=5681"}],"wp:featuredmedia":[{"embeddable":true,"href":"https:\/\/www.chancescook.com\/fr\/wp-json\/wp\/v2\/media\/5688"}],"wp:attachment":[{"href":"https:\/\/www.chancescook.com\/fr\/wp-json\/wp\/v2\/media?parent=5681"}],"wp:term":[{"taxonomy":"product_brand","embeddable":true,"href":"https:\/\/www.chancescook.com\/fr\/wp-json\/wp\/v2\/product_brand?post=5681"},{"taxonomy":"product_cat","embeddable":true,"href":"https:\/\/www.chancescook.com\/fr\/wp-json\/wp\/v2\/product_cat?post=5681"},{"taxonomy":"product_tag","embeddable":true,"href":"https:\/\/www.chancescook.com\/fr\/wp-json\/wp\/v2\/product_tag?post=5681"}],"curies":[{"name":"wp","href":"https:\/\/api.w.org\/{rel}","templated":true}]}}