{"id":5972,"date":"2026-01-31T09:05:29","date_gmt":"2026-01-31T09:05:29","guid":{"rendered":"https:\/\/www.chancescook.com\/?post_type=product&#038;p=5972"},"modified":"2026-01-31T10:22:36","modified_gmt":"2026-01-31T10:22:36","slug":"wholesale-25-piece-kitchenware-set","status":"publish","type":"product","link":"https:\/\/www.chancescook.com\/fr\/produit\/wholesale-25-piece-kitchenware-set\/","title":{"rendered":"Set de 25 ustensiles de cuisine en gros : Marmites avec couvercles, po\u00eales \u00e0 frire et ustensiles pour l'approvisionnement en gros"},"content":{"rendered":"<div class=\"wp-block-columns is-layout-flex wp-container-core-columns-is-layout-9d6595d7 wp-block-columns-is-layout-flex\">\n<div class=\"wp-block-column is-layout-flow wp-block-column-is-layout-flow\">\n<h2 class=\"wp-block-heading\">Set d'ustensiles de cuisine Premium 25 pi\u00e8ces Param\u00e8tres\uff1a<\/h2>\n\n\n\n<ul class=\"wp-block-list\">\n<li><strong>Mat\u00e9riau<\/strong>: SS304<\/li>\n\n\n\n<li><strong>Couleur<\/strong>: Argent<\/li>\n\n\n\n<li><strong>Le fond :<\/strong> Fond encapsul\u00e9 (SUS+ Alu+SUS)<\/li>\n\n\n\n<li><strong>Couvercle :<\/strong> Couvercles en verre<\/li>\n<\/ul>\n<\/div>\n\n\n\n<div class=\"wp-block-column is-layout-flow wp-block-column-is-layout-flow\">\n<h2 class=\"wp-block-heading\">Options de batterie de cuisine sur mesure\uff1a<\/h2>\n\n\n\n<ul class=\"wp-block-list\">\n<li><strong>Logo :<\/strong> Personnalisable avec le logo de votre marque<\/li>\n\n\n\n<li><strong>Poign\u00e9e<\/strong>: Une poign\u00e9e adapt\u00e9e \u00e0 votre style<\/li>\n\n\n\n<li><strong>Emballage :<\/strong> Bo\u00eete de couleur\/Carton, etc.<\/li>\n\n\n\n<li><strong><a href=\"https:\/\/www.chancescook.com\/fr\/custom-cookware\/\">Solutions personnalis\u00e9es OEM et ODM<\/a><\/strong><\/li>\n<\/ul>\n<\/div>\n<\/div>\n\n\n\n<h2 class=\"wp-block-heading\">D\u00e9composition d\u00e9taill\u00e9e de l'ensemble de 25 pi\u00e8ces :<\/h2>\n\n\n\n<h3 class=\"wp-block-heading\">Ensemble de 15 casseroles multi-tailles avec couvercles :<\/h3>\n\n\n\n<p>Notre gamme principale d'ustensiles de cuisine pr\u00e9sente des tailles gradu\u00e9es pour une pr\u00e9paration polyvalente des aliments, qu'il s'agisse de faire mijoter des sauces ou de cuisiner de grandes quantit\u00e9s.<\/p>\n\n\n\n<ul class=\"wp-block-list\">\n<li>Pot de 18 cm avec couvercle<\/li>\n\n\n\n<li>Pot de 20 cm avec couvercle<\/li>\n\n\n\n<li>Pot de 22 cm avec couvercle<\/li>\n\n\n\n<li>Pot de 26 cm avec couvercle<\/li>\n\n\n\n<li>Pot de 28 cm avec couvercle<\/li>\n\n\n\n<li>Pot de 30 cm avec couvercle<\/li>\n\n\n\n<li>Pot de 32 cm avec couvercle<\/li>\n<\/ul>\n\n\n\n<h3 class=\"wp-block-heading\">Po\u00eale \u00e0 frire 1 pi\u00e8ce tr\u00e8s r\u00e9sistante :<\/h3>\n\n\n\n<ul class=\"wp-block-list\">\n<li>Po\u00eale \u00e0 frire de 24 cm. Une po\u00eale polyvalente parfaite pour les saut\u00e9s et les fritures de tous les jours.<\/li>\n<\/ul>\n\n\n\n<h3 class=\"wp-block-heading\">Set d'ustensiles essentiels 10 pi\u00e8ces (acier inoxydable) :<\/h3>\n\n\n\n<p>Ce kit d'ustensiles complet couvre tous les besoins de base en mati\u00e8re de manipulation des aliments.<\/p>\n\n\n\n<ul class=\"wp-block-list\">\n<li>3 x grandes cuill\u00e8res<\/li>\n\n\n\n<li>4 x Fourches<\/li>\n\n\n\n<li>2 x Couteaux<\/li>\n\n\n\n<li>1 x \u00e9cumeur\/filtre<\/li>\n<\/ul>\n\n\n\n<h2 class=\"wp-block-heading\">L'ensemble ultime de 25 articles de cuisine pour les acheteurs en gros et les distributeurs<\/h2>\n\n\n\n<p>Rationalisez votre cha\u00eene d'approvisionnement avec notre ensemble de 25 articles de cuisine en gros, con\u00e7u sp\u00e9cialement pour les distributeurs d'\u00e9quipement de cuisine commerciale, les soci\u00e9t\u00e9s de fourniture de restaurants et les r\u00e9seaux d'approvisionnement d'h\u00f4tels. Cet ensemble complet offre une valeur exceptionnelle, r\u00e9pondant aux besoins fondamentaux de toute cuisine professionnelle avec une seule UGS de haute qualit\u00e9.<\/p>\n\n\n\n<p><em><a href=\"https:\/\/www.chancescook.com\/fr\/contact\/\" data-type=\"page\" data-id=\"2990\">Le fabricant d'ustensiles de cuisine Chancescook propose des prix d'usine et des services de personnalisation OEM. Contactez-nous pour obtenir le meilleur devis d'un fabricant d'ustensiles de cuisine fiable.<\/a><\/em><\/p>\n\n\n\n<div class=\"wp-block-columns is-layout-flex wp-container-core-columns-is-layout-9d6595d7 wp-block-columns-is-layout-flex\">\n<div class=\"wp-block-column is-layout-flow wp-block-column-is-layout-flow\" style=\"flex-basis:40%\">\n<figure class=\"wp-block-image size-full\"><img decoding=\"async\" width=\"4608\" height=\"3456\" src=\"https:\/\/www.chancescook.com\/wp-content\/uploads\/2025\/07\/wholesale-cookware-manufacturer-chances-0-edited.webp\" alt=\"Fabricant chinois d&#039;ustensiles de cuisine-Chancescook\" class=\"wp-image-5085\" srcset=\"https:\/\/www.chancescook.com\/wp-content\/uploads\/2025\/07\/wholesale-cookware-manufacturer-chances-0-edited.webp 4608w, https:\/\/www.chancescook.com\/wp-content\/uploads\/2025\/07\/wholesale-cookware-manufacturer-chances-0-edited-300x225.webp 300w, https:\/\/www.chancescook.com\/wp-content\/uploads\/2025\/07\/wholesale-cookware-manufacturer-chances-0-edited-768x576.webp 768w, https:\/\/www.chancescook.com\/wp-content\/uploads\/2025\/07\/wholesale-cookware-manufacturer-chances-0-edited-16x12.webp 16w, https:\/\/www.chancescook.com\/wp-content\/uploads\/2025\/07\/wholesale-cookware-manufacturer-chances-0-edited-285x214.webp 285w, https:\/\/www.chancescook.com\/wp-content\/uploads\/2025\/07\/wholesale-cookware-manufacturer-chances-0-edited-1600x1200.webp 1600w, https:\/\/www.chancescook.com\/wp-content\/uploads\/2025\/07\/wholesale-cookware-manufacturer-chances-0-edited-800x600.webp 800w, https:\/\/www.chancescook.com\/wp-content\/uploads\/2025\/07\/wholesale-cookware-manufacturer-chances-0-edited-660x495.webp 660w, https:\/\/www.chancescook.com\/wp-content\/uploads\/2025\/07\/wholesale-cookware-manufacturer-chances-0-edited-150x113.webp 150w\" sizes=\"(max-width: 4608px) 100vw, 4608px\" \/><\/figure>\n<\/div>\n\n\n\n<div class=\"wp-block-column is-layout-flow wp-block-column-is-layout-flow\">\n<figure class=\"wp-block-embed is-type-video is-provider-youtube wp-block-embed-youtube wp-embed-aspect-16-9 wp-has-aspect-ratio\"><div class=\"wp-block-embed__wrapper\">\n<iframe title=\"Comment les ustensiles de cuisine sont fabriqu\u00e9s en usine || Fabrication en s\u00e9rie d&#039;ustensiles de cuisine en Chine\" width=\"940\" height=\"529\" src=\"https:\/\/www.youtube.com\/embed\/isoIOWUCi5s?feature=oembed\" frameborder=\"0\" allow=\"accelerometer; autoplay; clipboard-write; encrypted-media; gyroscope; picture-in-picture; web-share\" referrerpolicy=\"strict-origin-when-cross-origin\" allowfullscreen><\/iframe>\n<\/div><\/figure>\n<\/div>\n<\/div>\n\n\n\n<p><\/p>","protected":false},"excerpt":{"rendered":"<p>Achetez en gros des ensembles complets de 25 pi\u00e8ces pour la cuisine commerciale ! Notre ensemble B2B comprend 7 casseroles avec couvercles, une po\u00eale \u00e0 frire et 17 ustensiles essentiels. Id\u00e9al pour les fournisseurs de restaurants et les cha\u00eenes d'h\u00f4tels. Obtenez des prix en gros pour les ensembles de cuisine.<\/p>\n<h3>Ensemble d'ustensiles de cuisine 25 pi\u00e8ces Caract\u00e9ristiques :<\/h3>\n<ul>\n<li><strong>Solution d'inventaire tout-en-un :<\/strong> Simplifiez vos commandes et vos stocks gr\u00e2ce \u00e0 un seul article de vente en gros d'ensemble de cuisine de 25 pi\u00e8ces. Parfait pour les exportateurs d'ustensiles de cuisine et les fournisseurs en gros.<\/li>\n<li><strong>Disponibilit\u00e9 op\u00e9rationnelle imm\u00e9diate<\/strong>: Fournit tout ce qui est n\u00e9cessaire pour \u00e9quiper une nouvelle station de cuisine, ce qui en fait un outil id\u00e9al pour les kits de d\u00e9marrage des restaurants, les soci\u00e9t\u00e9s de restauration et les suites d'appartements d'h\u00f4tels.<\/li>\n<li><strong>Rentabilit\u00e9 et marges plus \u00e9lev\u00e9es<\/strong>: B\u00e9n\u00e9ficiez d'\u00e9conomies significatives gr\u00e2ce \u00e0 des prix de gros group\u00e9s. Des prix attractifs sur les palettes et des remises sur les quantit\u00e9s \u00e0 produire sont disponibles pour les commandes de gros volumes.<\/li>\n<li><strong>Durabilit\u00e9 garantie :<\/strong> Fabriqu\u00e9s pour r\u00e9sister aux exigences d'une utilisation commerciale, ils garantissent la long\u00e9vit\u00e9 et r\u00e9duisent la fr\u00e9quence de remplacement pour les utilisateurs finaux.<\/li>\n<\/ul>\n<h3>March\u00e9s cibles pour cet ensemble de 25 pi\u00e8ces :<\/h3>\n<ul>\n<li>Distributeurs et grossistes en restauration<\/li>\n<li>Groupes h\u00f4teliers et cha\u00eenes d'h\u00f4tels<\/li>\n<li>Franchises de restaurants et de caf\u00e9s<\/li>\n<li>Traiteurs d'entreprise et d'institutions<\/li>\n<li>Cuisines des administrations et des \u00e9tablissements d'enseignement<\/li>\n<li>Exportateurs vers les march\u00e9s mondiaux d'\u00e9quipements de cuisine<\/li>\n<li>Votre partenaire pour des lots d'ustensiles de cuisine rentables<\/li>\n<\/ul>\n<p>Nous sommes un fabricant et un fournisseur de confiance d'ensembles de cuisines commerciales \u00e0 haut volume. Notre objectif est de fournir des produits fiables, une logistique sans faille et des prix B2B comp\u00e9titifs pour les ensembles de cuisine afin de vous aider \u00e0 d\u00e9velopper votre activit\u00e9.<\/p>\n<p>&nbsp;<\/p>\n<p>&nbsp;<\/p>","protected":false},"featured_media":5973,"comment_status":"closed","ping_status":"closed","template":"","meta":{"_acf_changed":false},"product_brand":[],"product_cat":[53],"product_tag":[],"class_list":{"0":"post-5972","1":"product","2":"type-product","3":"status-publish","4":"has-post-thumbnail","6":"product_cat-wholesale-cookware-sets","8":"first","9":"instock","10":"shipping-taxable","11":"product-type-simple"},"acf":[],"_links":{"self":[{"href":"https:\/\/www.chancescook.com\/fr\/wp-json\/wp\/v2\/product\/5972","targetHints":{"allow":["GET"]}}],"collection":[{"href":"https:\/\/www.chancescook.com\/fr\/wp-json\/wp\/v2\/product"}],"about":[{"href":"https:\/\/www.chancescook.com\/fr\/wp-json\/wp\/v2\/types\/product"}],"replies":[{"embeddable":true,"href":"https:\/\/www.chancescook.com\/fr\/wp-json\/wp\/v2\/comments?post=5972"}],"wp:featuredmedia":[{"embeddable":true,"href":"https:\/\/www.chancescook.com\/fr\/wp-json\/wp\/v2\/media\/5973"}],"wp:attachment":[{"href":"https:\/\/www.chancescook.com\/fr\/wp-json\/wp\/v2\/media?parent=5972"}],"wp:term":[{"taxonomy":"product_brand","embeddable":true,"href":"https:\/\/www.chancescook.com\/fr\/wp-json\/wp\/v2\/product_brand?post=5972"},{"taxonomy":"product_cat","embeddable":true,"href":"https:\/\/www.chancescook.com\/fr\/wp-json\/wp\/v2\/product_cat?post=5972"},{"taxonomy":"product_tag","embeddable":true,"href":"https:\/\/www.chancescook.com\/fr\/wp-json\/wp\/v2\/product_tag?post=5972"}],"curies":[{"name":"wp","href":"https:\/\/api.w.org\/{rel}","templated":true}]}}