{"id":6006,"date":"2026-02-24T07:09:01","date_gmt":"2026-02-24T07:09:01","guid":{"rendered":"https:\/\/www.chancescook.com\/?post_type=product&#038;p=6006"},"modified":"2026-03-11T09:03:52","modified_gmt":"2026-03-11T09:03:52","slug":"stainless-steel-cutlery-set-wholesale","status":"publish","type":"product","link":"https:\/\/www.chancescook.com\/fr\/produit\/stainless-steel-cutlery-set-wholesale\/","title":{"rendered":"Set de couverts en acier inoxydable Wholesale 6 pi\u00e8ces ( 2 couteaux, 4 fourchettes)"},"content":{"rendered":"<div class=\"wp-block-columns is-layout-flex wp-container-core-columns-is-layout-9d6595d7 wp-block-columns-is-layout-flex\">\n<div class=\"wp-block-column is-layout-flow wp-block-column-is-layout-flow\">\n<h2 class=\"wp-block-heading\">Param\u00e8tres de l'ensemble de couverts en acier inoxydable de qualit\u00e9 sup\u00e9rieure<\/h2>\n\n\n\n<ul class=\"wp-block-list\">\n<li><strong>Mat\u00e9riau<\/strong>: Couteaux:420,Fourchettes:304<\/li>\n\n\n\n<li><strong>\u00c9paisseur normale<\/strong>: 3,0 mm<\/li>\n\n\n\n<li><strong>Taille :<\/strong>Couteaux:23cm,Fourchette:22cm<\/li>\n\n\n\n<li><strong>Couleur :<\/strong> Argent<\/li>\n\n\n\n<li><strong>Logo<\/strong>: Gravure laser<\/li>\n\n\n\n<li><strong>Remarque : <\/strong>Soutenir l'inspection de la qualit\u00e9 pour les commandes de petits lots<\/li>\n<\/ul>\n<\/div>\n\n\n\n<div class=\"wp-block-column is-layout-flow wp-block-column-is-layout-flow\">\n<h2 class=\"wp-block-heading\">Options d'ensembles de couverts personnalis\u00e9s<\/h2>\n\n\n\n<ul class=\"wp-block-list\">\n<li><strong>Acier inoxydable :<\/strong>\u00a0Acier inoxydable 18\/10, 304, 316, 410, 430, 420<\/li>\n\n\n\n<li><strong>Logo :<\/strong>\u00a0Gravure laser, s\u00e9rigraphie, impression UV, impression par transfert thermique, gaufrage, etc.<\/li>\n\n\n\n<li><strong>Emballage :<\/strong>\u00a04\/8\/12\/16\/20\/24\/45\/48\/72pcs set<\/li>\n\n\n\n<li><strong>Finitions de surface :<\/strong>\u00a0Poli miroir, mat, poli \u00e0 l'eau, rev\u00eatement titane<\/li>\n\n\n\n<li><strong>Emballage :<\/strong>\u00a0Vrac, sac opp, bo\u00eete de couleur, bo\u00eete cadeau, sur mesure<\/li>\n<\/ul>\n<\/div>\n<\/div>\n\n\n\n<div class=\"wp-block-columns is-layout-flex wp-container-core-columns-is-layout-9d6595d7 wp-block-columns-is-layout-flex\">\n<div class=\"wp-block-column is-layout-flow wp-block-column-is-layout-flow\">\n<h2 class=\"wp-block-heading\"><strong>Id\u00e9al pour les acheteurs B2B<\/strong><\/h2>\n\n\n\n<p><strong>Restaurants et caf\u00e9s<\/strong>: Am\u00e9liorez la pr\u00e9sentation de la table tout en garantissant la durabilit\u00e9 pour les services \u00e0 grand volume.<\/p>\n\n\n\n<p><strong>H\u00f4tels et restauration<\/strong>: Impressionnez vos invit\u00e9s avec des couverts de qualit\u00e9 sup\u00e9rieure et fonctionnels qui r\u00e9pondent aux normes de l'h\u00f4tellerie de luxe.<\/p>\n\n\n\n<p><strong>Restauration institutionnelle<\/strong>: R\u00e9pondent aux exigences d'hygi\u00e8ne et de durabilit\u00e9 pour les \u00e9coles, les h\u00f4pitaux et les caf\u00e9t\u00e9rias d'entreprise.<\/p>\n\n\n\n<p>Cet ensemble de couverts est plus qu'une simple vaisselle - c'est un investissement strat\u00e9gique dans l'efficacit\u00e9 op\u00e9rationnelle, la satisfaction du client et la r\u00e9putation de la marque pour votre entreprise de restauration.<\/p>\n<\/div>\n\n\n\n<div class=\"wp-block-column is-layout-flow wp-block-column-is-layout-flow\"><\/div>\n<\/div>","protected":false},"excerpt":{"rendered":"<p>Bienvenue sur notre site de vente en gros de couverts en acier inoxydable. Cet ensemble de 6 pi\u00e8ces (2 couteaux, 4 fourchettes) est fabriqu\u00e9 en acier inoxydable durable et r\u00e9sistant \u00e0 la rouille, avec une finition \u00e9l\u00e9gante, id\u00e9ale pour les restaurants, la restauration et l'usage domestique. OEM\/ODM pris en charge avec des remises en vrac. Contactez-nous pour un devis !<\/p>\n<h2 class=\"wp-block-heading\">Ensemble de couverts en acier inoxydable Caract\u00e9ristiques :<\/h2>\n<p>&nbsp;<\/p>\n<ol>\n<li><strong>Construction en acier inoxydable 304 de premi\u00e8re qualit\u00e9<\/strong>: Fabriqu\u00e9 en acier inoxydable 304 de qualit\u00e9 alimentaire, cet ensemble de couverts en acier inoxydable offre une excellente r\u00e9sistance \u00e0 la corrosion, une grande durabilit\u00e9 et une longue dur\u00e9e de vie. Con\u00e7u pour r\u00e9sister \u00e0 un usage quotidien intensif et \u00e0 des lavages fr\u00e9quents, il permet de r\u00e9duire les co\u00fbts de remplacement pour les restaurants et les entreprises de restauration.<\/li>\n<li><strong>Poign\u00e9e textur\u00e9e unique :<\/strong> L'\u00e9l\u00e9gante poign\u00e9e textur\u00e9e en \u00e9cailles de poisson am\u00e9liore le confort de la prise en main tout en ajoutant un attrait visuel distinctif et de qualit\u00e9. Le design ergonomique et antid\u00e9rapant am\u00e9liore l'exp\u00e9rience culinaire et s'harmonise avec les tables modernes.<\/li>\n<li><strong>Poli et facile \u00e0 entretenir :<\/strong> Dot\u00e9 d'une surface lisse et polie miroir, cet ensemble de couverts en acier inoxydable r\u00e9siste \u00e0 l'accumulation de r\u00e9sidus alimentaires et peut \u00eatre nettoy\u00e9 dans un lave-vaisselle commercial. Il garantit un assainissement efficace et r\u00e9pond aux normes d'hygi\u00e8ne strictes en vigueur dans les services de restauration.<\/li>\n<li><strong>Options de couleurs multiples et personnalisation :<\/strong> Disponibles en argent classique, en or rose \u00e9l\u00e9gant, en noir moderne, en arc-en-ciel et dans d'autres finitions personnalisables. Nous proposons des services OEM\/ODM, notamment la gravure de logos, le marquage au laser et l'emballage personnalis\u00e9, afin de r\u00e9pondre aux besoins des acheteurs en gros en mati\u00e8re d'image de marque.<\/li>\n<li><strong>Applications commerciales polyvalentes :<\/strong> Cet ensemble de 6 pi\u00e8ces (2 couteaux \u00e0 steak + 4 fourchettes) est id\u00e9al pour les h\u00f4tels, les restaurants, les caf\u00e9s, les salles de banquet et les services de restauration. Il est id\u00e9al pour les achats en gros et la normalisation de plusieurs sites.<\/li>\n<li><strong>Achats group\u00e9s rentables :<\/strong> En tant que fournisseur professionnel de couverts en acier inoxydable, nous offrons des prix comp\u00e9titifs, une qualit\u00e9 stable et une capacit\u00e9 de production fiable \u00e0 grande \u00e9chelle. Contactez-nous d\u00e8s aujourd'hui pour des remises en vrac et des solutions de personnalisation.<\/li>\n<\/ol>","protected":false},"featured_media":6007,"comment_status":"closed","ping_status":"closed","template":"","meta":{"_acf_changed":false},"product_brand":[],"product_cat":[55],"product_tag":[],"class_list":{"0":"post-6006","1":"product","2":"type-product","3":"status-publish","4":"has-post-thumbnail","6":"product_cat-tableware-wholesale","8":"first","9":"instock","10":"shipping-taxable","11":"product-type-simple"},"acf":[],"_links":{"self":[{"href":"https:\/\/www.chancescook.com\/fr\/wp-json\/wp\/v2\/product\/6006","targetHints":{"allow":["GET"]}}],"collection":[{"href":"https:\/\/www.chancescook.com\/fr\/wp-json\/wp\/v2\/product"}],"about":[{"href":"https:\/\/www.chancescook.com\/fr\/wp-json\/wp\/v2\/types\/product"}],"replies":[{"embeddable":true,"href":"https:\/\/www.chancescook.com\/fr\/wp-json\/wp\/v2\/comments?post=6006"}],"wp:featuredmedia":[{"embeddable":true,"href":"https:\/\/www.chancescook.com\/fr\/wp-json\/wp\/v2\/media\/6007"}],"wp:attachment":[{"href":"https:\/\/www.chancescook.com\/fr\/wp-json\/wp\/v2\/media?parent=6006"}],"wp:term":[{"taxonomy":"product_brand","embeddable":true,"href":"https:\/\/www.chancescook.com\/fr\/wp-json\/wp\/v2\/product_brand?post=6006"},{"taxonomy":"product_cat","embeddable":true,"href":"https:\/\/www.chancescook.com\/fr\/wp-json\/wp\/v2\/product_cat?post=6006"},{"taxonomy":"product_tag","embeddable":true,"href":"https:\/\/www.chancescook.com\/fr\/wp-json\/wp\/v2\/product_tag?post=6006"}],"curies":[{"name":"wp","href":"https:\/\/api.w.org\/{rel}","templated":true}]}}