{"id":6008,"date":"2026-02-24T07:13:08","date_gmt":"2026-02-24T07:13:08","guid":{"rendered":"https:\/\/www.chancescook.com\/?post_type=product&#038;p=6008"},"modified":"2026-03-11T09:02:26","modified_gmt":"2026-03-11T09:02:26","slug":"wholesale-kitchen-serving-utensils","status":"publish","type":"product","link":"https:\/\/www.chancescook.com\/fr\/produit\/wholesale-kitchen-serving-utensils\/","title":{"rendered":"Wholesale Kitchen Serving Utensils for Parties, Stainless Steel Serving Spoon Set 3-Piece"},"content":{"rendered":"<div class=\"wp-block-columns is-layout-flex wp-container-core-columns-is-layout-9d6595d7 wp-block-columns-is-layout-flex\">\n<div class=\"wp-block-column is-layout-flow wp-block-column-is-layout-flow\">\n<h2 class=\"wp-block-heading\">Ustensiles de service de cuisine en gros Param\u00e8tres <\/h2>\n\n\n\n<ul class=\"wp-block-list\">\n<li><strong>Mat\u00e9riau :<\/strong> 304\/201<\/li>\n\n\n\n<li><strong>\u00c9paisseur normale<\/strong>: 2,0 mm<\/li>\n\n\n\n<li><strong>Taille :<\/strong>23cm<\/li>\n\n\n\n<li><strong>Couleur :<\/strong> Argent<\/li>\n\n\n\n<li><strong>Logo :<\/strong> Gravure au laser<\/li>\n\n\n\n<li><strong>Remarque : <\/strong>Soutenir l'inspection de la qualit\u00e9 pour les commandes de petits lots<\/li>\n<\/ul>\n<\/div>\n\n\n\n<div class=\"wp-block-column is-layout-flow wp-block-column-is-layout-flow\">\n<h2 class=\"wp-block-heading\">Options d'ustensiles de service de cuisine personnalis\u00e9s<\/h2>\n\n\n\n<ul class=\"wp-block-list\">\n<li><strong>Acier inoxydable :<\/strong>&nbsp;Acier inoxydable 18\/10, 304, 316, 410, 430, 420<\/li>\n\n\n\n<li><strong>Logo :<\/strong>&nbsp;Gravure laser, s\u00e9rigraphie, impression UV, impression par transfert thermique, gaufrage, etc.<\/li>\n\n\n\n<li><strong>Emballage :<\/strong>&nbsp;4\/8\/12\/16\/20\/24\/45\/48\/72pcs set<\/li>\n\n\n\n<li><strong>Finitions de surface :<\/strong>&nbsp;Poli miroir, mat, poli \u00e0 l'eau, rev\u00eatement titane<\/li>\n\n\n\n<li><strong>Emballage :<\/strong>&nbsp;Vrac, sac opp, bo\u00eete de couleur, bo\u00eete cadeau, sur mesure<\/li>\n<\/ul>\n<\/div>\n<\/div>\n\n\n\n<div class=\"wp-block-columns is-layout-flex wp-container-core-columns-is-layout-9d6595d7 wp-block-columns-is-layout-flex\">\n<div class=\"wp-block-column is-layout-flow wp-block-column-is-layout-flow\">\n<h2 class=\"wp-block-heading\"><strong>Id\u00e9al pour les acheteurs B2B<\/strong><\/h2>\n\n\n\n<p><strong>Restaurants et caf\u00e9s<\/strong>: Rationalisez les processus de cuisson et de service gr\u00e2ce \u00e0 des outils durables et polyvalents qui r\u00e9sistent \u00e0 des volumes importants.<\/p>\n\n\n\n<p><strong>H\u00f4tels et restauration<\/strong>: Impressionnez vos invit\u00e9s avec des ustensiles de qualit\u00e9 professionnelle qui am\u00e9liorent la pr\u00e9sentation des aliments et l'efficacit\u00e9 op\u00e9rationnelle.<\/p>\n\n\n\n<p><strong>Cuisines institutionnelles<\/strong>: R\u00e9pondent aux exigences de durabilit\u00e9 et d'hygi\u00e8ne des \u00e9coles, des h\u00f4pitaux et des caf\u00e9t\u00e9rias d'entreprise.<\/p>\n\n\n\n<p>Ce set d'ustensiles de cuisine est un investissement strat\u00e9gique pour l'efficacit\u00e9 op\u00e9rationnelle, la s\u00e9curit\u00e9 alimentaire et la r\u00e9putation de votre entreprise de restauration.<\/p>\n<\/div>\n\n\n\n<div class=\"wp-block-column is-layout-flow wp-block-column-is-layout-flow\">\n<figure class=\"wp-block-image size-full\"><img decoding=\"async\" width=\"800\" height=\"800\" src=\"https:\/\/www.chancescook.com\/wp-content\/uploads\/2026\/02\/Wholesale-Kitchen-Serving-Utensils-for-Parties.webp\" alt=\"Ustensiles de cuisine en gros pour les f\u00eates\" class=\"wp-image-6009\" srcset=\"https:\/\/www.chancescook.com\/wp-content\/uploads\/2026\/02\/Wholesale-Kitchen-Serving-Utensils-for-Parties.webp 800w, https:\/\/www.chancescook.com\/wp-content\/uploads\/2026\/02\/Wholesale-Kitchen-Serving-Utensils-for-Parties-300x300.webp 300w, https:\/\/www.chancescook.com\/wp-content\/uploads\/2026\/02\/Wholesale-Kitchen-Serving-Utensils-for-Parties-150x150.webp 150w, https:\/\/www.chancescook.com\/wp-content\/uploads\/2026\/02\/Wholesale-Kitchen-Serving-Utensils-for-Parties-768x768.webp 768w, https:\/\/www.chancescook.com\/wp-content\/uploads\/2026\/02\/Wholesale-Kitchen-Serving-Utensils-for-Parties-12x12.webp 12w, https:\/\/www.chancescook.com\/wp-content\/uploads\/2026\/02\/Wholesale-Kitchen-Serving-Utensils-for-Parties-285x285.webp 285w, https:\/\/www.chancescook.com\/wp-content\/uploads\/2026\/02\/Wholesale-Kitchen-Serving-Utensils-for-Parties-270x270.webp 270w, https:\/\/www.chancescook.com\/wp-content\/uploads\/2026\/02\/Wholesale-Kitchen-Serving-Utensils-for-Parties-540x540.webp 540w, https:\/\/www.chancescook.com\/wp-content\/uploads\/2026\/02\/Wholesale-Kitchen-Serving-Utensils-for-Parties-660x660.webp 660w\" sizes=\"(max-width: 800px) 100vw, 800px\" \/><\/figure>\n<\/div>\n<\/div>","protected":false},"excerpt":{"rendered":"<p>Bienvenue sur notre site de vente en gros d'ustensiles de cuisine pour les f\u00eates. Ce set de 3 cuill\u00e8res de service en acier inoxydable comprend une cuill\u00e8re \u00e0 fente, une cuill\u00e8re solide et une \u00e9cumoire. Fabriqu\u00e9 en acier inoxydable durable de qualit\u00e9 alimentaire avec une finition polie, il est r\u00e9sistant \u00e0 la rouille, facile \u00e0 nettoyer et convient aux buffets, aux traiteurs, aux restaurants et aux \u00e9v\u00e9nements festifs. Possibilit\u00e9 de personnalisation OEM\/ODM et de remises en gros. Contactez-nous pour un devis !<\/p>\n<h2 class=\"wp-block-heading\">Ustensiles de service de cuisine en gros Caract\u00e9ristiques :<\/h2>\n<p>&nbsp;<\/p>\n<ol>\n<li>\n<p data-start=\"98\" data-end=\"495\"><strong data-start=\"98\" data-end=\"132\">Durabilit\u00e9 de niveau commercial<\/strong><br data-start=\"132\" data-end=\"135\" \/>Fabriqu\u00e9es en acier inoxydable de qualit\u00e9 alimentaire et r\u00e9sistant \u00e0 la corrosion, ces <strong data-start=\"203\" data-end=\"253\">ustensiles de cuisine en gros pour les f\u00eates<\/strong> sont con\u00e7us pour une utilisation quotidienne intensive, une cuisson \u00e0 haute temp\u00e9rature et des cycles r\u00e9p\u00e9t\u00e9s de lavage au lave-vaisselle. La construction solide et \u00e9paisse garantit des performances durables et r\u00e9duit les co\u00fbts de remplacement pour les entreprises de restauration et d'h\u00f4tellerie.<\/p>\n<\/li>\n<li>\n<p data-start=\"98\" data-end=\"495\"><strong data-start=\"497\" data-end=\"535\">Fonctionnalit\u00e9 polyvalente en 3 pi\u00e8ces<\/strong><br data-start=\"535\" data-end=\"538\" \/>Cet ensemble comprend<\/p>\n<ul data-start=\"559\" data-end=\"821\">\n<li data-start=\"559\" data-end=\"637\">\n<p data-start=\"561\" data-end=\"637\"><strong data-start=\"561\" data-end=\"578\">Cuill\u00e8re \u00e0 fente<\/strong> - Id\u00e9al pour \u00e9goutter les p\u00e2tes, les l\u00e9gumes et les aliments frits.<\/p>\n<\/li>\n<li data-start=\"638\" data-end=\"718\">\n<p data-start=\"640\" data-end=\"718\"><strong data-start=\"640\" data-end=\"663\">Cuill\u00e8re de service solide<\/strong> - Parfait pour les soupes, le riz, les rago\u00fbts et les plats en sauce.<\/p>\n<\/li>\n<li data-start=\"719\" data-end=\"821\">\n<p data-start=\"721\" data-end=\"821\"><strong data-start=\"721\" data-end=\"732\">\u00c9cumoire<\/strong> - Con\u00e7u pour \u00e9liminer la mousse, l'huile ou les petites particules d'aliments des bouillons et de l'huile de friture.<\/p>\n<\/li>\n<\/ul>\n<p data-start=\"823\" data-end=\"988\">En tant que professionnel <strong data-start=\"839\" data-end=\"889\">ustensiles de cuisine en gros pour les f\u00eates<\/strong>, Ce set complet permet de rationaliser les op\u00e9rations de cuisine tout en r\u00e9duisant le besoin d'outils multiples.<\/p>\n<\/li>\n<li>\n<p data-start=\"823\" data-end=\"988\"><strong data-start=\"990\" data-end=\"1024\">Conception ergonomique et hygi\u00e9nique<\/strong><br data-start=\"1024\" data-end=\"1027\" \/>Les poign\u00e9es longues et profil\u00e9es offrent une prise s\u00fbre et confortable, m\u00eame en cas de service prolong\u00e9. La surface polie miroir sans soudure r\u00e9siste \u00e0 l'accumulation de r\u00e9sidus alimentaires et r\u00e9pond \u00e0 des normes d'hygi\u00e8ne strictes. Chaque poign\u00e9e est munie d'un trou de suspension pour un rangement facile et un acc\u00e8s rapide.<\/p>\n<\/li>\n<li>\n<p data-start=\"823\" data-end=\"988\"><strong data-start=\"1294\" data-end=\"1324\">Apparence professionnelle<\/strong><br data-start=\"1324\" data-end=\"1327\" \/>La finition lisse et polie met en valeur les lignes de buffet, le service de banquet et les pr\u00e9sentations de cuisine ouverte. Son design uniforme et moderne s'harmonise avec les h\u00f4tels, les restaurants, les \u00e9v\u00e9nements de restauration et les services de f\u00eate.<\/p>\n<\/li>\n<li>\n<p data-start=\"823\" data-end=\"988\"><strong data-start=\"1534\" data-end=\"1567\">Approvisionnement en vrac rentable<\/strong><br data-start=\"1567\" data-end=\"1570\" \/>Disponible pour des commandes en gros \u00e0 des prix directs, cet ensemble d'ustensiles est id\u00e9al pour standardiser les outils de cuisine dans les op\u00e9rations \u00e0 grande \u00e9chelle. Les services de personnalisation OEM\/ODM, de gravure de logo et d'emballage sont pris en charge pour r\u00e9pondre \u00e0 vos besoins de vente en gros.<\/p>\n<\/li>\n<\/ol>","protected":false},"featured_media":6009,"comment_status":"closed","ping_status":"closed","template":"","meta":{"_acf_changed":false},"product_brand":[],"product_cat":[55],"product_tag":[],"class_list":{"0":"post-6008","1":"product","2":"type-product","3":"status-publish","4":"has-post-thumbnail","6":"product_cat-tableware-wholesale","8":"first","9":"instock","10":"shipping-taxable","11":"product-type-simple"},"acf":[],"_links":{"self":[{"href":"https:\/\/www.chancescook.com\/fr\/wp-json\/wp\/v2\/product\/6008","targetHints":{"allow":["GET"]}}],"collection":[{"href":"https:\/\/www.chancescook.com\/fr\/wp-json\/wp\/v2\/product"}],"about":[{"href":"https:\/\/www.chancescook.com\/fr\/wp-json\/wp\/v2\/types\/product"}],"replies":[{"embeddable":true,"href":"https:\/\/www.chancescook.com\/fr\/wp-json\/wp\/v2\/comments?post=6008"}],"wp:featuredmedia":[{"embeddable":true,"href":"https:\/\/www.chancescook.com\/fr\/wp-json\/wp\/v2\/media\/6009"}],"wp:attachment":[{"href":"https:\/\/www.chancescook.com\/fr\/wp-json\/wp\/v2\/media?parent=6008"}],"wp:term":[{"taxonomy":"product_brand","embeddable":true,"href":"https:\/\/www.chancescook.com\/fr\/wp-json\/wp\/v2\/product_brand?post=6008"},{"taxonomy":"product_cat","embeddable":true,"href":"https:\/\/www.chancescook.com\/fr\/wp-json\/wp\/v2\/product_cat?post=6008"},{"taxonomy":"product_tag","embeddable":true,"href":"https:\/\/www.chancescook.com\/fr\/wp-json\/wp\/v2\/product_tag?post=6008"}],"curies":[{"name":"wp","href":"https:\/\/api.w.org\/{rel}","templated":true}]}}