{"id":6065,"date":"2026-03-14T03:35:13","date_gmt":"2026-03-14T02:45:35","guid":{"rendered":"https:\/\/www.chancescook.com\/?post_type=product&#038;p=6065"},"modified":"2026-03-26T02:11:26","modified_gmt":"2026-03-26T02:11:26","slug":"oem-stock-pot-restaurant-supply","status":"publish","type":"product","link":"https:\/\/www.chancescook.com\/fr\/produit\/oem-stock-pot-restaurant-supply\/","title":{"rendered":"OEM Stock Pot Restaurant Supply, Stainless Steel Cookware with Lid"},"content":{"rendered":"<div class=\"wp-block-columns is-layout-flex wp-container-core-columns-is-layout-9d6595d7 wp-block-columns-is-layout-flex\">\n<div class=\"wp-block-column is-layout-flow wp-block-column-is-layout-flow\">\n<h2 class=\"wp-block-heading\">Param\u00e8tres de la marmite en acier inoxydable de qualit\u00e9 sup\u00e9rieure avec couvercle (qualit\u00e9 commerciale) :<\/h2>\n\n\n\n<ul class=\"wp-block-list\">\n<li><strong>Mat\u00e9riau :<\/strong> 304\/201<\/li>\n\n\n\n<li><strong>\u00c9paisseur normale<\/strong>: 0,5 mm<\/li>\n\n\n\n<li><strong>Taille :<\/strong>26\/28\/30\/32cm<\/li>\n\n\n\n<li><strong>Couleur :<\/strong> Argent<\/li>\n\n\n\n<li><strong>Logo :<\/strong> Gravure au laser<\/li>\n\n\n\n<li><strong>Remarque : <\/strong>Soutenir l'inspection de la qualit\u00e9 pour les commandes de petits lots<\/li>\n<\/ul>\n<\/div>\n\n\n\n<div class=\"wp-block-column is-layout-flow wp-block-column-is-layout-flow\">\n<h2 class=\"wp-block-heading\">Options personnalis\u00e9es pour les marmites :<\/h2>\n\n\n\n<ul class=\"wp-block-list\">\n<li><strong>Logo :<\/strong> Personnalisable avec le logo de votre marque<\/li>\n\n\n\n<li><strong>Couleur : <\/strong>Personnalisable<\/li>\n\n\n\n<li><strong>Emballage :<\/strong> Bo\u00eete de couleur\/Carton, etc.<\/li>\n\n\n\n<li><strong>Poign\u00e9e :<\/strong> Une poign\u00e9e adapt\u00e9e \u00e0 votre style<\/li>\n<\/ul>\n<\/div>\n<\/div>\n\n\n\n<div class=\"wp-block-columns is-layout-flex wp-container-core-columns-is-layout-9d6595d7 wp-block-columns-is-layout-flex\">\n<div class=\"wp-block-column is-layout-flow wp-block-column-is-layout-flow\">\n<figure class=\"wp-block-image size-full\"><img decoding=\"async\" width=\"2508\" height=\"1552\" src=\"https:\/\/www.chancescook.com\/wp-content\/uploads\/2026\/03\/OEM-Stock-Pot-Restaurant-Supply-1.webp\" alt=\"OEM Stock Pot Restaurant Supply -2\" class=\"wp-image-6090\" srcset=\"https:\/\/www.chancescook.com\/wp-content\/uploads\/2026\/03\/OEM-Stock-Pot-Restaurant-Supply-1.webp 2508w, https:\/\/www.chancescook.com\/wp-content\/uploads\/2026\/03\/OEM-Stock-Pot-Restaurant-Supply-1-300x186.webp 300w, https:\/\/www.chancescook.com\/wp-content\/uploads\/2026\/03\/OEM-Stock-Pot-Restaurant-Supply-1-768x475.webp 768w, https:\/\/www.chancescook.com\/wp-content\/uploads\/2026\/03\/OEM-Stock-Pot-Restaurant-Supply-1-18x12.webp 18w, https:\/\/www.chancescook.com\/wp-content\/uploads\/2026\/03\/OEM-Stock-Pot-Restaurant-Supply-1-285x176.webp 285w, https:\/\/www.chancescook.com\/wp-content\/uploads\/2026\/03\/OEM-Stock-Pot-Restaurant-Supply-1-1600x990.webp 1600w, https:\/\/www.chancescook.com\/wp-content\/uploads\/2026\/03\/OEM-Stock-Pot-Restaurant-Supply-1-660x408.webp 660w, https:\/\/www.chancescook.com\/wp-content\/uploads\/2026\/03\/OEM-Stock-Pot-Restaurant-Supply-1-150x93.webp 150w\" sizes=\"(max-width: 2508px) 100vw, 2508px\" \/><\/figure>\n<\/div>\n\n\n\n<div class=\"wp-block-column is-layout-flow wp-block-column-is-layout-flow\">\n<figure class=\"wp-block-image size-full\"><img decoding=\"async\" width=\"2508\" height=\"1554\" src=\"https:\/\/www.chancescook.com\/wp-content\/uploads\/2026\/03\/OEM-Stock-Pot-Restaurant-Supply_1.webp\" alt=\"OEM Stock Pot Restaurant Supply_1\" class=\"wp-image-6091\" srcset=\"https:\/\/www.chancescook.com\/wp-content\/uploads\/2026\/03\/OEM-Stock-Pot-Restaurant-Supply_1.webp 2508w, https:\/\/www.chancescook.com\/wp-content\/uploads\/2026\/03\/OEM-Stock-Pot-Restaurant-Supply_1-300x186.webp 300w, https:\/\/www.chancescook.com\/wp-content\/uploads\/2026\/03\/OEM-Stock-Pot-Restaurant-Supply_1-768x476.webp 768w, https:\/\/www.chancescook.com\/wp-content\/uploads\/2026\/03\/OEM-Stock-Pot-Restaurant-Supply_1-18x12.webp 18w, https:\/\/www.chancescook.com\/wp-content\/uploads\/2026\/03\/OEM-Stock-Pot-Restaurant-Supply_1-285x177.webp 285w, https:\/\/www.chancescook.com\/wp-content\/uploads\/2026\/03\/OEM-Stock-Pot-Restaurant-Supply_1-1600x991.webp 1600w, https:\/\/www.chancescook.com\/wp-content\/uploads\/2026\/03\/OEM-Stock-Pot-Restaurant-Supply_1-660x409.webp 660w, https:\/\/www.chancescook.com\/wp-content\/uploads\/2026\/03\/OEM-Stock-Pot-Restaurant-Supply_1-150x93.webp 150w\" sizes=\"(max-width: 2508px) 100vw, 2508px\" \/><\/figure>\n<\/div>\n<\/div>\n\n\n\n<p><\/p>","protected":false},"excerpt":{"rendered":"<p>Cette marmite en acier inoxydable tr\u00e8s r\u00e9sistante est con\u00e7ue pour les cuisines commerciales exigeantes. Faisant partie de nos solutions OEM de fourniture de marmites pour restaurants, elle est dot\u00e9e d'un corps poli miroir, d'un couvercle s\u00e9curis\u00e9 et de poign\u00e9es ergonomiques pour la cuisson de gros volumes. Id\u00e9ale pour les restaurants, les h\u00f4tels et les traiteurs, elle offre des performances durables et efficaces pour les soupes, les bouillons, les p\u00e2tes et les repas en grande quantit\u00e9.<\/p>\n<h2><strong><b>Caract\u00e9ristiques et avantages de <\/b><\/strong><strong><b>OEM <\/b><\/strong><strong><b>Marmite en acier inoxydable :<\/b><\/strong><\/h2>\n<h3 data-section-id=\"1mqog13\" data-start=\"874\" data-end=\"923\">1. Durabilit\u00e9 et construction de qualit\u00e9 commerciale<\/h3>\n<p data-start=\"924\" data-end=\"1330\">Fabriqu\u00e9e en acier inoxydable s\u00fbr pour les aliments et r\u00e9sistant \u00e0 la corrosion, cette marmite r\u00e9siste \u00e0 la cuisson \u00e0 haute temp\u00e9rature, \u00e0 une utilisation r\u00e9p\u00e9t\u00e9e et \u00e0 des cycles fr\u00e9quents de lavage au lave-vaisselle. Sa base renforc\u00e9e emp\u00eache la d\u00e9formation et assure une r\u00e9partition uniforme de la chaleur, r\u00e9duisant ainsi les points chauds et pr\u00e9servant la qualit\u00e9 des aliments. En tant qu'ustensile de cuisine fiable, cette marmite <strong data-start=\"1222\" data-end=\"1257\">OEM stock pot restaurant supply<\/strong>, Il offre une durabilit\u00e9 qui r\u00e9duit les co\u00fbts de remplacement de l'\u00e9quipement \u00e0 long terme.<\/p>\n<h3 data-section-id=\"9dy02w\" data-start=\"1332\" data-end=\"1364\">2. Gestion efficace de la chaleur<\/h3>\n<p data-start=\"1365\" data-end=\"1661\">La base optimis\u00e9e favorise une conductivit\u00e9 thermique uniforme et est compatible avec les cuisini\u00e8res \u00e0 gaz, \u00e9lectriques, \u00e0 induction et en c\u00e9ramique. Le couvercle \u00e9tanche en acier inoxydable permet de conserver la chaleur, l'humidit\u00e9 et la saveur, ce qui am\u00e9liore l'efficacit\u00e9 de la cuisson et maintient la coh\u00e9rence dans les cuisines \u00e0 grand volume.<\/p>\n<h3 data-section-id=\"1uyheyi\" data-start=\"1663\" data-end=\"1695\">3. Manipulation ergonomique et s\u00fbre<\/h3>\n<p data-start=\"1696\" data-end=\"1917\">Deux poign\u00e9es lat\u00e9rales rivet\u00e9es et une poign\u00e9e de couvercle robuste offrent une prise s\u00fbre et confortable, m\u00eame lorsque la casserole est enti\u00e8rement charg\u00e9e. Les poign\u00e9es en acier inoxydable r\u00e9sistant \u00e0 la chaleur restent froides plus longtemps, r\u00e9duisant ainsi les risques de br\u00fblure dans les cuisines anim\u00e9es.<\/p>\n<h3 data-section-id=\"1mlgf0o\" data-start=\"1919\" data-end=\"1953\">4. Hygi\u00e9nique et facile \u00e0 entretenir<\/h3>\n<p data-start=\"1954\" data-end=\"2197\">L'int\u00e9rieur et l'ext\u00e9rieur polis miroir r\u00e9sistent aux r\u00e9sidus alimentaires et sont faciles \u00e0 nettoyer. Les surfaces en acier inoxydable ne sont pas poreuses, ce qui emp\u00eache la r\u00e9tention des saveurs et la contamination crois\u00e9e. Enti\u00e8rement lavable au lave-vaisselle, il contribue \u00e0 rationaliser les processus d'assainissement.<\/p>\n<h3 data-section-id=\"rmdzks\" data-start=\"2199\" data-end=\"2238\">5. Application commerciale polyvalente<\/h3>\n<p data-start=\"2239\" data-end=\"2377\">Disponible en plusieurs capacit\u00e9s (tailles personnalis\u00e9es disponibles pour les commandes en gros), cette <strong data-start=\"2319\" data-end=\"2354\">OEM stock pot restaurant supply<\/strong> est id\u00e9ale pour :<\/p>\n<ul data-start=\"2379\" data-end=\"2542\">\n<li data-section-id=\"1h1b3g0\" data-start=\"2379\" data-end=\"2435\">\n<p data-start=\"2381\" data-end=\"2435\">Pr\u00e9parer de grandes quantit\u00e9s de soupes, de fonds et de bouillons<\/p>\n<\/li>\n<li data-section-id=\"1ys24ak\" data-start=\"2436\" data-end=\"2474\">\n<p data-start=\"2438\" data-end=\"2474\">Cuisson des p\u00e2tes, des c\u00e9r\u00e9ales et des l\u00e9gumineuses<\/p>\n<\/li>\n<li data-section-id=\"kt2c91\" data-start=\"2475\" data-end=\"2509\">\n<p data-start=\"2477\" data-end=\"2509\">Rago\u00fbts et chilis \u00e0 mijoter<\/p>\n<\/li>\n<li data-section-id=\"yordhj\" data-start=\"2510\" data-end=\"2542\">\n<p data-start=\"2512\" data-end=\"2542\">Service de restauration et de banquet<\/p>\n<\/li>\n<\/ul>\n<p data-start=\"2544\" data-end=\"2638\">Il s'agit d'un ustensile de cuisine polyvalent qui r\u00e9duit la n\u00e9cessit\u00e9 d'utiliser plusieurs r\u00e9cipients de cuisson.<\/p>\n<h3 data-section-id=\"l2qrzw\" data-start=\"2640\" data-end=\"2675\">6. Une solution en vrac rentable<\/h3>\n<p data-start=\"2676\" data-end=\"2936\">Con\u00e7ue pour les restaurants, les cha\u00eenes h\u00f4teli\u00e8res et les distributeurs de services alimentaires, cette marmite est disponible pour des achats en vrac avec une qualit\u00e9 et des normes de conception constantes. La standardisation des ustensiles de cuisine dans l'ensemble des op\u00e9rations permet d'am\u00e9liorer l'efficacit\u00e9 de la cuisine et la fiabilit\u00e9 de la marque.<\/p>","protected":false},"featured_media":6066,"comment_status":"closed","ping_status":"closed","template":"","meta":{"_acf_changed":false},"product_brand":[],"product_cat":[52,63],"product_tag":[],"class_list":{"0":"post-6065","1":"product","2":"type-product","3":"status-publish","4":"has-post-thumbnail","6":"product_cat-cookware-wholesale","7":"product_cat-stock-pot-wholesale","9":"first","10":"instock","11":"shipping-taxable","12":"product-type-simple"},"acf":[],"_links":{"self":[{"href":"https:\/\/www.chancescook.com\/fr\/wp-json\/wp\/v2\/product\/6065","targetHints":{"allow":["GET"]}}],"collection":[{"href":"https:\/\/www.chancescook.com\/fr\/wp-json\/wp\/v2\/product"}],"about":[{"href":"https:\/\/www.chancescook.com\/fr\/wp-json\/wp\/v2\/types\/product"}],"replies":[{"embeddable":true,"href":"https:\/\/www.chancescook.com\/fr\/wp-json\/wp\/v2\/comments?post=6065"}],"wp:featuredmedia":[{"embeddable":true,"href":"https:\/\/www.chancescook.com\/fr\/wp-json\/wp\/v2\/media\/6066"}],"wp:attachment":[{"href":"https:\/\/www.chancescook.com\/fr\/wp-json\/wp\/v2\/media?parent=6065"}],"wp:term":[{"taxonomy":"product_brand","embeddable":true,"href":"https:\/\/www.chancescook.com\/fr\/wp-json\/wp\/v2\/product_brand?post=6065"},{"taxonomy":"product_cat","embeddable":true,"href":"https:\/\/www.chancescook.com\/fr\/wp-json\/wp\/v2\/product_cat?post=6065"},{"taxonomy":"product_tag","embeddable":true,"href":"https:\/\/www.chancescook.com\/fr\/wp-json\/wp\/v2\/product_tag?post=6065"}],"curies":[{"name":"wp","href":"https:\/\/api.w.org\/{rel}","templated":true}]}}