{"id":5572,"date":"2025-11-15T08:34:01","date_gmt":"2025-11-15T08:07:58","guid":{"rendered":"https:\/\/www.chancescook.com\/?post_type=product&#038;p=5572"},"modified":"2025-12-22T09:33:59","modified_gmt":"2025-12-22T09:33:59","slug":"custom-food-storage-containers-bulk","status":"publish","type":"product","link":"https:\/\/www.chancescook.com\/ja\/product\/custom-food-storage-containers-bulk\/","title":{"rendered":"\u30ac\u30e9\u30b9\u84cb\u304c\u4ed8\u3044\u3066\u3044\u308b\u6ce8\u6587\u306e\u98df\u7ce7\u8caf\u8535\u306e\u5bb9\u5668\u306e\u5378\u3057\u58f2\u308a\u30e9\u30f3\u30c1\u30dc\u30c3\u30af\u30b9"},"content":{"rendered":"<div class=\"wp-block-columns is-layout-flex wp-container-core-columns-is-layout-9d6595d7 wp-block-columns-is-layout-flex\">\n<div class=\"wp-block-column is-layout-flow wp-block-column-is-layout-flow\">\n<h3 class=\"wp-block-heading\">\u30ab\u30b9\u30bf\u30e0\u98df\u54c1\u8caf\u8535\u5bb9\u5668\u306e\u30d1\u30e9\u30e1\u30fc\u30bf\uff1a<\/h3>\n\n\n\n<ul class=\"wp-block-list\">\n<li><strong>\u6750\u6599\uff1a<\/strong> SS304\/SS201<\/li>\n\n\n\n<li><strong>\u539a\u3055\uff1a <\/strong>0.6mm<\/li>\n\n\n\n<li><strong>\u84cb\uff1a <\/strong>\u30b7\u30ea\u30b3\u30f3\u30ac\u30e9\u30b9\u84cb<\/li>\n\n\n\n<li><strong>\u30a8\u30af\u30b9\u30c6\u30ea\u30a2\u306e\u8077\u4eba\u6280\uff1a<\/strong> \u5185\u90e8\u304a\u3088\u3073\u5916\u90e8\u96fb\u89e3<\/li>\n\n\n\n<li><strong>SKU\uff1a<\/strong> 700\/1200\/1900\/1000\/1800\/3000ml<br>700ML:15.9x12x4.6cm<br>1200ML:19.5\u00d714.8\u00d75.1cm<br>1900ML:23.6\u00d718.2\u00d75.5cm<br>1000ML:15.9x12x7cm<br>1800ML:19.5\u00d714.8\u00d78cm<br>3000ML:23.61\u00d78.4x90cm<\/li>\n<\/ul>\n<\/div>\n\n\n\n<div class=\"wp-block-column is-layout-flow wp-block-column-is-layout-flow\">\n<h3 class=\"wp-block-heading\">\u30ab\u30b9\u30bf\u30e0\u98df\u54c1\u5bb9\u5668\u30aa\u30d7\u30b7\u30e7\u30f3\uff1a<\/h3>\n\n\n\n<p>\u7121\u5236\u9650\u306e\u30ab\u30b9\u30bf\u30de\u30a4\u30ba\u30fb\u30aa\u30d7\u30b7\u30e7\u30f3\u3068\u9769\u65b0\u7684\u306a\u30c7\u30b6\u30a4\u30f3\u3067\u3001\u30b1\u30fc\u30bf\u30ea\u30f3\u30b0\u30fb\u30d3\u30b8\u30cd\u30b9\u3092\u3055\u3089\u306b\u5145\u5b9f\u3055\u305b\u307e\u3057\u3087\u3046\u3002<\/p>\n\n\n\n<p><strong>\u6750\u6599\uff1a <\/strong>SS304\/SS201<br><strong>\u30d1\u30c3\u30b1\u30fc\u30b8\uff1a<\/strong> \u30ab\u30fc\u30c8\u30f3\/\u30ab\u30e9\u30fc\u30dc\u30c3\u30af\u30b9<br><strong>\u30b5\u30a4\u30ba <\/strong>700ML\/1200ML\/1900ML\/1000ML\/1800ML\/3000ML<br><strong><a href=\"https:\/\/www.chancescook.com\/ja\/custom-cookware\/\" target=\"_blank\" rel=\"noreferrer noopener\">OEM\uff06ODM\u30ab\u30b9\u30bf\u30de\u30a4\u30ba\u30bd\u30ea\u30e5\u30fc\u30b7\u30e7\u30f3<\/a><\/strong><\/p>\n<\/div>\n<\/div>\n\n\n\n<figure class=\"wp-block-image size-full\"><img decoding=\"async\" width=\"1135\" height=\"382\" src=\"https:\/\/www.chancescook.com\/wp-content\/uploads\/2025\/11\/Custom-Food-Storage-Containers-Size.webp\" alt=\"\u30ab\u30b9\u30bf\u30e0\u98df\u54c1\u4fdd\u5b58\u5bb9\u5668\u306e\u30b5\u30a4\u30ba\" class=\"wp-image-5573\" srcset=\"https:\/\/www.chancescook.com\/wp-content\/uploads\/2025\/11\/Custom-Food-Storage-Containers-Size.webp 1135w, https:\/\/www.chancescook.com\/wp-content\/uploads\/2025\/11\/Custom-Food-Storage-Containers-Size-300x101.webp 300w, https:\/\/www.chancescook.com\/wp-content\/uploads\/2025\/11\/Custom-Food-Storage-Containers-Size-768x258.webp 768w, https:\/\/www.chancescook.com\/wp-content\/uploads\/2025\/11\/Custom-Food-Storage-Containers-Size-18x6.webp 18w, https:\/\/www.chancescook.com\/wp-content\/uploads\/2025\/11\/Custom-Food-Storage-Containers-Size-285x96.webp 285w, https:\/\/www.chancescook.com\/wp-content\/uploads\/2025\/11\/Custom-Food-Storage-Containers-Size-660x222.webp 660w, https:\/\/www.chancescook.com\/wp-content\/uploads\/2025\/11\/Custom-Food-Storage-Containers-Size-150x50.webp 150w\" sizes=\"(max-width: 1135px) 100vw, 1135px\" \/><\/figure>\n\n\n\n<div class=\"wp-block-columns is-layout-flex wp-container-core-columns-is-layout-9d6595d7 wp-block-columns-is-layout-flex\">\n<div class=\"wp-block-column is-layout-flow wp-block-column-is-layout-flow\">\n<figure class=\"wp-block-image size-full\"><img decoding=\"async\" width=\"2364\" height=\"1665\" src=\"https:\/\/www.chancescook.com\/wp-content\/uploads\/2025\/11\/Custom-Food-Storage-Containers-Wholesaler-chancescook-1.webp\" alt=\"\" class=\"wp-image-5574\" srcset=\"https:\/\/www.chancescook.com\/wp-content\/uploads\/2025\/11\/Custom-Food-Storage-Containers-Wholesaler-chancescook-1.webp 2364w, https:\/\/www.chancescook.com\/wp-content\/uploads\/2025\/11\/Custom-Food-Storage-Containers-Wholesaler-chancescook-1-300x211.webp 300w, https:\/\/www.chancescook.com\/wp-content\/uploads\/2025\/11\/Custom-Food-Storage-Containers-Wholesaler-chancescook-1-768x541.webp 768w, https:\/\/www.chancescook.com\/wp-content\/uploads\/2025\/11\/Custom-Food-Storage-Containers-Wholesaler-chancescook-1-18x12.webp 18w, https:\/\/www.chancescook.com\/wp-content\/uploads\/2025\/11\/Custom-Food-Storage-Containers-Wholesaler-chancescook-1-285x201.webp 285w, https:\/\/www.chancescook.com\/wp-content\/uploads\/2025\/11\/Custom-Food-Storage-Containers-Wholesaler-chancescook-1-1600x1127.webp 1600w, https:\/\/www.chancescook.com\/wp-content\/uploads\/2025\/11\/Custom-Food-Storage-Containers-Wholesaler-chancescook-1-660x465.webp 660w, https:\/\/www.chancescook.com\/wp-content\/uploads\/2025\/11\/Custom-Food-Storage-Containers-Wholesaler-chancescook-1-150x106.webp 150w\" sizes=\"(max-width: 2364px) 100vw, 2364px\" \/><\/figure>\n<\/div>\n\n\n\n<div class=\"wp-block-column is-layout-flow wp-block-column-is-layout-flow\">\n<figure class=\"wp-block-image size-full\"><img decoding=\"async\" width=\"2048\" height=\"1463\" src=\"https:\/\/www.chancescook.com\/wp-content\/uploads\/2025\/11\/Custom-Food-Storage-Containers-Wholesaler-chancescook-2.webp\" alt=\"\u30ab\u30b9\u30bf\u30e0\u98df\u54c1\u4fdd\u5b58\u5bb9\u5668\u5378\u58f2\u696d\u8005 - \u30c1\u30e3\u30f3\u30b9\u30af\u30c3\u30af (2)\" class=\"wp-image-5575\" srcset=\"https:\/\/www.chancescook.com\/wp-content\/uploads\/2025\/11\/Custom-Food-Storage-Containers-Wholesaler-chancescook-2.webp 2048w, https:\/\/www.chancescook.com\/wp-content\/uploads\/2025\/11\/Custom-Food-Storage-Containers-Wholesaler-chancescook-2-300x214.webp 300w, https:\/\/www.chancescook.com\/wp-content\/uploads\/2025\/11\/Custom-Food-Storage-Containers-Wholesaler-chancescook-2-768x549.webp 768w, https:\/\/www.chancescook.com\/wp-content\/uploads\/2025\/11\/Custom-Food-Storage-Containers-Wholesaler-chancescook-2-18x12.webp 18w, https:\/\/www.chancescook.com\/wp-content\/uploads\/2025\/11\/Custom-Food-Storage-Containers-Wholesaler-chancescook-2-285x204.webp 285w, https:\/\/www.chancescook.com\/wp-content\/uploads\/2025\/11\/Custom-Food-Storage-Containers-Wholesaler-chancescook-2-1600x1143.webp 1600w, https:\/\/www.chancescook.com\/wp-content\/uploads\/2025\/11\/Custom-Food-Storage-Containers-Wholesaler-chancescook-2-660x471.webp 660w, https:\/\/www.chancescook.com\/wp-content\/uploads\/2025\/11\/Custom-Food-Storage-Containers-Wholesaler-chancescook-2-150x107.webp 150w\" sizes=\"(max-width: 2048px) 100vw, 2048px\" \/><\/figure>\n<\/div>\n<\/div>","protected":false},"excerpt":{"rendered":"<p>\u30c1\u30e3\u30f3\u30b9\u306e\u30ab\u30b9\u30bf\u30e0\u98df\u54c1\u4fdd\u5b58\u5bb9\u5668\u5378\u58f2\u306f\u3001\u9ad8\u5ea6\u306a\u30b7\u30fc\u30ea\u30f3\u30b0\u3068\u96fb\u5b50\u30ec\u30f3\u30b8\u5bfe\u5fdc\u306e\u4f7f\u7528\u3068\u6c4e\u7528\u6027\u306e\u9ad8\u3044\u30b9\u30c6\u30f3\u30ec\u30b9\u92fc\u306e\u30b9\u30c8\u30ec\u30fc\u30b8\u3092\u63d0\u4f9b\u3057\u307e\u3059\u3002\u98df\u4e8b\u3084\u6b8b\u308a\u7269\u306e\u305f\u3081\u306e\u7406\u60f3\u7684\u306a\u3001\u6211\u3005\u306f\u3001\u5de5\u5834\u5378\u58f2\u4fa1\u683c\u3001\u7121\u6599\u30b5\u30f3\u30d7\u30eb\u3001\u304a\u3088\u3073\u30b0\u30ed\u30fc\u30d0\u30eb\u30d0\u30a4\u30e4\u30fc\u306e\u305f\u3081\u306e\u5b8c\u5168\u306a\u30ab\u30b9\u30bf\u30de\u30a4\u30ba\u3092\u63d0\u4f9b\u3057\u307e\u3059\u3002<\/p>\n<h3>\u98df\u54c1\u4fdd\u5b58\u5bb9\u5668\u306e\u7279\u5fb4\u3068\u5229\u70b9<\/h3>\n<ul>\n<li><strong>\u9ad8\u5ea6\u306a\u30b7\u30fc\u30ea\u30f3\u30b0\u6280\u8853\uff1a<\/strong> \u98df\u54c1\u306e\u9bae\u5ea6\u3001\u98a8\u5473\u3001\u6804\u990a\u7d20\u306e\u5b8c\u74a7\u306a\u4fdd\u5b58\u306e\u305f\u3081\u306e\u6c17\u5bc6\u9589\u9396\u3092\u63d0\u4f9b\u3059\u308b\u305f\u3081\u306b\u30d1\u30fc\u30bd\u30ca\u30e9\u30a4\u30ba\u3055\u308c\u305f\u30b7\u30ea\u30b3\u30fc\u30f3\u30b7\u30fc\u30ea\u30f3\u30b0\u304c\u542b\u307e\u308c\u3066\u3044\u307e\u3059\u3002\u305d\u308c\u306f\u975e\u5e38\u306b\u5378\u58f2\u30ab\u30b9\u30bf\u30e0\u98df\u54c1\u8caf\u8535\u5bb9\u5668\u306e\u30d0\u30a4\u30e4\u30fc\u306b\u3088\u3063\u3066\u8981\u6c42\u3055\u308c\u308b\u3002<\/li>\n<li><strong>\u96fb\u5b50\u30ec\u30f3\u30b8\u5bfe\u5fdc\u8a2d\u8a08\uff1a<\/strong> \u98df\u54c1\u3092\u96fb\u5b50\u30ec\u30f3\u30b8\u3067\u5b89\u5168\u306b\u518d\u52a0\u71b1\u3059\u308b\u3053\u3068\u304c\u3067\u304d\uff08\u84cb\u306f\u53d6\u308a\u5916\u3059\u3053\u3068\u304c\u3067\u304d\u308b\uff09\u3001\u6bce\u65e5\u306e\u98df\u54c1\u4f5c\u696d\u306b\u67d4\u8edf\u6027\u3092\u4e0e\u3048\u3001\u3053\u306e\u88fd\u54c1\u3092\u30ab\u30b9\u30bf\u30e0\u98df\u54c1\u4fdd\u5b58\u5bb9\u5668\u306e\u5378\u58f2\u308a\u306b\u7406\u60f3\u7684\u306a\u3082\u306e\u306b\u3059\u308b\u3002<\/li>\n<li><strong><b>\u591a\u76ee\u7684\u306a\u7528\u9014\uff1a <\/b><\/strong>\u6b8b\u308a\u7269\u3084\u30de\u30ea\u30cd\u304b\u3089\u3001\u98df\u4e8b\u306e\u4e0b\u3054\u3057\u3089\u3048\u3001\u3042\u308b\u3044\u306f\u98df\u4e8b\u306e\u6301\u3061\u904b\u3073\u307e\u3067\u3001\u3053\u308c\u3089\u306e\u53ef\u80fd\u6027\u306f\u7121\u9650\u5927\u3060\u3002<\/li>\n<li><strong>\u5e83\u3044\u6e29\u5ea6\u8010\u6027\uff1a<\/strong> \u5e45\u5e83\u3044\u6e29\u5ea6\u7bc4\u56f2\u306b\u8010\u3048\u3089\u308c\u308b\u3088\u3046\u8a2d\u8a08\u3055\u308c\u3066\u304a\u308a\u3001\u51b7\u8535\u5eab\u3001\u51b7\u51cd\u5eab\u3001\u30aa\u30fc\u30d6\u30f3\uff08\u84cb\u3092\u5916\u3057\u305f\u72b6\u614b\uff09\u306b\u9069\u3057\u3066\u3044\u307e\u3059\u3002<\/li>\n<li><strong>\u6383\u9664\u304c\u7c21\u5358\uff1a<\/strong> \u30b9\u30c6\u30f3\u30ec\u30b9\u88fd\u306e\u30d9\u30fc\u30b9\u3068\u30ac\u30e9\u30b9\u88fd\u306e\u84cb\u306f\u3001\u3069\u3061\u3089\u3082\u98df\u5668\u6d17\u3044\u6a5f\u3067\u6d17\u3048\u308b\u306e\u3067\u3001\u697d\u306b\u6d17\u6d44\u3067\u304d\u3001\u885b\u751f\u304c\u9577\u6301\u3061\u3057\u307e\u3059\u3002<\/li>\n<li><strong>\u30b9\u30bf\u30a4\u30ea\u30c3\u30b7\u30e5\u3067\u5b9f\u7528\u7684\u306a\u30c7\u30b6\u30a4\u30f3\uff1a<\/strong> \u30b9\u30bf\u30a4\u30ea\u30c3\u30b7\u30e5\u3067\u30e2\u30c0\u30f3\u306a\u5916\u89b3\u3001\u900f\u660e\u306a\u84cb\u3067\u4e2d\u8eab\u304c\u898b\u3084\u3059\u304f\u3001\u30ad\u30c3\u30c1\u30f3\u306e\u7f8e\u89b3\u3092\u9ad8\u3081\u307e\u3059\u3002<\/li>\n<\/ul>\n<p><strong>\u3054\u6ce8\u6587\u306e\u6e96\u5099\u306f\u3067\u304d\u307e\u3057\u305f\u304b\uff1f<\/strong> \u3053\u308c\u3089\u306e\u512a\u308c\u305f\u98df\u54c1\u4fdd\u5b58\u5bb9\u5668\u306b\u3064\u3044\u3066\u306f\u3001\u6211\u3005\u306f\u5229\u7528\u53ef\u80fd\u306a\u5378\u58f2\u30aa\u30d7\u30b7\u30e7\u30f3\u3092\u7528\u610f\u3057\u3066\u3044\u307e\u3059\u3002\u3054\u6ce8\u6587\u3092\u30ab\u30b9\u30bf\u30de\u30a4\u30ba\u3057\u3001\u98df\u54c1\u8caf\u8535\u30aa\u30d7\u30b7\u30e7\u30f3\u3092\u6b21\u306e\u30ec\u30d9\u30eb\u306b\u6301\u3063\u3066\u3044\u304f\u305f\u3081\u306b\u3001\u4eca\u65e5\u79c1\u9054\u306b\u9023\u7d61\u3057\u3066\u304f\u3060\u3055\u3044\u3002<\/p>","protected":false},"featured_media":5803,"comment_status":"closed","ping_status":"closed","template":"","meta":{"_acf_changed":false},"product_brand":[],"product_cat":[56],"product_tag":[],"class_list":{"0":"post-5572","1":"product","2":"type-product","3":"status-publish","4":"has-post-thumbnail","6":"product_cat-wholesale-kitchen-utensils","8":"first","9":"instock","10":"shipping-taxable","11":"product-type-simple"},"acf":[],"_links":{"self":[{"href":"https:\/\/www.chancescook.com\/ja\/wp-json\/wp\/v2\/product\/5572","targetHints":{"allow":["GET"]}}],"collection":[{"href":"https:\/\/www.chancescook.com\/ja\/wp-json\/wp\/v2\/product"}],"about":[{"href":"https:\/\/www.chancescook.com\/ja\/wp-json\/wp\/v2\/types\/product"}],"replies":[{"embeddable":true,"href":"https:\/\/www.chancescook.com\/ja\/wp-json\/wp\/v2\/comments?post=5572"}],"wp:featuredmedia":[{"embeddable":true,"href":"https:\/\/www.chancescook.com\/ja\/wp-json\/wp\/v2\/media\/5803"}],"wp:attachment":[{"href":"https:\/\/www.chancescook.com\/ja\/wp-json\/wp\/v2\/media?parent=5572"}],"wp:term":[{"taxonomy":"product_brand","embeddable":true,"href":"https:\/\/www.chancescook.com\/ja\/wp-json\/wp\/v2\/product_brand?post=5572"},{"taxonomy":"product_cat","embeddable":true,"href":"https:\/\/www.chancescook.com\/ja\/wp-json\/wp\/v2\/product_cat?post=5572"},{"taxonomy":"product_tag","embeddable":true,"href":"https:\/\/www.chancescook.com\/ja\/wp-json\/wp\/v2\/product_tag?post=5572"}],"curies":[{"name":"wp","href":"https:\/\/api.w.org\/{rel}","templated":true}]}}