{"id":5572,"date":"2025-11-15T08:34:01","date_gmt":"2025-11-15T08:07:58","guid":{"rendered":"https:\/\/www.chancescook.com\/?post_type=product&#038;p=5572"},"modified":"2025-12-22T09:33:59","modified_gmt":"2025-12-22T09:33:59","slug":"custom-food-storage-containers-bulk","status":"publish","type":"product","link":"https:\/\/www.chancescook.com\/ko\/product\/custom-food-storage-containers-bulk\/","title":{"rendered":"\uc720\ub9ac \ub69c\uaed1\uc774\uc788\ub294 \ub9de\ucda4\ud615 \uc2dd\ud488 \uc800\uc7a5 \uc6a9\uae30 \ub3c4\ub9e4 \ub3c4\uc2dc\ub77d"},"content":{"rendered":"<div class=\"wp-block-columns is-layout-flex wp-container-core-columns-is-layout-9d6595d7 wp-block-columns-is-layout-flex\">\n<div class=\"wp-block-column is-layout-flow wp-block-column-is-layout-flow\">\n<h3 class=\"wp-block-heading\">\uc0ac\uc6a9\uc790 \uc9c0\uc815 \uc2dd\ud488 \ubcf4\uad00 \uc6a9\uae30 \ub9e4\uac1c\ubcc0\uc218:<\/h3>\n\n\n\n<ul class=\"wp-block-list\">\n<li><strong>\uc790\ub8cc:<\/strong> SS304\/SS201<\/li>\n\n\n\n<li><strong>\ub450\uaed8: <\/strong>0.6mm<\/li>\n\n\n\n<li><strong>\ub69c\uaed1: <\/strong>\uc2e4\ub9ac\ucf58 \uc720\ub9ac \ub69c\uaed1<\/li>\n\n\n\n<li><strong>\uc678\uad00 \uc7a5\uc778 \uc815\uc2e0:<\/strong> \ub0b4\ubd80 \ubc0f \uc678\ubd80 \uc804\uae30 \ubd84\ud574<\/li>\n\n\n\n<li><strong>SKU:<\/strong> 700\/1200\/1900\/1000\/1800\/3000ml<br>700ML:15.9x12x4.6cm<br>1200ML:19.5\u00d714.8\u00d75.1cm<br>1900ML:23.6\u00d718.2\u00d75.5cm<br>1000ML:15.9x12x7cm<br>1800ML:19.5\u00d714.8x8cm<br>3000ML:23.61\u00d78.4x90cm<\/li>\n<\/ul>\n<\/div>\n\n\n\n<div class=\"wp-block-column is-layout-flow wp-block-column-is-layout-flow\">\n<h3 class=\"wp-block-heading\">\ub9de\ucda4\ud615 \uc2dd\ud488 \uc6a9\uae30 \uc635\uc158\uff1a<\/h3>\n\n\n\n<p>\ubb34\uc81c\ud55c \ub9de\ucda4 \uc124\uc815 \uc635\uc158\uacfc \ud601\uc2e0\uc801\uc778 \ub514\uc790\uc778\uc73c\ub85c \ucf00\uc774\ud130\ub9c1 \ube44\uc988\ub2c8\uc2a4\uc758 \uc218\uc900\uc744 \ud55c \ub2e8\uacc4 \ub192\uc5ec\ubcf4\uc138\uc694.<\/p>\n\n\n\n<p><strong>\uc790\ub8cc: <\/strong>SS304\/SS201<br><strong>\ud328\ud0a4\uc9c0:<\/strong> \uc0c1\uc790\/\uc0c9\uc0c1 \uc0c1\uc790<br><strong>\ud06c\uae30: <\/strong>700ML\/1200ML\/1900ML\/1000ML\/1800ML\/3000ML<br><strong><a href=\"https:\/\/www.chancescook.com\/ko\/custom-cookware\/\" target=\"_blank\" rel=\"noreferrer noopener\">OEM \ubc0f ODM \ub9de\ucda4\ud615 \uc194\ub8e8\uc158<\/a><\/strong><\/p>\n<\/div>\n<\/div>\n\n\n\n<figure class=\"wp-block-image size-full\"><img decoding=\"async\" width=\"1135\" height=\"382\" src=\"https:\/\/www.chancescook.com\/wp-content\/uploads\/2025\/11\/Custom-Food-Storage-Containers-Size.webp\" alt=\"\ub9de\ucda4\ud615 \uc2dd\ud488 \ubcf4\uad00 \uc6a9\uae30 \ud06c\uae30\" class=\"wp-image-5573\" srcset=\"https:\/\/www.chancescook.com\/wp-content\/uploads\/2025\/11\/Custom-Food-Storage-Containers-Size.webp 1135w, https:\/\/www.chancescook.com\/wp-content\/uploads\/2025\/11\/Custom-Food-Storage-Containers-Size-300x101.webp 300w, https:\/\/www.chancescook.com\/wp-content\/uploads\/2025\/11\/Custom-Food-Storage-Containers-Size-768x258.webp 768w, https:\/\/www.chancescook.com\/wp-content\/uploads\/2025\/11\/Custom-Food-Storage-Containers-Size-18x6.webp 18w, https:\/\/www.chancescook.com\/wp-content\/uploads\/2025\/11\/Custom-Food-Storage-Containers-Size-285x96.webp 285w, https:\/\/www.chancescook.com\/wp-content\/uploads\/2025\/11\/Custom-Food-Storage-Containers-Size-660x222.webp 660w, https:\/\/www.chancescook.com\/wp-content\/uploads\/2025\/11\/Custom-Food-Storage-Containers-Size-150x50.webp 150w\" sizes=\"(max-width: 1135px) 100vw, 1135px\" \/><\/figure>\n\n\n\n<div class=\"wp-block-columns is-layout-flex wp-container-core-columns-is-layout-9d6595d7 wp-block-columns-is-layout-flex\">\n<div class=\"wp-block-column is-layout-flow wp-block-column-is-layout-flow\">\n<figure class=\"wp-block-image size-full\"><img decoding=\"async\" width=\"2364\" height=\"1665\" src=\"https:\/\/www.chancescook.com\/wp-content\/uploads\/2025\/11\/Custom-Food-Storage-Containers-Wholesaler-chancescook-1.webp\" alt=\"\" class=\"wp-image-5574\" srcset=\"https:\/\/www.chancescook.com\/wp-content\/uploads\/2025\/11\/Custom-Food-Storage-Containers-Wholesaler-chancescook-1.webp 2364w, https:\/\/www.chancescook.com\/wp-content\/uploads\/2025\/11\/Custom-Food-Storage-Containers-Wholesaler-chancescook-1-300x211.webp 300w, https:\/\/www.chancescook.com\/wp-content\/uploads\/2025\/11\/Custom-Food-Storage-Containers-Wholesaler-chancescook-1-768x541.webp 768w, https:\/\/www.chancescook.com\/wp-content\/uploads\/2025\/11\/Custom-Food-Storage-Containers-Wholesaler-chancescook-1-18x12.webp 18w, https:\/\/www.chancescook.com\/wp-content\/uploads\/2025\/11\/Custom-Food-Storage-Containers-Wholesaler-chancescook-1-285x201.webp 285w, https:\/\/www.chancescook.com\/wp-content\/uploads\/2025\/11\/Custom-Food-Storage-Containers-Wholesaler-chancescook-1-1600x1127.webp 1600w, https:\/\/www.chancescook.com\/wp-content\/uploads\/2025\/11\/Custom-Food-Storage-Containers-Wholesaler-chancescook-1-660x465.webp 660w, https:\/\/www.chancescook.com\/wp-content\/uploads\/2025\/11\/Custom-Food-Storage-Containers-Wholesaler-chancescook-1-150x106.webp 150w\" sizes=\"(max-width: 2364px) 100vw, 2364px\" \/><\/figure>\n<\/div>\n\n\n\n<div class=\"wp-block-column is-layout-flow wp-block-column-is-layout-flow\">\n<figure class=\"wp-block-image size-full\"><img decoding=\"async\" width=\"2048\" height=\"1463\" src=\"https:\/\/www.chancescook.com\/wp-content\/uploads\/2025\/11\/Custom-Food-Storage-Containers-Wholesaler-chancescook-2.webp\" alt=\"\ub9de\ucda4\ud615 \uc2dd\ud488 \uc800\uc7a5 \uc6a9\uae30 \ub3c4\ub9e4\uc5c5\uccb4 - chancescook (2)\" class=\"wp-image-5575\" srcset=\"https:\/\/www.chancescook.com\/wp-content\/uploads\/2025\/11\/Custom-Food-Storage-Containers-Wholesaler-chancescook-2.webp 2048w, https:\/\/www.chancescook.com\/wp-content\/uploads\/2025\/11\/Custom-Food-Storage-Containers-Wholesaler-chancescook-2-300x214.webp 300w, https:\/\/www.chancescook.com\/wp-content\/uploads\/2025\/11\/Custom-Food-Storage-Containers-Wholesaler-chancescook-2-768x549.webp 768w, https:\/\/www.chancescook.com\/wp-content\/uploads\/2025\/11\/Custom-Food-Storage-Containers-Wholesaler-chancescook-2-18x12.webp 18w, https:\/\/www.chancescook.com\/wp-content\/uploads\/2025\/11\/Custom-Food-Storage-Containers-Wholesaler-chancescook-2-285x204.webp 285w, https:\/\/www.chancescook.com\/wp-content\/uploads\/2025\/11\/Custom-Food-Storage-Containers-Wholesaler-chancescook-2-1600x1143.webp 1600w, https:\/\/www.chancescook.com\/wp-content\/uploads\/2025\/11\/Custom-Food-Storage-Containers-Wholesaler-chancescook-2-660x471.webp 660w, https:\/\/www.chancescook.com\/wp-content\/uploads\/2025\/11\/Custom-Food-Storage-Containers-Wholesaler-chancescook-2-150x107.webp 150w\" sizes=\"(max-width: 2048px) 100vw, 2048px\" \/><\/figure>\n<\/div>\n<\/div>","protected":false},"excerpt":{"rendered":"<p>Chance\uc758 \ub9de\ucda4\ud615 \uc2dd\ud488 \ubcf4\uad00 \uc6a9\uae30\ub294 \uace0\uae09 \ubc00\ubd09 \ubc0f \uc804\uc790\ub808\uc778\uc9c0 \uc0ac\uc6a9\uc774 \uac00\ub2a5\ud55c \ub2e4\uc6a9\ub3c4 \uc2a4\ud14c\uc778\ub9ac\uc2a4 \uc2a4\ud2f8 \ubcf4\uad00 \uc6a9\uae30\ub97c \ub3c4\ub9e4\ub85c \uc81c\uacf5\ud569\ub2c8\ub2e4. \uc2dd\uc0ac \ubc0f \ub0a8\uc740 \uc74c\uc2dd \ubcf4\uad00\uc5d0 \uc774\uc0c1\uc801\uc778 \uc774 \uc81c\ud488\uc740 \uacf5\uc7a5 \ub3c4\ub9e4 \uac00\uaca9, \ubb34\ub8cc \uc0d8\ud50c \ubc0f \uae00\ub85c\ubc8c \uad6c\ub9e4\uc790\ub97c \uc704\ud55c \uc644\ubcbd\ud55c \ub9de\ucda4\ud654\ub97c \uc81c\uacf5\ud569\ub2c8\ub2e4.<\/p>\n<h3>\uc2dd\ud488 \ubcf4\uad00 \uc6a9\uae30\uc758 \ud2b9\uc9d5\uacfc \uc7a5\uc810<\/h3>\n<ul>\n<li><strong>\uace0\uae09 \uc530\ub9c1 \uae30\uc220:<\/strong> \uc5d0\ub294 \uc2dd\ud488\uc758 \uc2e0\uc120\ub3c4, \ud48d\ubbf8 \ubc0f \uc601\uc591\uc18c\ub97c \uc644\ubcbd\ud558\uac8c \ubcf4\uc874\ud558\uae30 \uc704\ud574 \ubc00\ud3d0\ub825\uc744 \uc81c\uacf5\ud558\ub294 \ub9de\ucda4\ud615 \uc2e4\ub9ac\ucf58 \ubc00\ubd09 \ub9c1\uc774 \ud3ec\ud568\ub418\uc5b4 \uc788\uc2b5\ub2c8\ub2e4. \ub9de\ucda4\ud615 \uc2dd\ud488 \ubcf4\uad00 \uc6a9\uae30\ub97c \ub3c4\ub9e4\ub85c \uad6c\ub9e4\ud558\ub294 \uad6c\ub9e4\uc790\ub4e4\uc758 \uc218\uc694\uac00 \ub192\uc2b5\ub2c8\ub2e4.<\/li>\n<li><strong>\uc804\uc790 \ub808\uc778\uc9c0 \uc548\uc804 \uc124\uacc4:<\/strong> \uc804\uc790\ub808\uc778\uc9c0\uc5d0\uc11c \uc548\uc804\ud558\uac8c \uc74c\uc2dd\uc744 \uc7ac\uac00\uc5f4(\ub69c\uaed1 \uc81c\uac70)\ud560 \uc218 \uc788\uc5b4 \uc77c\uc0c1\uc801\uc778 \uc2dd\ud488 \uc791\uc5c5\uc5d0 \uc720\uc5f0\uc131\uc744 \ub354\ud558\uace0 \ub9de\ucda4\ud615 \uc2dd\ud488 \ubcf4\uad00 \uc6a9\uae30 \ub3c4\ub9e4\uc5d0 \uc774\uc0c1\uc801\uc778 \uc81c\ud488\uc785\ub2c8\ub2e4.<\/li>\n<li><strong><b>\ub2e4\uc591\ud55c \uc560\ud50c\ub9ac\ucf00\uc774\uc158: <\/b><\/strong>\ub0a8\uc740 \uc74c\uc2dd\uacfc \uc591\ub150\uc7a5\ubd80\ud130 \uc2dd\uc0ac \uc900\ube44, \uc2dd\uc0ac \ub300\uc6a9\uc2dd\uae4c\uc9c0 \uadf8 \ud65c\uc6a9\ub3c4\ub294 \ubb34\uad81\ubb34\uc9c4\ud569\ub2c8\ub2e4.<\/li>\n<li><strong>\ub113\uc740 \uc628\ub3c4 \ubcf5\uc6d0\ub825:<\/strong> \uad11\ubc94\uc704\ud55c \uc628\ub3c4\uc5d0 \uacac\ub51c \uc218 \uc788\ub3c4\ub85d \uc124\uacc4\ub418\uc5b4 \ub0c9\uc7a5\uace0, \ub0c9\ub3d9\uace0, \uc624\ube10\uc5d0 \uc801\ud569\ud558\uba70 \ub69c\uaed1\uc744 \uc81c\uac70\ud55c \uc0c1\ud0dc\uc5d0\uc11c\ub3c4 \uc0ac\uc6a9\ud560 \uc218 \uc788\uc2b5\ub2c8\ub2e4.<\/li>\n<li><strong>\uc190\uc26c\uc6b4 \uccad\uc18c:<\/strong> \uc2a4\ud14c\uc778\ub9ac\uc2a4 \uc2a4\ud2f8 \ubca0\uc774\uc2a4\uc640 \uc720\ub9ac \ub69c\uaed1 \ubaa8\ub450 \uc2dd\uae30 \uc138\ucc99\uae30 \uc0ac\uc6a9\uc774 \uac00\ub2a5\ud558\uc5ec \uc190\uc27d\uac8c \uc138\ucc99\ud558\uace0 \uc704\uc0dd\uc744 \uc720\uc9c0\ud560 \uc218 \uc788\uc2b5\ub2c8\ub2e4.<\/li>\n<li><strong>\uc2a4\ud0c0\uc77c\ub9ac\uc2dc\ud558\uace0 \uc2e4\uc6a9\uc801\uc778 \ub514\uc790\uc778:<\/strong> \ud22c\uba85 \ub69c\uaed1\uc774 \uc788\ub294 \uc138\ub828\ub418\uace0 \ubaa8\ub358\ud55c \ub514\uc790\uc778\uc73c\ub85c \ub0b4\uc6a9\ubb3c\uc744 \uc27d\uac8c \ud655\uc778\ud560 \uc218 \uc788\uace0 \uc8fc\ubc29\uc758 \ubbf8\uc801 \uac10\uac01\uc744 \ub354\ud560 \uc218 \uc788\uc2b5\ub2c8\ub2e4.<\/li>\n<\/ul>\n<p><strong>\uc8fc\ubb38\ud560 \uc900\ube44\uac00 \ub418\uc168\ub098\uc694?<\/strong> \uc774\ub7ec\ud55c \uc6b0\uc218\ud55c \uc2dd\ud488 \ubcf4\uad00 \uc6a9\uae30\uc758 \uacbd\uc6b0 \ub3c4\ub9e4 \uc635\uc158\uc774 \uc81c\uacf5\ub429\ub2c8\ub2e4. \uc9c0\uae08 \ubc14\ub85c \ubb38\uc758\ud558\uc5ec \uc8fc\ubb38\uc744 \ub9de\ucda4\ud654\ud558\uace0 \uc2dd\ud488 \ubcf4\uad00 \uc635\uc158\uc744 \ud55c \ub2e8\uacc4 \uc5c5\uadf8\ub808\uc774\ub4dc\ud558\uc138\uc694.<\/p>","protected":false},"featured_media":5803,"comment_status":"closed","ping_status":"closed","template":"","meta":{"_acf_changed":false},"product_brand":[],"product_cat":[56],"product_tag":[],"class_list":{"0":"post-5572","1":"product","2":"type-product","3":"status-publish","4":"has-post-thumbnail","6":"product_cat-wholesale-kitchen-utensils","8":"first","9":"instock","10":"shipping-taxable","11":"product-type-simple"},"acf":[],"_links":{"self":[{"href":"https:\/\/www.chancescook.com\/ko\/wp-json\/wp\/v2\/product\/5572","targetHints":{"allow":["GET"]}}],"collection":[{"href":"https:\/\/www.chancescook.com\/ko\/wp-json\/wp\/v2\/product"}],"about":[{"href":"https:\/\/www.chancescook.com\/ko\/wp-json\/wp\/v2\/types\/product"}],"replies":[{"embeddable":true,"href":"https:\/\/www.chancescook.com\/ko\/wp-json\/wp\/v2\/comments?post=5572"}],"wp:featuredmedia":[{"embeddable":true,"href":"https:\/\/www.chancescook.com\/ko\/wp-json\/wp\/v2\/media\/5803"}],"wp:attachment":[{"href":"https:\/\/www.chancescook.com\/ko\/wp-json\/wp\/v2\/media?parent=5572"}],"wp:term":[{"taxonomy":"product_brand","embeddable":true,"href":"https:\/\/www.chancescook.com\/ko\/wp-json\/wp\/v2\/product_brand?post=5572"},{"taxonomy":"product_cat","embeddable":true,"href":"https:\/\/www.chancescook.com\/ko\/wp-json\/wp\/v2\/product_cat?post=5572"},{"taxonomy":"product_tag","embeddable":true,"href":"https:\/\/www.chancescook.com\/ko\/wp-json\/wp\/v2\/product_tag?post=5572"}],"curies":[{"name":"wp","href":"https:\/\/api.w.org\/{rel}","templated":true}]}}