{"id":3568,"date":"2024-08-28T09:03:33","date_gmt":"2024-08-28T09:03:33","guid":{"rendered":"https:\/\/www.chancescook.com\/?post_type=product&#038;p=3568"},"modified":"2024-09-23T06:25:30","modified_gmt":"2024-09-23T06:25:30","slug":"stainless-steel-pots-and-pans-set","status":"publish","type":"product","link":"https:\/\/www.chancescook.com\/pt\/produto\/stainless-steel-pots-and-pans-set\/","title":{"rendered":"Conjunto de panelas e frigideiras de a\u00e7o inoxid\u00e1vel personalizadas 27 pe\u00e7as Panelas de bordo largo com pega de soquete"},"content":{"rendered":"<div class=\"wp-block-columns is-layout-flex wp-container-core-columns-is-layout-9d6595d7 wp-block-columns-is-layout-flex\">\n<div class=\"wp-block-column is-layout-flow wp-block-column-is-layout-flow\">\n<h3 class=\"wp-block-heading\">Carater\u00edsticas e vantagens do conjunto de panelas e frigideiras em a\u00e7o inoxid\u00e1vel<\/h3>\n\n\n\n<ul class=\"wp-block-list\">\n<li><strong>Constru\u00e7\u00e3o em a\u00e7o inoxid\u00e1vel de alta qualidade<\/strong>: Este conjunto de 27 tachos e panelas \u00e9 feito de a\u00e7o inoxid\u00e1vel de alta qualidade para maior durabilidade, resist\u00eancia \u00e0 corros\u00e3o e um aspeto elegante e moderno que se adapta a qualquer cozinha.<\/li>\n\n\n\n<li><strong>Punhos de soquete para um aperto seguro<\/strong>: Cada conjunto de panelas e frigideiras \u00e9 fornecido com pegas de encaixe para uma ader\u00eancia segura e confort\u00e1vel, garantindo um manuseamento seguro mesmo quando as panelas e frigideiras est\u00e3o a ferver.<\/li>\n\n\n\n<li><strong>Design de aros largos<\/strong>: As frigideiras de borda larga n\u00e3o s\u00e3o apenas elegantes, mas tamb\u00e9m pr\u00e1ticas, facilitando o derramamento e a transfer\u00eancia de alimentos sem fazer sujidade.<\/li>\n\n\n\n<li><strong>Distribui\u00e7\u00e3o uniforme do calor<\/strong>: O fundo com v\u00e1rias camadas assegura uma distribui\u00e7\u00e3o uniforme do calor em toda a superf\u00edcie de cozedura, evitando pontos quentes e garantindo sempre uma comida perfeita.<\/li>\n\n\n\n<li><strong>Compatibilidade<\/strong>: Adequado para todas as fontes de calor, incluindo indu\u00e7\u00e3o, g\u00e1s, eletricidade e placas de cer\u00e2mica, proporcionando-lhe uma vasta gama de op\u00e7\u00f5es de cozedura.<\/li>\n\n\n\n<li><strong>Conjunto completo<\/strong>: Este conjunto de tachos e panelas em a\u00e7o inoxid\u00e1vel \u00e9 composto por 27 pe\u00e7as, incluindo uma variedade de tachos, panelas e tampas, fornecendo tudo o que precisa para cozinhar uma grande variedade de pratos, tornando-o ideal tanto para cozinheiros dom\u00e9sticos como para chefes profissionais.<\/li>\n<\/ul>\n<\/div>\n\n\n\n<div class=\"wp-block-column is-layout-flow wp-block-column-is-layout-flow\">\n<h3 class=\"wp-block-heading\">Especifica\u00e7\u00f5es do conjunto de panelas e frigideiras em a\u00e7o inoxid\u00e1vel<\/h3>\n\n\n\n<ul class=\"wp-block-list\">\n<li>Fabricante: CHANCES<\/li>\n\n\n\n<li>Modelo n.\u00ba:CY-KB2705C<\/li>\n\n\n\n<li>Material: SS410<\/li>\n\n\n\n<li>Contagem de pe\u00e7as:27 pe\u00e7as<\/li>\n\n\n\n<li>Espessura: 0,5 mm<\/li>\n\n\n\n<li>Fundo:3.0mm<\/li>\n\n\n\n<li>OEM&amp;ODM: Personalizado, bem-vindo OEM&amp;ODM<\/li>\n\n\n\n<li>MOQ:1 x 40'HQ<\/li>\n\n\n\n<li>Embalagem: Caixa de cor\/caixa de cart\u00e3o<\/li>\n\n\n\n<li>Amostra: Gr\u00e1tis<\/li>\n<\/ul>\n<\/div>\n<\/div>\n\n\n\n<figure class=\"wp-block-image size-full\"><img decoding=\"async\" width=\"4134\" height=\"2362\" src=\"https:\/\/www.chancescook.com\/wp-content\/uploads\/2024\/08\/Wholesale-Stainless-Steel-Cookware-Set-2.webp\" alt=\"Conjunto de panelas e frigideiras em a\u00e7o inoxid\u00e1vel personalizadas-27pcs(1)\" class=\"wp-image-3066\" srcset=\"https:\/\/www.chancescook.com\/wp-content\/uploads\/2024\/08\/Wholesale-Stainless-Steel-Cookware-Set-2.webp 4134w, https:\/\/www.chancescook.com\/wp-content\/uploads\/2024\/08\/Wholesale-Stainless-Steel-Cookware-Set-2-300x171.webp 300w, https:\/\/www.chancescook.com\/wp-content\/uploads\/2024\/08\/Wholesale-Stainless-Steel-Cookware-Set-2-768x439.webp 768w, https:\/\/www.chancescook.com\/wp-content\/uploads\/2024\/08\/Wholesale-Stainless-Steel-Cookware-Set-2-18x10.webp 18w, https:\/\/www.chancescook.com\/wp-content\/uploads\/2024\/08\/Wholesale-Stainless-Steel-Cookware-Set-2-285x163.webp 285w, https:\/\/www.chancescook.com\/wp-content\/uploads\/2024\/08\/Wholesale-Stainless-Steel-Cookware-Set-2-1600x914.webp 1600w, https:\/\/www.chancescook.com\/wp-content\/uploads\/2024\/08\/Wholesale-Stainless-Steel-Cookware-Set-2-660x377.webp 660w, https:\/\/www.chancescook.com\/wp-content\/uploads\/2024\/08\/Wholesale-Stainless-Steel-Cookware-Set-2-150x86.webp 150w\" sizes=\"(max-width: 4134px) 100vw, 4134px\" \/><\/figure>","protected":false},"excerpt":{"rendered":"<p>O nosso conjunto de tachos e panelas de a\u00e7o inoxid\u00e1vel personalizado de 27 pe\u00e7as, este conjunto vers\u00e1til funciona com todas as fontes de calor para garantir sempre uma cozedura uniforme e consistente. Ideal para cozinheiros dom\u00e9sticos e profissionais, est\u00e3o dispon\u00edveis op\u00e7\u00f5es personalizadas para satisfazer as suas necessidades de marca. N\u00e3o hesite em pedir um or\u00e7amento gratuito!<\/p>\n<h3>O conjunto de panelas e frigideiras de a\u00e7o inoxid\u00e1vel inclui\uff1a<\/h3>\n<ul>\n<li>Ca\u00e7arola de 16 cm x 8,5 cm com tampa<\/li>\n<li>Ca\u00e7arola de 16cm x 8,5cm com tampa<\/li>\n<li>Ca\u00e7arola de 20cm x 11cm com tampa<\/li>\n<li>Ca\u00e7arola de 24 cm x 13,9 cm com tampa<\/li>\n<li>Frigideira de 24 cm x 7,2 cm com tampa<\/li>\n<li>Vaporizador de 20cm x 9,4cm<\/li>\n<li>Ta\u00e7a misturadora de 20 cm x 2 pe\u00e7as<\/li>\n<li>Tampa em PVC x 2 pe\u00e7as<\/li>\n<li>Ralador e anel adaptador<\/li>\n<li>Batedor de ovos, ferramenta de a\u00e7o<\/li>\n<li>Utens\u00edlio de cozinha de nylon X 3 pe\u00e7as<\/li>\n<li>Suporte de tapete x 2 pe\u00e7as<\/li>\n<li>Cesto para fritar de 18 cm com pega<\/li>\n<li>Bot\u00e3o de aspira\u00e7\u00e3o<\/li>\n<li>Ferramenta \u00e0 escala do peixe<\/li>\n<\/ul>","protected":false},"featured_media":4101,"comment_status":"closed","ping_status":"closed","template":"","meta":{"_acf_changed":false},"product_brand":[],"product_cat":[53],"product_tag":[],"class_list":{"0":"post-3568","1":"product","2":"type-product","3":"status-publish","4":"has-post-thumbnail","6":"product_cat-wholesale-cookware-sets","8":"first","9":"instock","10":"shipping-taxable","11":"product-type-simple"},"acf":[],"_links":{"self":[{"href":"https:\/\/www.chancescook.com\/pt\/wp-json\/wp\/v2\/product\/3568","targetHints":{"allow":["GET"]}}],"collection":[{"href":"https:\/\/www.chancescook.com\/pt\/wp-json\/wp\/v2\/product"}],"about":[{"href":"https:\/\/www.chancescook.com\/pt\/wp-json\/wp\/v2\/types\/product"}],"replies":[{"embeddable":true,"href":"https:\/\/www.chancescook.com\/pt\/wp-json\/wp\/v2\/comments?post=3568"}],"wp:featuredmedia":[{"embeddable":true,"href":"https:\/\/www.chancescook.com\/pt\/wp-json\/wp\/v2\/media\/4101"}],"wp:attachment":[{"href":"https:\/\/www.chancescook.com\/pt\/wp-json\/wp\/v2\/media?parent=3568"}],"wp:term":[{"taxonomy":"product_brand","embeddable":true,"href":"https:\/\/www.chancescook.com\/pt\/wp-json\/wp\/v2\/product_brand?post=3568"},{"taxonomy":"product_cat","embeddable":true,"href":"https:\/\/www.chancescook.com\/pt\/wp-json\/wp\/v2\/product_cat?post=3568"},{"taxonomy":"product_tag","embeddable":true,"href":"https:\/\/www.chancescook.com\/pt\/wp-json\/wp\/v2\/product_tag?post=3568"}],"curies":[{"name":"wp","href":"https:\/\/api.w.org\/{rel}","templated":true}]}}