{"id":3661,"date":"2024-08-28T18:33:54","date_gmt":"2024-08-28T18:33:54","guid":{"rendered":"https:\/\/www.chancescook.com\/?post_type=product&#038;p=3661"},"modified":"2024-09-23T06:54:43","modified_gmt":"2024-09-23T06:54:43","slug":"china-supply-cookware-set","status":"publish","type":"product","link":"https:\/\/www.chancescook.com\/pt\/produto\/china-supply-cookware-set\/","title":{"rendered":"Conjunto de panelas da China 27 pe\u00e7as com tampa de a\u00e7o com cabo de cauda de peixe de aro largo"},"content":{"rendered":"<div class=\"wp-block-columns is-layout-flex wp-container-core-columns-is-layout-9d6595d7 wp-block-columns-is-layout-flex\">\n<div class=\"wp-block-column is-layout-flow wp-block-column-is-layout-flow\">\n<h3 class=\"wp-block-heading\">Carater\u00edsticas e vantagens do conjunto de utens\u00edlios de cozinha chineses<\/h3>\n\n\n\n<p><strong>Conjunto completo de 27 pe\u00e7as<\/strong>: Inclui uma variedade de utens\u00edlios de cozinha e acess\u00f3rios para satisfazer uma variedade de necessidades culin\u00e1rias.<\/p>\n\n\n\n<p><\/p>\n\n\n\n<p><strong>Design de aro largo<\/strong>: Este conjunto de utens\u00edlios de cozinha foi concebido para ser f\u00e1cil de deitar e minimizar os derrames.<\/p>\n\n\n\n<p><\/p>\n\n\n\n<p><strong>Cabo de cauda de peixe<\/strong>: Ergonomicamente concebido para uma ader\u00eancia confort\u00e1vel e segura.<\/p>\n\n\n\n<p><\/p>\n\n\n\n<p><strong>Tampa de a\u00e7o dur\u00e1vel<\/strong>: Fabricado em material de alta qualidade, \u00e9 dur\u00e1vel e veda bem para reter a humidade e os sabores.<\/p>\n\n\n\n<p><\/p>\n\n\n\n<p><strong>Constru\u00e7\u00e3o de qualidade<\/strong>: Assegura um desempenho duradouro e uma manuten\u00e7\u00e3o f\u00e1cil.<\/p>\n\n\n\n<p><\/p>\n\n\n\n<p><strong>Compat\u00edvel com v\u00e1rias fontes de calor<\/strong>: Adequado para placas de fog\u00e3o a g\u00e1s, el\u00e9ctricas e de indu\u00e7\u00e3o.<\/p>\n<\/div>\n\n\n\n<div class=\"wp-block-column is-layout-flow wp-block-column-is-layout-flow\">\n<h3 class=\"wp-block-heading\">Especifica\u00e7\u00f5es do Conjunto de panelas da China<\/h3>\n\n\n\n<p>Fabricante: CHANCES<\/p>\n\n\n\n<p>Modelo n.\u00ba:CY-KB2705C<\/p>\n\n\n\n<p>Material: SS410<\/p>\n\n\n\n<p>Contagem de pe\u00e7as:27 pe\u00e7as<\/p>\n\n\n\n<p>Espessura: 0,5 mm<\/p>\n\n\n\n<p>Fundo:3.0mm<\/p>\n\n\n\n<p>OEM&amp;ODM: Personalizado, bem-vindo OEM&amp;ODM<\/p>\n\n\n\n<p>MOQ:1 x 40'HQ<\/p>\n\n\n\n<p>Embalagem: Caixa de cor\/caixa de cart\u00e3o<\/p>\n\n\n\n<p>Amostra: Gr\u00e1tis<\/p>\n<\/div>\n<\/div>\n\n\n\n<figure class=\"wp-block-image size-full\"><img decoding=\"async\" width=\"4134\" height=\"2362\" src=\"https:\/\/www.chancescook.com\/wp-content\/uploads\/2024\/08\/Wholesale-Stainless-Steel-Cookware-Set-2.webp\" alt=\"Conjunto de panelas da China 27 pe\u00e7as-\" class=\"wp-image-3066\" srcset=\"https:\/\/www.chancescook.com\/wp-content\/uploads\/2024\/08\/Wholesale-Stainless-Steel-Cookware-Set-2.webp 4134w, https:\/\/www.chancescook.com\/wp-content\/uploads\/2024\/08\/Wholesale-Stainless-Steel-Cookware-Set-2-300x171.webp 300w, https:\/\/www.chancescook.com\/wp-content\/uploads\/2024\/08\/Wholesale-Stainless-Steel-Cookware-Set-2-768x439.webp 768w, https:\/\/www.chancescook.com\/wp-content\/uploads\/2024\/08\/Wholesale-Stainless-Steel-Cookware-Set-2-18x10.webp 18w, https:\/\/www.chancescook.com\/wp-content\/uploads\/2024\/08\/Wholesale-Stainless-Steel-Cookware-Set-2-285x163.webp 285w, https:\/\/www.chancescook.com\/wp-content\/uploads\/2024\/08\/Wholesale-Stainless-Steel-Cookware-Set-2-1600x914.webp 1600w, https:\/\/www.chancescook.com\/wp-content\/uploads\/2024\/08\/Wholesale-Stainless-Steel-Cookware-Set-2-660x377.webp 660w, https:\/\/www.chancescook.com\/wp-content\/uploads\/2024\/08\/Wholesale-Stainless-Steel-Cookware-Set-2-150x86.webp 150w\" sizes=\"(max-width: 4134px) 100vw, 4134px\" \/><\/figure>","protected":false},"excerpt":{"rendered":"<p>Explorar O nosso conjunto de panelas chinesas de 27 pe\u00e7as apresenta aros largos para evitar derrames ao servir, pegas ergon\u00f3micas em forma de rabo de peixe e tampas de a\u00e7o duradouras, o que o torna uma excelente escolha para efici\u00eancia e estilo em qualquer cozinha.<\/p>\n<h3>O conjunto de utens\u00edlios de cozinha em a\u00e7o inoxid\u00e1vel inclui\uff1a<\/h3>\n<ul>\n<li>Ca\u00e7arola de 16 cm x 8,5 cm com tampa<\/li>\n<li>Ca\u00e7arola de 16cm x 8,5cm com tampa<\/li>\n<li>Ca\u00e7arola de 20cm x 11cm com tampa<\/li>\n<li>Ca\u00e7arola de 24 cm x 13,9 cm com tampa<\/li>\n<li>Frigideira de 24 cm x 7,2 cm com tampa<\/li>\n<li>Vaporizador de 20cm x 9,4cm<\/li>\n<li>Ta\u00e7a misturadora de 20 cm x 2 pe\u00e7as<\/li>\n<li>Tampa em PVC x 2 pe\u00e7as<\/li>\n<li>Ralador e anel adaptador<\/li>\n<li>Batedor de ovos, ferramenta de a\u00e7o<\/li>\n<li>Utens\u00edlio de cozinha de nylon X 3 pe\u00e7as<\/li>\n<li>Suporte de tapete x 2 pe\u00e7as<\/li>\n<li>Cesto para fritar de 18 cm com pega<\/li>\n<li>Bot\u00e3o de aspira\u00e7\u00e3o<\/li>\n<li>Ferramenta \u00e0 escala do peixe<\/li>\n<\/ul>","protected":false},"featured_media":4104,"comment_status":"closed","ping_status":"closed","template":"","meta":{"_acf_changed":false},"product_brand":[],"product_cat":[53],"product_tag":[],"class_list":{"0":"post-3661","1":"product","2":"type-product","3":"status-publish","4":"has-post-thumbnail","6":"product_cat-wholesale-cookware-sets","8":"first","9":"instock","10":"shipping-taxable","11":"product-type-simple"},"acf":[],"_links":{"self":[{"href":"https:\/\/www.chancescook.com\/pt\/wp-json\/wp\/v2\/product\/3661","targetHints":{"allow":["GET"]}}],"collection":[{"href":"https:\/\/www.chancescook.com\/pt\/wp-json\/wp\/v2\/product"}],"about":[{"href":"https:\/\/www.chancescook.com\/pt\/wp-json\/wp\/v2\/types\/product"}],"replies":[{"embeddable":true,"href":"https:\/\/www.chancescook.com\/pt\/wp-json\/wp\/v2\/comments?post=3661"}],"wp:featuredmedia":[{"embeddable":true,"href":"https:\/\/www.chancescook.com\/pt\/wp-json\/wp\/v2\/media\/4104"}],"wp:attachment":[{"href":"https:\/\/www.chancescook.com\/pt\/wp-json\/wp\/v2\/media?parent=3661"}],"wp:term":[{"taxonomy":"product_brand","embeddable":true,"href":"https:\/\/www.chancescook.com\/pt\/wp-json\/wp\/v2\/product_brand?post=3661"},{"taxonomy":"product_cat","embeddable":true,"href":"https:\/\/www.chancescook.com\/pt\/wp-json\/wp\/v2\/product_cat?post=3661"},{"taxonomy":"product_tag","embeddable":true,"href":"https:\/\/www.chancescook.com\/pt\/wp-json\/wp\/v2\/product_tag?post=3661"}],"curies":[{"name":"wp","href":"https:\/\/api.w.org\/{rel}","templated":true}]}}