{"id":3689,"date":"2024-08-29T06:32:33","date_gmt":"2024-08-29T06:32:33","guid":{"rendered":"https:\/\/www.chancescook.com\/?post_type=product&#038;p=3689"},"modified":"2025-12-22T14:13:42","modified_gmt":"2025-12-22T14:13:42","slug":"best-wok-pan-wholesale","status":"publish","type":"product","link":"https:\/\/www.chancescook.com\/pt\/produto\/best-wok-pan-wholesale\/","title":{"rendered":"Fornecimento de frigideira Wok por atacado frigideira de fundo composto de a\u00e7o inoxid\u00e1vel com al\u00e7a dupla e tampa"},"content":{"rendered":"<div class=\"wp-block-columns is-layout-flex wp-container-core-columns-is-layout-9d6595d7 wp-block-columns-is-layout-flex\">\n<div class=\"wp-block-column is-layout-flow wp-block-column-is-layout-flow\">\n<h3 class=\"wp-block-heading\">Carater\u00edsticas e vantagens das melhores panelas Wok<\/h3>\n\n\n\n<ul class=\"wp-block-list\">\n<li><strong>A\u00e7o inoxid\u00e1vel de qualidade superior<\/strong>: este wok \u00e9 feito de material de a\u00e7o inoxid\u00e1vel de alta qualidade para garantir durabilidade e resist\u00eancia \u00e0 corros\u00e3o, adequado para utiliza\u00e7\u00e3o a longo prazo.<\/li>\n\n\n\n<li><strong>Conce\u00e7\u00e3o do fundo composto<\/strong>: A estrutura composta do fundo proporciona uma distribui\u00e7\u00e3o uniforme do calor, aquecimento r\u00e1pido e efici\u00eancia energ\u00e9tica, adequada para v\u00e1rias necessidades de cozedura.<\/li>\n\n\n\n<li><strong>Compat\u00edvel com todos os fog\u00f5es<\/strong>: Adequado para todos os fog\u00f5es, incluindo os de indu\u00e7\u00e3o, garantindo uma ampla compatibilidade.<\/li>\n\n\n\n<li><strong>Pegas duplas para as orelhas<\/strong>: Equipado com pegas robustas com duas orelhas, confort\u00e1veis de segurar e f\u00e1ceis de agarrar, garantindo seguran\u00e7a enquanto cozinha.<\/li>\n\n\n\n<li><strong>Tampa a condizer<\/strong>: O wok \u00e9 fornecido com uma tampa de a\u00e7o inoxid\u00e1vel para preservar o sabor dos ingredientes e fixar mais nutrientes.<\/li>\n\n\n\n<li><strong>F\u00e1cil de limpar<\/strong>: Concebida para ser f\u00e1cil de limpar e lav\u00e1vel na m\u00e1quina de lavar lou\u00e7a para manter os seus utens\u00edlios de cozinha com um aspeto novo.<\/li>\n\n\n\n<li><strong>Disponibilidade por grosso<\/strong>: Concebido para o mercado grossista, \u00e9 ideal para a restaura\u00e7\u00e3o e para os retalhistas que compram em grandes quantidades.<\/li>\n<\/ul>\n<\/div>\n\n\n\n<div class=\"wp-block-column is-layout-flow wp-block-column-is-layout-flow\" style=\"flex-basis:30px\"><\/div>\n<\/div>","protected":false},"excerpt":{"rendered":"<p>As melhores frigideiras wok para venda por grosso apresentam fundos compostos de a\u00e7o inoxid\u00e1vel duradouros, pegas duplas e tampas a condizer, perfeitas para cozinhas profissionais e compras a granel. N\u00e3o hesite em pedir-nos um or\u00e7amento.<\/p>\n<h3 class=\"wp-block-heading\">Especifica\u00e7\u00f5es das melhores panelas Wok<\/h3>\n<ul>\n<li>Fabricante: CHANCES<\/li>\n<li>Model No.:CY-FDCD0634S\/CY-FDCD0636S<\/li>\n<li>Material: SS201<\/li>\n<li>Tampa: Tampa de a\u00e7o inoxid\u00e1vel<\/li>\n<li>Tamanho:34cm\/36cm<\/li>\n<li>Espessura: 0,5 mm<\/li>\n<li>Fundo:2,5 mm<\/li>\n<li>OEM&amp;ODM: Personalizado, bem-vindo OEM&amp;ODM<\/li>\n<li>MOQ:1 x 40'HQ<\/li>\n<li>Embalagem: Caixa de cor\/caixa de cart\u00e3o<\/li>\n<li>Amostra: Gr\u00e1tis<\/li>\n<\/ul>\n<p>A Chances est\u00e1 empenhada em fornecer aos clientes um servi\u00e7o eficiente e profissional <a href=\"https:\/\/www.chancescook.com\/pt\/custom-cookware\/\"><strong>servi\u00e7os personalizados<\/strong><\/a>A empresa, apoiando-se na sua forte capacidade de produ\u00e7\u00e3o e num rigoroso controlo de qualidade, garante que cada lote de <strong>panelas de a\u00e7o inoxid\u00e1vel para wok<\/strong> responde \u00e0s suas necessidades de alto n\u00edvel.<\/p>","protected":false},"featured_media":5846,"comment_status":"closed","ping_status":"closed","template":"","meta":{"_acf_changed":false},"product_brand":[],"product_cat":[52,65],"product_tag":[],"class_list":{"0":"post-3689","1":"product","2":"type-product","3":"status-publish","4":"has-post-thumbnail","6":"product_cat-cookware-wholesale","7":"product_cat-chinese-wok","9":"first","10":"instock","11":"shipping-taxable","12":"product-type-simple"},"acf":[],"_links":{"self":[{"href":"https:\/\/www.chancescook.com\/pt\/wp-json\/wp\/v2\/product\/3689","targetHints":{"allow":["GET"]}}],"collection":[{"href":"https:\/\/www.chancescook.com\/pt\/wp-json\/wp\/v2\/product"}],"about":[{"href":"https:\/\/www.chancescook.com\/pt\/wp-json\/wp\/v2\/types\/product"}],"replies":[{"embeddable":true,"href":"https:\/\/www.chancescook.com\/pt\/wp-json\/wp\/v2\/comments?post=3689"}],"wp:featuredmedia":[{"embeddable":true,"href":"https:\/\/www.chancescook.com\/pt\/wp-json\/wp\/v2\/media\/5846"}],"wp:attachment":[{"href":"https:\/\/www.chancescook.com\/pt\/wp-json\/wp\/v2\/media?parent=3689"}],"wp:term":[{"taxonomy":"product_brand","embeddable":true,"href":"https:\/\/www.chancescook.com\/pt\/wp-json\/wp\/v2\/product_brand?post=3689"},{"taxonomy":"product_cat","embeddable":true,"href":"https:\/\/www.chancescook.com\/pt\/wp-json\/wp\/v2\/product_cat?post=3689"},{"taxonomy":"product_tag","embeddable":true,"href":"https:\/\/www.chancescook.com\/pt\/wp-json\/wp\/v2\/product_tag?post=3689"}],"curies":[{"name":"wp","href":"https:\/\/api.w.org\/{rel}","templated":true}]}}