{"id":3701,"date":"2024-08-29T10:45:52","date_gmt":"2024-08-29T10:45:52","guid":{"rendered":"https:\/\/www.chancescook.com\/?post_type=product&#038;p=3701"},"modified":"2025-12-21T13:03:42","modified_gmt":"2025-12-21T13:03:42","slug":"wholesale-chinese-frying-pan","status":"publish","type":"product","link":"https:\/\/www.chancescook.com\/pt\/produto\/wholesale-chinese-frying-pan\/","title":{"rendered":"Frigideira chinesa de f\u00e1brica com fundo composto e tampa de a\u00e7o inoxid\u00e1vel"},"content":{"rendered":"<div class=\"wp-block-columns is-layout-flex wp-container-core-columns-is-layout-9d6595d7 wp-block-columns-is-layout-flex\">\n<div class=\"wp-block-column is-layout-flow wp-block-column-is-layout-flow\" style=\"flex-basis:50%\">\n<h3 class=\"wp-block-heading\">Carater\u00edsticas e vantagens da frigideira chinesa<\/h3>\n\n\n\n<ul class=\"wp-block-list\">\n<li><strong>Condu\u00e7\u00e3o de calor eficiente<\/strong>Fundo composto, condu\u00e7\u00e3o de calor r\u00e1pida e uniforme, adequado para fritar, cozer a vapor e outros m\u00e9todos de cozedura para aumentar a efici\u00eancia da cozedura.<\/li>\n\n\n\n<li><strong>A\u00e7o inoxid\u00e1vel de qualidade<\/strong>: Esta frigideira chinesa \u00e9 feita de a\u00e7o inoxid\u00e1vel de alta qualidade, resistente \u00e0 corros\u00e3o, dur\u00e1vel e f\u00e1cil de limpar.<\/li>\n\n\n\n<li><strong>Pega ergon\u00f3mica<\/strong>: Este design de pega \u00fanica \u00e9 confort\u00e1vel de segurar, f\u00e1cil de utilizar e adequado para v\u00e1rios m\u00e9todos de cozedura.<\/li>\n\n\n\n<li><strong>Tampa vertical<\/strong>: Inclui uma tampa vertical para minimizar o espa\u00e7o na bancada e manter o processo de cozedura organizado.<\/li>\n\n\n\n<li><strong>Compra a granel preferencial<\/strong>: a nossa frigideira chinesa foi concebida para o mercado grossista, adequado para grandes restaurantes e retalhistas com necessidades de compras a granel.<\/li>\n\n\n\n<li><strong><a href=\"https:\/\/www.chancescook.com\/pt\/custom-cookware\/\" data-type=\"page\" data-id=\"2987\">Servi\u00e7o personalizado<\/a><\/strong>: Podemos personalizar o tamanho, o design e o log\u00f3tipo da marca para satisfazer as v\u00e1rias exig\u00eancias do mercado.<\/li>\n<\/ul>\n<\/div>\n\n\n\n<div class=\"wp-block-column is-layout-flow wp-block-column-is-layout-flow\">\n<figure class=\"wp-block-image size-full\"><img decoding=\"async\" width=\"720\" height=\"720\" src=\"https:\/\/www.chancescook.com\/wp-content\/uploads\/2024\/08\/Wholesale-Chinese-Frying-Pan-stainless-steel-4.webp\" alt=\"Frigideira chinesa por atacado em a\u00e7o inoxid\u00e1vel (4)\" class=\"wp-image-4307\" srcset=\"https:\/\/www.chancescook.com\/wp-content\/uploads\/2024\/08\/Wholesale-Chinese-Frying-Pan-stainless-steel-4.webp 720w, https:\/\/www.chancescook.com\/wp-content\/uploads\/2024\/08\/Wholesale-Chinese-Frying-Pan-stainless-steel-4-300x300.webp 300w, https:\/\/www.chancescook.com\/wp-content\/uploads\/2024\/08\/Wholesale-Chinese-Frying-Pan-stainless-steel-4-150x150.webp 150w, https:\/\/www.chancescook.com\/wp-content\/uploads\/2024\/08\/Wholesale-Chinese-Frying-Pan-stainless-steel-4-12x12.webp 12w, https:\/\/www.chancescook.com\/wp-content\/uploads\/2024\/08\/Wholesale-Chinese-Frying-Pan-stainless-steel-4-285x285.webp 285w, https:\/\/www.chancescook.com\/wp-content\/uploads\/2024\/08\/Wholesale-Chinese-Frying-Pan-stainless-steel-4-270x270.webp 270w, https:\/\/www.chancescook.com\/wp-content\/uploads\/2024\/08\/Wholesale-Chinese-Frying-Pan-stainless-steel-4-540x540.webp 540w, https:\/\/www.chancescook.com\/wp-content\/uploads\/2024\/08\/Wholesale-Chinese-Frying-Pan-stainless-steel-4-660x660.webp 660w\" sizes=\"(max-width: 720px) 100vw, 720px\" \/><\/figure>\n<\/div>\n<\/div>","protected":false},"excerpt":{"rendered":"<p>A nossa frigideira chinesa por grosso tem um fundo composto e \u00e9 feita de a\u00e7o inoxid\u00e1vel de tr\u00eas camadas com uma pega \u00fanica robusta e uma tampa vertical, perfeita para compras a granel e uma vasta gama de utiliza\u00e7\u00f5es culin\u00e1rias. Bem-vindo ao inqu\u00e9rito sobre um or\u00e7amento!<\/p>\n<h3 class=\"wp-block-heading\">Especifica\u00e7\u00f5es da frigideira chinesa<\/h3>\n<ul>\n<li>Fabricante: CHANCES<\/li>\n<li>Material: A\u00e7o inoxid\u00e1vel de tr\u00eas camadas<\/li>\n<li>Tamanho:8 polegadas, 9 polegadas, 10 polegadas, 11 polegadas e 12 polegadas<\/li>\n<li>Espessura: 2,0 mm<\/li>\n<li>OEM&amp;ODM: Personalizado, bem-vindo OEM&amp;ODM<\/li>\n<li>MOQ:1000PCS<\/li>\n<li>Embalagem: Caixa de cor\/caixa de cart\u00e3o<\/li>\n<li>Amostra: Gr\u00e1tis<\/li>\n<\/ul>\n<p><a href=\"https:\/\/www.chancescook.com\/pt\"><strong>Chancescook<\/strong><\/a> tem o prazer de fornecer servi\u00e7os personalizados profissionais para tornar a frigideira de a\u00e7o inoxid\u00e1vel suficientemente competente para o ajudar em tudo o que quiser. Tudo isto com a ajuda do nosso desenvolvimento exclusivo de moldes, forte capacidade de produ\u00e7\u00e3o e processo de controlo de qualidade extremo.<\/p>\n<p>&nbsp;<\/p>","protected":false},"featured_media":5760,"comment_status":"closed","ping_status":"closed","template":"","meta":{"_acf_changed":false},"product_brand":[],"product_cat":[52,66],"product_tag":[],"class_list":{"0":"post-3701","1":"product","2":"type-product","3":"status-publish","4":"has-post-thumbnail","6":"product_cat-cookware-wholesale","7":"product_cat-frying-pan-wholesale","9":"first","10":"instock","11":"shipping-taxable","12":"product-type-simple"},"acf":[],"_links":{"self":[{"href":"https:\/\/www.chancescook.com\/pt\/wp-json\/wp\/v2\/product\/3701","targetHints":{"allow":["GET"]}}],"collection":[{"href":"https:\/\/www.chancescook.com\/pt\/wp-json\/wp\/v2\/product"}],"about":[{"href":"https:\/\/www.chancescook.com\/pt\/wp-json\/wp\/v2\/types\/product"}],"replies":[{"embeddable":true,"href":"https:\/\/www.chancescook.com\/pt\/wp-json\/wp\/v2\/comments?post=3701"}],"wp:featuredmedia":[{"embeddable":true,"href":"https:\/\/www.chancescook.com\/pt\/wp-json\/wp\/v2\/media\/5760"}],"wp:attachment":[{"href":"https:\/\/www.chancescook.com\/pt\/wp-json\/wp\/v2\/media?parent=3701"}],"wp:term":[{"taxonomy":"product_brand","embeddable":true,"href":"https:\/\/www.chancescook.com\/pt\/wp-json\/wp\/v2\/product_brand?post=3701"},{"taxonomy":"product_cat","embeddable":true,"href":"https:\/\/www.chancescook.com\/pt\/wp-json\/wp\/v2\/product_cat?post=3701"},{"taxonomy":"product_tag","embeddable":true,"href":"https:\/\/www.chancescook.com\/pt\/wp-json\/wp\/v2\/product_tag?post=3701"}],"curies":[{"name":"wp","href":"https:\/\/api.w.org\/{rel}","templated":true}]}}