{"id":3755,"date":"2024-09-04T17:33:28","date_gmt":"2024-09-04T17:33:28","guid":{"rendered":"https:\/\/www.chancescook.com\/?post_type=product&#038;p=3755"},"modified":"2024-09-04T17:33:29","modified_gmt":"2024-09-04T17:33:29","slug":"wholesale-cookware-set","status":"publish","type":"product","link":"https:\/\/www.chancescook.com\/pt\/produto\/wholesale-cookware-set\/","title":{"rendered":"Conjunto de panelas por atacado 21 pe\u00e7as de a\u00e7o inoxid\u00e1vel com borda larga e asa de borboleta e tampa de vidro"},"content":{"rendered":"<div class=\"wp-block-columns is-layout-flex wp-container-core-columns-is-layout-9d6595d7 wp-block-columns-is-layout-flex\">\n<div class=\"wp-block-column is-layout-flow wp-block-column-is-layout-flow\">\n<h3 class=\"wp-block-heading\">Caracter\u00edsticas e vantagens do conjunto de panelas por grosso<\/h3>\n\n\n\n<ul class=\"wp-block-list\">\n<li><strong>Conjunto completo<\/strong>: 21 pe\u00e7as de utens\u00edlios de cozinha para satisfazer todas as necessidades culin\u00e1rias, um conjunto para resolver todos os problemas da cozinha.<\/li>\n\n\n\n<li><strong>A\u00e7o inoxid\u00e1vel de alta qualidade<\/strong>: Este conjunto de utens\u00edlios de cozinha \u00e9 feito de material de a\u00e7o inoxid\u00e1vel de alta qualidade, que \u00e9 dur\u00e1vel e resistente \u00e0 corros\u00e3o, garantindo uma utiliza\u00e7\u00e3o a longo prazo.<\/li>\n\n\n\n<li><strong>Adequado para v\u00e1rios fog\u00f5es<\/strong>: quer utilize um fog\u00e3o de indu\u00e7\u00e3o, um fog\u00e3o a g\u00e1s ou uma placa de indu\u00e7\u00e3o, as nossas panelas e frigideiras s\u00e3o perfeitas para o efeito.<\/li>\n\n\n\n<li><strong>Design com aro largo<\/strong>: panelas e frigideiras com bordas largas e design \u00e0 prova de derrames para facilitar o despejo e a limpeza.<\/li>\n\n\n\n<li><strong>Pega em forma de borboleta<\/strong>: este conjunto de utens\u00edlios de cozinha por grosso possui um cabo ergon\u00f3mico em forma de borboleta, confort\u00e1vel de segurar e mais seguro de usar.<\/li>\n\n\n\n<li><strong>Tampa de vidro<\/strong>: Equipado com uma tampa de vidro transparente, \u00e9 f\u00e1cil observar o cozimento dos ingredientes enquanto mant\u00e9m a temperatura e a humidade.<\/li>\n<\/ul>\n<\/div>\n\n\n\n<div class=\"wp-block-column is-layout-flow wp-block-column-is-layout-flow\">\n<h3 class=\"wp-block-heading\">Especifica\u00e7\u00f5es do conjunto de utens\u00edlios de cozinha<\/h3>\n\n\n\n<ul class=\"wp-block-list\">\n<li>Fabricante: CHANCES<\/li>\n\n\n\n<li>Modelo n.\u00ba:CY-KB2705C<\/li>\n\n\n\n<li>Material: SS410<\/li>\n\n\n\n<li>Contagem de pe\u00e7as:21 pe\u00e7as<\/li>\n\n\n\n<li>Espessura: 0,5 mm<\/li>\n\n\n\n<li>Fundo:3.0mm1<\/li>\n\n\n\n<li>OEM&amp;ODM: Personalizado, bem-vindo OEM&amp;ODM<\/li>\n\n\n\n<li>MOQ:1 x 40'HQ<\/li>\n\n\n\n<li>Embalagem: Caixa de cor\/caixa de cart\u00e3o<\/li>\n\n\n\n<li>Amostra: Gr\u00e1tis<\/li>\n<\/ul>\n<\/div>\n<\/div>\n\n\n\n<p><\/p>","protected":false},"excerpt":{"rendered":"<p>Explore o nosso conjunto de panelas de a\u00e7o inoxid\u00e1vel com 21 pe\u00e7as, com bordas largas, al\u00e7as em forma de borboleta e tampas de vidro, ideal para compras a granel e efici\u00eancia na cozinha. N\u00e3o hesite em contactar-nos para obter um or\u00e7amento gratuito!<\/p>\n<h3>Conjunto de panelas inclui:<\/h3>\n<ul>\n<li>Ca\u00e7arola de 16 cm x 8,5 cm com tampa<\/li>\n<li>Ca\u00e7arola de 16cm x 8,5cm com tampa<\/li>\n<li>Ca\u00e7arola de 20cm x 11cm com tampa<\/li>\n<li>Ca\u00e7arola de 24 cm x 13,9 cm com tampa<\/li>\n<li>Frigideira de 24 cm x 7,2 cm com tampa<\/li>\n<li>Vaporizador de 20cm x 9,4cm<\/li>\n<li>Tigela de 20 cm com tampa de PVC<\/li>\n<li>Utens\u00edlio de cozinha de 30 cm x 3 unidades<\/li>\n<li>Ralador e anel adaptador<\/li>\n<li>Suporte de tapete x 2 pe\u00e7as<\/li>\n<li>Cesto para fritar<\/li>\n<\/ul>","protected":false},"featured_media":3804,"comment_status":"closed","ping_status":"closed","template":"","meta":{"_acf_changed":false},"product_brand":[],"product_cat":[53],"product_tag":[],"class_list":{"0":"post-3755","1":"product","2":"type-product","3":"status-publish","4":"has-post-thumbnail","6":"product_cat-wholesale-cookware-sets","8":"first","9":"instock","10":"shipping-taxable","11":"product-type-simple"},"acf":[],"_links":{"self":[{"href":"https:\/\/www.chancescook.com\/pt\/wp-json\/wp\/v2\/product\/3755","targetHints":{"allow":["GET"]}}],"collection":[{"href":"https:\/\/www.chancescook.com\/pt\/wp-json\/wp\/v2\/product"}],"about":[{"href":"https:\/\/www.chancescook.com\/pt\/wp-json\/wp\/v2\/types\/product"}],"replies":[{"embeddable":true,"href":"https:\/\/www.chancescook.com\/pt\/wp-json\/wp\/v2\/comments?post=3755"}],"wp:featuredmedia":[{"embeddable":true,"href":"https:\/\/www.chancescook.com\/pt\/wp-json\/wp\/v2\/media\/3804"}],"wp:attachment":[{"href":"https:\/\/www.chancescook.com\/pt\/wp-json\/wp\/v2\/media?parent=3755"}],"wp:term":[{"taxonomy":"product_brand","embeddable":true,"href":"https:\/\/www.chancescook.com\/pt\/wp-json\/wp\/v2\/product_brand?post=3755"},{"taxonomy":"product_cat","embeddable":true,"href":"https:\/\/www.chancescook.com\/pt\/wp-json\/wp\/v2\/product_cat?post=3755"},{"taxonomy":"product_tag","embeddable":true,"href":"https:\/\/www.chancescook.com\/pt\/wp-json\/wp\/v2\/product_tag?post=3755"}],"curies":[{"name":"wp","href":"https:\/\/api.w.org\/{rel}","templated":true}]}}