{"id":3764,"date":"2024-09-05T06:48:40","date_gmt":"2024-09-05T06:48:40","guid":{"rendered":"https:\/\/www.chancescook.com\/?post_type=product&#038;p=3764"},"modified":"2024-09-23T08:26:19","modified_gmt":"2024-09-23T08:26:19","slug":"pots-and-pans-supplier","status":"publish","type":"product","link":"https:\/\/www.chancescook.com\/pt\/produto\/pots-and-pans-supplier\/","title":{"rendered":"Panelas e frigideiras Fornecedor de Tambor de a\u00e7o inoxid\u00e1vel Tampa de vidro Conjunto de panelas de 12 pe\u00e7as"},"content":{"rendered":"<div class=\"wp-block-columns is-layout-flex wp-container-core-columns-is-layout-9d6595d7 wp-block-columns-is-layout-flex\">\n<div class=\"wp-block-column is-layout-flow wp-block-column-is-layout-flow\">\n<h3 class=\"wp-block-heading\">Carater\u00edsticas e vantagens do fornecedor de tachos e panelas <\/h3>\n\n\n\n<ul class=\"wp-block-list\">\n<li><strong>Variedade de materiais<\/strong>: O nosso conjunto de tachos e panelas de 12 pe\u00e7as oferece utens\u00edlios de cozinha numa variedade de materiais, como o a\u00e7o inoxid\u00e1vel e o revestimento antiaderente, para satisfazer diferentes necessidades e prefer\u00eancias culin\u00e1rias.<\/li>\n\n\n\n<li><strong>Conveni\u00eancia<\/strong>: Um balc\u00e3o \u00fanico permite-lhe comprar uma variedade de panelas e frigideiras a partir de uma \u00fanica fonte, reduzindo os custos e aumentando a efici\u00eancia.<\/li>\n\n\n\n<li><strong>Op\u00e7\u00f5es de tamanhos m\u00faltiplos<\/strong>: Inclui uma vasta gama de utens\u00edlios de cozinha para satisfazer plenamente as v\u00e1rias necessidades culin\u00e1rias das cozinhas dom\u00e9sticas ou comerciais.<\/li>\n\n\n\n<li><strong>Duradouro<\/strong>: As panelas e frigideiras de a\u00e7o inoxid\u00e1vel n\u00e3o s\u00f3 s\u00e3o dur\u00e1veis e f\u00e1ceis de limpar, garantindo uma utiliza\u00e7\u00e3o a longo prazo, como a sua excelente condutividade t\u00e9rmica garante que os ingredientes s\u00e3o aquecidos uniformemente.<\/li>\n\n\n\n<li><strong>Panela em forma de tambor<\/strong>: A sua maior capacidade torna-o mais adequado para cozer em lume brando e cozinhar maiores quantidades de alimentos do que uma frigideira.<\/li>\n\n\n\n<li><strong>Design da tampa de vidro transparente<\/strong>: F\u00e1cil de verificar o estado dos alimentos durante a cozedura, reduz o n\u00famero de vezes que \u00e9 necess\u00e1rio abrir a tampa e melhora a efici\u00eancia da cozedura.<\/li>\n<\/ul>\n<\/div>\n\n\n\n<div class=\"wp-block-column is-layout-flow wp-block-column-is-layout-flow\">\n<h3 class=\"wp-block-heading\">Especifica\u00e7\u00f5es de panelas e frigideiras<\/h3>\n\n\n\n<ul class=\"wp-block-list\">\n<li>Fabricante: CHANCES<\/li>\n\n\n\n<li>Model No.:CY-GXBG1205\/CY-GXBG1205A<\/li>\n\n\n\n<li>Material: SS201<\/li>\n\n\n\n<li>Contagem de pe\u00e7as:12 pe\u00e7as<\/li>\n\n\n\n<li>Espessura: 0,5 mm<\/li>\n\n\n\n<li>Fundo:3.0mm<\/li>\n\n\n\n<li>GW\/NW: 17,0 kg\/15,4 kg<\/li>\n\n\n\n<li>OEM&amp;ODM: Personalizado, bem-vindo OEM&amp;ODM<\/li>\n\n\n\n<li>MOQ:1 x 40'HQ<\/li>\n\n\n\n<li>Embalagem: Caixa de cor\/caixa de cart\u00e3o<\/li>\n\n\n\n<li>Amostra: Gr\u00e1tis<\/li>\n<\/ul>\n<\/div>\n<\/div>\n\n\n\n<div class=\"wp-block-columns is-layout-flex wp-container-core-columns-is-layout-9d6595d7 wp-block-columns-is-layout-flex\">\n<div class=\"wp-block-column is-layout-flow wp-block-column-is-layout-flow\" style=\"flex-basis:33.34%\"><\/div>\n\n\n\n<div class=\"wp-block-column is-layout-flow wp-block-column-is-layout-flow\" style=\"flex-basis:33.34%\">\n<figure class=\"wp-block-image size-full\"><img decoding=\"async\" width=\"2126\" height=\"2040\" src=\"https:\/\/www.chancescook.com\/wp-content\/uploads\/2024\/09\/Pots-and-Pans-Supplier-3.webp\" alt=\"Fornecedor de panelas e frigideiras\" class=\"wp-image-3817\" srcset=\"https:\/\/www.chancescook.com\/wp-content\/uploads\/2024\/09\/Pots-and-Pans-Supplier-3.webp 2126w, https:\/\/www.chancescook.com\/wp-content\/uploads\/2024\/09\/Pots-and-Pans-Supplier-3-300x288.webp 300w, https:\/\/www.chancescook.com\/wp-content\/uploads\/2024\/09\/Pots-and-Pans-Supplier-3-768x737.webp 768w, https:\/\/www.chancescook.com\/wp-content\/uploads\/2024\/09\/Pots-and-Pans-Supplier-3-13x12.webp 13w, https:\/\/www.chancescook.com\/wp-content\/uploads\/2024\/09\/Pots-and-Pans-Supplier-3-285x273.webp 285w, https:\/\/www.chancescook.com\/wp-content\/uploads\/2024\/09\/Pots-and-Pans-Supplier-3-1600x1535.webp 1600w, https:\/\/www.chancescook.com\/wp-content\/uploads\/2024\/09\/Pots-and-Pans-Supplier-3-660x633.webp 660w, https:\/\/www.chancescook.com\/wp-content\/uploads\/2024\/09\/Pots-and-Pans-Supplier-3-150x144.webp 150w\" sizes=\"(max-width: 2126px) 100vw, 2126px\" \/><\/figure>\n<\/div>\n\n\n\n<div class=\"wp-block-column is-layout-flow wp-block-column-is-layout-flow\" style=\"flex-basis:33.33%\"><\/div>\n<\/div>","protected":false},"excerpt":{"rendered":"<p>Descubra os nossos tachos e panelas de a\u00e7o inoxid\u00e1vel de 12 pe\u00e7as com um design em forma de tambor e tampas de vidro transparente. Utens\u00edlios de cozinha vers\u00e1teis com uma base industrial que combina durabilidade e est\u00e9tica elegante com uma qualidade fi\u00e1vel e uma boa rela\u00e7\u00e3o qualidade\/pre\u00e7o para uma vasta gama de tarefas culin\u00e1rias. As perguntas s\u00e3o bem-vindas!<\/p>\n<h3>Panelas e Frigideiras Incluem\uff1a<\/h3>\n<table border=\"0\" width=\"1364\" cellspacing=\"0\" cellpadding=\"0\">\n<tbody>\n<tr>\n<td width=\"285\" height=\"42\">Modelo n.<\/td>\n<td width=\"385\">Variantes do produto<\/td>\n<td width=\"692\">Configura\u00e7\u00e3o<\/td>\n<\/tr>\n<tr>\n<td height=\"176\">CY-GXBG1205<\/td>\n<td width=\"385\">Tachos e panelas com tampas de vidro transparente<\/td>\n<td rowspan=\"2\" width=\"692\">Ca\u00e7arola de 16 cm x 10,5 cm com tampa <br \/>Ca\u00e7arola de 16cm x 10,5cm com tampa <br \/>Ca\u00e7arola de 18 cm x 11,5 cm com tampa <br \/>Ca\u00e7arola de 20cm x 12,5cm com tampa <br \/>Ca\u00e7arola de 24 cm x 14,5 cm com tampa <br \/>Frigideira de 24 cm x 7,5 cm com tampa<\/td>\n<\/tr>\n<tr>\n<td height=\"176\">CY-GXBG1205A<\/td>\n<td width=\"385\">Tachos e panelas com tampas de vidro transparente (frigideira com revestimento antiaderente)<\/td>\n<\/tr>\n<\/tbody>\n<\/table>","protected":false},"featured_media":4099,"comment_status":"closed","ping_status":"closed","template":"","meta":{"_acf_changed":false},"product_brand":[],"product_cat":[53],"product_tag":[],"class_list":{"0":"post-3764","1":"product","2":"type-product","3":"status-publish","4":"has-post-thumbnail","6":"product_cat-wholesale-cookware-sets","8":"first","9":"instock","10":"shipping-taxable","11":"product-type-simple"},"acf":[],"_links":{"self":[{"href":"https:\/\/www.chancescook.com\/pt\/wp-json\/wp\/v2\/product\/3764","targetHints":{"allow":["GET"]}}],"collection":[{"href":"https:\/\/www.chancescook.com\/pt\/wp-json\/wp\/v2\/product"}],"about":[{"href":"https:\/\/www.chancescook.com\/pt\/wp-json\/wp\/v2\/types\/product"}],"replies":[{"embeddable":true,"href":"https:\/\/www.chancescook.com\/pt\/wp-json\/wp\/v2\/comments?post=3764"}],"wp:featuredmedia":[{"embeddable":true,"href":"https:\/\/www.chancescook.com\/pt\/wp-json\/wp\/v2\/media\/4099"}],"wp:attachment":[{"href":"https:\/\/www.chancescook.com\/pt\/wp-json\/wp\/v2\/media?parent=3764"}],"wp:term":[{"taxonomy":"product_brand","embeddable":true,"href":"https:\/\/www.chancescook.com\/pt\/wp-json\/wp\/v2\/product_brand?post=3764"},{"taxonomy":"product_cat","embeddable":true,"href":"https:\/\/www.chancescook.com\/pt\/wp-json\/wp\/v2\/product_cat?post=3764"},{"taxonomy":"product_tag","embeddable":true,"href":"https:\/\/www.chancescook.com\/pt\/wp-json\/wp\/v2\/product_tag?post=3764"}],"curies":[{"name":"wp","href":"https:\/\/api.w.org\/{rel}","templated":true}]}}