{"id":3765,"date":"2024-09-04T06:47:06","date_gmt":"2024-09-04T06:47:06","guid":{"rendered":"https:\/\/www.chancescook.com\/?post_type=product&#038;p=3765"},"modified":"2024-09-04T17:22:57","modified_gmt":"2024-09-04T17:22:57","slug":"custom-stainless-steel-cookware-sets","status":"publish","type":"product","link":"https:\/\/www.chancescook.com\/pt\/produto\/custom-stainless-steel-cookware-sets\/","title":{"rendered":"Conjuntos de utens\u00edlios de cozinha personalizados em a\u00e7o inoxid\u00e1vel com pegas ocas em forma de tambor, conjunto de 6 pe\u00e7as"},"content":{"rendered":"<div class=\"wp-block-columns is-layout-flex wp-container-core-columns-is-layout-9d6595d7 wp-block-columns-is-layout-flex\">\n<div class=\"wp-block-column is-layout-flow wp-block-column-is-layout-flow\">\n<h3 class=\"wp-block-heading\">Carater\u00edsticas e vantagens dos conjuntos de utens\u00edlios de cozinha em a\u00e7o inoxid\u00e1vel<\/h3>\n\n\n\n<ul class=\"wp-block-list\">\n<li><strong>Pega de conforto<\/strong>: O design do punho oco em forma de tambor aumenta o conforto da pega e reduz o sobreaquecimento do punho.<\/li>\n\n\n\n<li><strong>Compat\u00edvel com todos os tipos de fog\u00f5es<\/strong>: Conjuntos de utens\u00edlios de cozinha personalizados em a\u00e7o inoxid\u00e1vel adequados para todos os fog\u00f5es, incluindo os de indu\u00e7\u00e3o, garantindo uma ampla compatibilidade.<\/li>\n\n\n\n<li><strong>Revestimento n\u00e3o t\u00f3xico e sem qu\u00edmicos<\/strong>: Fabricado em a\u00e7o composto de alta qualidade, isento de subst\u00e2ncias nocivas como PFAS, PTFE, Teflon, PFOA, PFOS, etc.<\/li>\n\n\n\n<li><strong>\u00d3timo para personaliza\u00e7\u00e3o<\/strong>A produ\u00e7\u00e3o pode ser personalizada e customizada de acordo com as necessidades dos fabricantes para atender a requisitos espec\u00edficos de design e funcionalidade.<\/li>\n\n\n\n<li><strong>Versatilidade<\/strong>: Inclui uma variedade de utens\u00edlios de cozinha, adequados para uma variedade de estilos de cozinha e que satisfazem diferentes necessidades culin\u00e1rias.<\/li>\n\n\n\n<li><strong>F\u00e1cil de limpar<\/strong>: O a\u00e7o inoxid\u00e1vel e os materiais antiaderentes tornam a limpeza r\u00e1pida e f\u00e1cil.<\/li>\n<\/ul>\n<\/div>\n\n\n\n<div class=\"wp-block-column is-layout-flow wp-block-column-is-layout-flow\">\n<h3 class=\"wp-block-heading\">Especifica\u00e7\u00f5es dos conjuntos de utens\u00edlios de cozinha em a\u00e7o inoxid\u00e1vel<\/h3>\n\n\n\n<ul class=\"wp-block-list\">\n<li>Fabricante: CHANCES<\/li>\n\n\n\n<li>Modelo n.\u00ba:CY-GXBG0605<\/li>\n\n\n\n<li>Material: SS201<\/li>\n\n\n\n<li>Contagem de pe\u00e7as:6 pe\u00e7as<\/li>\n\n\n\n<li>Tampa: Tampa de a\u00e7o inoxid\u00e1vel<\/li>\n\n\n\n<li>Espessura: 0,4 mm<\/li>\n\n\n\n<li>Fundo:2.0mm<\/li>\n\n\n\n<li><strong><a href=\"https:\/\/www.chancescook.com\/pt\/custom-cookware\/\" data-type=\"page\" data-id=\"2987\">OEM&amp;ODM<\/a><\/strong>: Personalizado, bem-vindo OEM&amp;ODM<\/li>\n\n\n\n<li>MOQ:1 x 40'HQ<\/li>\n\n\n\n<li>Embalagem: Caixa de cor\/caixa de cart\u00e3o<\/li>\n\n\n\n<li>Amostra: Gr\u00e1tis<\/li>\n<\/ul>\n<\/div>\n<\/div>\n\n\n\n<p><\/p>","protected":false},"excerpt":{"rendered":"<p>Os conjuntos de 6 panelas de a\u00e7o inoxid\u00e1vel incluem uma cole\u00e7\u00e3o de tachos e frigideiras essenciais, cada um com pegas ocas em forma de tambor ergonomicamente concebidas para uma excelente ader\u00eancia, resist\u00eancia ao calor e distribui\u00e7\u00e3o equilibrada do peso. A constru\u00e7\u00e3o em a\u00e7o inoxid\u00e1vel de alta qualidade garante durabilidade e \u00e9 ideal tanto para cozinheiros dom\u00e9sticos como para cozinhas profissionais.<\/p>\n<h3>Os conjuntos de panelas de a\u00e7o inoxid\u00e1vel personalizados incluem:.<\/h3>\n<ul>\n<li>Ca\u00e7arola de 16cm x 10,5cm com tampa<\/li>\n<li>Ca\u00e7arola de 20cm x 12,5cm com tampa<\/li>\n<li>Ca\u00e7arola de 24 cm x 14,5 cm com tampa<\/li>\n<\/ul>","protected":false},"featured_media":3799,"comment_status":"closed","ping_status":"closed","template":"","meta":{"_acf_changed":false},"product_brand":[],"product_cat":[53],"product_tag":[],"class_list":{"0":"post-3765","1":"product","2":"type-product","3":"status-publish","4":"has-post-thumbnail","6":"product_cat-wholesale-cookware-sets","8":"first","9":"instock","10":"shipping-taxable","11":"product-type-simple"},"acf":[],"_links":{"self":[{"href":"https:\/\/www.chancescook.com\/pt\/wp-json\/wp\/v2\/product\/3765","targetHints":{"allow":["GET"]}}],"collection":[{"href":"https:\/\/www.chancescook.com\/pt\/wp-json\/wp\/v2\/product"}],"about":[{"href":"https:\/\/www.chancescook.com\/pt\/wp-json\/wp\/v2\/types\/product"}],"replies":[{"embeddable":true,"href":"https:\/\/www.chancescook.com\/pt\/wp-json\/wp\/v2\/comments?post=3765"}],"wp:featuredmedia":[{"embeddable":true,"href":"https:\/\/www.chancescook.com\/pt\/wp-json\/wp\/v2\/media\/3799"}],"wp:attachment":[{"href":"https:\/\/www.chancescook.com\/pt\/wp-json\/wp\/v2\/media?parent=3765"}],"wp:term":[{"taxonomy":"product_brand","embeddable":true,"href":"https:\/\/www.chancescook.com\/pt\/wp-json\/wp\/v2\/product_brand?post=3765"},{"taxonomy":"product_cat","embeddable":true,"href":"https:\/\/www.chancescook.com\/pt\/wp-json\/wp\/v2\/product_cat?post=3765"},{"taxonomy":"product_tag","embeddable":true,"href":"https:\/\/www.chancescook.com\/pt\/wp-json\/wp\/v2\/product_tag?post=3765"}],"curies":[{"name":"wp","href":"https:\/\/api.w.org\/{rel}","templated":true}]}}