{"id":3769,"date":"2024-09-04T16:57:20","date_gmt":"2024-09-04T16:57:20","guid":{"rendered":"https:\/\/www.chancescook.com\/?post_type=product&#038;p=3769"},"modified":"2024-09-23T04:02:05","modified_gmt":"2024-09-23T04:02:05","slug":"wholesale-8-piece-cookware-set","status":"publish","type":"product","link":"https:\/\/www.chancescook.com\/pt\/produto\/wholesale-8-piece-cookware-set\/","title":{"rendered":"Conjunto de panelas de 8 pe\u00e7as com tampas de vidro Conjunto de panelas de a\u00e7o inoxid\u00e1vel"},"content":{"rendered":"<div class=\"wp-block-columns is-layout-flex wp-container-core-columns-is-layout-9d6595d7 wp-block-columns-is-layout-flex\">\n<div class=\"wp-block-column is-layout-flow wp-block-column-is-layout-flow\">\n<h3 class=\"wp-block-heading\">Carater\u00edsticas e vantagens do conjunto de panelas de 8 pe\u00e7as<\/h3>\n\n\n\n<ul class=\"wp-block-list\">\n<li><strong>Controlo visual:<\/strong> a tampa de vidro transparente foi concebida para facilitar a verifica\u00e7\u00e3o do estado dos alimentos durante a cozedura, eliminando a necessidade de retirar a tampa com frequ\u00eancia e minimizando a perda de calor.<\/li>\n\n\n\n<li><strong>Embalagem para venda por grosso:<\/strong> As op\u00e7\u00f5es de conjuntos de panelas de 8 pe\u00e7as por grosso s\u00e3o adequadas para retalhistas e cozinhas comerciais.<\/li>\n\n\n\n<li><strong>Conjunto de v\u00e1rias pe\u00e7as:<\/strong> O conjunto de 8 pe\u00e7as de utens\u00edlios de cozinha cont\u00e9m uma variedade de tachos e panelas, geralmente incluindo diferentes tamanhos de panelas de barro, frigideiras, etc., para satisfazer v\u00e1rias necessidades de cozinha.<\/li>\n\n\n\n<li><strong>Design de utens\u00edlios de cozinha em forma de tambor:<\/strong> As panelas e frigideiras com design em forma de tambor oferecem um aspeto \u00fanico e um desempenho eficiente na transfer\u00eancia de calor. Aumenta a est\u00e9tica da cozinha e adequa-se a v\u00e1rios estilos de cozinha.<\/li>\n\n\n\n<li><strong>Aquecimento uniforme: <\/strong>O excelente desempenho de condu\u00e7\u00e3o de calor garante que os ingredientes s\u00e3o aquecidos uniformemente, melhorando o efeito de cozedura.<\/li>\n\n\n\n<li><strong>Limpeza sem complica\u00e7\u00f5es: <\/strong>O material em a\u00e7o inoxid\u00e1vel garante que n\u00e3o se danifica facilmente a longo prazo, sendo adequado para uma utiliza\u00e7\u00e3o frequente. A superf\u00edcie antiaderente e a tampa de vidro amov\u00edvel facilitam a limpeza.<\/li>\n<\/ul>\n<\/div>\n\n\n\n<div class=\"wp-block-column is-layout-flow wp-block-column-is-layout-flow\">\n<h3 class=\"wp-block-heading\">Especifica\u00e7\u00f5es do Conjunto de panelas de 8 pe\u00e7as<\/h3>\n\n\n\n<ul class=\"wp-block-list\">\n<li>Fabricante: CHANCES<\/li>\n\n\n\n<li>Modelo n.\u00ba:CY-GXBG0805<\/li>\n\n\n\n<li>Material: SS201<\/li>\n\n\n\n<li>Contagem de pe\u00e7as:8 pe\u00e7as<\/li>\n\n\n\n<li>Espessura: 0,5 mm<\/li>\n\n\n\n<li>Fundo:2.0mm<\/li>\n\n\n\n<li><strong><a href=\"http:\/\/custom solution\">OEM&amp;ODM<\/a><\/strong>: Personalizado, bem-vindo OEM&amp;ODM<\/li>\n\n\n\n<li>MOQ:1 x 40'HQ<\/li>\n\n\n\n<li>Embalagem: Caixa de cor\/caixa de cart\u00e3o<\/li>\n\n\n\n<li>Amostra: Gr\u00e1tis<\/li>\n<\/ul>\n<\/div>\n<\/div>\n\n\n\n<p><\/p>","protected":false},"excerpt":{"rendered":"<p>O design duradouro do tambor deste conjunto de panelas de 8 pe\u00e7as \u00e9 feito de a\u00e7o inoxid\u00e1vel de primeira qualidade para uma excelente condutividade t\u00e9rmica e durabilidade, e a tampa de vidro incorporada facilita a observa\u00e7\u00e3o e o controlo do processo de carameliza\u00e7\u00e3o durante a cozedura. Este conjunto \u00e9 ideal para retalhistas ou cozinhas comerciais, n\u00e3o hesite em contactar-nos para obter amostras.<\/p>\n<h3>Conjunto de panelas de 8 pe\u00e7as inclui\uff1a<\/h3>\n<ul>\n<li>Ca\u00e7arola de 16cm x 10,5cm com tampa<\/li>\n<li>Ca\u00e7arola de 18cm x 11,5 com tampa<\/li>\n<li>Ca\u00e7arola de 20cm x 12,5cm com tampa<\/li>\n<li>Ca\u00e7arola de 22cm x 13,5cm com tampa<\/li>\n<\/ul>\n<p>&nbsp;<\/p>\n<p>&nbsp;<\/p>","protected":false},"featured_media":3800,"comment_status":"closed","ping_status":"closed","template":"","meta":{"_acf_changed":false},"product_brand":[],"product_cat":[53],"product_tag":[],"class_list":{"0":"post-3769","1":"product","2":"type-product","3":"status-publish","4":"has-post-thumbnail","6":"product_cat-wholesale-cookware-sets","8":"first","9":"instock","10":"shipping-taxable","11":"product-type-simple"},"acf":[],"_links":{"self":[{"href":"https:\/\/www.chancescook.com\/pt\/wp-json\/wp\/v2\/product\/3769","targetHints":{"allow":["GET"]}}],"collection":[{"href":"https:\/\/www.chancescook.com\/pt\/wp-json\/wp\/v2\/product"}],"about":[{"href":"https:\/\/www.chancescook.com\/pt\/wp-json\/wp\/v2\/types\/product"}],"replies":[{"embeddable":true,"href":"https:\/\/www.chancescook.com\/pt\/wp-json\/wp\/v2\/comments?post=3769"}],"wp:featuredmedia":[{"embeddable":true,"href":"https:\/\/www.chancescook.com\/pt\/wp-json\/wp\/v2\/media\/3800"}],"wp:attachment":[{"href":"https:\/\/www.chancescook.com\/pt\/wp-json\/wp\/v2\/media?parent=3769"}],"wp:term":[{"taxonomy":"product_brand","embeddable":true,"href":"https:\/\/www.chancescook.com\/pt\/wp-json\/wp\/v2\/product_brand?post=3769"},{"taxonomy":"product_cat","embeddable":true,"href":"https:\/\/www.chancescook.com\/pt\/wp-json\/wp\/v2\/product_cat?post=3769"},{"taxonomy":"product_tag","embeddable":true,"href":"https:\/\/www.chancescook.com\/pt\/wp-json\/wp\/v2\/product_tag?post=3769"}],"curies":[{"name":"wp","href":"https:\/\/api.w.org\/{rel}","templated":true}]}}