{"id":3775,"date":"2024-09-02T07:16:29","date_gmt":"2024-09-02T07:16:29","guid":{"rendered":"https:\/\/www.chancescook.com\/?post_type=product&#038;p=3775"},"modified":"2024-09-02T07:16:33","modified_gmt":"2024-09-02T07:16:33","slug":"custom-21-piece-cookware-set","status":"publish","type":"product","link":"https:\/\/www.chancescook.com\/pt\/produto\/custom-21-piece-cookware-set\/","title":{"rendered":"Conjunto de panelas personalizado de 21 pe\u00e7as em a\u00e7o inoxid\u00e1vel Multifuncional para todos os cen\u00e1rios de cozinha"},"content":{"rendered":"<div class=\"wp-block-columns is-layout-flex wp-container-core-columns-is-layout-9d6595d7 wp-block-columns-is-layout-flex\">\n<div class=\"wp-block-column is-layout-flow wp-block-column-is-layout-flow\">\n<h3 class=\"wp-block-heading\">Carater\u00edsticas e vantagens do conjunto de panelas de 21 pe\u00e7as<\/h3>\n\n\n\n<ul class=\"wp-block-list\">\n<li><strong>Conjunto completo de 21 pe\u00e7as<\/strong>inclui uma variedade de tachos e panelas, frigideiras, tampas e acess\u00f3rios para todas as suas necessidades culin\u00e1rias, desde fritar a ferver e cozer a vapor.<\/li>\n\n\n\n<li><strong>A\u00e7o inoxid\u00e1vel de alta qualidade<\/strong>: Este conjunto de panelas de 21 pe\u00e7as \u00e9 feito de a\u00e7o inoxid\u00e1vel de alta qualidade, que \u00e9 dur\u00e1vel e resistente \u00e0 ferrugem.<\/li>\n\n\n\n<li><strong>Design multifuncional<\/strong>: adequado para todos os m\u00e9todos de cozedura, incluindo g\u00e1s, eletricidade, indu\u00e7\u00e3o e forno. Todo o conjunto \u00e9 resistente ao calor e pode ser lavado no forno e na m\u00e1quina de lavar loi\u00e7a.<\/li>\n\n\n\n<li><strong>Tecnologia de distribui\u00e7\u00e3o de calor<\/strong>: A distribui\u00e7\u00e3o uniforme do calor no fundo garante resultados de cozedura consistentes sem pontos quentes.<\/li>\n\n\n\n<li><strong>Pega ergon\u00f3mica<\/strong>: Fresco ao toque e ergon\u00f3mico para uma ader\u00eancia confort\u00e1vel e segura ao cozinhar.<\/li>\n\n\n\n<li><strong>Op\u00e7\u00f5es personaliz\u00e1veis<\/strong>: Este conjunto de panelas de 21 pe\u00e7as pode ser personalizado com diferentes acabamentos, estilos de pega e grava\u00e7\u00e3o de log\u00f3tipo.<\/li>\n<\/ul>\n<\/div>\n\n\n\n<div class=\"wp-block-column is-layout-flow wp-block-column-is-layout-flow\">\n<h3 class=\"wp-block-heading\">Especifica\u00e7\u00f5es do Conjunto de panelas de 21 pe\u00e7as<\/h3>\n\n\n\n<ul class=\"wp-block-list\">\n<li>Fabricante: CHANCES<\/li>\n\n\n\n<li>Model No.:CY-KB2105\/CY-KB2105C\/CY-KB2105D<\/li>\n\n\n\n<li>Material: SS410<\/li>\n\n\n\n<li>Contagem de pe\u00e7as:21 pe\u00e7as<\/li>\n\n\n\n<li>Espessura: 0,5 mm<\/li>\n\n\n\n<li>Fundo:3.0mm<\/li>\n\n\n\n<li>PESO BRUTO:16,6 KGS<\/li>\n\n\n\n<li>N.W.:15.4 KGS<\/li>\n\n\n\n<li>OEM&amp;ODM: Personalizado, bem-vindo OEM&amp;ODM<\/li>\n\n\n\n<li>MOQ:1 x 40'HQ<\/li>\n\n\n\n<li>Embalagem: Caixa de cor, caixa de cart\u00e3o ou personalizada<\/li>\n\n\n\n<li>Amostra: Gr\u00e1tis<\/li>\n<\/ul>\n<\/div>\n<\/div>","protected":false},"excerpt":{"rendered":"<p>Melhore a sua cozinha com os nossos conjuntos de utens\u00edlios de cozinha de 21 pe\u00e7as, conjuntos de a\u00e7o inoxid\u00e1vel para fog\u00f5es a g\u00e1s, el\u00e9ctricos e de indu\u00e7\u00e3o com distribui\u00e7\u00e3o uniforme do calor, pegas ergon\u00f3micas e op\u00e7\u00f5es de personaliza\u00e7\u00e3o. Quer seja um chefe ou um cozinheiro dom\u00e9stico, os nossos conjuntos de utens\u00edlios de cozinha s\u00e3o a solu\u00e7\u00e3o definitiva para uma cozinha eficiente e vers\u00e1til.<\/p>\n<h3>Conjunto de panelas de 21 pe\u00e7as inclui\uff1a<\/h3>\n<table width=\"1307\">\n<tbody>\n<tr>\n<td width=\"229\">Modelo n.<\/td>\n<td width=\"385\">Variantes do produto<\/td>\n<td width=\"692\">Configura\u00e7\u00e3o<\/td>\n<\/tr>\n<tr>\n<td>CY-KB2105<\/td>\n<td width=\"385\">Tampa de a\u00e7o com haste borboleta e lado largo<\/td>\n<td rowspan=\"3\" width=\"692\">16cm x 8.5cm Saucepan with lid\u00a0 (1.71L)<br \/>\n16cm x 8.5cm Casserole with lid (1.71L)<br \/>\n20cm x 11cm Casserole with lid\u00a0 (3.45L)<br \/>\n24cm x 13.5cm Casserole with lid(6.10L)<br \/>\n24cm x 7.0 cm Fry pan with lid\u00a0 (3.17L)<br \/>\n20cm x 9.0 cm Steamer\u00a0\u00a0\u00a0\u00a0\u00a0\u00a0\u00a0\u00a0\u00a0\u00a0\u00a0 (2.83L)<br \/>\n20cm mixing bowl with PVC lid,<br \/>\n20cm grater,24cm ring,<br \/>\nSteel handle, suction knob,<br \/>\nMat holder x 2pcs,<br \/>\nCesto para fritar de 18 cm com pega<\/td>\n<\/tr>\n<tr>\n<td width=\"229\">CY-KB2105C<\/td>\n<td width=\"385\">Tampa do punho do soquete com borda larga<\/td>\n<\/tr>\n<tr>\n<td>CY-KB2105D<\/td>\n<td width=\"385\">Bon\u00e9 de haste em forma de rabo de peixe com rebordo largo<\/td>\n<\/tr>\n<\/tbody>\n<\/table>","protected":false},"featured_media":3782,"comment_status":"closed","ping_status":"closed","template":"","meta":{"_acf_changed":false},"product_brand":[],"product_cat":[53],"product_tag":[],"class_list":{"0":"post-3775","1":"product","2":"type-product","3":"status-publish","4":"has-post-thumbnail","6":"product_cat-wholesale-cookware-sets","8":"first","9":"instock","10":"shipping-taxable","11":"product-type-simple"},"acf":[],"_links":{"self":[{"href":"https:\/\/www.chancescook.com\/pt\/wp-json\/wp\/v2\/product\/3775","targetHints":{"allow":["GET"]}}],"collection":[{"href":"https:\/\/www.chancescook.com\/pt\/wp-json\/wp\/v2\/product"}],"about":[{"href":"https:\/\/www.chancescook.com\/pt\/wp-json\/wp\/v2\/types\/product"}],"replies":[{"embeddable":true,"href":"https:\/\/www.chancescook.com\/pt\/wp-json\/wp\/v2\/comments?post=3775"}],"wp:featuredmedia":[{"embeddable":true,"href":"https:\/\/www.chancescook.com\/pt\/wp-json\/wp\/v2\/media\/3782"}],"wp:attachment":[{"href":"https:\/\/www.chancescook.com\/pt\/wp-json\/wp\/v2\/media?parent=3775"}],"wp:term":[{"taxonomy":"product_brand","embeddable":true,"href":"https:\/\/www.chancescook.com\/pt\/wp-json\/wp\/v2\/product_brand?post=3775"},{"taxonomy":"product_cat","embeddable":true,"href":"https:\/\/www.chancescook.com\/pt\/wp-json\/wp\/v2\/product_cat?post=3775"},{"taxonomy":"product_tag","embeddable":true,"href":"https:\/\/www.chancescook.com\/pt\/wp-json\/wp\/v2\/product_tag?post=3775"}],"curies":[{"name":"wp","href":"https:\/\/api.w.org\/{rel}","templated":true}]}}