{"id":3789,"date":"2024-09-05T07:58:06","date_gmt":"2024-09-05T07:58:06","guid":{"rendered":"https:\/\/www.chancescook.com\/?post_type=product&#038;p=3789"},"modified":"2024-09-23T08:08:37","modified_gmt":"2024-09-23T08:08:37","slug":"12-piece-cookware-set-wholesale","status":"publish","type":"product","link":"https:\/\/www.chancescook.com\/pt\/produto\/12-piece-cookware-set-wholesale\/","title":{"rendered":"Conjunto de panelas de 12 pe\u00e7as Tambor de a\u00e7o inoxid\u00e1vel por atacado Tampas de vidro transparente"},"content":{"rendered":"<div class=\"wp-block-columns is-layout-flex wp-container-core-columns-is-layout-9d6595d7 wp-block-columns-is-layout-flex\">\n<div class=\"wp-block-column is-layout-flow wp-block-column-is-layout-flow\">\n<h3 class=\"wp-block-heading\">Carater\u00edsticas e vantagens do conjunto de panelas de 12 pe\u00e7as<\/h3>\n\n\n\n<ul class=\"wp-block-list\">\n<li><strong>A\u00e7o inoxid\u00e1vel de qualidade superior<\/strong>: Este conjunto de panelas de 12 pe\u00e7as \u00e9 feito de material de a\u00e7o inoxid\u00e1vel de primeira qualidade que \u00e9 dur\u00e1vel e resistente \u00e0 corros\u00e3o.<\/li>\n\n\n\n<li><strong>Seguro para o forno<\/strong>: Este conjunto de utens\u00edlios de cozinha da empresa de utens\u00edlios de cozinha pode ir ao forno de aproximadamente 350\u00b0F a 450\u00b0F para uma vasta gama de m\u00e9todos de cozedura.<\/li>\n\n\n\n<li><strong>Tecnologia de distribui\u00e7\u00e3o de calor<\/strong>: A distribui\u00e7\u00e3o uniforme do calor no fundo garante resultados de cozedura consistentes sem pontos quentes.<\/li>\n\n\n\n<li><strong>Pegas ergon\u00f3micas<\/strong>: Um robusto conjunto de panelas de 12 pe\u00e7as \u00e9 frio ao toque e ergon\u00f3mico para uma ader\u00eancia confort\u00e1vel e segura enquanto cozinha.<\/li>\n\n\n\n<li><strong>Vers\u00e1til e f\u00e1cil de utilizar<\/strong>: Os utens\u00edlios de cozinha por grosso incluem v\u00e1rios tamanhos de tachos, panelas, frigideiras, panelas de barro, ca\u00e7arolas e outros utens\u00edlios para todas as necessidades da cozinha.<\/li>\n\n\n\n<li><strong>F\u00e1cil de limpar<\/strong>: Pode ser lavado na m\u00e1quina de lavar lou\u00e7a para manter os utens\u00edlios de cozinha com um aspeto novo.<\/li>\n<\/ul>\n<\/div>\n\n\n\n<div class=\"wp-block-column is-layout-flow wp-block-column-is-layout-flow\">\n<h3 class=\"wp-block-heading\">Especifica\u00e7\u00f5es do Conjunto de panelas de 12 pe\u00e7as<\/h3>\n\n\n\n<ul class=\"wp-block-list\">\n<li>Fabricante: CHANCES<\/li>\n\n\n\n<li>Model No.:CY-GXBG1205B\/CY-TGGX1205A<\/li>\n\n\n\n<li>Material: SS201<\/li>\n\n\n\n<li>Contagem de pe\u00e7as:12 pe\u00e7as<\/li>\n\n\n\n<li>Espessura: 0,5 mm<\/li>\n\n\n\n<li>OEM&amp;ODM: Personalizado, bem-vindo OEM&amp;ODM<\/li>\n\n\n\n<li>MOQ:1 x 40'HQ<\/li>\n\n\n\n<li>Embalagem: Caixa de cor, caixa de cart\u00e3o ou personalizada<\/li>\n\n\n\n<li>Amostra: Gr\u00e1tis<\/li>\n<\/ul>\n<\/div>\n<\/div>\n\n\n\n<p><\/p>","protected":false},"excerpt":{"rendered":"<p>Explore o conjunto de panelas de 12 pe\u00e7as da Chances, um conjunto de panelas vers\u00e1til e econ\u00f3mico que \u00e9 simultaneamente funcional e bonito, quer seja utilizado por grosso para fins comerciais ou na cozinha de casa.<\/p>\n<h3>Conjunto de panelas de 12 pe\u00e7as inclui:<\/h3>\n<table style=\"border-collapse: collapse; width: 511.52pt;\" border=\"0\" width=\"1364\" cellspacing=\"0\" cellpadding=\"0\">\n<tbody>\n<tr style=\"height: 16.10pt;\">\n<td class=\"et3\" style=\"height: 16.10pt; width: 107.20pt;\" width=\"285\" height=\"42\">Modelo n.<\/td>\n<td class=\"et3\" style=\"width: 144.55pt;\" width=\"385\">Variantes do produto<\/td>\n<td class=\"et3\" style=\"width: 259.85pt;\" width=\"692\">Configura\u00e7\u00e3o<\/td>\n<\/tr>\n<tr style=\"height: 72.00pt;\">\n<td class=\"et4\" style=\"height: 72.00pt;\" height=\"192\">CY-GXBG1205B<\/td>\n<td class=\"et5\" style=\"width: 144.55pt;\" width=\"385\">Conjuntos de tampas de vidro para bid\u00f5es com pega oca<\/td>\n<td class=\"et5\" style=\"width: 259.85pt;\" width=\"692\">Ca\u00e7arola de 16 cm x 9,2 cm com tampa<br \/>Ca\u00e7arola de 16 cm x 9,2 cm com tampa<br \/>Ca\u00e7arola de 18 cm x 9,9 cm com tampa<br \/>Ca\u00e7arola de 20cm x 10,2cm com tampa<br \/>Ca\u00e7arola de 24 cm x 11,9 cm com tampa<br \/>Frigideira de 24 cm x 6,8 cm com tampa<\/td>\n<\/tr>\n<tr style=\"height: 72.00pt;\">\n<td class=\"et4\" style=\"height: 72.00pt;\" height=\"192\">CY-TGGX1205A<\/td>\n<td class=\"et5\" style=\"width: 144.55pt;\" width=\"385\">Tampa de vidro com pega fundida em forma de tambor<\/td>\n<td class=\"et5\" style=\"width: 259.85pt;\" width=\"692\">Ca\u00e7arola de 16 cm x 10,5 cm com tampa <br \/>Ca\u00e7arola de 16cm x 10,5cm com tampa <br \/>Ca\u00e7arola de 18 cm x 11,5 cm com tampa <br \/>Ca\u00e7arola de 20cm x 12,5cm com tampa <br \/>Ca\u00e7arola de 24 cm x 14,5 cm com tampa <br \/>Frigideira de 24 cm x 7,5 cm com tampa<\/td>\n<\/tr>\n<\/tbody>\n<\/table>","protected":false},"featured_media":4107,"comment_status":"closed","ping_status":"closed","template":"","meta":{"_acf_changed":false},"product_brand":[],"product_cat":[53],"product_tag":[],"class_list":{"0":"post-3789","1":"product","2":"type-product","3":"status-publish","4":"has-post-thumbnail","6":"product_cat-wholesale-cookware-sets","8":"first","9":"instock","10":"shipping-taxable","11":"product-type-simple"},"acf":[],"_links":{"self":[{"href":"https:\/\/www.chancescook.com\/pt\/wp-json\/wp\/v2\/product\/3789","targetHints":{"allow":["GET"]}}],"collection":[{"href":"https:\/\/www.chancescook.com\/pt\/wp-json\/wp\/v2\/product"}],"about":[{"href":"https:\/\/www.chancescook.com\/pt\/wp-json\/wp\/v2\/types\/product"}],"replies":[{"embeddable":true,"href":"https:\/\/www.chancescook.com\/pt\/wp-json\/wp\/v2\/comments?post=3789"}],"wp:featuredmedia":[{"embeddable":true,"href":"https:\/\/www.chancescook.com\/pt\/wp-json\/wp\/v2\/media\/4107"}],"wp:attachment":[{"href":"https:\/\/www.chancescook.com\/pt\/wp-json\/wp\/v2\/media?parent=3789"}],"wp:term":[{"taxonomy":"product_brand","embeddable":true,"href":"https:\/\/www.chancescook.com\/pt\/wp-json\/wp\/v2\/product_brand?post=3789"},{"taxonomy":"product_cat","embeddable":true,"href":"https:\/\/www.chancescook.com\/pt\/wp-json\/wp\/v2\/product_cat?post=3789"},{"taxonomy":"product_tag","embeddable":true,"href":"https:\/\/www.chancescook.com\/pt\/wp-json\/wp\/v2\/product_tag?post=3789"}],"curies":[{"name":"wp","href":"https:\/\/api.w.org\/{rel}","templated":true}]}}