{"id":3806,"date":"2024-09-05T10:04:25","date_gmt":"2024-09-05T10:04:25","guid":{"rendered":"https:\/\/www.chancescook.com\/?post_type=product&#038;p=3806"},"modified":"2024-09-23T08:51:54","modified_gmt":"2024-09-23T08:51:54","slug":"wholesale-saucepan-set","status":"publish","type":"product","link":"https:\/\/www.chancescook.com\/pt\/produto\/wholesale-saucepan-set\/","title":{"rendered":"Conjunto de panelas de a\u00e7o inoxid\u00e1vel com estilo coreano de 6 pe\u00e7as"},"content":{"rendered":"<div class=\"wp-block-columns is-layout-flex wp-container-core-columns-is-layout-9d6595d7 wp-block-columns-is-layout-flex\">\n<div class=\"wp-block-column is-layout-flow wp-block-column-is-layout-flow\">\n<h3 class=\"wp-block-heading\">Carater\u00edsticas e vantagens do conjunto de ca\u00e7arolas<\/h3>\n\n\n\n<ul class=\"wp-block-list\">\n<li><strong>Constru\u00e7\u00e3o em a\u00e7o inoxid\u00e1vel de alta qualidade<\/strong>: estes conjuntos de ca\u00e7arolas s\u00e3o feitos de a\u00e7o inoxid\u00e1vel de primeira qualidade para maior durabilidade e longevidade. S\u00e3o condutoras de calor e resistentes \u00e0 ferrugem e \u00e0 corros\u00e3o.<\/li>\n\n\n\n<li><strong>Design coreano<\/strong>: O conjunto de 6 pe\u00e7as apresenta um design coreano elegante e moderno que d\u00e1 um toque de sofistica\u00e7\u00e3o \u00e0 cozinha.<\/li>\n\n\n\n<li><strong>Variedade de tamanhos<\/strong>: O conjunto de panelas inclui uma variedade de tamanhos de panelas de barro para satisfazer uma variedade de necessidades culin\u00e1rias. Cada pe\u00e7a foi concebida para uma efici\u00eancia culin\u00e1ria \u00f3ptima.<\/li>\n\n\n\n<li><strong>Pegas confort\u00e1veis<\/strong>: As pegas de design ergon\u00f3mico destes conjuntos de panelas de barro proporcionam uma ader\u00eancia confort\u00e1vel e segura, mesmo quando a panela est\u00e1 cheia de comida.<\/li>\n\n\n\n<li><strong>Tampa de vidro temperado<\/strong>: Cada frigideira \u00e9 fornecida com uma tampa de vidro temperado que permite verificar o progresso da cozedura sem levantar a tampa. As tampas est\u00e3o equipadas com aberturas de vapor para evitar a sa\u00edda de vapor.<\/li>\n\n\n\n<li><strong>F\u00e1cil de limpar<\/strong>: A superf\u00edcie lisa em a\u00e7o inoxid\u00e1vel \u00e9 f\u00e1cil de limpar e manter. O conjunto pode ser lavado na m\u00e1quina de lavar lou\u00e7a, o que torna a limpeza muito f\u00e1cil.<\/li>\n<\/ul>\n<\/div>\n\n\n\n<div class=\"wp-block-column is-layout-flow wp-block-column-is-layout-flow\">\n<h3 class=\"wp-block-heading\">Especifica\u00e7\u00f5es do conjunto de panelas<\/h3>\n\n\n\n<ul class=\"wp-block-list\">\n<li>Fabricante: CHANCES<\/li>\n\n\n\n<li>Model No.:CY-HSGX1506\/CY-HSZS1506<\/li>\n\n\n\n<li>Material: SS201<\/li>\n\n\n\n<li>Contagem de pe\u00e7as:6 pe\u00e7as<\/li>\n\n\n\n<li>Tampa: Tampa de a\u00e7o inoxid\u00e1vel<\/li>\n\n\n\n<li>Espessura: 0,4 mm<\/li>\n\n\n\n<li>Fundo:2.0mm<\/li>\n\n\n\n<li>OEM&amp;ODM: Personalizado, bem-vindo OEM&amp;ODM<\/li>\n\n\n\n<li>Embalagem: Caixa de cor\/caixa de cart\u00e3o<\/li>\n\n\n\n<li>Amostra: Gr\u00e1tis<\/li>\n<\/ul>\n<\/div>\n<\/div>","protected":false},"excerpt":{"rendered":"<p>Conjunto de panelas por atacado com conjunto de tambores coreanos e conjunto reto coreano, o conjunto de 8 pe\u00e7as inclui uma variedade de tamanhos com uma grande capacidade de espa\u00e7o, perfeito para uma variedade de necessidades culin\u00e1rias. Todas as panelas e frigideiras s\u00e3o feitas de materiais de alta qualidade para garantir uma boa condutividade t\u00e9rmica e durabilidade, seja para uso dom\u00e9stico ou comercial, este conjunto de panelas coreanas de 6 pe\u00e7as proporciona-lhe uma experi\u00eancia culin\u00e1ria abrangente.<\/p>\n<h3>Conjunto de ca\u00e7arola Inclui:<\/h3>\n<table border=\"0\" width=\"1364\" cellspacing=\"0\" cellpadding=\"0\">\n<tbody>\n<tr>\n<td width=\"285\" height=\"42\">Modelo n.<\/td>\n<td width=\"385\">Variantes do produto<\/td>\n<td width=\"692\">Configura\u00e7\u00e3o<\/td>\n<\/tr>\n<tr>\n<td height=\"192\">CY-HSGX1506<\/td>\n<td width=\"385\">Panela coreana em forma de tambor<\/td>\n<td width=\"692\">Ca\u00e7arola de 14 cm x 8,7 cm com tampa<br \/>Ca\u00e7arola de 16 cm x 9,6 cm com tampa<br \/>Panela de 18cm x 10,1cm com tampa<\/td>\n<\/tr>\n<tr>\n<td height=\"192\">CY-HSZS1506<\/td>\n<td width=\"385\">Panela reta coreana<\/td>\n<td width=\"692\">Ca\u00e7arola de 14 cm x 9,3 cm com tampa<br \/>Ca\u00e7arola de 16 cm x 10,1 cm com tampa<br \/>Panela de 18 cm x 10,6 cm com tampa<\/td>\n<\/tr>\n<\/tbody>\n<\/table>","protected":false},"featured_media":4129,"comment_status":"closed","ping_status":"closed","template":"","meta":{"_acf_changed":false},"product_brand":[],"product_cat":[53],"product_tag":[],"class_list":{"0":"post-3806","1":"product","2":"type-product","3":"status-publish","4":"has-post-thumbnail","6":"product_cat-wholesale-cookware-sets","8":"first","9":"instock","10":"shipping-taxable","11":"product-type-simple"},"acf":[],"_links":{"self":[{"href":"https:\/\/www.chancescook.com\/pt\/wp-json\/wp\/v2\/product\/3806","targetHints":{"allow":["GET"]}}],"collection":[{"href":"https:\/\/www.chancescook.com\/pt\/wp-json\/wp\/v2\/product"}],"about":[{"href":"https:\/\/www.chancescook.com\/pt\/wp-json\/wp\/v2\/types\/product"}],"replies":[{"embeddable":true,"href":"https:\/\/www.chancescook.com\/pt\/wp-json\/wp\/v2\/comments?post=3806"}],"wp:featuredmedia":[{"embeddable":true,"href":"https:\/\/www.chancescook.com\/pt\/wp-json\/wp\/v2\/media\/4129"}],"wp:attachment":[{"href":"https:\/\/www.chancescook.com\/pt\/wp-json\/wp\/v2\/media?parent=3806"}],"wp:term":[{"taxonomy":"product_brand","embeddable":true,"href":"https:\/\/www.chancescook.com\/pt\/wp-json\/wp\/v2\/product_brand?post=3806"},{"taxonomy":"product_cat","embeddable":true,"href":"https:\/\/www.chancescook.com\/pt\/wp-json\/wp\/v2\/product_cat?post=3806"},{"taxonomy":"product_tag","embeddable":true,"href":"https:\/\/www.chancescook.com\/pt\/wp-json\/wp\/v2\/product_tag?post=3806"}],"curies":[{"name":"wp","href":"https:\/\/api.w.org\/{rel}","templated":true}]}}